{"id":10090,"date":"2017-06-19T14:44:59","date_gmt":"2017-06-19T13:44:59","guid":{"rendered":"https:\/\/travel4bikers.com\/advertising\/"},"modified":"2025-10-06T10:30:26","modified_gmt":"2025-10-06T09:30:26","slug":"publicidad","status":"publish","type":"page","link":"https:\/\/travel4bikers.com\/es\/publicidad\/","title":{"rendered":"Publicidad"},"content":{"rendered":"<div class=\"wpb-content-wrapper\"><p>[vc_row][vc_column width=\u201d1\/1&#8243;]<div class=\"shout_spacer clearfix shout_variable bt_2x\" style=\"margin-top:0px;\"><\/div>[vc_single_image image=\u201d9259&#8243; img_size=\u201dfull\u201d]<div class=\"shout_spacer clearfix\" style=\"height:44px;\"><\/div>[vc_row_inner][vc_column_inner width=\u201d1\/12&#8243;][\/vc_column_inner][vc_column_inner width=\u201d10\/12&#8243;][vc_column_text]<span style=\"font-weight: 400;\">Solo se acepta publicidad que est\u00e9 dentro del \u00e1mbito de <em>travel4bikers<\/em>.<\/span><\/p>\n<p><span style=\"font-weight: 400;\">Puedes elegir estos tipos de Publicidad:<\/span><\/p>\n<ul>\n<li style=\"font-weight: 400;\" aria-level=\"1\"><span style=\"font-weight: 400;\"><strong>Imagen<\/strong> cuadrada o rectangular en el lateral<\/span><\/li>\n<li style=\"font-weight: 400;\" aria-level=\"1\"><span style=\"font-weight: 400;\">Enlace introducido <strong>a mitad de texto<\/strong><\/span><\/li>\n<li style=\"font-weight: 400;\" aria-level=\"1\"><span style=\"font-weight: 400;\"><strong>Art\u00edculo<\/strong> sobre un producto\/servicio que est\u00e9 dentro del contexto del sitio web<\/span><\/li>\n<\/ul>\n<p>Cuando hay m\u00e1s de un anuncio por ubicaci\u00f3n, estos rotar\u00e1n.<\/p>\n<p><span style=\"font-weight: 400;\">Pueden aparecer en todas las p\u00e1ginas o elegir solo la p\u00e1gina de viajes para un pa\u00eds (o varios) de su elecci\u00f3n.<\/span><\/p>\n<p><span style=\"font-weight: 400;\">La publicidad introducida en medio de un texto debe estar relacionada con el art\u00edculo.<\/span><\/p>\n<p><span style=\"font-weight: 400;\">Los art\u00edculos publicitarios entran en la categor\u00eda de \u201cconsejos\u201d, y si solo est\u00e1n dirigidos a audiencias de un \u201ccontinente\u201d o \u201cpa\u00eds\u201d, utilizaremos estas categor\u00edas.<\/span><\/p>\n<p><span style=\"font-weight: 400;\">Todos los anuncios tienen una duraci\u00f3n m\u00ednima de 1 mes, las ventas se realizan en meses de visualizaci\u00f3n.<\/span><\/p>\n<p><span style=\"font-weight: 400;\">Ponte en contacto con nosotros para obtener m\u00e1s informaci\u00f3n.<\/span>[\/vc_column_text][\/vc_column_inner][vc_column_inner width=\u201d1\/12&#8243;][\/vc_column_inner][\/vc_row_inner][\/vc_column][\/vc_row]<\/p>\n<\/div>","protected":false},"excerpt":{"rendered":"<p>[vc_row][vc_column width=\u201d1\/1&#8243;][vc_single_image image=\u201d9259&#8243; img_size=\u201dfull\u201d][vc_row_inner][vc_column_inner width=\u201d1\/12&#8243;][\/vc_column_inner][vc_column_inner width=\u201d10\/12&#8243;][vc_column_text]Solo se acepta publicidad que est\u00e9 dentro del \u00e1mbito de travel4bikers. Puedes elegir estos tipos de Publicidad: Imagen cuadrada o rectangular en el lateral Enlace introducido a mitad de texto Art\u00edculo sobre un producto\/servicio que est\u00e9 dentro del contexto del sitio web Cuando hay m\u00e1s de un anuncio por ubicaci\u00f3n, [&hellip;]<\/p>\n","protected":false},"author":2,"featured_media":0,"parent":0,"menu_order":0,"comment_status":"closed","ping_status":"closed","template":"","meta":{"footnotes":""},"categories":[],"tags":[],"class_list":["post-10090","page","type-page","status-publish","hentry"],"acf":[],"_links":{"self":[{"href":"https:\/\/travel4bikers.com\/es\/wp-json\/wp\/v2\/pages\/10090","targetHints":{"allow":["GET"]}}],"collection":[{"href":"https:\/\/travel4bikers.com\/es\/wp-json\/wp\/v2\/pages"}],"about":[{"href":"https:\/\/travel4bikers.com\/es\/wp-json\/wp\/v2\/types\/page"}],"author":[{"embeddable":true,"href":"https:\/\/travel4bikers.com\/es\/wp-json\/wp\/v2\/users\/2"}],"replies":[{"embeddable":true,"href":"https:\/\/travel4bikers.com\/es\/wp-json\/wp\/v2\/comments?post=10090"}],"version-history":[{"count":0,"href":"https:\/\/travel4bikers.com\/es\/wp-json\/wp\/v2\/pages\/10090\/revisions"}],"wp:attachment":[{"href":"https:\/\/travel4bikers.com\/es\/wp-json\/wp\/v2\/media?parent=10090"}],"wp:term":[{"taxonomy":"category","embeddable":true,"href":"https:\/\/travel4bikers.com\/es\/wp-json\/wp\/v2\/categories?post=10090"},{"taxonomy":"post_tag","embeddable":true,"href":"https:\/\/travel4bikers.com\/es\/wp-json\/wp\/v2\/tags?post=10090"}],"curies":[{"name":"wp","href":"https:\/\/api.w.org\/{rel}","templated":true}]}}