{"id":13005,"date":"2017-07-05T16:19:54","date_gmt":"2017-07-05T15:19:54","guid":{"rendered":"https:\/\/travel4bikers.com\/travel-to\/portugal\/"},"modified":"2025-12-10T19:34:34","modified_gmt":"2025-12-10T18:34:34","slug":"portugal","status":"publish","type":"page","link":"https:\/\/travel4bikers.com\/es\/viajar-a\/portugal\/","title":{"rendered":"Portugal"},"content":{"rendered":"<div class=\"wpb-content-wrapper\"><p>[vc_row][vc_column width=\u201d1\/1&#8243;][vc_single_image source=\u201dfeatured_image\u201d img_size=\u201dfull\u201d alignment=\u201dcenter\u201d]<div class=\"shout_spacer clearfix\" style=\"height:20px;\"><\/div>[\/vc_column][\/vc_row][vc_row][vc_column width=\u201d1\/1&#8243;]<div class=\"prk_shortcode-title prk_break_word shout_left_align h1_sized\"><div class=\"body_font zero_color prk_vc_title\"><h1 style=\"font-weight:100;\">Viajar a Portugal \ud83c\uddf5\ud83c\uddf9<\/h1><\/div><div class=\"clearfix\"><\/div><\/div><div class=\"shout_spacer clearfix\" style=\"height:18px;\"><\/div>[\/vc_column][\/vc_row][vc_row font_color=\u201d#0693E3&#8243;][vc_column width=\u201d1\/1&#8243;][vc_column_text]<\/p>\n<blockquote><p>Portugal, en la costa oeste de Europa, es un destino de elecci\u00f3n para quienes viajan en moto, combinando carreteras pintorescas, clima templado y una diversidad \u00fanica de paisajes entre monta\u00f1as, llanuras y mar.<\/p><\/blockquote>\n<p>[\/vc_column_text][\/vc_column][\/vc_row][vc_row][vc_column width=\u201d1\/1&#8243;][vc_tta_tabs][vc_tta_section i_icon_fontawesome=\u201dfa fa-regular fa-map\u201d add_icon=\u201dtrue\u201d title=\u201dInformaci\u00f3n General\u201d tab_id=\u201d1756984282331-d59962b9-8d9b\u201d][vc_column_text]<strong>Capital: <\/strong>Lisboa<\/p>\n<p><strong>Idioma Oficial: <\/strong>Portugu\u00e9s<\/p>\n<p><strong>N\u00famero de Emergencia: <\/strong>112[\/vc_column_text][\/vc_tta_section][vc_tta_section i_icon_fontawesome=\u201dfa fa-regular fa-money-bill-1&#8243; add_icon=\u201dtrue\u201d title=\u201dFinanzas\u201d tab_id=\u201d1756984282346-461ddde8-312d\u201d][vc_column_text]<strong>Moneda: <\/strong>Euro (\u20ac)<\/p>\n<p>Los pagos con tarjeta son ampliamente aceptados[\/vc_column_text][\/vc_tta_section][vc_tta_section i_icon_fontawesome=\u201dfa fa-solid fa-motorcycle\u201d add_icon=\u201dtrue\u201d title=\u201dL\u00edmites de Velocidad\u201d tab_id=\u201d1756985156411-3a136d8e-ae6a\u201d][vc_column_text]<strong>Autopista: <\/strong>120 km\/h<\/p>\n<p><strong>Carretera: <\/strong>90 km\/h<\/p>\n<p><strong>Localidades: <\/strong>50 km\/h[\/vc_column_text][\/vc_tta_section][\/vc_tta_tabs][\/vc_column][\/vc_row][vc_row][vc_column width=\u201d1\/1&#8243;]<div class=\"shout_spacer clearfix\" style=\"height:18px;\"><\/div>[\/vc_column][\/vc_row][vc_row][vc_column width=\u201d1\/1&#8243;][vc_column_text]<span style=\"font-weight: 400;\">Portugal es un pa\u00eds situado en el extremo suroeste de Europa, en la Pen\u00ednsula Ib\u00e9rica. El pa\u00eds se divide en varias regiones, cada una con sus caracter\u00edsticas \u00fanicas. En el norte, la regi\u00f3n del Mi\u00f1o es conocida por sus paisajes verdes y monta\u00f1osos, mientras que el Duero es famoso por sus vi\u00f1edos y el vino de Oporto. El centro del pa\u00eds alberga ciudades hist\u00f3ricas como Co\u00edmbra y \u00d3bidos, adem\u00e1s de la regi\u00f3n serrana de la Serra da Estrela. En el sur, el Alentejo destaca por sus vastas llanuras y pueblos pintorescos, mientras que el Algarve es conocido por sus hermosas playas y clima soleado.    <\/span><span style=\"font-weight: 400;\"><br \/>\n<\/span><span style=\"font-weight: 400;\">Tambi\u00e9n tiene dos regiones aut\u00f3nomas en el Atl\u00e1ntico Norte: los archipi\u00e9lagos de las Azores y Madeira.<\/span><\/p>\n<h3><b>Clima<\/b><\/h3>\n<p><span style=\"font-weight: 400;\">Portugal tiene un clima mediterr\u00e1neo, con veranos calurosos y secos e inviernos templados y h\u00famedos. Las mejores \u00e9pocas del a\u00f1o para viajar en moto son la primavera (de abril a junio) y el oto\u00f1o (de septiembre a octubre), cuando el clima es agradable y las carreteras est\u00e1n menos transitadas. <\/span><\/p>\n<h3><b>Idiomas<\/b><\/h3>\n<p><span style=\"font-weight: 400;\">El portugu\u00e9s es el idioma oficial en todo el territorio nacional, pero existen variaciones dialectales regionales. En el norte, especialmente en las \u00e1reas rurales, se pueden escuchar acentos m\u00e1s marcados y palabras t\u00edpicas de la regi\u00f3n. En el Alentejo y Algarve, el ritmo del habla tiende a ser m\u00e1s lento y con una entonaci\u00f3n diferente.  <\/span><\/p>\n<h3><b>Conducci\u00f3n<\/b><\/h3>\n<p><span style=\"font-weight: 400;\">En Portugal, se conduce por el lado derecho de la carretera.<\/span><span style=\"font-weight: 400;\"><br \/>\n<\/span><span style=\"font-weight: 400;\">Existen dos tipos de peajes:<\/span><\/p>\n<ul>\n<li style=\"font-weight: 400;\" aria-level=\"1\"><span style=\"font-weight: 400;\">Peajes tradicionales con barreras de peaje que obligan a parar el veh\u00edculo, que incluyen v\u00edas con pago manual (a la entrada de la autopista se retira un ticket, pagado a la salida por el valor del viaje, presentado en ese momento) <\/span><\/li>\n<li style=\"font-weight: 400;\" aria-level=\"1\"><span style=\"font-weight: 400;\">Electr\u00f3nicos compuestos por p\u00f3rticos (puntos de cobro) en plena v\u00eda que detectan el paso del veh\u00edculo, prescindiendo de la barrera f\u00edsica de peaje y la parada del mismo.<br \/>\n<\/span>Adhesi\u00f3n para veh\u00edculos con matr\u00edcula extranjera \u2013 <a href=\"http:\/\/www.portugaltolls.com\">www.portugaltolls.com<\/a><\/li>\n<\/ul>\n<h3><b>Camping<\/b><\/h3>\n<p><span style=\"font-weight: 400;\">El camping salvaje no est\u00e1 permitido en Portugal y puede resultar en multas. Existen, sin embargo, muchos campings distribuidos por todo el pa\u00eds, ofreciendo buenas condiciones para campistas. <\/span><\/p>\n<h3><b>Zonas Moteras<\/b><\/h3>\n<p><span style=\"font-weight: 400;\">Portugal tiene varias zonas y rutas populares entre los motoristas.<br \/>\nEn el norte, la <strong>Carretera<\/strong> <strong>Nacional 222<\/strong>, que sigue el r\u00edo Duero, es una de las rutas m\u00e1s pintorescas, o la <strong>Rota Norte<\/strong>, que es una ruta circular por el norte.<br \/>\nEn el centro, la <strong>Serra da Estrela<\/strong> ofrece curvas desafiantes y paisajes monta\u00f1osos.<br \/>\nLa carretera <strong>N2<\/strong>, que cruza el pa\u00eds de norte a sur por el interior, es una de las rutas favoritas de los motoristas.<br \/>\nPara los m\u00e1s aventureros, est\u00e1n <strong>ACT \u2013 Portugal<\/strong> (Adventure Country Tracks) y <strong>TET<\/strong> (Trans Euro Trail).<br \/>\n<\/span><\/p>\n<h3><b>Zonas Especiales<\/b><\/h3>\n<p><strong>Lisboa<\/strong> \u2013 Hay zonas de acceso restringido, principalmente en las zonas del centro hist\u00f3rico. En estas zonas, el tr\u00e1fico est\u00e1 prohibido para reducir la contaminaci\u00f3n y preservar el patrimonio hist\u00f3rico.<br \/>\n<strong>Oporto<\/strong> \u2013 Hay muchas zonas peatonales de acceso restringido (s\u00f3lo residentes), sobre todo en la zona hist\u00f3rica.<br \/>\n<strong>Sintra<\/strong> \u2013 El centro de la ciudad, Patrimonio de la Humanidad de la UNESCO, los palacios y el castillo de la Sierra de Sintra s\u00f3lo est\u00e1n abiertos a los operadores tur\u00edsticos.[\/vc_column_text][\/vc_column][\/vc_row][vc_row][vc_column width=\u201d1\/1&#8243;][vc_column_text]<span style=\"font-weight: 400;\">\u00bfTienes algo que corregir o a\u00f1adir? Cont\u00e1ctanos, convi\u00e9rtete en colaborador de Travel4Bikers <\/span>[\/vc_column_text][vc_cta h2=\u201dVas a visitar una ciudad en Portugal\u201d css=\u201d\u201d]<\/p>\n<h4>Aprovecha al m\u00e1ximo, mira qu\u00e9 hacer en 24h en<br \/>\n<a href=\"https:\/\/gyg.me\/8HtqchyX\" target=\"_blank\" rel=\"noopener\">Lisboa<\/a> \u2013 <a href=\"https:\/\/gyg.me\/NcBnZ7hc\" target=\"_blank\" rel=\"noopener\">Oporto<\/a> \u2013 <a href=\"https:\/\/gyg.me\/NqlQytv3\" target=\"_blank\" rel=\"noopener\">Sintra<\/a><\/h4>\n<p>[\/vc_cta][\/vc_column][\/vc_row][vc_row][vc_column width=\u201d1\/1&#8243;][vc_message message_box_style=\u201dclassic\u201d]Este sitio no proporciona informaci\u00f3n sobre la obtenci\u00f3n de visados, vacunas u otras cuestiones que dependan tanto del pa\u00eds de origen como del destino.<br \/>\nDebes verificar con tu pa\u00eds si necesitas visados u otros requisitos para visitar los destinos deseados.[\/vc_message][\/vc_column][\/vc_row][vc_row][vc_column width=\u201d1\/1&#8243;][vc_raw_html css=\u201d\u201d]W3ZjX2NvbHVtbl90ZXh0XQo8cCBzdHlsZT0idGV4dC1hbGlnbjogcmlnaHQ7Ij48c3Ryb25nPjxhIGhyZWY9ImphdmFzY3JpcHQ6aGlzdG9yeS5iYWNrKCkiPlJlZ3Jlc2FyIGEgbGEgcMOhZ2luYSBhbnRlcmlvcjwvYT48L3N0cm9uZz48L3A+ClsvdmNfY29sdW1uX3RleHRd[\/vc_raw_html][\/vc_column][\/vc_row][vc_row][vc_column width=\u201d1\/1&#8243;]<div class=\"shout_spacer clearfix\" style=\"height:18px;\"><\/div>[\/vc_column][\/vc_row][vc_row][vc_column width=\u201d1\/1&#8243;]<div class=\"prk_shortcode-title prk_break_word shout_left_align h1_sized\"><div class=\"body_font zero_color prk_vc_title\"><h1 style=\"font-weight:100;\">Historias relacionadas<\/h1><\/div><div class=\"clearfix\"><\/div><\/div>[\/vc_column][\/vc_row][vc_row][vc_column width=\u201d1\/1&#8243;]<div id=\"prk_shortcode_latest_posts\" class=\"recentposts_ul_wp small-12\"><div class=\"shortcode-title\"><\/div><div class=\"simple_line\"><\/div><h4 id=\"no_posts_title\" class=\"zero_color prk_heavier_600 big header_font\"><\/h4><\/div><div class=\"clearfix bt_1x\"><\/div>[\/vc_column][\/vc_row]<\/p>\n<\/div>","protected":false},"excerpt":{"rendered":"<p>Portugal, en la costa oeste de Europa, es un destino de elecci\u00f3n para quienes viajan en moto, combinando carreteras pintorescas, clima templado y una diversidad \u00fanica de paisajes entre monta\u00f1as, llanuras y mar.<\/p>\n","protected":false},"author":2,"featured_media":13007,"parent":10188,"menu_order":0,"comment_status":"closed","ping_status":"closed","template":"","meta":{"footnotes":""},"categories":[61,160],"tags":[246,162,243,244,161,245,163],"class_list":["post-13005","page","type-page","status-publish","has-post-thumbnail","hentry","category-europa","category-portugal","tag-arrabida","tag-lisboa","tag-n2","tag-n222","tag-porto","tag-region-vinicola-del-duero","tag-sintra"],"acf":[],"_links":{"self":[{"href":"https:\/\/travel4bikers.com\/es\/wp-json\/wp\/v2\/pages\/13005","targetHints":{"allow":["GET"]}}],"collection":[{"href":"https:\/\/travel4bikers.com\/es\/wp-json\/wp\/v2\/pages"}],"about":[{"href":"https:\/\/travel4bikers.com\/es\/wp-json\/wp\/v2\/types\/page"}],"author":[{"embeddable":true,"href":"https:\/\/travel4bikers.com\/es\/wp-json\/wp\/v2\/users\/2"}],"replies":[{"embeddable":true,"href":"https:\/\/travel4bikers.com\/es\/wp-json\/wp\/v2\/comments?post=13005"}],"version-history":[{"count":5,"href":"https:\/\/travel4bikers.com\/es\/wp-json\/wp\/v2\/pages\/13005\/revisions"}],"predecessor-version":[{"id":22712,"href":"https:\/\/travel4bikers.com\/es\/wp-json\/wp\/v2\/pages\/13005\/revisions\/22712"}],"up":[{"embeddable":true,"href":"https:\/\/travel4bikers.com\/es\/wp-json\/wp\/v2\/pages\/10188"}],"wp:featuredmedia":[{"embeddable":true,"href":"https:\/\/travel4bikers.com\/es\/wp-json\/wp\/v2\/media\/13007"}],"wp:attachment":[{"href":"https:\/\/travel4bikers.com\/es\/wp-json\/wp\/v2\/media?parent=13005"}],"wp:term":[{"taxonomy":"category","embeddable":true,"href":"https:\/\/travel4bikers.com\/es\/wp-json\/wp\/v2\/categories?post=13005"},{"taxonomy":"post_tag","embeddable":true,"href":"https:\/\/travel4bikers.com\/es\/wp-json\/wp\/v2\/tags?post=13005"}],"curies":[{"name":"wp","href":"https:\/\/api.w.org\/{rel}","templated":true}]}}