{"id":14822,"date":"2017-07-05T16:19:54","date_gmt":"2017-07-05T15:19:54","guid":{"rendered":"https:\/\/travel4bikers.com\/viajar-a\/albania\/"},"modified":"2025-11-11T09:56:30","modified_gmt":"2025-11-11T08:56:30","slug":"albania","status":"publish","type":"page","link":"https:\/\/travel4bikers.com\/es\/viajar-a\/albania\/","title":{"rendered":"Albania"},"content":{"rendered":"<div class=\"wpb-content-wrapper\"><p>[vc_row][vc_column width=\u201d1\/1&#8243;][vc_single_image source=\u201dfeatured_image\u201d img_size=\u201dfull\u201d alignment=\u201dcenter\u201d]<div class=\"shout_spacer clearfix\" style=\"height:20px;\"><\/div>[\/vc_column][\/vc_row][vc_row][vc_column width=\u201d1\/1&#8243;]<div class=\"prk_shortcode-title prk_break_word shout_left_align h1_sized\"><div class=\"body_font zero_color prk_vc_title\"><h1 style=\"font-weight:100;\">Viajar a Albania \ud83c\udde6\ud83c\uddf1<\/h1><\/div><div class=\"clearfix\"><\/div><\/div><div class=\"shout_spacer clearfix\" style=\"height:18px;\"><\/div>[\/vc_column][\/vc_row][vc_row font_color=\u201d#0693E3&#8243;][vc_column width=\u201d1\/1&#8243;][vc_column_text]<\/p>\n<blockquote><p>Albania es un tesoro escondido para los motoristas, con carreteras costeras a lo largo del Adri\u00e1tico, monta\u00f1as espectaculares y pueblos aut\u00e9nticos que hacen de cada kil\u00f3metro un descubrimiento.<\/p><\/blockquote>\n<p>[\/vc_column_text][\/vc_column][\/vc_row][vc_row][vc_column width=\u201d1\/1&#8243;][vc_tta_tabs][vc_tta_section i_icon_fontawesome=\u201dfa fa-regular fa-map\u201d add_icon=\u201dtrue\u201d title=\u201dInformaci\u00f3n General\u201d tab_id=\u201d1756984282331-d59962b9-8d9b\u201d][vc_column_text]<strong>Capital: <\/strong>Tirana<\/p>\n<p><strong>Idioma oficial: <\/strong>Alban\u00e9s<\/p>\n<p><strong>N\u00famero de emergencias: <\/strong>112[\/vc_column_text][\/vc_tta_section][vc_tta_section i_icon_fontawesome=\u201dfa fa-regular fa-money-bill-1&#8243; add_icon=\u201dtrue\u201d title=\u201dFinanzas\u201d tab_id=\u201d1756984282346-461ddde8-312d\u201d][vc_column_text]<strong>Moneda: <\/strong>Lek alban\u00e9s (ALL)<\/p>\n<p>Es imprescindible llevar dinero en efectivo, s\u00f3lo se aceptan tarjetas en algunos hoteles, restaurantes tur\u00edsticos, supermercados de las grandes ciudades y gasolineras.[\/vc_column_text][\/vc_tta_section][vc_tta_section i_icon_fontawesome=\u201dfa fa-solid fa-motorcycle\u201d add_icon=\u201dtrue\u201d title=\u201dL\u00edmites de Velocidad\u201d tab_id=\u201d1756985156411-3a136d8e-ae6a\u201d][vc_column_text]<strong>Autopista: <\/strong>110-130 km\/h<\/p>\n<p><strong>Carretera:<\/strong> 80-90 km\/h<\/p>\n<p><strong>Localidades <\/strong><strong>:<\/strong> 50 km\/h[\/vc_column_text][\/vc_tta_section][\/vc_tta_tabs][\/vc_column][\/vc_row][vc_row][vc_column width=\u201d1\/1&#8243;]<div class=\"shout_spacer clearfix\" style=\"height:18px;\"><\/div>[\/vc_column][\/vc_row][vc_row][vc_column width=\u201d1\/1&#8243;][vc_column_text]Albania est\u00e1 situada en la pen\u00ednsula de los Balcanes, con playas en el Adri\u00e1tico y el J\u00f3nico y monta\u00f1as en el interior. Tirana es la moderna y colorida capital, con una fuerte influencia cultural e hist\u00f3rica. <\/p>\n<h3><b>Clima<\/b><\/h3>\n<p>El clima es mediterr\u00e1neo en la costa y continental en el interior, con veranos calurosos y secos e inviernos fr\u00edos.<\/p>\n<h3><b>Idiomas<\/b><\/h3>\n<p>La lengua oficial es el alban\u00e9s. En algunas zonas se habla griego y macedonio, as\u00ed como ingl\u00e9s en las zonas tur\u00edsticas. <\/p>\n<h3><b>Conducci\u00f3n<\/b><\/h3>\n<p>Conduce por la derecha. Algunas autopistas tienen peaje (manual o electr\u00f3nico). <\/p>\n<h3><b>Camping<\/b><\/h3>\n<p>La acampada salvaje est\u00e1 generalmente prohibida, pero se tolera en zonas rurales aisladas. Hay campings organizados. <\/p>\n<h3><b>Zonas Moteras<\/b><\/h3>\n<p>Las carreteras de la Riviera albanesa y las rutas de monta\u00f1a del interior son populares entre los motociclistas.<\/p>\n<h3><b>Zonas Especiales<\/b><b><\/b><\/h3>\n<p>El acceso a los centros hist\u00f3ricos de ciudades costeras como Saranda y Durr\u00ebs puede ser limitado y el aparcamiento est\u00e1 controlado.[\/vc_column_text][\/vc_column][\/vc_row][vc_row][vc_column width=\u201d1\/1&#8243;][vc_column_text]<span style=\"font-weight: 400;\">\u00bfTienes algo que corregir o a\u00f1adir? Cont\u00e1ctanos, convi\u00e9rtete en colaborador de Travel4Bikers <\/span>[\/vc_column_text][vc_cta h2=\u201dVisitar una ciudad de Albania\u201d css=\u201d\u201d]<\/p>\n<h4>Aprovecha al m\u00e1ximo, descubre qu\u00e9 hacer en 24h en<\/h4>\n<h4><a href=\"https:\/\/gyg.me\/TTdtz3L3\" target=\"_blank\" rel=\"noopener\">Tirana<\/a> \u2013 <a href=\"https:\/\/gyg.me\/udxYKpEE\" target=\"_blank\" rel=\"noopener\">Saranda<\/a> \u2013 <a href=\"https:\/\/gyg.me\/WuOemocu\" target=\"_blank\" rel=\"noopener\">Durr\u00ebs<\/a><\/h4>\n<p>[\/vc_cta][\/vc_column][\/vc_row][vc_row][vc_column width=\u201d1\/1&#8243;][vc_message message_box_style=\u201dclassic\u201d]Este sitio no proporciona informaci\u00f3n sobre la obtenci\u00f3n de visados, vacunas u otras cuestiones que dependan tanto del pa\u00eds de origen como del destino.<br \/>\nDebes verificar con tu pa\u00eds si necesitas visados u otros requisitos para visitar los destinos deseados.[\/vc_message][\/vc_column][\/vc_row][vc_row][vc_column width=\u201d1\/1&#8243;][vc_raw_html css=\u201d\u201d]W3ZjX2NvbHVtbl90ZXh0XQo8cCBzdHlsZT0idGV4dC1hbGlnbjogcmlnaHQ7Ij48c3Ryb25nPjxhIGhyZWY9ImphdmFzY3JpcHQ6aGlzdG9yeS5iYWNrKCkiPlJlZ3Jlc2FyIGEgbGEgcMOhZ2luYSBhbnRlcmlvcjwvYT48L3N0cm9uZz48L3A+ClsvdmNfY29sdW1uX3RleHRd[\/vc_raw_html][\/vc_column][\/vc_row][vc_row][vc_column width=\u201d1\/1&#8243;]<div class=\"shout_spacer clearfix\" style=\"height:18px;\"><\/div>[\/vc_column][\/vc_row][vc_row][vc_column width=\u201d1\/1&#8243;]<div class=\"prk_shortcode-title prk_break_word shout_left_align h1_sized\"><div class=\"body_font zero_color prk_vc_title\"><h1 style=\"font-weight:100;\">Historias relacionadas<\/h1><\/div><div class=\"clearfix\"><\/div><\/div>[\/vc_column][\/vc_row][vc_row][vc_column width=\u201d1\/1&#8243;]<div id=\"prk_shortcode_latest_posts\" class=\"recentposts_ul_wp small-12\"><div class=\"shortcode-title\"><\/div><div class=\"simple_line\"><\/div><h4 id=\"no_posts_title\" class=\"zero_color prk_heavier_600 big header_font\"><\/h4><\/div><div class=\"clearfix bt_1x\"><\/div>[\/vc_column][\/vc_row]<\/p>\n<\/div>","protected":false},"excerpt":{"rendered":"<p>Albania es un tesoro escondido para los motoristas, con carreteras costeras a lo largo del Adri\u00e1tico, monta\u00f1as espectaculares y pueblos aut\u00e9nticos que hacen de cada kil\u00f3metro un descubrimiento.<\/p>\n","protected":false},"author":2,"featured_media":14821,"parent":10188,"menu_order":0,"comment_status":"closed","ping_status":"closed","template":"","meta":{"footnotes":""},"categories":[632,61],"tags":[1024,1014,635],"class_list":["post-14822","page","type-page","status-publish","has-post-thumbnail","hentry","category-albania","category-europa","tag-adriatic","tag-balcas","tag-jonico"],"acf":[],"_links":{"self":[{"href":"https:\/\/travel4bikers.com\/es\/wp-json\/wp\/v2\/pages\/14822","targetHints":{"allow":["GET"]}}],"collection":[{"href":"https:\/\/travel4bikers.com\/es\/wp-json\/wp\/v2\/pages"}],"about":[{"href":"https:\/\/travel4bikers.com\/es\/wp-json\/wp\/v2\/types\/page"}],"author":[{"embeddable":true,"href":"https:\/\/travel4bikers.com\/es\/wp-json\/wp\/v2\/users\/2"}],"replies":[{"embeddable":true,"href":"https:\/\/travel4bikers.com\/es\/wp-json\/wp\/v2\/comments?post=14822"}],"version-history":[{"count":1,"href":"https:\/\/travel4bikers.com\/es\/wp-json\/wp\/v2\/pages\/14822\/revisions"}],"predecessor-version":[{"id":23237,"href":"https:\/\/travel4bikers.com\/es\/wp-json\/wp\/v2\/pages\/14822\/revisions\/23237"}],"up":[{"embeddable":true,"href":"https:\/\/travel4bikers.com\/es\/wp-json\/wp\/v2\/pages\/10188"}],"wp:featuredmedia":[{"embeddable":true,"href":"https:\/\/travel4bikers.com\/es\/wp-json\/wp\/v2\/media\/14821"}],"wp:attachment":[{"href":"https:\/\/travel4bikers.com\/es\/wp-json\/wp\/v2\/media?parent=14822"}],"wp:term":[{"taxonomy":"category","embeddable":true,"href":"https:\/\/travel4bikers.com\/es\/wp-json\/wp\/v2\/categories?post=14822"},{"taxonomy":"post_tag","embeddable":true,"href":"https:\/\/travel4bikers.com\/es\/wp-json\/wp\/v2\/tags?post=14822"}],"curies":[{"name":"wp","href":"https:\/\/api.w.org\/{rel}","templated":true}]}}