{"id":14928,"date":"2017-07-05T16:19:54","date_gmt":"2017-07-05T15:19:54","guid":{"rendered":"https:\/\/travel4bikers.com\/viajar-a\/africa-do-sul\/"},"modified":"2025-11-11T09:55:47","modified_gmt":"2025-11-11T08:55:47","slug":"sudafrica","status":"publish","type":"page","link":"https:\/\/travel4bikers.com\/es\/viajar-a\/sudafrica\/","title":{"rendered":"Sud\u00e1frica"},"content":{"rendered":"<div class=\"wpb-content-wrapper\"><p>[vc_row][vc_column width=\u201d1\/1&#8243;][vc_single_image source=\u201dfeatured_image\u201d img_size=\u201dfull\u201d alignment=\u201dcenter\u201d]<div class=\"shout_spacer clearfix\" style=\"height:20px;\"><\/div>[\/vc_column][\/vc_row][vc_row][vc_column width=\u201d1\/1&#8243;]<div class=\"prk_shortcode-title prk_break_word shout_left_align h1_sized\"><div class=\"body_font zero_color prk_vc_title\"><h1 style=\"font-weight:100;\">Viajar a Sud\u00e1frica \ud83c\uddff\ud83c\udde6<\/h1><\/div><div class=\"clearfix\"><\/div><\/div><div class=\"shout_spacer clearfix\" style=\"height:18px;\"><\/div>[\/vc_column][\/vc_row][vc_row font_color=\u201d#0693E3&#8243;][vc_column width=\u201d1\/1&#8243; el_id=\u201dintro\u201d][vc_column_text]<\/p>\n<blockquote><p>Sud\u00e1frica es un destino inolvidable para los motoristas, con rutas como la Ruta Jard\u00edn y la Ruta Panor\u00e1mica que revelan playas salvajes, monta\u00f1as imponentes y parques naturales llenos de vida.<\/p><\/blockquote>\n<p>[\/vc_column_text][\/vc_column][\/vc_row][vc_row][vc_column width=\u201d1\/1&#8243;][vc_tta_tabs][vc_tta_section i_icon_fontawesome=\u201dfa fa-regular fa-map\u201d add_icon=\u201dtrue\u201d title=\u201dInformaci\u00f3n General\u201d tab_id=\u201d1756984282331-d59962b9-8d9b\u201d][vc_column_text]<strong>Capital: <\/strong>Pretoria (administrativa), Ciudad del Cabo (legislativa), Bloemfontein (judicial)<\/p>\n<p><strong>Idioma oficial: <\/strong>11 idiomas oficiales (incluidos ingl\u00e9s, afrikaans, zul\u00fa, xhosa y sesotho)<\/p>\n<p><strong>N\u00famero de emergencia: <\/strong>10111 (polic\u00eda) \/ 10177 (ambulancias y bomberos) \/ 112 (red m\u00f3vil)[\/vc_column_text][\/vc_tta_section][vc_tta_section i_icon_fontawesome=\u201dfa fa-regular fa-money-bill-1&#8243; add_icon=\u201dtrue\u201d title=\u201dFinanzas\u201d tab_id=\u201d1756984282346-461ddde8-312d\u201d][vc_column_text]<strong>Moneda: <\/strong>Rand (ZAR)<\/p>\n<p>Los pagos con tarjeta son ampliamente aceptados[\/vc_column_text][\/vc_tta_section][vc_tta_section i_icon_fontawesome=\u201dfa fa-solid fa-motorcycle\u201d add_icon=\u201dtrue\u201d title=\u201dL\u00edmites de Velocidad\u201d tab_id=\u201d1756985156411-3a136d8e-ae6a\u201d][vc_column_text]<strong>Autopista: <\/strong>120 km\/h<\/p>\n<p><strong>Carretera: <\/strong>100 km\/h<\/p>\n<p><strong>Localidades: <\/strong>60 km\/h[\/vc_column_text][\/vc_tta_section][\/vc_tta_tabs][\/vc_column][\/vc_row][vc_row][vc_column width=\u201d1\/1&#8243;]<div class=\"shout_spacer clearfix\" style=\"height:18px;\"><\/div>[\/vc_column][\/vc_row][vc_row][vc_column width=\u201d1\/1&#8243;][vc_column_text]Sud\u00e1frica es el pa\u00eds m\u00e1s meridional del continente africano, conocido por su diversidad cultural, su historia marcada por el apartheid y sus extraordinarios paisajes naturales. El pa\u00eds abarca desde sabanas y desiertos hasta monta\u00f1as y costas atl\u00e1nticas e indias. Destinos como Ciudad del Cabo, Johannesburgo, Durban, el Parque Kruger y la Ruta Jard\u00edn son mundialmente famosos.  <\/p>\n<h3><b>Clima<\/b><\/h3>\n<p>Muy variada: mediterr\u00e1nea en la regi\u00f3n del Cabo, subtropical en Durban y la costa este, \u00e1rida\/des\u00e9rtica en el interior y templada en las monta\u00f1as.<\/p>\n<h3><b>Idiomas<\/b><\/h3>\n<p>Hay 11 lenguas oficiales, entre ellas el zul\u00fa, el xhosa, el afrikaans y el ingl\u00e9s. El ingl\u00e9s se utiliza en el gobierno, los negocios y el turismo, pero en varias regiones predominan muchas lenguas africanas. <\/p>\n<h3><b>Conducci\u00f3n<\/b><\/h3>\n<p>Conduce por la izquierda. Muchas autopistas tienen peajes, que se pagan en cabinas manuales o sistemas electr\u00f3nicos (e-tags). <\/p>\n<h3><b>Camping<\/b><\/h3>\n<p>No se recomienda la acampada salvaje por motivos de seguridad. Hay campings bien equipados, sobre todo en reservas naturales y parques nacionales. <\/p>\n<h3><b>Zonas Moteras<\/b><\/h3>\n<p>Entre las rutas ic\u00f3nicas est\u00e1n la Ruta de los Jardines, Chapman&#8217;s Peak Drive y las carreteras de monta\u00f1a de Drakensberg.<\/p>\n<h3><b>Zonas Especiales<\/b><\/h3>\n<p>Las grandes ciudades como Johannesburgo, Pretoria y Ciudad del Cabo tienen zonas con mucho tr\u00e1fico, zonas peatonales y aparcamiento controlado.[\/vc_column_text][\/vc_column][\/vc_row][vc_row][vc_column width=\u201d1\/1&#8243;][vc_column_text]<span style=\"font-weight: 400;\">\u00bfTienes algo que corregir o a\u00f1adir? Cont\u00e1ctanos, convi\u00e9rtete en colaborador de Travel4Bikers <\/span>[\/vc_column_text][vc_cta h2=\u201dVisitar una ciudad de Sud\u00e1frica\u201d css=\u201d\u201d]<\/p>\n<h4>Aprovecha al m\u00e1ximo, descubre qu\u00e9 hacer en 24h en<\/h4>\n<h4><a href=\"https:\/\/gyg.me\/qdvDZis0\" target=\"_blank\" rel=\"noopener\">Pretoria<\/a> \u2013 <a href=\"https:\/\/gyg.me\/QRm6XuAZ\" target=\"_blank\" rel=\"noopener\">Ciudad del Cabo<\/a> \u2013 <a href=\"https:\/\/gyg.me\/MSMc94TM\" target=\"_blank\" rel=\"noopener\">Johannesburgo<\/a> \u2013 <a href=\"https:\/\/gyg.me\/4fBSldNb\" target=\"_blank\" rel=\"noopener\">Durban<\/a><\/h4>\n<p>[\/vc_cta][\/vc_column][\/vc_row][vc_row][vc_column width=\u201d1\/1&#8243;][vc_message message_box_style=\u201dclassic\u201d]Este sitio no proporciona informaci\u00f3n sobre la obtenci\u00f3n de visados, vacunas u otras cuestiones que dependan tanto del pa\u00eds de origen como del destino.<br \/>\nDebes verificar con tu pa\u00eds si necesitas visados u otros requisitos para visitar los destinos deseados.[\/vc_message][\/vc_column][\/vc_row][vc_row][vc_column width=\u201d1\/1&#8243;][vc_raw_html css=\u201d\u201d]W3ZjX2NvbHVtbl90ZXh0XQo8cCBzdHlsZT0idGV4dC1hbGlnbjogcmlnaHQ7Ij48c3Ryb25nPjxhIGhyZWY9ImphdmFzY3JpcHQ6aGlzdG9yeS5iYWNrKCkiPlJlZ3Jlc2FyIGEgbGEgcMOhZ2luYSBhbnRlcmlvcjwvYT48L3N0cm9uZz48L3A+ClsvdmNfY29sdW1uX3RleHRd[\/vc_raw_html][\/vc_column][\/vc_row][vc_row][vc_column width=\u201d1\/1&#8243;]<div class=\"shout_spacer clearfix\" style=\"height:18px;\"><\/div>[\/vc_column][\/vc_row][vc_row][vc_column width=\u201d1\/1&#8243;]<div class=\"prk_shortcode-title prk_break_word shout_left_align h1_sized\"><div class=\"body_font zero_color prk_vc_title\"><h1 style=\"font-weight:100;\">Historias relacionadas<\/h1><\/div><div class=\"clearfix\"><\/div><\/div>[\/vc_column][\/vc_row][vc_row][vc_column width=\u201d1\/1&#8243;]<div id=\"prk_shortcode_latest_posts\" class=\"recentposts_ul_wp small-12\"><div class=\"shortcode-title\"><\/div><div class=\"simple_line\"><\/div><h4 id=\"no_posts_title\" class=\"zero_color prk_heavier_600 big header_font\"><\/h4><\/div><div class=\"clearfix bt_1x\"><\/div>[\/vc_column][\/vc_row]<\/p>\n<\/div>","protected":false},"excerpt":{"rendered":"<p>Sud\u00e1frica es un destino inolvidable para los motoristas, con rutas como la Ruta Jard\u00edn y la Ruta Panor\u00e1mica que revelan playas salvajes, monta\u00f1as imponentes y parques naturales llenos de vida.<\/p>\n","protected":false},"author":2,"featured_media":14927,"parent":10188,"menu_order":0,"comment_status":"closed","ping_status":"closed","template":"","meta":{"footnotes":""},"categories":[55,679],"tags":[638,639,680],"class_list":["post-14928","page","type-page","status-publish","has-post-thumbnail","hentry","category-africa","category-sudafrica","tag-chapmans-peak-drive","tag-drakensberg","tag-ruta-jardin"],"acf":[],"_links":{"self":[{"href":"https:\/\/travel4bikers.com\/es\/wp-json\/wp\/v2\/pages\/14928","targetHints":{"allow":["GET"]}}],"collection":[{"href":"https:\/\/travel4bikers.com\/es\/wp-json\/wp\/v2\/pages"}],"about":[{"href":"https:\/\/travel4bikers.com\/es\/wp-json\/wp\/v2\/types\/page"}],"author":[{"embeddable":true,"href":"https:\/\/travel4bikers.com\/es\/wp-json\/wp\/v2\/users\/2"}],"replies":[{"embeddable":true,"href":"https:\/\/travel4bikers.com\/es\/wp-json\/wp\/v2\/comments?post=14928"}],"version-history":[{"count":0,"href":"https:\/\/travel4bikers.com\/es\/wp-json\/wp\/v2\/pages\/14928\/revisions"}],"up":[{"embeddable":true,"href":"https:\/\/travel4bikers.com\/es\/wp-json\/wp\/v2\/pages\/10188"}],"wp:featuredmedia":[{"embeddable":true,"href":"https:\/\/travel4bikers.com\/es\/wp-json\/wp\/v2\/media\/14927"}],"wp:attachment":[{"href":"https:\/\/travel4bikers.com\/es\/wp-json\/wp\/v2\/media?parent=14928"}],"wp:term":[{"taxonomy":"category","embeddable":true,"href":"https:\/\/travel4bikers.com\/es\/wp-json\/wp\/v2\/categories?post=14928"},{"taxonomy":"post_tag","embeddable":true,"href":"https:\/\/travel4bikers.com\/es\/wp-json\/wp\/v2\/tags?post=14928"}],"curies":[{"name":"wp","href":"https:\/\/api.w.org\/{rel}","templated":true}]}}