{"id":14986,"date":"2017-07-05T16:19:54","date_gmt":"2017-07-05T15:19:54","guid":{"rendered":"https:\/\/travel4bikers.com\/viajar-a\/colombia\/"},"modified":"2025-12-15T19:13:40","modified_gmt":"2025-12-15T18:13:40","slug":"colombia","status":"publish","type":"page","link":"https:\/\/travel4bikers.com\/es\/viajar-a\/colombia\/","title":{"rendered":"Colombia"},"content":{"rendered":"<div class=\"wpb-content-wrapper\"><p>[vc_row][vc_column width=\u201d1\/1&#8243;][vc_single_image source=\u201dfeatured_image\u201d img_size=\u201dfull\u201d alignment=\u201dcenter\u201d]<div class=\"shout_spacer clearfix\" style=\"height:20px;\"><\/div>[\/vc_column][\/vc_row][vc_row][vc_column width=\u201d1\/1&#8243;]<div class=\"prk_shortcode-title prk_break_word shout_left_align h1_sized\"><div class=\"body_font zero_color prk_vc_title\"><h1 style=\"font-weight:100;\">Viajar a Colombia \ud83c\udde8\ud83c\uddf4<\/h1><\/div><div class=\"clearfix\"><\/div><\/div><div class=\"shout_spacer clearfix\" style=\"height:18px;\"><\/div>[\/vc_column][\/vc_row][vc_row font_color=\u201d#0693E3&#8243;][vc_column width=\u201d1\/1&#8243;][vc_column_text]<\/p>\n<blockquote><p>Colombia es un pa\u00eds vibrante para viajar en moto, con carreteras que atraviesan los Andes, plantaciones de caf\u00e9, selvas tropicales y ciudades llenas de color y energ\u00eda.<\/p><\/blockquote>\n<p>[\/vc_column_text][\/vc_column][\/vc_row][vc_row][vc_column width=\u201d1\/1&#8243;][vc_tta_tabs][vc_tta_section i_icon_fontawesome=\u201dfa fa-regular fa-map\u201d add_icon=\u201dtrue\u201d title=\u201dInformaci\u00f3n General\u201d tab_id=\u201d1756984282331-d59962b9-8d9b\u201d][vc_column_text]<strong>Capital: <\/strong>Bogot\u00e1<\/p>\n<p><strong>Idioma oficial: <\/strong>Espa\u00f1ol<\/p>\n<p><strong>N\u00famero de emergencias: <\/strong>123[\/vc_column_text][\/vc_tta_section][vc_tta_section i_icon_fontawesome=\u201dfa fa-regular fa-money-bill-1&#8243; add_icon=\u201dtrue\u201d title=\u201dFinanzas\u201d tab_id=\u201d1756984282346-461ddde8-312d\u201d][vc_column_text]<strong>Moneda: <\/strong>Peso colombiano (COP)<\/p>\n<p>Se aceptan pagos con tarjeta en las zonas tur\u00edsticas, pero sigue siendo imprescindible el efectivo[\/vc_column_text][\/vc_tta_section][vc_tta_section i_icon_fontawesome=\u201dfa fa-solid fa-motorcycle\u201d add_icon=\u201dtrue\u201d title=\u201dL\u00edmites de Velocidad\u201d tab_id=\u201d1756985156411-3a136d8e-ae6a\u201d][vc_column_text]<strong>Autopista: <\/strong>100-120 km\/h (dependiendo de la carretera)<\/p>\n<p><strong>Carretera: <\/strong>80-100 km\/h<\/p>\n<p><strong>Localidades <\/strong><strong>: <\/strong>50-60 km\/h[\/vc_column_text][\/vc_tta_section][\/vc_tta_tabs][\/vc_column][\/vc_row][vc_row][vc_column width=\u201d1\/1&#8243;]<div class=\"shout_spacer clearfix\" style=\"height:18px;\"><\/div>[\/vc_column][\/vc_row][vc_row][vc_column width=\u201d1\/1&#8243;][vc_column_text]Colombia es el \u00fanico pa\u00eds de Sudam\u00e9rica con costas tanto en el oc\u00e9ano Pac\u00edfico como en el mar Caribe. Es famoso por su caf\u00e9, su diversidad cultural, ciudades como Bogot\u00e1, Medell\u00edn y Cartagena, y su exuberante naturaleza, que se extiende desde el Amazonas hasta los Andes.<\/p>\n<h3><b>Clima<\/b><\/h3>\n<p>Muy variada: tropical en las tierras bajas, templada en las monta\u00f1as y h\u00fameda en la Amazonia. La altitud influye m\u00e1s que las estaciones.<\/p>\n<h3><b>Idiomas<\/b><\/h3>\n<p>Predomina el espa\u00f1ol. Tambi\u00e9n hay unas 65 lenguas ind\u00edgenas reconocidas en distintas regiones.<\/p>\n<h3><b>Conducci\u00f3n<\/b><\/h3>\n<p>Conduce por la derecha. Las autopistas suelen ser buenas, con peajes que se pagan en cabinas manuales. Las carreteras de monta\u00f1a pueden ser dif\u00edciles.<\/p>\n<h3><b>Camping<\/b><\/h3>\n<p>La acampada salvaje no es habitual y no se recomienda por motivos de seguridad. Hay campings en zonas tur\u00edsticas y naturales.<\/p>\n<h3><b>Zonas Moteras<\/b><\/h3>\n<p>Las rutas m\u00e1s populares incluyen la regi\u00f3n del Eje Cafetero, las carreteras andinas y la costa del Caribe.<\/p>\n<h3><b>Zonas Especiales<\/b><b><\/b><\/h3>\n<p>Bogot\u00e1 tiene un sistema de restricci\u00f3n de veh\u00edculos llamado <b>Pico y Placa<\/b>, que limita la circulaci\u00f3n de los coches seg\u00fan su n\u00famero de matr\u00edcula y el d\u00eda de la semana.[\/vc_column_text][\/vc_column][\/vc_row][vc_row][vc_column width=\u201d1\/1&#8243;][vc_column_text]<span style=\"font-weight: 400;\">\u00bfTienes algo que corregir o a\u00f1adir? Cont\u00e1ctanos, convi\u00e9rtete en colaborador de Travel4Bikers <\/span>[\/vc_column_text][vc_cta h2=\u201dVisitar una ciudad de Colombia\u201d css=\u201d\u201d]<\/p>\n<h4>Aprovecha al m\u00e1ximo, descubre qu\u00e9 hacer en 24h en<\/h4>\n<h4><a href=\"https:\/\/gyg.me\/ZuSZQZAf\" target=\"_blank\" rel=\"noopener\">Bogot\u00e1<\/a> \u2013 <a href=\"https:\/\/gyg.me\/YDRleXr0\" target=\"_blank\" rel=\"noopener\">Medell\u00edn<\/a> \u2013 <a href=\"https:\/\/gyg.me\/Z0OEOpDC\" target=\"_blank\" rel=\"noopener\">Cartagena<\/a><\/h4>\n<p>[\/vc_cta][\/vc_column][\/vc_row][vc_row][vc_column width=\u201d1\/1&#8243;][vc_message message_box_style=\u201dclassic\u201d]Este sitio no proporciona informaci\u00f3n sobre la obtenci\u00f3n de visados, vacunas u otras cuestiones que dependan tanto del pa\u00eds de origen como del destino.<br \/>\nDebes verificar con tu pa\u00eds si necesitas visados u otros requisitos para visitar los destinos deseados.[\/vc_message][\/vc_column][\/vc_row][vc_row][vc_column width=\u201d1\/1&#8243;][vc_raw_html css=\u201d\u201d]W3ZjX2NvbHVtbl90ZXh0XQo8cCBzdHlsZT0idGV4dC1hbGlnbjogcmlnaHQ7Ij48c3Ryb25nPjxhIGhyZWY9ImphdmFzY3JpcHQ6aGlzdG9yeS5iYWNrKCkiPlJlZ3Jlc2FyIGEgbGEgcMOhZ2luYSBhbnRlcmlvcjwvYT48L3N0cm9uZz48L3A+ClsvdmNfY29sdW1uX3RleHRd[\/vc_raw_html][\/vc_column][\/vc_row][vc_row][vc_column width=\u201d1\/1&#8243;]<div class=\"shout_spacer clearfix\" style=\"height:18px;\"><\/div>[\/vc_column][\/vc_row][vc_row][vc_column width=\u201d1\/1&#8243;]<div class=\"prk_shortcode-title prk_break_word shout_left_align h1_sized\"><div class=\"body_font zero_color prk_vc_title\"><h1 style=\"font-weight:100;\">Historias relacionadas<\/h1><\/div><div class=\"clearfix\"><\/div><\/div>[\/vc_column][\/vc_row][vc_row][vc_column width=\u201d1\/1&#8243;]<div id=\"prk_shortcode_latest_posts\" class=\"recentposts_ul_wp small-12\"><div class=\"shortcode-title\"><\/div><div class=\"simple_line\"><\/div><h4 id=\"no_posts_title\" class=\"zero_color prk_heavier_600 big header_font\"><\/h4><\/div><div class=\"clearfix bt_1x\"><\/div>[\/vc_column][\/vc_row]<\/p>\n<\/div>","protected":false},"excerpt":{"rendered":"<p>Colombia es un pa\u00eds vibrante para viajar en moto, con carreteras que atraviesan los Andes, plantaciones de caf\u00e9, selvas tropicales y ciudades llenas de color y energ\u00eda.<\/p>\n","protected":false},"author":2,"featured_media":14985,"parent":10188,"menu_order":0,"comment_status":"closed","ping_status":"closed","template":"","meta":{"footnotes":""},"categories":[67,708],"tags":[1009,297,477],"class_list":["post-14986","page","type-page","status-publish","has-post-thumbnail","hentry","category-america-del-sur","category-colombia","tag-amazonia","tag-andes","tag-caribe"],"acf":[],"_links":{"self":[{"href":"https:\/\/travel4bikers.com\/es\/wp-json\/wp\/v2\/pages\/14986","targetHints":{"allow":["GET"]}}],"collection":[{"href":"https:\/\/travel4bikers.com\/es\/wp-json\/wp\/v2\/pages"}],"about":[{"href":"https:\/\/travel4bikers.com\/es\/wp-json\/wp\/v2\/types\/page"}],"author":[{"embeddable":true,"href":"https:\/\/travel4bikers.com\/es\/wp-json\/wp\/v2\/users\/2"}],"replies":[{"embeddable":true,"href":"https:\/\/travel4bikers.com\/es\/wp-json\/wp\/v2\/comments?post=14986"}],"version-history":[{"count":1,"href":"https:\/\/travel4bikers.com\/es\/wp-json\/wp\/v2\/pages\/14986\/revisions"}],"predecessor-version":[{"id":23215,"href":"https:\/\/travel4bikers.com\/es\/wp-json\/wp\/v2\/pages\/14986\/revisions\/23215"}],"up":[{"embeddable":true,"href":"https:\/\/travel4bikers.com\/es\/wp-json\/wp\/v2\/pages\/10188"}],"wp:featuredmedia":[{"embeddable":true,"href":"https:\/\/travel4bikers.com\/es\/wp-json\/wp\/v2\/media\/14985"}],"wp:attachment":[{"href":"https:\/\/travel4bikers.com\/es\/wp-json\/wp\/v2\/media?parent=14986"}],"wp:term":[{"taxonomy":"category","embeddable":true,"href":"https:\/\/travel4bikers.com\/es\/wp-json\/wp\/v2\/categories?post=14986"},{"taxonomy":"post_tag","embeddable":true,"href":"https:\/\/travel4bikers.com\/es\/wp-json\/wp\/v2\/tags?post=14986"}],"curies":[{"name":"wp","href":"https:\/\/api.w.org\/{rel}","templated":true}]}}