{"id":15043,"date":"2017-07-05T16:19:54","date_gmt":"2017-07-05T15:19:54","guid":{"rendered":"https:\/\/travel4bikers.com\/viajar-a\/uruguay\/"},"modified":"2025-12-11T18:36:05","modified_gmt":"2025-12-11T17:36:05","slug":"uruguay","status":"publish","type":"page","link":"https:\/\/travel4bikers.com\/es\/viajar-a\/uruguay\/","title":{"rendered":"Uruguay"},"content":{"rendered":"<div class=\"wpb-content-wrapper\"><p>[vc_row][vc_column width=\u201d1\/1&#8243;][vc_single_image source=\u201dfeatured_image\u201d img_size=\u201dfull\u201d alignment=\u201dcenter\u201d]<div class=\"shout_spacer clearfix\" style=\"height:20px;\"><\/div>[\/vc_column][\/vc_row][vc_row][vc_column width=\u201d1\/1&#8243;]<div class=\"prk_shortcode-title prk_break_word shout_left_align h1_sized\"><div class=\"body_font zero_color prk_vc_title\"><h1 style=\"font-weight:100;\">Viajar a Uruguay \ud83c\uddfa\ud83c\uddfe<\/h1><\/div><div class=\"clearfix\"><\/div><\/div><div class=\"shout_spacer clearfix\" style=\"height:18px;\"><\/div>[\/vc_column][\/vc_row][vc_row font_color=\u201d#0693E3&#8243;][vc_column width=\u201d1\/1&#8243;][vc_column_text]<\/p>\n<blockquote><p>Uruguay es un destino acogedor para los motoristas, con carreteras tranquilas que unen playas atl\u00e1nticas, campos verdes y ciudades hist\u00f3ricas como Colonia del Sacramento y Montevideo.<\/p><\/blockquote>\n<p>[\/vc_column_text][\/vc_column][\/vc_row][vc_row][vc_column width=\u201d1\/1&#8243;][vc_tta_tabs][vc_tta_section i_icon_fontawesome=\u201dfa fa-regular fa-map\u201d add_icon=\u201dtrue\u201d title=\u201dInformaci\u00f3n General\u201d tab_id=\u201d1756984282331-d59962b9-8d9b\u201d][vc_column_text]<strong>Capital: <\/strong>Montevideo<\/p>\n<p><strong>Idioma Oficial: <\/strong>Espa\u00f1ol<\/p>\n<p><strong>N\u00famero de Emergencia: <\/strong>911[\/vc_column_text][\/vc_tta_section][vc_tta_section i_icon_fontawesome=\u201dfa fa-regular fa-money-bill-1&#8243; add_icon=\u201dtrue\u201d title=\u201dFinanzas\u201d tab_id=\u201d1756984282346-461ddde8-312d\u201d][vc_column_text]<strong>Moneda: <\/strong>Peso uruguayo (UYU)<\/p>\n<p>Los pagos con tarjeta son ampliamente aceptados.[\/vc_column_text][\/vc_tta_section][vc_tta_section i_icon_fontawesome=\u201dfa fa-solid fa-motorcycle\u201d add_icon=\u201dtrue\u201d title=\u201dL\u00edmites de Velocidad\u201d tab_id=\u201d1756985156411-3a136d8e-ae6a\u201d][vc_column_text]<strong>Autopista:<\/strong> 110-120 km\/h<\/p>\n<p><strong>Carretera: <\/strong>90-100 km\/h<\/p>\n<p><strong>Localidades <\/strong><strong>: <\/strong>50 km\/h[\/vc_column_text][\/vc_tta_section][\/vc_tta_tabs][\/vc_column][\/vc_row][vc_row][vc_column width=\u201d1\/1&#8243;]<div class=\"shout_spacer clearfix\" style=\"height:18px;\"><\/div>[\/vc_column][\/vc_row][vc_row][vc_column width=\u201d1\/1&#8243;][vc_column_text]Uruguay es uno de los pa\u00edses m\u00e1s peque\u00f1os de Sudam\u00e9rica, pero con una gran calidad de vida. Es famoso por sus playas atl\u00e1nticas (Punta del Este, Piri\u00e1polis), la capital Montevideo y el centro hist\u00f3rico de Colonia del Sacramento. <\/p>\n<h3><b>Clima<\/b><\/h3>\n<p>Clima templado, con veranos calurosos e inviernos suaves, sin extremos clim\u00e1ticos.<\/p>\n<h3><b>Idiomas<\/b><\/h3>\n<p>El espa\u00f1ol es oficial. Hay influencias portuguesas en la frontera con Brasil (portu\u00f1ol). En las zonas tur\u00edsticas se habla ingl\u00e9s.  <\/p>\n<h3><b>Conducci\u00f3n<\/b><\/h3>\n<p>Conduce por la derecha. Algunas autopistas tienen peaje, que se paga manualmente en las cabinas (efectivo\/tarjeta). Las carreteras suelen ser de buena calidad.  <\/p>\n<h3><b>Camping<\/b><\/h3>\n<p>En algunas zonas costeras se tolera la acampada salvaje, pero son m\u00e1s comunes los campings organizados.<\/p>\n<h3><b>Zonas Moteras<\/b><\/h3>\n<p>Las carreteras costeras entre Montevideo y Punta del Este son muy populares entre los motoristas.<\/p>\n<h3><b>Zonas Especiales<\/b><\/h3>\n<p>Montevideo tiene zonas de aparcamiento de pago en el centro y zonas peatonales en la Ciudad Vieja.<\/p>\n<p>[\/vc_column_text][\/vc_column][\/vc_row][vc_row][vc_column width=\u201d1\/1&#8243;][vc_column_text]<span style=\"font-weight: 400;\">\u00bfTienes algo que corregir o a\u00f1adir? Cont\u00e1ctanos, convi\u00e9rtete en colaborador de Travel4Bikers <\/span>[\/vc_column_text][vc_cta h2=\u201dVisitar una ciudad de Uruguay\u201d css=\u201d\u201d]<\/p>\n<h4>Aprovecha al m\u00e1ximo, descubre qu\u00e9 hacer en 24h en<\/h4>\n<h4><a href=\"https:\/\/gyg.me\/EbOTxaLO\" target=\"_blank\" rel=\"noopener\">Montevideo<\/a> \u2013 <a href=\"https:\/\/gyg.me\/XwOaXNSg\" target=\"_blank\" rel=\"noopener\">Colonia<\/a> <a href=\"https:\/\/gyg.me\/v7DuByBO\" target=\"_blank\" rel=\"noopener\">del Sacramento \u2013 Punta del Este<\/a><\/h4>\n<p>[\/vc_cta][\/vc_column][\/vc_row][vc_row][vc_column width=\u201d1\/1&#8243;][vc_message message_box_style=\u201dclassic\u201d]Este sitio no proporciona informaci\u00f3n sobre la obtenci\u00f3n de visados, vacunas u otras cuestiones que dependan tanto del pa\u00eds de origen como del destino.<br \/>\nDebes verificar con tu pa\u00eds si necesitas visados u otros requisitos para visitar los destinos deseados.[\/vc_message][\/vc_column][\/vc_row][vc_row][vc_column width=\u201d1\/1&#8243;][vc_raw_html css=\u201d\u201d]W3ZjX2NvbHVtbl90ZXh0XQo8cCBzdHlsZT0idGV4dC1hbGlnbjogcmlnaHQ7Ij48c3Ryb25nPjxhIGhyZWY9ImphdmFzY3JpcHQ6aGlzdG9yeS5iYWNrKCkiPlJlZ3Jlc2FyIGEgbGEgcMOhZ2luYSBhbnRlcmlvcjwvYT48L3N0cm9uZz48L3A+ClsvdmNfY29sdW1uX3RleHRd[\/vc_raw_html][\/vc_column][\/vc_row][vc_row][vc_column width=\u201d1\/1&#8243;]<div class=\"shout_spacer clearfix\" style=\"height:18px;\"><\/div>[\/vc_column][\/vc_row][vc_row][vc_column width=\u201d1\/1&#8243;]<div class=\"prk_shortcode-title prk_break_word shout_left_align h1_sized\"><div class=\"body_font zero_color prk_vc_title\"><h1 style=\"font-weight:100;\">Historias relacionadas<\/h1><\/div><div class=\"clearfix\"><\/div><\/div>[\/vc_column][\/vc_row][vc_row][vc_column width=\u201d1\/1&#8243;]<div id=\"prk_shortcode_latest_posts\" class=\"recentposts_ul_wp small-12\"><div class=\"shortcode-title\"><\/div><div class=\"simple_line\"><\/div><h4 id=\"no_posts_title\" class=\"zero_color prk_heavier_600 big header_font\"><\/h4><\/div><div class=\"clearfix bt_1x\"><\/div>[\/vc_column][\/vc_row]<\/p>\n<\/div>","protected":false},"excerpt":{"rendered":"<p>Uruguay es un destino acogedor para los motoristas, con carreteras tranquilas que unen playas atl\u00e1nticas, campos verdes y ciudades hist\u00f3ricas como Colonia del Sacramento y Montevideo.<\/p>\n","protected":false},"author":2,"featured_media":15042,"parent":10188,"menu_order":0,"comment_status":"closed","ping_status":"closed","template":"","meta":{"footnotes":""},"categories":[67,724],"tags":[726,725],"class_list":["post-15043","page","type-page","status-publish","has-post-thumbnail","hentry","category-america-del-sur","category-uruguay","tag-casco-antiguo","tag-punta-del-este"],"acf":[],"_links":{"self":[{"href":"https:\/\/travel4bikers.com\/es\/wp-json\/wp\/v2\/pages\/15043","targetHints":{"allow":["GET"]}}],"collection":[{"href":"https:\/\/travel4bikers.com\/es\/wp-json\/wp\/v2\/pages"}],"about":[{"href":"https:\/\/travel4bikers.com\/es\/wp-json\/wp\/v2\/types\/page"}],"author":[{"embeddable":true,"href":"https:\/\/travel4bikers.com\/es\/wp-json\/wp\/v2\/users\/2"}],"replies":[{"embeddable":true,"href":"https:\/\/travel4bikers.com\/es\/wp-json\/wp\/v2\/comments?post=15043"}],"version-history":[{"count":2,"href":"https:\/\/travel4bikers.com\/es\/wp-json\/wp\/v2\/pages\/15043\/revisions"}],"predecessor-version":[{"id":22945,"href":"https:\/\/travel4bikers.com\/es\/wp-json\/wp\/v2\/pages\/15043\/revisions\/22945"}],"up":[{"embeddable":true,"href":"https:\/\/travel4bikers.com\/es\/wp-json\/wp\/v2\/pages\/10188"}],"wp:featuredmedia":[{"embeddable":true,"href":"https:\/\/travel4bikers.com\/es\/wp-json\/wp\/v2\/media\/15042"}],"wp:attachment":[{"href":"https:\/\/travel4bikers.com\/es\/wp-json\/wp\/v2\/media?parent=15043"}],"wp:term":[{"taxonomy":"category","embeddable":true,"href":"https:\/\/travel4bikers.com\/es\/wp-json\/wp\/v2\/categories?post=15043"},{"taxonomy":"post_tag","embeddable":true,"href":"https:\/\/travel4bikers.com\/es\/wp-json\/wp\/v2\/tags?post=15043"}],"curies":[{"name":"wp","href":"https:\/\/api.w.org\/{rel}","templated":true}]}}