{"id":16850,"date":"2017-07-05T16:19:54","date_gmt":"2017-07-05T15:19:54","guid":{"rendered":"https:\/\/travel4bikers.com\/viajar-a\/bolivia\/"},"modified":"2025-12-15T19:10:58","modified_gmt":"2025-12-15T18:10:58","slug":"bolivia","status":"publish","type":"page","link":"https:\/\/travel4bikers.com\/es\/viajar-a\/bolivia\/","title":{"rendered":"Bolivia"},"content":{"rendered":"<div class=\"wpb-content-wrapper\"><p>[vc_row][vc_column width=\u201d1\/1&#8243;][vc_single_image source=\u201dfeatured_image\u201d img_size=\u201dfull\u201d alignment=\u201dcenter\u201d]<div class=\"shout_spacer clearfix\" style=\"height:20px;\"><\/div>[\/vc_column][\/vc_row][vc_row][vc_column width=\u201d1\/1&#8243;]<div class=\"prk_shortcode-title prk_break_word shout_left_align h1_sized\"><div class=\"body_font zero_color prk_vc_title\"><h1 style=\"font-weight:100;\">Viajar a Bolivia \ud83c\udde7\ud83c\uddf4<\/h1><\/div><div class=\"clearfix\"><\/div><\/div><div class=\"shout_spacer clearfix\" style=\"height:18px;\"><\/div>[\/vc_column][\/vc_row][vc_row font_color=\u201d#0693E3&#8243;][vc_column width=\u201d1\/1&#8243;][vc_column_text]<\/p>\n<blockquote><p>Bolivia es un destino desafiante para los motoristas, con carreteras que atraviesan los Andes, el m\u00edtico Salar de Uyuni y paisajes salvajes donde cada ruta es una aut\u00e9ntica aventura.<\/p><\/blockquote>\n<p>[\/vc_column_text][\/vc_column][\/vc_row][vc_row][vc_column width=\u201d1\/1&#8243;][vc_tta_tabs][vc_tta_section i_icon_fontawesome=\u201dfa fa-regular fa-map\u201d add_icon=\u201dtrue\u201d title=\u201dInformaci\u00f3n General\u201d tab_id=\u201d1756984282331-d59962b9-8d9b\u201d][vc_column_text]<strong>Capital: <\/strong>Sucre (constitucional) \/ La Paz (sede del gobierno)<\/p>\n<p><strong>Idioma oficial: <\/strong>espa\u00f1ol, quechua, aimar\u00e1 y m\u00e1s de 30 lenguas ind\u00edgenas reconocidas<\/p>\n<p><strong>N\u00famero de emergencia: <\/strong>110 (polic\u00eda) \/ 118 (ambulancia) \/ 119 (bomberos)[\/vc_column_text][\/vc_tta_section][vc_tta_section i_icon_fontawesome=\u201dfa fa-regular fa-money-bill-1&#8243; add_icon=\u201dtrue\u201d title=\u201dFinanzas\u201d tab_id=\u201d1756984282346-461ddde8-312d\u201d][vc_column_text]<strong>Moneda: <\/strong>Boliviano (BOB)<\/p>\n<p>El dinero en efectivo es esencial. El uso de tarjetas est\u00e1 limitado a hoteles, restaurantes tur\u00edsticos y s\u00f3lo en las grandes ciudades.[\/vc_column_text][\/vc_tta_section][vc_tta_section i_icon_fontawesome=\u201dfa fa-solid fa-motorcycle\u201d add_icon=\u201dtrue\u201d title=\u201dL\u00edmites de Velocidad\u201d tab_id=\u201d1756985156411-3a136d8e-ae6a\u201d][vc_column_text]<strong>Autopista: <\/strong>80-100 km\/h<\/p>\n<p><strong>Carretera: <\/strong>70-80 km\/h<\/p>\n<p><strong>Localidades <\/strong><strong>: <\/strong>40-50 km\/h[\/vc_column_text][\/vc_tta_section][\/vc_tta_tabs][\/vc_column][\/vc_row][vc_row][vc_column width=\u201d1\/1&#8243;]<div class=\"shout_spacer clearfix\" style=\"height:18px;\"><\/div>[\/vc_column][\/vc_row][vc_row][vc_column width=\u201d1\/1&#8243;][vc_column_text]Bolivia es uno de los pa\u00edses m\u00e1s aut\u00e9nticos de Sudam\u00e9rica, con una fuerte herencia ind\u00edgena. Es conocido por el Salar de Uyuni (el mayor desierto de sal del mundo), el lago Titicaca, el Altiplano y ciudades coloniales como Sucre y Potos\u00ed.<\/p>\n<h3><b>Clima<\/b><\/h3>\n<p>Muy diversa: tropical h\u00fameda en la Amazonia, \u00e1rida en el Altiplano y fr\u00eda en las monta\u00f1as.<\/p>\n<h3><b>Idiomas<\/b><\/h3>\n<p>Predomina el espa\u00f1ol, pero millones de personas hablan quechua y aymara. Tambi\u00e9n hay muchas otras lenguas ind\u00edgenas.<\/p>\n<h3><b>Conducci\u00f3n<\/b><\/h3>\n<p>Conduce por la derecha. Las carreteras pueden ser dif\u00edciles, ya que muchas est\u00e1n en altitud y en mal estado. Algunas carreteras tienen peajes sencillos, que se pagan en las cabinas.<\/p>\n<h3><b>Camping<\/b><\/h3>\n<p>La acampada salvaje es posible en muchas regiones, sobre todo en zonas remotas. Tambi\u00e9n hay campings b\u00e1sicos cerca de las zonas tur\u00edsticas.<\/p>\n<h3><b>Zonas Moteras<\/b><\/h3>\n<p>La famosa carretera de los Yungas es un icono para los motociclistas. Otras rutas populares son el Altiplano, el Salar de Uyuni y los Andes.<\/p>\n<h3><b>Zonas Especiales<\/b><b><\/b><\/h3>\n<p>En La Paz y otras ciudades m\u00e1s grandes, el tr\u00e1fico es denso y hay zonas peatonales y aparcamiento controlado.[\/vc_column_text][\/vc_column][\/vc_row][vc_row][vc_column width=\u201d1\/1&#8243;][vc_column_text]<span style=\"font-weight: 400;\">\u00bfTienes algo que corregir o a\u00f1adir? Cont\u00e1ctanos, convi\u00e9rtete en colaborador de Travel4Bikers <\/span>[\/vc_column_text][vc_cta h2=\u201dVisitar una ciudad de Bolivia\u201d css=\u201d\u201d]<\/p>\n<h4>Aprovecha al m\u00e1ximo, descubre qu\u00e9 hacer en 24h en<\/h4>\n<h4><a href=\"https:\/\/gyg.me\/Tj8TlsxT\" target=\"_blank\" rel=\"noopener\">La Paz<\/a> \u2013 <a href=\"https:\/\/gyg.me\/hMqKct4G\" target=\"_blank\" rel=\"noopener\">Sucre<\/a> \u2013 <a href=\"https:\/\/gyg.me\/SnTr81x2\" target=\"_blank\" rel=\"noopener\">Lago Titicaca<\/a><\/h4>\n<p>[\/vc_cta][\/vc_column][\/vc_row][vc_row][vc_column width=\u201d1\/1&#8243;][vc_message message_box_style=\u201dclassic\u201d]Este sitio no proporciona informaci\u00f3n sobre la obtenci\u00f3n de visados, vacunas u otras cuestiones que dependan tanto del pa\u00eds de origen como del destino.<br \/>\nDebes verificar con tu pa\u00eds si necesitas visados u otros requisitos para visitar los destinos deseados.[\/vc_message][\/vc_column][\/vc_row][vc_row][vc_column width=\u201d1\/1&#8243;][vc_raw_html css=\u201d\u201d]W3ZjX2NvbHVtbl90ZXh0XQo8cCBzdHlsZT0idGV4dC1hbGlnbjogcmlnaHQ7Ij48c3Ryb25nPjxhIGhyZWY9ImphdmFzY3JpcHQ6aGlzdG9yeS5iYWNrKCkiPlJlZ3Jlc2FyIGEgbGEgcMOhZ2luYSBhbnRlcmlvcjwvYT48L3N0cm9uZz48L3A+ClsvdmNfY29sdW1uX3RleHRd[\/vc_raw_html][\/vc_column][\/vc_row][vc_row][vc_column width=\u201d1\/1&#8243;]<div class=\"shout_spacer clearfix\" style=\"height:18px;\"><\/div>[\/vc_column][\/vc_row][vc_row][vc_column width=\u201d1\/1&#8243;]<div class=\"prk_shortcode-title prk_break_word shout_left_align h1_sized\"><div class=\"body_font zero_color prk_vc_title\"><h1 style=\"font-weight:100;\">Historias relacionadas<\/h1><\/div><div class=\"clearfix\"><\/div><\/div>[\/vc_column][\/vc_row][vc_row][vc_column width=\u201d1\/1&#8243;]<div id=\"prk_shortcode_latest_posts\" class=\"recentposts_ul_wp small-12\"><div class=\"shortcode-title\"><\/div><div class=\"simple_line\"><\/div><h4 id=\"no_posts_title\" class=\"zero_color prk_heavier_600 big header_font\"><\/h4><\/div><div class=\"clearfix bt_1x\"><\/div>[\/vc_column][\/vc_row]<\/p>\n<\/div>","protected":false},"excerpt":{"rendered":"<p>Bolivia es un destino desafiante para los motoristas, con carreteras que atraviesan los Andes, el m\u00edtico Salar de Uyuni y paisajes salvajes donde cada ruta es una aut\u00e9ntica aventura.<\/p>\n","protected":false},"author":2,"featured_media":16849,"parent":10188,"menu_order":0,"comment_status":"closed","ping_status":"closed","template":"","meta":{"footnotes":""},"categories":[67,828],"tags":[1009,297,1010,704,830],"class_list":["post-16850","page","type-page","status-publish","has-post-thumbnail","hentry","category-america-del-sur","category-bolivia","tag-amazonia","tag-andes","tag-estrada-da-morte","tag-lago-titicaca","tag-salar-de-uyuni"],"acf":[],"_links":{"self":[{"href":"https:\/\/travel4bikers.com\/es\/wp-json\/wp\/v2\/pages\/16850","targetHints":{"allow":["GET"]}}],"collection":[{"href":"https:\/\/travel4bikers.com\/es\/wp-json\/wp\/v2\/pages"}],"about":[{"href":"https:\/\/travel4bikers.com\/es\/wp-json\/wp\/v2\/types\/page"}],"author":[{"embeddable":true,"href":"https:\/\/travel4bikers.com\/es\/wp-json\/wp\/v2\/users\/2"}],"replies":[{"embeddable":true,"href":"https:\/\/travel4bikers.com\/es\/wp-json\/wp\/v2\/comments?post=16850"}],"version-history":[{"count":1,"href":"https:\/\/travel4bikers.com\/es\/wp-json\/wp\/v2\/pages\/16850\/revisions"}],"predecessor-version":[{"id":23206,"href":"https:\/\/travel4bikers.com\/es\/wp-json\/wp\/v2\/pages\/16850\/revisions\/23206"}],"up":[{"embeddable":true,"href":"https:\/\/travel4bikers.com\/es\/wp-json\/wp\/v2\/pages\/10188"}],"wp:featuredmedia":[{"embeddable":true,"href":"https:\/\/travel4bikers.com\/es\/wp-json\/wp\/v2\/media\/16849"}],"wp:attachment":[{"href":"https:\/\/travel4bikers.com\/es\/wp-json\/wp\/v2\/media?parent=16850"}],"wp:term":[{"taxonomy":"category","embeddable":true,"href":"https:\/\/travel4bikers.com\/es\/wp-json\/wp\/v2\/categories?post=16850"},{"taxonomy":"post_tag","embeddable":true,"href":"https:\/\/travel4bikers.com\/es\/wp-json\/wp\/v2\/tags?post=16850"}],"curies":[{"name":"wp","href":"https:\/\/api.w.org\/{rel}","templated":true}]}}