{"id":16866,"date":"2017-07-05T16:19:54","date_gmt":"2017-07-05T15:19:54","guid":{"rendered":"https:\/\/travel4bikers.com\/viajar-a\/ecuador\/"},"modified":"2025-12-15T19:18:22","modified_gmt":"2025-12-15T18:18:22","slug":"ecuador","status":"publish","type":"page","link":"https:\/\/travel4bikers.com\/es\/viajar-a\/ecuador\/","title":{"rendered":"Ecuador"},"content":{"rendered":"<div class=\"wpb-content-wrapper\"><p>[vc_row][vc_column width=\u201d1\/1&#8243;][vc_single_image source=\u201dfeatured_image\u201d img_size=\u201dfull\u201d alignment=\u201dcenter\u201d]<div class=\"shout_spacer clearfix\" style=\"height:20px;\"><\/div>[\/vc_column][\/vc_row][vc_row][vc_column width=\u201d1\/1&#8243;]<div class=\"prk_shortcode-title prk_break_word shout_left_align h1_sized\"><div class=\"body_font zero_color prk_vc_title\"><h1 style=\"font-weight:100;\">Viajar a Ecuador \ud83c\uddea\ud83c\udde8<\/h1><\/div><div class=\"clearfix\"><\/div><\/div><div class=\"shout_spacer clearfix\" style=\"height:18px;\"><\/div>[\/vc_column][\/vc_row][vc_row font_color=\u201d#0693E3&#8243;][vc_column width=\u201d1\/1&#8243;][vc_column_text]<\/p>\n<blockquote><p>Ecuador es un pa\u00eds compacto y lleno de contrastes para los motoristas, con rutas que atraviesan volcanes, selvas amaz\u00f3nicas y el m\u00edtico Ecuador, siempre rodeados de paisajes impresionantes.<\/p><\/blockquote>\n<p>[\/vc_column_text][\/vc_column][\/vc_row][vc_row][vc_column width=\u201d1\/1&#8243;][vc_tta_tabs][vc_tta_section i_icon_fontawesome=\u201dfa fa-regular fa-map\u201d add_icon=\u201dtrue\u201d title=\u201dInformaci\u00f3n General\u201d tab_id=\u201d1756984282331-d59962b9-8d9b\u201d][vc_column_text]<strong>Capital: <\/strong>Quito<\/p>\n<p><strong>Idioma oficial: <\/strong>Espa\u00f1ol (tambi\u00e9n se reconoce el quechua y el shuar)<\/p>\n<p><strong>N\u00famero de emergencias: <\/strong>911[\/vc_column_text][\/vc_tta_section][vc_tta_section i_icon_fontawesome=\u201dfa fa-regular fa-money-bill-1&#8243; add_icon=\u201dtrue\u201d title=\u201dFinanzas\u201d tab_id=\u201d1756984282346-461ddde8-312d\u201d][vc_column_text]<strong>Moneda: <\/strong>D\u00f3lar estadounidense (USD)<\/p>\n<p>Los pagos con tarjeta son ampliamente aceptados[\/vc_column_text][\/vc_tta_section][vc_tta_section i_icon_fontawesome=\u201dfa fa-solid fa-motorcycle\u201d add_icon=\u201dtrue\u201d title=\u201dL\u00edmites de Velocidad\u201d tab_id=\u201d1756985156411-3a136d8e-ae6a\u201d][vc_column_text]<strong>Autopista: <\/strong>100-110 km\/h<\/p>\n<p><strong>Carretera: <\/strong>80-90 km\/h<\/p>\n<p><strong>Localidades <\/strong><strong>: <\/strong>50 km\/h[\/vc_column_text][\/vc_tta_section][\/vc_tta_tabs][\/vc_column][\/vc_row][vc_row][vc_column width=\u201d1\/1&#8243;]<div class=\"shout_spacer clearfix\" style=\"height:18px;\"><\/div>[\/vc_column][\/vc_row][vc_row][vc_column width=\u201d1\/1&#8243;][vc_column_text]Ecuador es un pa\u00eds sudamericano atravesado por la l\u00ednea ecuatorial, conocido por su enorme diversidad: la Amazonia, los Andes, la costa del Pac\u00edfico y las islas Gal\u00e1pagos. Quito y Cuenca conservan bellos centros coloniales.<\/p>\n<h3><b>Clima<\/b><\/h3>\n<p>Muy variado: tropical h\u00famedo en la Amazonia, templado en los Andes y seco\/tropical en la costa. En las Gal\u00e1pagos, el clima es oce\u00e1nico con dos estaciones (c\u00e1lida y fresca).<\/p>\n<h3><b>Idiomas<\/b><\/h3>\n<p>El espa\u00f1ol es la lengua predominante. El quechua y el shuar est\u00e1n reconocidos como lenguas interculturales. En las zonas tur\u00edsticas se habla ingl\u00e9s.<\/p>\n<h3><b>Conducci\u00f3n<\/b><\/h3>\n<p>Conduce por la derecha. Hay algunas autopistas modernas con peaje (se paga en las cabinas, suele ser barato). Las carreteras andinas pueden ser dif\u00edciles.<\/p>\n<h3><b>Camping<\/b><\/h3>\n<p>Se puede acampar en zonas naturales, pero es m\u00e1s seguro hacerlo en parques nacionales o en campings organizados.<\/p>\n<h3><b>Zonas Moteras<\/b><\/h3>\n<p>Las rutas m\u00e1s populares son la Avenida de los Volcanes (a lo largo de los Andes), la carretera de Ba\u00f1os y el viaje a las Gal\u00e1pagos (no es habitual el barco con moto).<\/p>\n<h3><b>Zonas Especiales<\/b><\/h3>\n<p>Quito y Cuenca tienen centros hist\u00f3ricos peatonales y zonas de tr\u00e1fico controlado[\/vc_column_text][\/vc_column][\/vc_row][vc_row][vc_column width=\u201d1\/1&#8243;][vc_column_text]<span style=\"font-weight: 400;\">\u00bfTienes algo que corregir o a\u00f1adir? Cont\u00e1ctanos, convi\u00e9rtete en colaborador de Travel4Bikers <\/span>[\/vc_column_text][vc_cta h2=\u201dVisitar una ciudad de Ecuador\u201d css=\u201d\u201d]<\/p>\n<h4>Aprovecha al m\u00e1ximo, descubre qu\u00e9 hacer en 24h en<\/h4>\n<h4><a href=\"https:\/\/gyg.me\/J0BEypqK\" target=\"_blank\" rel=\"noopener\">Quito<\/a> \u2013 <a href=\"https:\/\/gyg.me\/mZhfPPU9\" target=\"_blank\" rel=\"noopener\">Cuenca<\/a><\/h4>\n<p>[\/vc_cta][\/vc_column][\/vc_row][vc_row][vc_column width=\u201d1\/1&#8243;][vc_message message_box_style=\u201dclassic\u201d]Este sitio no proporciona informaci\u00f3n sobre la obtenci\u00f3n de visados, vacunas u otras cuestiones que dependan tanto del pa\u00eds de origen como del destino.<br \/>\nDebes verificar con tu pa\u00eds si necesitas visados u otros requisitos para visitar los destinos deseados.[\/vc_message][\/vc_column][\/vc_row][vc_row][vc_column width=\u201d1\/1&#8243;][vc_raw_html css=\u201d\u201d]W3ZjX2NvbHVtbl90ZXh0XQo8cCBzdHlsZT0idGV4dC1hbGlnbjogcmlnaHQ7Ij48c3Ryb25nPjxhIGhyZWY9ImphdmFzY3JpcHQ6aGlzdG9yeS5iYWNrKCkiPlJlZ3Jlc2FyIGEgbGEgcMOhZ2luYSBhbnRlcmlvcjwvYT48L3N0cm9uZz48L3A+ClsvdmNfY29sdW1uX3RleHRd[\/vc_raw_html][\/vc_column][\/vc_row][vc_row][vc_column width=\u201d1\/1&#8243;]<div class=\"shout_spacer clearfix\" style=\"height:18px;\"><\/div>[\/vc_column][\/vc_row][vc_row][vc_column width=\u201d1\/1&#8243;]<div class=\"prk_shortcode-title prk_break_word shout_left_align h1_sized\"><div class=\"body_font zero_color prk_vc_title\"><h1 style=\"font-weight:100;\">Historias relacionadas<\/h1><\/div><div class=\"clearfix\"><\/div><\/div>[\/vc_column][\/vc_row][vc_row][vc_column width=\u201d1\/1&#8243;]<div id=\"prk_shortcode_latest_posts\" class=\"recentposts_ul_wp small-12\"><div class=\"shortcode-title\"><\/div><div class=\"simple_line\"><\/div><h4 id=\"no_posts_title\" class=\"zero_color prk_heavier_600 big header_font\"><\/h4><\/div><div class=\"clearfix bt_1x\"><\/div>[\/vc_column][\/vc_row]<\/p>\n<\/div>","protected":false},"excerpt":{"rendered":"<p>Ecuador es un pa\u00eds compacto y lleno de contrastes para los motoristas, con rutas que atraviesan volcanes, selvas amaz\u00f3nicas y el m\u00edtico Ecuador, siempre rodeados de paisajes impresionantes.<\/p>\n","protected":false},"author":2,"featured_media":16865,"parent":10188,"menu_order":0,"comment_status":"closed","ping_status":"closed","template":"","meta":{"footnotes":""},"categories":[67,835],"tags":[1009,297,1046],"class_list":["post-16866","page","type-page","status-publish","has-post-thumbnail","hentry","category-america-del-sur","category-ecuador","tag-amazonia","tag-andes","tag-galapagos-islands"],"acf":[],"_links":{"self":[{"href":"https:\/\/travel4bikers.com\/es\/wp-json\/wp\/v2\/pages\/16866","targetHints":{"allow":["GET"]}}],"collection":[{"href":"https:\/\/travel4bikers.com\/es\/wp-json\/wp\/v2\/pages"}],"about":[{"href":"https:\/\/travel4bikers.com\/es\/wp-json\/wp\/v2\/types\/page"}],"author":[{"embeddable":true,"href":"https:\/\/travel4bikers.com\/es\/wp-json\/wp\/v2\/users\/2"}],"replies":[{"embeddable":true,"href":"https:\/\/travel4bikers.com\/es\/wp-json\/wp\/v2\/comments?post=16866"}],"version-history":[{"count":1,"href":"https:\/\/travel4bikers.com\/es\/wp-json\/wp\/v2\/pages\/16866\/revisions"}],"predecessor-version":[{"id":23221,"href":"https:\/\/travel4bikers.com\/es\/wp-json\/wp\/v2\/pages\/16866\/revisions\/23221"}],"up":[{"embeddable":true,"href":"https:\/\/travel4bikers.com\/es\/wp-json\/wp\/v2\/pages\/10188"}],"wp:featuredmedia":[{"embeddable":true,"href":"https:\/\/travel4bikers.com\/es\/wp-json\/wp\/v2\/media\/16865"}],"wp:attachment":[{"href":"https:\/\/travel4bikers.com\/es\/wp-json\/wp\/v2\/media?parent=16866"}],"wp:term":[{"taxonomy":"category","embeddable":true,"href":"https:\/\/travel4bikers.com\/es\/wp-json\/wp\/v2\/categories?post=16866"},{"taxonomy":"post_tag","embeddable":true,"href":"https:\/\/travel4bikers.com\/es\/wp-json\/wp\/v2\/tags?post=16866"}],"curies":[{"name":"wp","href":"https:\/\/api.w.org\/{rel}","templated":true}]}}