{"id":16881,"date":"2017-07-05T16:19:54","date_gmt":"2017-07-05T15:19:54","guid":{"rendered":"https:\/\/travel4bikers.com\/viajar-a\/guyana\/"},"modified":"2025-12-15T19:37:37","modified_gmt":"2025-12-15T18:37:37","slug":"guyana","status":"publish","type":"page","link":"https:\/\/travel4bikers.com\/es\/viajar-a\/guyana\/","title":{"rendered":"Guyana"},"content":{"rendered":"<div class=\"wpb-content-wrapper\"><p>[vc_row][vc_column width=\u201d1\/1&#8243;][vc_single_image source=\u201dfeatured_image\u201d img_size=\u201dfull\u201d alignment=\u201dcenter\u201d]<div class=\"shout_spacer clearfix\" style=\"height:20px;\"><\/div>[\/vc_column][\/vc_row][vc_row][vc_column width=\u201d1\/1&#8243;]<div class=\"prk_shortcode-title prk_break_word shout_left_align h1_sized\"><div class=\"body_font zero_color prk_vc_title\"><h1 style=\"font-weight:100;\">Viajar a Guyana \ud83c\uddec\ud83c\uddfe<\/h1><\/div><div class=\"clearfix\"><\/div><\/div><div class=\"shout_spacer clearfix\" style=\"height:18px;\"><\/div>[\/vc_column][\/vc_row][vc_row font_color=\u201d#0693E3&#8243;][vc_column width=\u201d1\/1&#8243;][vc_column_text]<\/p>\n<blockquote><p>Guyana es un destino aut\u00e9ntico para los motoristas aventureros, con carreteras que atraviesan selvas tropicales, r\u00edos imponentes y pueblos remotos, revelando una Sudam\u00e9rica a\u00fan por explorar.<\/p><\/blockquote>\n<p>[\/vc_column_text][\/vc_column][\/vc_row][vc_row][vc_column width=\u201d1\/1&#8243;][vc_tta_tabs][vc_tta_section i_icon_fontawesome=\u201dfa fa-regular fa-map\u201d add_icon=\u201dtrue\u201d title=\u201dInformaci\u00f3n General\u201d tab_id=\u201d1756984282331-d59962b9-8d9b\u201d][vc_column_text]<strong>Capital: <\/strong>Georgetown<\/p>\n<p><strong>Idioma oficial: <\/strong>Ingl\u00e9s<\/p>\n<p><strong>N\u00famero de emergencias: <\/strong>911[\/vc_column_text][\/vc_tta_section][vc_tta_section i_icon_fontawesome=\u201dfa fa-regular fa-money-bill-1&#8243; add_icon=\u201dtrue\u201d title=\u201dFinanzas\u201d tab_id=\u201d1756984282346-461ddde8-312d\u201d][vc_column_text]<strong>Moneda: <\/strong>D\u00f3lar de Guyana (GYD)<\/p>\n<p>Pagos en efectivo, el uso de tarjetas es muy limitado.[\/vc_column_text][\/vc_tta_section][vc_tta_section i_icon_fontawesome=\u201dfa fa-solid fa-motorcycle\u201d add_icon=\u201dtrue\u201d title=\u201dL\u00edmites de Velocidad\u201d tab_id=\u201d1756985156411-3a136d8e-ae6a\u201d][vc_column_text]<strong>Autopista: <\/strong>100-110 km\/h<\/p>\n<p><strong>Carretera: <\/strong>80-90 km\/h<\/p>\n<p><strong>Localidades <\/strong><strong>: <\/strong>50 km\/h[\/vc_column_text][\/vc_tta_section][\/vc_tta_tabs][\/vc_column][\/vc_row][vc_row][vc_column width=\u201d1\/1&#8243;]<div class=\"shout_spacer clearfix\" style=\"height:18px;\"><\/div>[\/vc_column][\/vc_row][vc_row][vc_column width=\u201d1\/1&#8243;][vc_column_text]Guyana est\u00e1 situada en la costa norte de Sudam\u00e9rica y es el \u00fanico pa\u00eds del continente cuya lengua oficial es el ingl\u00e9s. Es conocida por su selva amaz\u00f3nica, el r\u00edo Essequibo y la impresionante catarata de Kaieteur. Tambi\u00e9n tiene una fuerte influencia cultural africana, india e ind\u00edgena.<\/p>\n<h3><b>Clima<\/b><\/h3>\n<p>Ecuatorial y tropical h\u00famedo, con dos estaciones lluviosas (de mayo a agosto y de noviembre a enero).<\/p>\n<h3><b>Idiomas<\/b><\/h3>\n<p>El ingl\u00e9s es oficial. El criollo guyan\u00e9s (criollo ingl\u00e9s) se habla mucho en la vida cotidiana. Las comunidades ind\u00edgenas conservan las lenguas locales.<\/p>\n<h3><strong>Conducci\u00f3n<\/strong><\/h3>\n<p>Se conduce por la <b>izquierda<\/b> (influencia brit\u00e1nica). Las carreteras principales comunican Georgetown con el interior, pero muchas son pistas de tierra. No hay peajes en las autopistas.<\/p>\n<h3><b>Camping<\/b><\/h3>\n<p>Es posible acampar en zonas naturales, pero se recomienda hacerlo s\u00f3lo con gu\u00edas. Hay albergues ecol\u00f3gicos y parques b\u00e1sicos en las reservas naturales.<\/p>\n<h3><b>Zonas Moteras<\/b><\/h3>\n<p>Las rutas por el interior de la Amazonia y las carreteras a la regi\u00f3n de Rupununi son desafiantes y muy buscadas por los motoristas de aventura.<\/p>\n<h3><b>Zonas Especiales<\/b><b><\/b><\/h3>\n<p>Georgetown tiene zonas de mucho tr\u00e1fico y zonas centrales con circulaci\u00f3n limitada.[\/vc_column_text][\/vc_column][\/vc_row][vc_row][vc_column width=\u201d1\/1&#8243;][vc_column_text]<span style=\"font-weight: 400;\">\u00bfTienes algo que corregir o a\u00f1adir? Cont\u00e1ctanos, convi\u00e9rtete en colaborador de Travel4Bikers <\/span>[\/vc_column_text][vc_cta h2=\u201dVisitar una ciudad de Guyana\u201d css=\u201d\u201d]<\/p>\n<h4>Aprovecha al m\u00e1ximo, descubre qu\u00e9 hacer en 24h en<\/h4>\n<h4><a href=\"https:\/\/gyg.me\/J7q1IKEv\" target=\"_blank\" rel=\"noopener\">Georgetown<\/a><\/h4>\n<p>[\/vc_cta][\/vc_column][\/vc_row][vc_row][vc_column width=\u201d1\/1&#8243;][vc_message message_box_style=\u201dclassic\u201d]Este sitio no proporciona informaci\u00f3n sobre la obtenci\u00f3n de visados, vacunas u otras cuestiones que dependan tanto del pa\u00eds de origen como del destino.<br \/>\nDebes verificar con tu pa\u00eds si necesitas visados u otros requisitos para visitar los destinos deseados.[\/vc_message][\/vc_column][\/vc_row][vc_row][vc_column width=\u201d1\/1&#8243;][vc_raw_html css=\u201d\u201d]W3ZjX2NvbHVtbl90ZXh0XQo8cCBzdHlsZT0idGV4dC1hbGlnbjogcmlnaHQ7Ij48c3Ryb25nPjxhIGhyZWY9ImphdmFzY3JpcHQ6aGlzdG9yeS5iYWNrKCkiPlJlZ3Jlc2FyIGEgbGEgcMOhZ2luYSBhbnRlcmlvcjwvYT48L3N0cm9uZz48L3A+ClsvdmNfY29sdW1uX3RleHRd[\/vc_raw_html][\/vc_column][\/vc_row][vc_row][vc_column width=\u201d1\/1&#8243;]<div class=\"shout_spacer clearfix\" style=\"height:18px;\"><\/div>[\/vc_column][\/vc_row][vc_row][vc_column width=\u201d1\/1&#8243;]<div class=\"prk_shortcode-title prk_break_word shout_left_align h1_sized\"><div class=\"body_font zero_color prk_vc_title\"><h1 style=\"font-weight:100;\">Historias relacionadas<\/h1><\/div><div class=\"clearfix\"><\/div><\/div>[\/vc_column][\/vc_row][vc_row][vc_column width=\u201d1\/1&#8243;]<div id=\"prk_shortcode_latest_posts\" class=\"recentposts_ul_wp small-12\"><div class=\"shortcode-title\"><\/div><div class=\"simple_line\"><\/div><h4 id=\"no_posts_title\" class=\"zero_color prk_heavier_600 big header_font\"><\/h4><\/div><div class=\"clearfix bt_1x\"><\/div>[\/vc_column][\/vc_row]<\/p>\n<\/div>","protected":false},"excerpt":{"rendered":"<p>Guyana es un destino aut\u00e9ntico para los motoristas aventureros, con carreteras que atraviesan selvas tropicales, r\u00edos imponentes y pueblos remotos, revelando una Sudam\u00e9rica a\u00fan por explorar.<\/p>\n","protected":false},"author":2,"featured_media":16880,"parent":10188,"menu_order":0,"comment_status":"closed","ping_status":"closed","template":"","meta":{"footnotes":""},"categories":[67,843],"tags":[1009,844,845],"class_list":["post-16881","page","type-page","status-publish","has-post-thumbnail","hentry","category-america-del-sur","category-guyana","tag-amazonia","tag-kaieteur","tag-rupununi"],"acf":[],"_links":{"self":[{"href":"https:\/\/travel4bikers.com\/es\/wp-json\/wp\/v2\/pages\/16881","targetHints":{"allow":["GET"]}}],"collection":[{"href":"https:\/\/travel4bikers.com\/es\/wp-json\/wp\/v2\/pages"}],"about":[{"href":"https:\/\/travel4bikers.com\/es\/wp-json\/wp\/v2\/types\/page"}],"author":[{"embeddable":true,"href":"https:\/\/travel4bikers.com\/es\/wp-json\/wp\/v2\/users\/2"}],"replies":[{"embeddable":true,"href":"https:\/\/travel4bikers.com\/es\/wp-json\/wp\/v2\/comments?post=16881"}],"version-history":[{"count":1,"href":"https:\/\/travel4bikers.com\/es\/wp-json\/wp\/v2\/pages\/16881\/revisions"}],"predecessor-version":[{"id":23232,"href":"https:\/\/travel4bikers.com\/es\/wp-json\/wp\/v2\/pages\/16881\/revisions\/23232"}],"up":[{"embeddable":true,"href":"https:\/\/travel4bikers.com\/es\/wp-json\/wp\/v2\/pages\/10188"}],"wp:featuredmedia":[{"embeddable":true,"href":"https:\/\/travel4bikers.com\/es\/wp-json\/wp\/v2\/media\/16880"}],"wp:attachment":[{"href":"https:\/\/travel4bikers.com\/es\/wp-json\/wp\/v2\/media?parent=16881"}],"wp:term":[{"taxonomy":"category","embeddable":true,"href":"https:\/\/travel4bikers.com\/es\/wp-json\/wp\/v2\/categories?post=16881"},{"taxonomy":"post_tag","embeddable":true,"href":"https:\/\/travel4bikers.com\/es\/wp-json\/wp\/v2\/tags?post=16881"}],"curies":[{"name":"wp","href":"https:\/\/api.w.org\/{rel}","templated":true}]}}