{"id":16910,"date":"2017-07-05T16:19:54","date_gmt":"2017-07-05T15:19:54","guid":{"rendered":"https:\/\/travel4bikers.com\/viajar-a\/paraguai\/"},"modified":"2025-12-10T19:25:52","modified_gmt":"2025-12-10T18:25:52","slug":"paraguai","status":"publish","type":"page","link":"https:\/\/travel4bikers.com\/es\/viajar-a\/paraguai\/","title":{"rendered":"Paraguay"},"content":{"rendered":"<div class=\"wpb-content-wrapper\"><p>[vc_row][vc_column width=\u201d1\/1&#8243;][vc_single_image source=\u201dfeatured_image\u201d img_size=\u201dfull\u201d alignment=\u201dcenter\u201d]<div class=\"shout_spacer clearfix\" style=\"height:20px;\"><\/div>[\/vc_column][\/vc_row][vc_row][vc_column width=\u201d1\/1&#8243;]<div class=\"prk_shortcode-title prk_break_word shout_left_align h1_sized\"><div class=\"body_font zero_color prk_vc_title\"><h1 style=\"font-weight:100;\">Viajar a Paraguay \ud83c\uddf5\ud83c\uddfe<\/h1><\/div><div class=\"clearfix\"><\/div><\/div><div class=\"shout_spacer clearfix\" style=\"height:18px;\"><\/div>[\/vc_column][\/vc_row][vc_row font_color=\u201d#0693E3&#8243;][vc_column width=\u201d1\/1&#8243;][vc_column_text]<\/p>\n<blockquote><p>Paraguay es un destino poco explorado para los motoristas, con carreteras que unen inmensas llanuras, r\u00edos caudalosos y ciudades hist\u00f3ricas, ofreciendo una experiencia aut\u00e9ntica en el coraz\u00f3n de Sudam\u00e9rica.<\/p><\/blockquote>\n<p>[\/vc_column_text][\/vc_column][\/vc_row][vc_row][vc_column width=\u201d1\/1&#8243;][vc_tta_tabs][vc_tta_section i_icon_fontawesome=\u201dfa fa-regular fa-map\u201d add_icon=\u201dtrue\u201d title=\u201dInformaci\u00f3n General\u201d tab_id=\u201d1756984282331-d59962b9-8d9b\u201d][vc_column_text]<strong>Capital: <\/strong>Asunci\u00f3n<\/p>\n<p><strong>Idioma Oficial: <\/strong>Espa\u00f1ol y Guaran\u00ed<\/p>\n<p><strong>N\u00famero de Emergencia: <\/strong>911[\/vc_column_text][\/vc_tta_section][vc_tta_section i_icon_fontawesome=\u201dfa fa-regular fa-money-bill-1&#8243; add_icon=\u201dtrue\u201d title=\u201dFinanzas\u201d tab_id=\u201d1756984282346-461ddde8-312d\u201d][vc_column_text]<strong>Moneda: <\/strong>Guaran\u00ed (PYG)<\/p>\n<p>Se puede pagar con tarjeta, pero es muy limitado; es imprescindible hacerlo en efectivo.[\/vc_column_text][\/vc_tta_section][vc_tta_section i_icon_fontawesome=\u201dfa fa-solid fa-motorcycle\u201d add_icon=\u201dtrue\u201d title=\u201dL\u00edmites de Velocidad\u201d tab_id=\u201d1756985156411-3a136d8e-ae6a\u201d][vc_column_text]<strong>Autopista: <\/strong>100-110 km\/h<\/p>\n<p><strong>Carretera: <\/strong>80-90 km\/h<\/p>\n<p><strong>Localidades <\/strong><strong>: <\/strong>50 km\/h[\/vc_column_text][\/vc_tta_section][\/vc_tta_tabs][\/vc_column][\/vc_row][vc_row][vc_column width=\u201d1\/1&#8243;]<div class=\"shout_spacer clearfix\" style=\"height:18px;\"><\/div>[\/vc_column][\/vc_row][vc_row][vc_column width=\u201d1\/1&#8243;][vc_column_text]Paraguay es un pa\u00eds interior de Sudam\u00e9rica, situado entre Brasil, Argentina y Bolivia. Conocido como el \u201ccoraz\u00f3n de Sudam\u00e9rica\u201d, tiene una cultura que mezcla tradiciones ind\u00edgenas y coloniales. Es famoso por el r\u00edo Paraguay, las Cataratas del Lunes y la presa de Itaip\u00fa (una de las mayores del mundo).  <\/p>\n<h3><b>Clima<\/b><\/h3>\n<p>Subtropical, con veranos c\u00e1lidos y h\u00famedos e inviernos suaves.<\/p>\n<h3><b>Idiomas<\/b><\/h3>\n<p>El espa\u00f1ol y el guaran\u00ed son lenguas oficiales, esta \u00faltima hablada por la mayor\u00eda de la poblaci\u00f3n. El biling\u00fcismo es habitual en la vida cotidiana. <\/p>\n<h3><b>Conducci\u00f3n<\/b><\/h3>\n<p>Conduce por la derecha. Las carreteras principales est\u00e1n en condiciones razonables, pero muchas secundarias son de tierra. Hay algunos peajes, que se pagan en cabinas manuales.  <\/p>\n<h3><b>Camping<\/b><\/h3>\n<p>La acampada salvaje no es habitual, pero es posible en las zonas rurales. Es m\u00e1s com\u00fan el uso de campings organizados y granjas privadas. <\/p>\n<h3><b>Zonas Moteras<\/b><\/h3>\n<p>Entre las rutas interesantes se encuentran las que bordean el r\u00edo Paraguay, la regi\u00f3n de las Misiones Jesu\u00edticas y las inmediaciones de la presa de Itaip\u00fa.<\/p>\n<h3><b>Zonas Especiales<\/b><b><\/b><\/h3>\n<p>Asunci\u00f3n tiene mucho tr\u00e1fico en el centro y zonas con aparcamiento controlado[\/vc_column_text][\/vc_column][\/vc_row][vc_row][vc_column width=\u201d1\/1&#8243;][vc_column_text]<span style=\"font-weight: 400;\">\u00bfTienes algo que corregir o a\u00f1adir? Cont\u00e1ctanos, convi\u00e9rtete en colaborador de Travel4Bikers <\/span>[\/vc_column_text][vc_cta h2=\u201dVisitar una ciudad de Paraguay\u201d css=\u201d\u201d]<\/p>\n<h4>Aprovecha al m\u00e1ximo, descubre qu\u00e9 hacer en 24h en<\/h4>\n<h4><a href=\"https:\/\/gyg.me\/rRPqnb4v\" target=\"_blank\" rel=\"noopener\">Asunci\u00f3n<\/a> \u2013 <a href=\"https:\/\/gyg.me\/vWPMBSUv\" target=\"_blank\" rel=\"noopener\">Paraguay<\/a><\/h4>\n<p>[\/vc_cta][\/vc_column][\/vc_row][vc_row][vc_column width=\u201d1\/1&#8243;][vc_message message_box_style=\u201dclassic\u201d]Este sitio no proporciona informaci\u00f3n sobre la obtenci\u00f3n de visados, vacunas u otras cuestiones que dependan tanto del pa\u00eds de origen como del destino.<br \/>\nDebes verificar con tu pa\u00eds si necesitas visados u otros requisitos para visitar los destinos deseados.[\/vc_message][\/vc_column][\/vc_row][vc_row][vc_column width=\u201d1\/1&#8243;][vc_raw_html css=\u201d\u201d]W3ZjX2NvbHVtbl90ZXh0XQo8cCBzdHlsZT0idGV4dC1hbGlnbjogcmlnaHQ7Ij48c3Ryb25nPjxhIGhyZWY9ImphdmFzY3JpcHQ6aGlzdG9yeS5iYWNrKCkiPlJlZ3Jlc2FyIGEgbGEgcMOhZ2luYSBhbnRlcmlvcjwvYT48L3N0cm9uZz48L3A+ClsvdmNfY29sdW1uX3RleHRd[\/vc_raw_html][\/vc_column][\/vc_row][vc_row][vc_column width=\u201d1\/1&#8243;]<div class=\"shout_spacer clearfix\" style=\"height:18px;\"><\/div>[\/vc_column][\/vc_row][vc_row][vc_column width=\u201d1\/1&#8243;]<div class=\"prk_shortcode-title prk_break_word shout_left_align h1_sized\"><div class=\"body_font zero_color prk_vc_title\"><h1 style=\"font-weight:100;\">Historias relacionadas<\/h1><\/div><div class=\"clearfix\"><\/div><\/div>[\/vc_column][\/vc_row][vc_row][vc_column width=\u201d1\/1&#8243;]<div id=\"prk_shortcode_latest_posts\" class=\"recentposts_ul_wp small-12\"><div class=\"shortcode-title\"><\/div><div class=\"simple_line\"><\/div><h4 id=\"no_posts_title\" class=\"zero_color prk_heavier_600 big header_font\"><\/h4><\/div><div class=\"clearfix bt_1x\"><\/div>[\/vc_column][\/vc_row]<\/p>\n<\/div>","protected":false},"excerpt":{"rendered":"<p>Paraguay es un destino poco explorado para los motoristas, con carreteras que unen inmensas llanuras, r\u00edos caudalosos y ciudades hist\u00f3ricas, ofreciendo una experiencia aut\u00e9ntica en el coraz\u00f3n de Sudam\u00e9rica.<\/p>\n","protected":false},"author":2,"featured_media":16909,"parent":10188,"menu_order":0,"comment_status":"closed","ping_status":"closed","template":"","meta":{"footnotes":""},"categories":[67,860],"tags":[862,1050,1051],"class_list":["post-16910","page","type-page","status-publish","has-post-thumbnail","hentry","category-america-del-sur","category-paraguay","tag-itaipu","tag-monday-falls","tag-paraguay-river"],"acf":[],"_links":{"self":[{"href":"https:\/\/travel4bikers.com\/es\/wp-json\/wp\/v2\/pages\/16910","targetHints":{"allow":["GET"]}}],"collection":[{"href":"https:\/\/travel4bikers.com\/es\/wp-json\/wp\/v2\/pages"}],"about":[{"href":"https:\/\/travel4bikers.com\/es\/wp-json\/wp\/v2\/types\/page"}],"author":[{"embeddable":true,"href":"https:\/\/travel4bikers.com\/es\/wp-json\/wp\/v2\/users\/2"}],"replies":[{"embeddable":true,"href":"https:\/\/travel4bikers.com\/es\/wp-json\/wp\/v2\/comments?post=16910"}],"version-history":[{"count":5,"href":"https:\/\/travel4bikers.com\/es\/wp-json\/wp\/v2\/pages\/16910\/revisions"}],"predecessor-version":[{"id":22673,"href":"https:\/\/travel4bikers.com\/es\/wp-json\/wp\/v2\/pages\/16910\/revisions\/22673"}],"up":[{"embeddable":true,"href":"https:\/\/travel4bikers.com\/es\/wp-json\/wp\/v2\/pages\/10188"}],"wp:featuredmedia":[{"embeddable":true,"href":"https:\/\/travel4bikers.com\/es\/wp-json\/wp\/v2\/media\/16909"}],"wp:attachment":[{"href":"https:\/\/travel4bikers.com\/es\/wp-json\/wp\/v2\/media?parent=16910"}],"wp:term":[{"taxonomy":"category","embeddable":true,"href":"https:\/\/travel4bikers.com\/es\/wp-json\/wp\/v2\/categories?post=16910"},{"taxonomy":"post_tag","embeddable":true,"href":"https:\/\/travel4bikers.com\/es\/wp-json\/wp\/v2\/tags?post=16910"}],"curies":[{"name":"wp","href":"https:\/\/api.w.org\/{rel}","templated":true}]}}