{"id":16948,"date":"2017-07-05T16:19:54","date_gmt":"2017-07-05T15:19:54","guid":{"rendered":"https:\/\/travel4bikers.com\/viajar-a\/venezuela\/"},"modified":"2025-12-11T18:38:32","modified_gmt":"2025-12-11T17:38:32","slug":"venezuela","status":"publish","type":"page","link":"https:\/\/travel4bikers.com\/es\/viajar-a\/venezuela\/","title":{"rendered":"Venezuela"},"content":{"rendered":"<div class=\"wpb-content-wrapper\"><p>[vc_row][vc_column width=\u201d1\/1&#8243;][vc_single_image source=\u201dfeatured_image\u201d img_size=\u201dfull\u201d alignment=\u201dcenter\u201d]<div class=\"shout_spacer clearfix\" style=\"height:20px;\"><\/div>[\/vc_column][\/vc_row][vc_row][vc_column width=\u201d1\/1&#8243;]<div class=\"prk_shortcode-title prk_break_word shout_left_align h1_sized\"><div class=\"body_font zero_color prk_vc_title\"><h1 style=\"font-weight:100;\">Viajar a Venezuela \ud83c\uddfb\ud83c\uddea<\/h1><\/div><div class=\"clearfix\"><\/div><\/div><div class=\"shout_spacer clearfix\" style=\"height:18px;\"><\/div>[\/vc_column][\/vc_row][vc_row font_color=\u201d#0693E3&#8243;][vc_column width=\u201d1\/1&#8243;][vc_column_text]<\/p>\n<blockquote><p>Venezuela es un pa\u00eds de impresionantes contrastes para los motoristas, con carreteras que atraviesan monta\u00f1as andinas, inmensas llanuras y paisajes tropicales que llegan hasta las cascadas de Salto \u00c1ngel.<\/p><\/blockquote>\n<p>[\/vc_column_text][\/vc_column][\/vc_row][vc_row][vc_column width=\u201d1\/1&#8243;][vc_tta_tabs][vc_tta_section i_icon_fontawesome=\u201dfa fa-regular fa-map\u201d add_icon=\u201dtrue\u201d title=\u201dInformaci\u00f3n General\u201d tab_id=\u201d1756984282331-d59962b9-8d9b\u201d][vc_column_text]<strong>Capital: <\/strong>Caracas<\/p>\n<p><strong>Idioma Oficial: <\/strong>Espa\u00f1ol<\/p>\n<p><strong>N\u00famero de Emergencia: <\/strong>171 \/ 911[\/vc_column_text][\/vc_tta_section][vc_tta_section i_icon_fontawesome=\u201dfa fa-regular fa-money-bill-1&#8243; add_icon=\u201dtrue\u201d title=\u201dFinanzas\u201d tab_id=\u201d1756984282346-461ddde8-312d\u201d][vc_column_text]<strong>Moneda: <\/strong>Bol\u00edvar venezolano (VES) \u2013 el d\u00f3lar estadounidense (USD) se utiliza mucho en la vida cotidiana<\/p>\n<p>Las tarjetas extranjeras rara vez funcionan, incluso en las grandes ciudades, por lo que recomendamos utilizar VES o USD en efectivo.[\/vc_column_text][\/vc_tta_section][vc_tta_section i_icon_fontawesome=\u201dfa fa-solid fa-motorcycle\u201d add_icon=\u201dtrue\u201d title=\u201dL\u00edmites de Velocidad\u201d tab_id=\u201d1756985156411-3a136d8e-ae6a\u201d][vc_column_text]<strong>Autopista: <\/strong>100-120 km\/h<\/p>\n<p><strong>Carretera: <\/strong>80-90 km\/h<\/p>\n<p><strong>Localidades <\/strong><strong>: <\/strong>40-60 km\/h[\/vc_column_text][\/vc_tta_section][\/vc_tta_tabs][\/vc_column][\/vc_row][vc_row][vc_column width=\u201d1\/1&#8243;]<div class=\"shout_spacer clearfix\" style=\"height:18px;\"><\/div>[\/vc_column][\/vc_row][vc_row][vc_column width=\u201d1\/1&#8243;][vc_column_text]Venezuela est\u00e1 situada en el norte de Sudam\u00e9rica, ba\u00f1ada por el mar Caribe. Es conocida por sus vastas reservas de petr\u00f3leo, su belleza natural (Salto \u00c1ngel -la catarata m\u00e1s alta del mundo-, Los Roques, Parque de Canaima) y la cordillera de los Andes que atraviesa el oeste del pa\u00eds. <\/p>\n<h3><b>Clima<\/b><\/h3>\n<p>Predominantemente tropical, con variaciones: h\u00famedo en las llanuras, templado en las monta\u00f1as y \u00e1rido en las zonas costeras del noroeste.<\/p>\n<h3><b>Idiomas<\/b><\/h3>\n<p>El espa\u00f1ol es oficial y predominante. Tambi\u00e9n hay unas 30 lenguas ind\u00edgenas reconocidas que se hablan en las comunidades locales. <\/p>\n<h3><b>Conducci\u00f3n<\/b><\/h3>\n<p>Conduce por la derecha. Hay autopistas alrededor de Caracas y entre las principales ciudades, algunas con peaje. La calidad de las carreteras var\u00eda mucho.  <\/p>\n<h3><b>Camping<\/b><\/h3>\n<p>La acampada salvaje es posible en algunas regiones naturales, pero hay que tener en cuenta la seguridad. Hay campings en zonas tur\u00edsticas como Los Roques y Canaima. <\/p>\n<h3><b>Zonas Moteras<\/b><\/h3>\n<p>Entre las rutas m\u00e1s destacadas est\u00e1n los caminos andinos (M\u00e9rida), los Llanos y las rutas costeras del Caribe.<\/p>\n<h3><b>Zonas Especiales<\/b><b><\/b><\/h3>\n<p>Caracas y otras grandes ciudades tienen zonas de tr\u00e1fico intenso, restricciones de aparcamiento y zonas peatonales en los centros hist\u00f3ricos.[\/vc_column_text][\/vc_column][\/vc_row][vc_row][vc_column width=\u201d1\/1&#8243;][vc_column_text]<span style=\"font-weight: 400;\">\u00bfTienes algo que corregir o a\u00f1adir? Cont\u00e1ctanos, convi\u00e9rtete en colaborador de Travel4Bikers <\/span>[\/vc_column_text][\/vc_column][\/vc_row][vc_row][vc_column width=\u201d1\/1&#8243;][vc_message message_box_style=\u201dclassic\u201d]Este sitio no proporciona informaci\u00f3n sobre la obtenci\u00f3n de visados, vacunas u otras cuestiones que dependan tanto del pa\u00eds de origen como del destino.<br \/>\nDebes verificar con tu pa\u00eds si necesitas visados u otros requisitos para visitar los destinos deseados.[\/vc_message][\/vc_column][\/vc_row][vc_row][vc_column width=\u201d1\/1&#8243;][vc_raw_html css=\u201d\u201d]W3ZjX2NvbHVtbl90ZXh0XQo8cCBzdHlsZT0idGV4dC1hbGlnbjogcmlnaHQ7Ij48c3Ryb25nPjxhIGhyZWY9ImphdmFzY3JpcHQ6aGlzdG9yeS5iYWNrKCkiPlJlZ3Jlc2FyIGEgbGEgcMOhZ2luYSBhbnRlcmlvcjwvYT48L3N0cm9uZz48L3A+ClsvdmNfY29sdW1uX3RleHRd[\/vc_raw_html][\/vc_column][\/vc_row][vc_row][vc_column width=\u201d1\/1&#8243;]<div class=\"shout_spacer clearfix\" style=\"height:18px;\"><\/div>[\/vc_column][\/vc_row][vc_row][vc_column width=\u201d1\/1&#8243;]<div class=\"prk_shortcode-title prk_break_word shout_left_align h1_sized\"><div class=\"body_font zero_color prk_vc_title\"><h1 style=\"font-weight:100;\">Historias relacionadas<\/h1><\/div><div class=\"clearfix\"><\/div><\/div>[\/vc_column][\/vc_row][vc_row][vc_column width=\u201d1\/1&#8243;]<div id=\"prk_shortcode_latest_posts\" class=\"recentposts_ul_wp small-12\"><div class=\"shortcode-title\"><\/div><div class=\"simple_line\"><\/div><h4 id=\"no_posts_title\" class=\"zero_color prk_heavier_600 big header_font\"><\/h4><\/div><div class=\"clearfix bt_1x\"><\/div>[\/vc_column][\/vc_row]<\/p>\n<\/div>","protected":false},"excerpt":{"rendered":"<p>Venezuela es un pa\u00eds de impresionantes contrastes para los motoristas, con carreteras que atraviesan monta\u00f1as andinas, inmensas llanuras y paisajes tropicales que llegan hasta las cascadas de Salto \u00c1ngel.<\/p>\n","protected":false},"author":2,"featured_media":16947,"parent":10188,"menu_order":0,"comment_status":"closed","ping_status":"closed","template":"","meta":{"footnotes":""},"categories":[67,878],"tags":[297,1019,876,877],"class_list":["post-16948","page","type-page","status-publish","has-post-thumbnail","hentry","category-america-del-sur","category-venuzuela","tag-andes","tag-caraibas","tag-los-roques","tag-salto-angel"],"acf":[],"_links":{"self":[{"href":"https:\/\/travel4bikers.com\/es\/wp-json\/wp\/v2\/pages\/16948","targetHints":{"allow":["GET"]}}],"collection":[{"href":"https:\/\/travel4bikers.com\/es\/wp-json\/wp\/v2\/pages"}],"about":[{"href":"https:\/\/travel4bikers.com\/es\/wp-json\/wp\/v2\/types\/page"}],"author":[{"embeddable":true,"href":"https:\/\/travel4bikers.com\/es\/wp-json\/wp\/v2\/users\/2"}],"replies":[{"embeddable":true,"href":"https:\/\/travel4bikers.com\/es\/wp-json\/wp\/v2\/comments?post=16948"}],"version-history":[{"count":5,"href":"https:\/\/travel4bikers.com\/es\/wp-json\/wp\/v2\/pages\/16948\/revisions"}],"predecessor-version":[{"id":22964,"href":"https:\/\/travel4bikers.com\/es\/wp-json\/wp\/v2\/pages\/16948\/revisions\/22964"}],"up":[{"embeddable":true,"href":"https:\/\/travel4bikers.com\/es\/wp-json\/wp\/v2\/pages\/10188"}],"wp:featuredmedia":[{"embeddable":true,"href":"https:\/\/travel4bikers.com\/es\/wp-json\/wp\/v2\/media\/16947"}],"wp:attachment":[{"href":"https:\/\/travel4bikers.com\/es\/wp-json\/wp\/v2\/media?parent=16948"}],"wp:term":[{"taxonomy":"category","embeddable":true,"href":"https:\/\/travel4bikers.com\/es\/wp-json\/wp\/v2\/categories?post=16948"},{"taxonomy":"post_tag","embeddable":true,"href":"https:\/\/travel4bikers.com\/es\/wp-json\/wp\/v2\/tags?post=16948"}],"curies":[{"name":"wp","href":"https:\/\/api.w.org\/{rel}","templated":true}]}}