{"id":17545,"date":"2017-07-05T16:19:54","date_gmt":"2017-07-05T15:19:54","guid":{"rendered":"https:\/\/travel4bikers.com\/viajar-a\/escocia\/"},"modified":"2025-12-15T19:29:40","modified_gmt":"2025-12-15T18:29:40","slug":"escocia","status":"publish","type":"page","link":"https:\/\/travel4bikers.com\/es\/viajar-a\/escocia\/","title":{"rendered":"Escocia"},"content":{"rendered":"<div class=\"wpb-content-wrapper\"><p>[vc_row][vc_column width=\u201d1\/1&#8243;][vc_single_image source=\u201dfeatured_image\u201d img_size=\u201dfull\u201d alignment=\u201dcenter\u201d]<div class=\"shout_spacer clearfix\" style=\"height:20px;\"><\/div>[\/vc_column][\/vc_row][vc_row][vc_column width=\u201d1\/1&#8243;]<div class=\"prk_shortcode-title prk_break_word shout_left_align h1_sized\"><div class=\"body_font zero_color prk_vc_title\"><h1 style=\"font-weight:100;\">Viajar a Escocia \ud83c\udff4\udb40\udc67\udb40\udc62\udb40\udc73\udb40\udc63\udb40\udc74\udb40\udc7f<\/h1><\/div><div class=\"clearfix\"><\/div><\/div><div class=\"shout_spacer clearfix\" style=\"height:18px;\"><\/div>[\/vc_column][\/vc_row][vc_row font_color=\u201d#0693E3&#8243;][vc_column width=\u201d1\/1&#8243;][vc_column_text]<\/p>\n<blockquote><p>Escocia es un destino \u00e9pico para los motoristas, con carreteras que serpentean entre monta\u00f1as, lagos y castillos, revelando paisajes salvajes y una atm\u00f3sfera de pura libertad.<\/p><\/blockquote>\n<p>[\/vc_column_text][\/vc_column][\/vc_row][vc_row][vc_column width=\u201d1\/1&#8243;][vc_tta_tabs][vc_tta_section i_icon_fontawesome=\u201dfa fa-regular fa-map\u201d add_icon=\u201dtrue\u201d title=\u201dInformaci\u00f3n General\u201d tab_id=\u201d1756984282331-d59962b9-8d9b\u201d][vc_column_text]<strong>Capital: <\/strong>Edimburgo<\/p>\n<p><strong>Idioma oficial: <\/strong>Ingl\u00e9s, ga\u00e9lico escoc\u00e9s<\/p>\n<p><strong>N\u00famero de emergencias: <\/strong>999 \/ 112[\/vc_column_text][\/vc_tta_section][vc_tta_section i_icon_fontawesome=\u201dfa fa-regular fa-money-bill-1&#8243; add_icon=\u201dtrue\u201d title=\u201dFinanzas\u201d tab_id=\u201d1756984282346-461ddde8-312d\u201d][vc_column_text]<strong>Moneda: <\/strong>Libra esterlina (GBP)<\/p>\n<p>Se aceptan pagos con tarjeta.[\/vc_column_text][\/vc_tta_section][vc_tta_section i_icon_fontawesome=\u201dfa fa-solid fa-motorcycle\u201d add_icon=\u201dtrue\u201d title=\u201dL\u00edmites de Velocidad\u201d tab_id=\u201d1756985156411-3a136d8e-ae6a\u201d][vc_column_text]<strong>Autopista <\/strong>: 112 km\/h (70 mph)<\/p>\n<p><strong>Carretera: <\/strong>96 km\/h (60 mph)<\/p>\n<p><strong>Localidades: <\/strong>48 km\/h (30 mph)[\/vc_column_text][\/vc_tta_section][\/vc_tta_tabs][\/vc_column][\/vc_row][vc_row][vc_column width=\u201d1\/1&#8243;]<div class=\"shout_spacer clearfix\" style=\"height:18px;\"><\/div>[\/vc_column][\/vc_row][vc_row][vc_column width=\u201d1\/1&#8243;][vc_column_text]Escocia es famosa por sus paisajes monta\u00f1osos, sus lagos, sus castillos medievales y su cultura celta. Edimburgo es conocida por su castillo y sus festivales culturales.<\/p>\n<h3><b>Clima<\/b><\/h3>\n<p>El clima es oce\u00e1nico templado, con inviernos fr\u00edos y ventosos y veranos frescos y h\u00famedos.<\/p>\n<h3><b>Idiomas<\/b><\/h3>\n<p>Predomina el ingl\u00e9s, y en algunas partes de las Tierras Altas y las Islas se habla ga\u00e9lico escoc\u00e9s.<\/p>\n<h3><b>Conducci\u00f3n<\/b><\/h3>\n<p>Conduce por la izquierda. Algunos puentes y t\u00faneles tienen peaje; las autopistas suelen ser gratuitas.<\/p>\n<h3><b>Camping<\/b><\/h3>\n<p>La acampada libre est\u00e1 permitida en las Tierras Altas y en las zonas rurales, respetando la propiedad privada.<\/p>\n<h3><b>Zonas Moteras<\/b><\/h3>\n<p>Las rutas y carreteras costeras de las Tierras Altas son muy populares entre los motoristas.<\/p>\n<h3><b>Zonas Especiales<\/b><\/h3>\n<p>Edimburgo y Glasgow tienen zonas peatonales y aparcamiento controlado.[\/vc_column_text][\/vc_column][\/vc_row][vc_row][vc_column width=\u201d1\/1&#8243;][vc_column_text]<span style=\"font-weight: 400;\">\u00bfTienes algo que corregir o a\u00f1adir? Cont\u00e1ctanos, convi\u00e9rtete en colaborador de Travel4Bikers <\/span>[\/vc_column_text][vc_cta h2=\u201dVisitar una ciudad de Escocia\u201d css=\u201d\u201d]<\/p>\n<h4>Aprovecha al m\u00e1ximo, descubre qu\u00e9 hacer en 24h en<\/h4>\n<h4><a href=\"https:\/\/gyg.me\/Krmzjinb\" target=\"_blank\" rel=\"noopener\">Edimburgo<\/a> \u2013 <a href=\"https:\/\/gyg.me\/ENK6Qmjl\" target=\"_blank\" rel=\"noopener\">Glasgow<\/a> \u2013 <a href=\"https:\/\/gyg.me\/wnuzSbOY\" target=\"_blank\" rel=\"noopener\">Tierras Altas<\/a><\/h4>\n<p>[\/vc_cta][\/vc_column][\/vc_row][vc_row][vc_column width=\u201d1\/1&#8243;][vc_message message_box_style=\u201dclassic\u201d]Este sitio no proporciona informaci\u00f3n sobre la obtenci\u00f3n de visados, vacunas u otras cuestiones que dependan tanto del pa\u00eds de origen como del destino.<br \/>\nDebes verificar con tu pa\u00eds si necesitas visados u otros requisitos para visitar los destinos deseados.[\/vc_message][\/vc_column][\/vc_row][vc_row][vc_column width=\u201d1\/1&#8243;][vc_raw_html css=\u201d\u201d]W3ZjX2NvbHVtbl90ZXh0XQo8cCBzdHlsZT0idGV4dC1hbGlnbjogcmlnaHQ7Ij48c3Ryb25nPjxhIGhyZWY9ImphdmFzY3JpcHQ6aGlzdG9yeS5iYWNrKCkiPlJlZ3Jlc2FyIGEgbGEgcMOhZ2luYSBhbnRlcmlvcjwvYT48L3N0cm9uZz48L3A+ClsvdmNfY29sdW1uX3RleHRd[\/vc_raw_html][\/vc_column][\/vc_row][vc_row][vc_column width=\u201d1\/1&#8243;]<div class=\"shout_spacer clearfix\" style=\"height:18px;\"><\/div>[\/vc_column][\/vc_row][vc_row][vc_column width=\u201d1\/1&#8243;]<div class=\"prk_shortcode-title prk_break_word shout_left_align h1_sized\"><div class=\"body_font zero_color prk_vc_title\"><h1 style=\"font-weight:100;\">Historias relacionadas<\/h1><\/div><div class=\"clearfix\"><\/div><\/div>[\/vc_column][\/vc_row][vc_row][vc_column width=\u201d1\/1&#8243;]<div id=\"prk_shortcode_latest_posts\" class=\"recentposts_ul_wp small-12\"><div class=\"shortcode-title\"><\/div><div class=\"simple_line\"><\/div><h4 id=\"no_posts_title\" class=\"zero_color prk_heavier_600 big header_font\"><\/h4><\/div><div class=\"clearfix bt_1x\"><\/div>[\/vc_column][\/vc_row]<\/p>\n<\/div>","protected":false},"excerpt":{"rendered":"<p>Escocia es un destino \u00e9pico para los motoristas, con carreteras que serpentean entre monta\u00f1as, lagos y castillos, revelando paisajes salvajes y una atm\u00f3sfera de pura libertad.<\/p>\n","protected":false},"author":2,"featured_media":17544,"parent":10188,"menu_order":0,"comment_status":"closed","ping_status":"closed","template":"","meta":{"footnotes":""},"categories":[905,61],"tags":[1048,1018,1017,1047],"class_list":["post-17545","page","type-page","status-publish","has-post-thumbnail","hentry","category-escocia","category-europa","tag-celtic-culture","tag-highlands","tag-lochs","tag-medieval-castles"],"acf":[],"_links":{"self":[{"href":"https:\/\/travel4bikers.com\/es\/wp-json\/wp\/v2\/pages\/17545","targetHints":{"allow":["GET"]}}],"collection":[{"href":"https:\/\/travel4bikers.com\/es\/wp-json\/wp\/v2\/pages"}],"about":[{"href":"https:\/\/travel4bikers.com\/es\/wp-json\/wp\/v2\/types\/page"}],"author":[{"embeddable":true,"href":"https:\/\/travel4bikers.com\/es\/wp-json\/wp\/v2\/users\/2"}],"replies":[{"embeddable":true,"href":"https:\/\/travel4bikers.com\/es\/wp-json\/wp\/v2\/comments?post=17545"}],"version-history":[{"count":2,"href":"https:\/\/travel4bikers.com\/es\/wp-json\/wp\/v2\/pages\/17545\/revisions"}],"predecessor-version":[{"id":23225,"href":"https:\/\/travel4bikers.com\/es\/wp-json\/wp\/v2\/pages\/17545\/revisions\/23225"}],"up":[{"embeddable":true,"href":"https:\/\/travel4bikers.com\/es\/wp-json\/wp\/v2\/pages\/10188"}],"wp:featuredmedia":[{"embeddable":true,"href":"https:\/\/travel4bikers.com\/es\/wp-json\/wp\/v2\/media\/17544"}],"wp:attachment":[{"href":"https:\/\/travel4bikers.com\/es\/wp-json\/wp\/v2\/media?parent=17545"}],"wp:term":[{"taxonomy":"category","embeddable":true,"href":"https:\/\/travel4bikers.com\/es\/wp-json\/wp\/v2\/categories?post=17545"},{"taxonomy":"post_tag","embeddable":true,"href":"https:\/\/travel4bikers.com\/es\/wp-json\/wp\/v2\/tags?post=17545"}],"curies":[{"name":"wp","href":"https:\/\/api.w.org\/{rel}","templated":true}]}}