{"id":17605,"date":"2017-07-05T16:19:54","date_gmt":"2017-07-05T15:19:54","guid":{"rendered":"https:\/\/travel4bikers.com\/viajar-a\/belgica\/"},"modified":"2025-12-15T19:08:03","modified_gmt":"2025-12-15T18:08:03","slug":"belgica","status":"publish","type":"page","link":"https:\/\/travel4bikers.com\/es\/viajar-a\/belgica\/","title":{"rendered":"B\u00e9lgica"},"content":{"rendered":"<div class=\"wpb-content-wrapper\"><p>[vc_row][vc_column width=\u201d1\/1&#8243;][vc_single_image source=\u201dfeatured_image\u201d img_size=\u201dfull\u201d alignment=\u201dcenter\u201d]<div class=\"shout_spacer clearfix\" style=\"height:20px;\"><\/div>[\/vc_column][\/vc_row][vc_row][vc_column width=\u201d1\/1&#8243;]<div class=\"prk_shortcode-title prk_break_word shout_left_align h1_sized\"><div class=\"body_font zero_color prk_vc_title\"><h1 style=\"font-weight:100;\">Viajar a B\u00e9lgica \ud83c\udde7\ud83c\uddea<\/h1><\/div><div class=\"clearfix\"><\/div><\/div><div class=\"shout_spacer clearfix\" style=\"height:18px;\"><\/div>[\/vc_column][\/vc_row][vc_row font_color=\u201d#0693E3&#8243;][vc_column width=\u201d1\/1&#8243;][vc_column_text]<\/p>\n<blockquote><p>B\u00e9lgica es un destino encantador para los motoristas, con carreteras que atraviesan ciudades hist\u00f3ricas, densos bosques y regiones llenas de encanto como las Ardenas y Flandes.<\/p><\/blockquote>\n<p>[\/vc_column_text][\/vc_column][\/vc_row][vc_row][vc_column width=\u201d1\/1&#8243;][vc_tta_tabs][vc_tta_section i_icon_fontawesome=\u201dfa fa-regular fa-map\u201d add_icon=\u201dtrue\u201d title=\u201dInformaci\u00f3n General\u201d tab_id=\u201d1756984282331-d59962b9-8d9b\u201d][vc_column_text]<strong>Capital: <\/strong>Bruselas<\/p>\n<p><strong>Idioma oficial: <\/strong>neerland\u00e9s, franc\u00e9s y alem\u00e1n<\/p>\n<p><strong>N\u00famero de emergencias: <\/strong>112[\/vc_column_text][\/vc_tta_section][vc_tta_section i_icon_fontawesome=\u201dfa fa-regular fa-money-bill-1&#8243; add_icon=\u201dtrue\u201d title=\u201dFinanzas\u201d tab_id=\u201d1756984282346-461ddde8-312d\u201d][vc_column_text]<strong>Moneda: <\/strong>Euro (\u20ac)<\/p>\n<p>Los pagos con tarjeta son ampliamente aceptados[\/vc_column_text][\/vc_tta_section][vc_tta_section i_icon_fontawesome=\u201dfa fa-solid fa-motorcycle\u201d add_icon=\u201dtrue\u201d title=\u201dL\u00edmites de Velocidad\u201d tab_id=\u201d1756985156411-3a136d8e-ae6a\u201d][vc_column_text]<strong>Autopista: <\/strong>120 km\/h<\/p>\n<p><strong>Carretera: <\/strong>90 km\/h<\/p>\n<p><strong>Localidades: <\/strong>50 km\/h[\/vc_column_text][\/vc_tta_section][\/vc_tta_tabs][\/vc_column][\/vc_row][vc_row][vc_column width=\u201d1\/1&#8243;]<div class=\"shout_spacer clearfix\" style=\"height:18px;\"><\/div>[\/vc_column][\/vc_row][vc_row][vc_column width=\u201d1\/1&#8243;][vc_column_text]B\u00e9lgica est\u00e1 situada en el coraz\u00f3n de Europa y es conocida por ser la sede de la Uni\u00f3n Europea y la OTAN. El pa\u00eds destaca por su rica historia medieval, ciudades como Brujas, Gante y Bruselas, y su gastronom\u00eda, famosa por sus cervezas, chocolates y gofres.<\/p>\n<h3><b>Clima<\/b><\/h3>\n<p>B\u00e9lgica tiene un clima mar\u00edtimo templado, con veranos frescos e inviernos suaves. Las lluvias son frecuentes durante todo el a\u00f1o.<\/p>\n<h3><b>Idiomas<\/b><\/h3>\n<p>El pa\u00eds tiene tres lenguas oficiales: neerland\u00e9s (Flandes), franc\u00e9s (Valonia y Bruselas) y alem\u00e1n (peque\u00f1a comunidad del este). El ingl\u00e9s tambi\u00e9n est\u00e1 muy extendido.<\/p>\n<h3><b>Conducci\u00f3n<\/b><\/h3>\n<p>Conduce por la derecha. Las autopistas son gratuitas para los turismos y est\u00e1n bien mantenidas. No hay peajes para turismos, salvo en el t\u00fanel de Liefkenshoek, en Amberes.<\/p>\n<h3><b>Camping<\/b><\/h3>\n<p>La acampada libre est\u00e1 prohibida en B\u00e9lgica, pero hay muchos campings equipados y \u00e1reas para autocaravanas.<\/p>\n<h3><b>Zonas Moteras<\/b><\/h3>\n<p>B\u00e9lgica ofrece interesantes rutas para motoristas, sobre todo en la regi\u00f3n de las Ardenas, con carreteras sinuosas y bellos paisajes. La costa del Mar del Norte tambi\u00e9n es popular para pasear en moto.<\/p>\n<h3><b>Zonas Especiales<\/b><\/h3>\n<p>Bruselas y Amberes tienen zonas de bajas emisiones (LEZ), donde s\u00f3lo pueden circular los veh\u00edculos que cumplan determinados criterios medioambientales. En los centros hist\u00f3ricos de ciudades como Brujas y Gante, el acceso en coche est\u00e1 restringido.[\/vc_column_text][\/vc_column][\/vc_row][vc_row][vc_column width=\u201d1\/1&#8243;][vc_column_text]<span style=\"font-weight: 400;\">\u00bfTienes algo que corregir o a\u00f1adir? Cont\u00e1ctanos, convi\u00e9rtete en colaborador de Travel4Bikers <\/span>[\/vc_column_text][vc_cta h2=\u201dVisitar una ciudad de B\u00e9lgica\u201d css=\u201d\u201d]<\/p>\n<h4>Aprovecha al m\u00e1ximo, descubre qu\u00e9 hacer en 24h en<\/h4>\n<h4><a href=\"https:\/\/gyg.me\/szVLMqgE\" target=\"_blank\" rel=\"noopener\">Bruselas<\/a> \u2013 <a href=\"https:\/\/gyg.me\/tOwAdZhL\" target=\"_blank\" rel=\"noopener\">Brujas<\/a> \u2013 <a href=\"https:\/\/gyg.me\/TXVSD0YP\" target=\"_blank\" rel=\"noopener\">Gante<\/a> \u2013 <a href=\"https:\/\/gyg.me\/DpkItyx3\" target=\"_blank\" rel=\"noopener\">Amberes<\/a><\/h4>\n<p>[\/vc_cta][\/vc_column][\/vc_row][vc_row][vc_column width=\u201d1\/1&#8243;][vc_message message_box_style=\u201dclassic\u201d]Este sitio no proporciona informaci\u00f3n sobre la obtenci\u00f3n de visados, vacunas u otras cuestiones que dependan tanto del pa\u00eds de origen como del destino.<br \/>\nDebes verificar con tu pa\u00eds si necesitas visados u otros requisitos para visitar los destinos deseados.[\/vc_message][\/vc_column][\/vc_row][vc_row][vc_column width=\u201d1\/1&#8243;][vc_raw_html css=\u201d\u201d]W3ZjX2NvbHVtbl90ZXh0XQo8cCBzdHlsZT0idGV4dC1hbGlnbjogcmlnaHQ7Ij48c3Ryb25nPjxhIGhyZWY9ImphdmFzY3JpcHQ6aGlzdG9yeS5iYWNrKCkiPlJlZ3Jlc2FyIGEgbGEgcMOhZ2luYSBhbnRlcmlvcjwvYT48L3N0cm9uZz48L3A+ClsvdmNfY29sdW1uX3RleHRd[\/vc_raw_html][\/vc_column][\/vc_row][vc_row][vc_column width=\u201d1\/1&#8243;]<div class=\"shout_spacer clearfix\" style=\"height:18px;\"><\/div>[\/vc_column][\/vc_row][vc_row][vc_column width=\u201d1\/1&#8243;]<div class=\"prk_shortcode-title prk_break_word shout_left_align h1_sized\"><div class=\"body_font zero_color prk_vc_title\"><h1 style=\"font-weight:100;\">Historias relacionadas<\/h1><\/div><div class=\"clearfix\"><\/div><\/div>[\/vc_column][\/vc_row][vc_row][vc_column width=\u201d1\/1&#8243;]<div id=\"prk_shortcode_latest_posts\" class=\"recentposts_ul_wp small-12\"><div class=\"shortcode-title\"><\/div><div class=\"simple_line\"><\/div><h4 id=\"no_posts_title\" class=\"zero_color prk_heavier_600 big header_font\"><\/h4><\/div><div class=\"clearfix bt_1x\"><\/div>[\/vc_column][\/vc_row]<\/p>\n<\/div>","protected":false},"excerpt":{"rendered":"<p>B\u00e9lgica es un destino encantador para los motoristas, con carreteras que atraviesan ciudades hist\u00f3ricas, densos bosques y regiones llenas de encanto como las Ardenas y Flandes.<\/p>\n","protected":false},"author":2,"featured_media":17604,"parent":10188,"menu_order":0,"comment_status":"closed","ping_status":"closed","template":"","meta":{"footnotes":""},"categories":[959,61],"tags":[1021,1022,956,1023],"class_list":["post-17605","page","type-page","status-publish","has-post-thumbnail","hentry","category-belgica","category-europa","tag-ardennes","tag-flanders","tag-liefkenshoek","tag-wallonia"],"acf":[],"_links":{"self":[{"href":"https:\/\/travel4bikers.com\/es\/wp-json\/wp\/v2\/pages\/17605","targetHints":{"allow":["GET"]}}],"collection":[{"href":"https:\/\/travel4bikers.com\/es\/wp-json\/wp\/v2\/pages"}],"about":[{"href":"https:\/\/travel4bikers.com\/es\/wp-json\/wp\/v2\/types\/page"}],"author":[{"embeddable":true,"href":"https:\/\/travel4bikers.com\/es\/wp-json\/wp\/v2\/users\/2"}],"replies":[{"embeddable":true,"href":"https:\/\/travel4bikers.com\/es\/wp-json\/wp\/v2\/comments?post=17605"}],"version-history":[{"count":1,"href":"https:\/\/travel4bikers.com\/es\/wp-json\/wp\/v2\/pages\/17605\/revisions"}],"predecessor-version":[{"id":23203,"href":"https:\/\/travel4bikers.com\/es\/wp-json\/wp\/v2\/pages\/17605\/revisions\/23203"}],"up":[{"embeddable":true,"href":"https:\/\/travel4bikers.com\/es\/wp-json\/wp\/v2\/pages\/10188"}],"wp:featuredmedia":[{"embeddable":true,"href":"https:\/\/travel4bikers.com\/es\/wp-json\/wp\/v2\/media\/17604"}],"wp:attachment":[{"href":"https:\/\/travel4bikers.com\/es\/wp-json\/wp\/v2\/media?parent=17605"}],"wp:term":[{"taxonomy":"category","embeddable":true,"href":"https:\/\/travel4bikers.com\/es\/wp-json\/wp\/v2\/categories?post=17605"},{"taxonomy":"post_tag","embeddable":true,"href":"https:\/\/travel4bikers.com\/es\/wp-json\/wp\/v2\/tags?post=17605"}],"curies":[{"name":"wp","href":"https:\/\/api.w.org\/{rel}","templated":true}]}}