{"id":17744,"date":"2017-07-05T16:19:54","date_gmt":"2017-07-05T15:19:54","guid":{"rendered":"https:\/\/travel4bikers.com\/viajar-a\/eslovaquia\/"},"modified":"2026-04-16T10:54:05","modified_gmt":"2026-04-16T09:54:05","slug":"eslovaquia","status":"publish","type":"page","link":"https:\/\/travel4bikers.com\/es\/viajar-a\/eslovaquia\/","title":{"rendered":"Eslovaquia"},"content":{"rendered":"<div class=\"wpb-content-wrapper\"><p>[vc_row][vc_column width=\u201d1\/1&#8243;][vc_single_image source=\u201dfeatured_image\u201d img_size=\u201dfull\u201d alignment=\u201dcenter\u201d]<div class=\"shout_spacer clearfix\" style=\"height:20px;\"><\/div>[\/vc_column][\/vc_row][vc_row][vc_column width=\u201d1\/1&#8243;]<div class=\"prk_shortcode-title prk_break_word shout_left_align h1_sized\"><div class=\"body_font zero_color prk_vc_title\"><h1 style=\"font-weight:100;\">Viajar a Eslovaquia \ud83c\uddf8\ud83c\uddf0<\/h1><\/div><div class=\"clearfix\"><\/div><\/div><div class=\"shout_spacer clearfix\" style=\"height:18px;\"><\/div>[\/vc_column][\/vc_row][vc_row font_color=\u201d#0693E3&#8243;][vc_column width=\u201d1\/1&#8243;][vc_column_text]<\/p>\n<blockquote><p>Eslovaquia es un destino encantador para los motoristas, con carreteras que atraviesan monta\u00f1as, bosques y valles, ofreciendo una naturaleza virgen y ciudades llenas de historia en el coraz\u00f3n de Europa.<\/p><\/blockquote>\n<p>[\/vc_column_text][\/vc_column][\/vc_row][vc_row][vc_column width=\u201d1\/1&#8243;][vc_tta_tabs][vc_tta_section i_icon_fontawesome=\u201dfa fa-regular fa-map\u201d add_icon=\u201dtrue\u201d title=\u201dInformaci\u00f3n General\u201d tab_id=\u201d1756984282331-d59962b9-8d9b\u201d][vc_column_text]<strong>Capital: <\/strong>Bratislava<\/p>\n<p><strong>Idioma oficial: <\/strong>eslovaco<\/p>\n<p><strong>N\u00famero de emergencias: <\/strong>112[\/vc_column_text][\/vc_tta_section][vc_tta_section i_icon_fontawesome=\u201dfa fa-regular fa-money-bill-1&#8243; add_icon=\u201dtrue\u201d title=\u201dFinanzas\u201d tab_id=\u201d1756984282346-461ddde8-312d\u201d][vc_column_text]<strong>Moneda: <\/strong>Euro (\u20ac)<\/p>\n<p>Los pagos con tarjeta son ampliamente aceptados[\/vc_column_text][\/vc_tta_section][vc_tta_section i_icon_fontawesome=\u201dfa fa-solid fa-motorcycle\u201d add_icon=\u201dtrue\u201d title=\u201dL\u00edmites de Velocidad\u201d tab_id=\u201d1756985156411-3a136d8e-ae6a\u201d][vc_column_text]<strong>Autopista: <\/strong>130 km\/h<\/p>\n<p><strong>Carretera: <\/strong>90 km\/h<\/p>\n<p><strong>Localidades <\/strong><strong>: <\/strong>50 km\/h[\/vc_column_text][\/vc_tta_section][\/vc_tta_tabs][\/vc_column][\/vc_row][vc_row][vc_column width=\u201d1\/1&#8243;]<div class=\"shout_spacer clearfix\" style=\"height:18px;\"><\/div>[\/vc_column][\/vc_row][vc_row][vc_column width=\u201d1\/1&#8243;][vc_column_text]Eslovaquia es un pa\u00eds centroeuropeo famoso por sus castillos medievales, monta\u00f1as y pueblos tradicionales. La capital, Bratislava, est\u00e1 situada junto al r\u00edo Danubio, en la frontera con Austria y Hungr\u00eda. El pa\u00eds tambi\u00e9n es conocido por sus paisajes naturales, como los montes Tatra, un destino popular para practicar senderismo y esqu\u00ed.  <\/p>\n<h3><b>Clima<\/b><\/h3>\n<p>El clima es continental, con veranos calurosos e inviernos fr\u00edos. En las monta\u00f1as, las temperaturas pueden ser rigurosas en invierno, con frecuentes nevadas. <\/p>\n<h3><b>Idiomas<\/b><\/h3>\n<p>La lengua oficial es el eslovaco. Hay minor\u00edas que hablan h\u00fangaro, ucraniano y roman\u00ed en algunas regiones. El ingl\u00e9s se habla sobre todo en las zonas tur\u00edsticas.  <\/p>\n<h3><b>Conducci\u00f3n<\/b><\/h3>\n<p>Conduce por la derecha. Para circular por las autopistas, tienes que comprar una pegatina electr\u00f3nica, que puedes adquirir por Internet, en las \u00e1reas de servicio o en las gasolineras. <\/p>\n<h3><b>Camping<\/b><\/h3>\n<p>La acampada salvaje est\u00e1 prohibida, aunque se tolera en algunas zonas rurales y monta\u00f1osas. El pa\u00eds cuenta con campings regulados. <\/p>\n<h3><b>Zonas Moteras<\/b><\/h3>\n<p>Las carreteras de los Montes Tatra y la regi\u00f3n de Orava son populares entre los motociclistas. Tambi\u00e9n hay hermosas rutas a lo largo del Danubio. <\/p>\n<h3><b>Zonas Especiales<\/b><\/h3>\n<p>Bratislava tiene restricciones de tr\u00e1fico en el centro hist\u00f3rico, que en su mayor parte es peatonal. El aparcamiento en las zonas c\u00e9ntricas es de pago.[\/vc_column_text][\/vc_column][\/vc_row][vc_row][vc_column width=\u201d1\/1&#8243;][vc_column_text]<span style=\"font-weight: 400;\">\u00bfTienes algo que corregir o a\u00f1adir? Cont\u00e1ctanos, convi\u00e9rtete en colaborador de Travel4Bikers <\/span>[\/vc_column_text][vc_cta h2=\u201dVisitar una ciudad de Eslovaquia\u201d css=\u201d\u201d]<\/p>\n<h4>Aprovecha al m\u00e1ximo, descubre qu\u00e9 hacer en 24h en<\/h4>\n<h4><a href=\"https:\/\/gyg.me\/mXjO8ltJ\" target=\"_blank\" rel=\"noopener\">Bratislava<\/a> \u2013 <a href=\"https:\/\/gyg.me\/fmBij7y3\" target=\"_blank\" rel=\"noopener\">Pre\u0161ov<\/a> \u2013 <a href=\"https:\/\/gyg.me\/ZxByRo49\" target=\"_blank\" rel=\"noopener\"><strong data-start=\"1448\" data-end=\"1458\">Poprad<\/strong><\/a><\/h4>\n<p>[\/vc_cta][\/vc_column][\/vc_row][vc_row][vc_column width=\u201d1\/1&#8243;][vc_message message_box_style=\u201dclassic\u201d]Este sitio no proporciona informaci\u00f3n sobre la obtenci\u00f3n de visados, vacunas u otras cuestiones que dependan tanto del pa\u00eds de origen como del destino.<br \/>\nDebes verificar con tu pa\u00eds si necesitas visados u otros requisitos para visitar los destinos deseados.[\/vc_message][\/vc_column][\/vc_row][vc_row][vc_column width=\u201d1\/1&#8243;][\/vc_column][\/vc_row][vc_row][vc_column width=\u201d1\/1&#8243;]<div class=\"shout_spacer clearfix\" style=\"height:18px;\"><\/div>[\/vc_column][\/vc_row][vc_row][vc_column width=\u201d1\/1&#8243;]<div class=\"prk_shortcode-title prk_break_word shout_left_align h1_sized\"><div class=\"body_font zero_color prk_vc_title\"><h1 style=\"font-weight:100;\">Historias relacionadas<\/h1><\/div><div class=\"clearfix\"><\/div><\/div>[\/vc_column][\/vc_row][vc_row][vc_column width=\u201d1\/1&#8243;]<div id=\"prk_shortcode_latest_posts\" class=\"recentposts_ul_wp small-12\"><div class=\"shortcode-title\"><\/div><div class=\"simple_line\"><\/div><h4 id=\"no_posts_title\" class=\"zero_color prk_heavier_600 big header_font\"><\/h4><\/div><div class=\"clearfix bt_1x\"><\/div>[\/vc_column][\/vc_row]<\/p>\n<\/div>","protected":false},"excerpt":{"rendered":"<p>Eslovaquia es un destino encantador para los motoristas, con carreteras que atraviesan monta\u00f1as, bosques y valles, ofreciendo una naturaleza virgen y ciudades llenas de historia en el coraz\u00f3n de Europa.<\/p>\n","protected":false},"author":2,"featured_media":17743,"parent":10188,"menu_order":0,"comment_status":"closed","ping_status":"closed","template":"","meta":{"footnotes":""},"categories":[1060,61],"tags":[1061,889,1062,1063],"class_list":["post-17744","page","type-page","status-publish","has-post-thumbnail","hentry","category-eslovaquia","category-europa","tag-danubio","tag-europa-central","tag-montanas-tatra","tag-reza"],"acf":[],"_links":{"self":[{"href":"https:\/\/travel4bikers.com\/es\/wp-json\/wp\/v2\/pages\/17744","targetHints":{"allow":["GET"]}}],"collection":[{"href":"https:\/\/travel4bikers.com\/es\/wp-json\/wp\/v2\/pages"}],"about":[{"href":"https:\/\/travel4bikers.com\/es\/wp-json\/wp\/v2\/types\/page"}],"author":[{"embeddable":true,"href":"https:\/\/travel4bikers.com\/es\/wp-json\/wp\/v2\/users\/2"}],"replies":[{"embeddable":true,"href":"https:\/\/travel4bikers.com\/es\/wp-json\/wp\/v2\/comments?post=17744"}],"version-history":[{"count":4,"href":"https:\/\/travel4bikers.com\/es\/wp-json\/wp\/v2\/pages\/17744\/revisions"}],"predecessor-version":[{"id":23466,"href":"https:\/\/travel4bikers.com\/es\/wp-json\/wp\/v2\/pages\/17744\/revisions\/23466"}],"up":[{"embeddable":true,"href":"https:\/\/travel4bikers.com\/es\/wp-json\/wp\/v2\/pages\/10188"}],"wp:featuredmedia":[{"embeddable":true,"href":"https:\/\/travel4bikers.com\/es\/wp-json\/wp\/v2\/media\/17743"}],"wp:attachment":[{"href":"https:\/\/travel4bikers.com\/es\/wp-json\/wp\/v2\/media?parent=17744"}],"wp:term":[{"taxonomy":"category","embeddable":true,"href":"https:\/\/travel4bikers.com\/es\/wp-json\/wp\/v2\/categories?post=17744"},{"taxonomy":"post_tag","embeddable":true,"href":"https:\/\/travel4bikers.com\/es\/wp-json\/wp\/v2\/tags?post=17744"}],"curies":[{"name":"wp","href":"https:\/\/api.w.org\/{rel}","templated":true}]}}