{"id":17816,"date":"2017-07-05T16:19:54","date_gmt":"2017-07-05T15:19:54","guid":{"rendered":"https:\/\/travel4bikers.com\/viajar-a\/inglaterra\/"},"modified":"2025-12-16T15:49:33","modified_gmt":"2025-12-16T14:49:33","slug":"inglaterra","status":"publish","type":"page","link":"https:\/\/travel4bikers.com\/es\/viajar-a\/inglaterra\/","title":{"rendered":"Inglaterra"},"content":{"rendered":"<div class=\"wpb-content-wrapper\"><p>[vc_row][vc_column width=\u201d1\/1&#8243;][vc_single_image source=\u201dfeatured_image\u201d img_size=\u201dfull\u201d alignment=\u201dcenter\u201d]<div class=\"shout_spacer clearfix\" style=\"height:20px;\"><\/div>[\/vc_column][\/vc_row][vc_row][vc_column width=\u201d1\/1&#8243;]<div class=\"prk_shortcode-title prk_break_word shout_left_align h1_sized\"><div class=\"body_font zero_color prk_vc_title\"><h1 style=\"font-weight:100;\">Viajar a Inglaterra \ud83c\udff4\udb40\udc67\udb40\udc62\udb40\udc65\udb40\udc6e\udb40\udc67\udb40\udc7f<\/h1><\/div><div class=\"clearfix\"><\/div><\/div><div class=\"shout_spacer clearfix\" style=\"height:18px;\"><\/div>[\/vc_column][\/vc_row][vc_row font_color=\u201d#0693E3&#8243;][vc_column width=\u201d1\/1&#8243;][vc_column_text]<\/p>\n<blockquote><p>Inglaterra es un destino cl\u00e1sico para los motoristas, con carreteras que serpentean por verdes colinas, pueblos hist\u00f3ricos y una costa llena de paisajes pintorescos y con car\u00e1cter.<\/p><\/blockquote>\n<p>[\/vc_column_text][\/vc_column][\/vc_row][vc_row][vc_column width=\u201d1\/1&#8243;][vc_tta_tabs][vc_tta_section i_icon_fontawesome=\u201dfa fa-regular fa-map\u201d add_icon=\u201dtrue\u201d title=\u201dInformaci\u00f3n General\u201d tab_id=\u201d1756984282331-d59962b9-8d9b\u201d][vc_column_text]<strong>Capital: <\/strong>Londres<\/p>\n<p><strong>Idioma Oficial: <\/strong>Ingl\u00e9s<\/p>\n<p><strong>N\u00famero de Emergencia: <\/strong>999 \/ 112[\/vc_column_text][\/vc_tta_section][vc_tta_section i_icon_fontawesome=\u201dfa fa-regular fa-money-bill-1&#8243; add_icon=\u201dtrue\u201d title=\u201dFinanzas\u201d tab_id=\u201d1756984282346-461ddde8-312d\u201d][vc_column_text]<strong>Moneda: <\/strong>Libra esterlina (GBP)<\/p>\n<p>Se aceptan pagos con tarjeta.[\/vc_column_text][\/vc_tta_section][vc_tta_section i_icon_fontawesome=\u201dfa fa-solid fa-motorcycle\u201d add_icon=\u201dtrue\u201d title=\u201dL\u00edmites de Velocidad\u201d tab_id=\u201d1756985156411-3a136d8e-ae6a\u201d][vc_column_text]<strong>Autopista <\/strong>: 112 km\/h (70 mph)<\/p>\n<p><strong>Carretera: <\/strong>96 km\/h (60 mph)<\/p>\n<p><strong>Localidades: <\/strong>48 km\/h (30 mph)[\/vc_column_text][\/vc_tta_section][\/vc_tta_tabs][\/vc_column][\/vc_row][vc_row][vc_column width=\u201d1\/1&#8243;]<div class=\"shout_spacer clearfix\" style=\"height:18px;\"><\/div>[\/vc_column][\/vc_row][vc_row][vc_column width=\u201d1\/1&#8243;][vc_column_text]Inglaterra es la naci\u00f3n m\u00e1s grande del Reino Unido, conocida por su historia, cultura, castillos, museos y vibrantes ciudades como Londres, Manchester y Birmingham.<\/p>\n<h3><b>Clima<\/b><\/h3>\n<p>El clima es oce\u00e1nico templado, con inviernos fr\u00edos y veranos frescos y lluviosos.<\/p>\n<h3><b>Idiomas<\/b><\/h3>\n<p>El ingl\u00e9s es la lengua oficial. Las lenguas minoritarias son el polaco, el urdu y el punjabi en las zonas urbanas.<\/p>\n<h3><b>Conducci\u00f3n<\/b><\/h3>\n<p>Conduce por la izquierda. En muchas autopistas no hay peaje, pero en algunos puentes y t\u00faneles hay que pagar.<\/p>\n<h3><b>Camping<\/b><\/h3>\n<p>La acampada salvaje suele estar prohibida en terrenos privados, pero hay muchos campings regulados.<\/p>\n<h3><b>Zonas Moteras<\/b><\/h3>\n<p>Las carreteras costeras, como las de Cornualles, y las rutas rurales de Yorkshire y el Distrito de los Lagos son muy apreciadas.<\/p>\n<h3><b>Zonas Especiales<\/b><\/h3>\n<p><b><\/b> Londres y otras grandes ciudades tienen zonas de congesti\u00f3n, calles peatonales y aparcamiento de pago.[\/vc_column_text][\/vc_column][\/vc_row][vc_row][vc_column width=\u201d1\/1&#8243;][vc_column_text]<span style=\"font-weight: 400;\">\u00bfTienes algo que corregir o a\u00f1adir? Cont\u00e1ctanos, convi\u00e9rtete en colaborador de Travel4Bikers <\/span>[\/vc_column_text][vc_cta h2=\u201dVisitar una ciudad de Inglaterra\u201d css=\u201d\u201d]<\/p>\n<h4>Aprovecha al m\u00e1ximo, descubre qu\u00e9 hacer en 24h en<\/h4>\n<h4><a href=\"https:\/\/gyg.me\/xTezE2Cs\" target=\"_blank\" rel=\"noopener\">Londres<\/a> \u2013 <a href=\"https:\/\/gyg.me\/OlumVKQp\" target=\"_blank\" rel=\"noopener\">Manchester<\/a> \u2013 <a href=\"https:\/\/gyg.me\/fVSxGzMw\" target=\"_blank\" rel=\"noopener\">Birmingham<\/a> \u2013 <a href=\"https:\/\/gyg.me\/1QAv6uIS\" target=\"_blank\" rel=\"noopener\">Yorkshire<\/a> \u2013 <a href=\"https:\/\/gyg.me\/Tkb2RhJj\" target=\"_blank\" rel=\"noopener\">Distrito de los Lagos<\/a><\/h4>\n<p>[\/vc_cta][\/vc_column][\/vc_row][vc_row][vc_column width=\u201d1\/1&#8243;][vc_message message_box_style=\u201dclassic\u201d]Este sitio no proporciona informaci\u00f3n sobre la obtenci\u00f3n de visados, vacunas u otras cuestiones que dependan tanto del pa\u00eds de origen como del destino.<br \/>\nDebes verificar con tu pa\u00eds si necesitas visados u otros requisitos para visitar los destinos deseados.[\/vc_message][\/vc_column][\/vc_row][vc_row][vc_column width=\u201d1\/1&#8243;][vc_raw_html css=\u201d\u201d]W3ZjX2NvbHVtbl90ZXh0XQo8cCBzdHlsZT0idGV4dC1hbGlnbjogcmlnaHQ7Ij48c3Ryb25nPjxhIGhyZWY9ImphdmFzY3JpcHQ6aGlzdG9yeS5iYWNrKCkiPlJlZ3Jlc2FyIGEgbGEgcMOhZ2luYSBhbnRlcmlvcjwvYT48L3N0cm9uZz48L3A+ClsvdmNfY29sdW1uX3RleHRd[\/vc_raw_html][\/vc_column][\/vc_row][vc_row][vc_column width=\u201d1\/1&#8243;]<div class=\"shout_spacer clearfix\" style=\"height:18px;\"><\/div>[\/vc_column][\/vc_row][vc_row][vc_column width=\u201d1\/1&#8243;]<div class=\"prk_shortcode-title prk_break_word shout_left_align h1_sized\"><div class=\"body_font zero_color prk_vc_title\"><h1 style=\"font-weight:100;\">Historias relacionadas<\/h1><\/div><div class=\"clearfix\"><\/div><\/div>[\/vc_column][\/vc_row][vc_row][vc_column width=\u201d1\/1&#8243;]<div id=\"prk_shortcode_latest_posts\" class=\"recentposts_ul_wp small-12\"><div class=\"shortcode-title\"><\/div><div class=\"simple_line\"><\/div><h4 id=\"no_posts_title\" class=\"zero_color prk_heavier_600 big header_font\"><\/h4><\/div><div class=\"clearfix bt_1x\"><\/div>[\/vc_column][\/vc_row]<\/p>\n<\/div>","protected":false},"excerpt":{"rendered":"<p>Inglaterra es un destino cl\u00e1sico para los motoristas, con carreteras que serpentean por verdes colinas, pueblos hist\u00f3ricos y una costa llena de paisajes pintorescos y con car\u00e1cter.<\/p>\n","protected":false},"author":2,"featured_media":17815,"parent":10188,"menu_order":0,"comment_status":"closed","ping_status":"closed","template":"","meta":{"footnotes":""},"categories":[61,1116],"tags":[1119,1120,1117,1118],"class_list":["post-17816","page","type-page","status-publish","has-post-thumbnail","hentry","category-europa","category-inglaterra","tag-cornualles","tag-distrito-de-los-lagos","tag-reino-unido","tag-yorkshire"],"acf":[],"_links":{"self":[{"href":"https:\/\/travel4bikers.com\/es\/wp-json\/wp\/v2\/pages\/17816","targetHints":{"allow":["GET"]}}],"collection":[{"href":"https:\/\/travel4bikers.com\/es\/wp-json\/wp\/v2\/pages"}],"about":[{"href":"https:\/\/travel4bikers.com\/es\/wp-json\/wp\/v2\/types\/page"}],"author":[{"embeddable":true,"href":"https:\/\/travel4bikers.com\/es\/wp-json\/wp\/v2\/users\/2"}],"replies":[{"embeddable":true,"href":"https:\/\/travel4bikers.com\/es\/wp-json\/wp\/v2\/comments?post=17816"}],"version-history":[{"count":5,"href":"https:\/\/travel4bikers.com\/es\/wp-json\/wp\/v2\/pages\/17816\/revisions"}],"predecessor-version":[{"id":23241,"href":"https:\/\/travel4bikers.com\/es\/wp-json\/wp\/v2\/pages\/17816\/revisions\/23241"}],"up":[{"embeddable":true,"href":"https:\/\/travel4bikers.com\/es\/wp-json\/wp\/v2\/pages\/10188"}],"wp:featuredmedia":[{"embeddable":true,"href":"https:\/\/travel4bikers.com\/es\/wp-json\/wp\/v2\/media\/17815"}],"wp:attachment":[{"href":"https:\/\/travel4bikers.com\/es\/wp-json\/wp\/v2\/media?parent=17816"}],"wp:term":[{"taxonomy":"category","embeddable":true,"href":"https:\/\/travel4bikers.com\/es\/wp-json\/wp\/v2\/categories?post=17816"},{"taxonomy":"post_tag","embeddable":true,"href":"https:\/\/travel4bikers.com\/es\/wp-json\/wp\/v2\/tags?post=17816"}],"curies":[{"name":"wp","href":"https:\/\/api.w.org\/{rel}","templated":true}]}}