{"id":18613,"date":"2017-07-05T16:19:54","date_gmt":"2017-07-05T15:19:54","guid":{"rendered":"https:\/\/travel4bikers.com\/viajar-a\/lituania\/"},"modified":"2025-12-10T18:01:00","modified_gmt":"2025-12-10T17:01:00","slug":"lituania","status":"publish","type":"page","link":"https:\/\/travel4bikers.com\/es\/viajar-a\/lituania\/","title":{"rendered":"Lituania"},"content":{"rendered":"<div class=\"wpb-content-wrapper\"><p>[vc_row][vc_column width=\u201d1\/1&#8243;][vc_single_image source=\u201dfeatured_image\u201d img_size=\u201dfull\u201d alignment=\u201dcenter\u201d]<div class=\"shout_spacer clearfix\" style=\"height:20px;\"><\/div>[\/vc_column][\/vc_row][vc_row][vc_column width=\u201d1\/1&#8243;]<div class=\"prk_shortcode-title prk_break_word shout_left_align h1_sized\"><div class=\"body_font zero_color prk_vc_title\"><h1 style=\"font-weight:100;\">Viajar a Lituania \ud83c\uddf1\ud83c\uddf9<\/h1><\/div><div class=\"clearfix\"><\/div><\/div><div class=\"shout_spacer clearfix\" style=\"height:18px;\"><\/div>[\/vc_column][\/vc_row][vc_row font_color=\u201d#0693E3&#8243;][vc_column width=\u201d1\/1&#8243;][vc_column_text]<\/p>\n<blockquote><p>Lituania es un destino sereno para los motoristas, con carreteras que unen bosques, lagos y pueblos hist\u00f3ricos, ofreciendo un viaje tranquilo y aut\u00e9ntico por el coraz\u00f3n del B\u00e1ltico.<\/p><\/blockquote>\n<p>[\/vc_column_text][\/vc_column][\/vc_row][vc_row][vc_column width=\u201d1\/1&#8243;][vc_tta_tabs][vc_tta_section i_icon_fontawesome=\u201dfa fa-regular fa-map\u201d add_icon=\u201dtrue\u201d title=\u201dInformaci\u00f3n General\u201d tab_id=\u201d1756984282331-d59962b9-8d9b\u201d][vc_column_text]<strong>Capital: <\/strong>Vilnius<\/p>\n<p><strong>Idioma oficial: <\/strong>Lituano<\/p>\n<p><strong>N\u00famero de emergencias: <\/strong>112[\/vc_column_text][\/vc_tta_section][vc_tta_section i_icon_fontawesome=\u201dfa fa-regular fa-money-bill-1&#8243; add_icon=\u201dtrue\u201d title=\u201dFinanzas\u201d tab_id=\u201d1756984282346-461ddde8-312d\u201d][vc_column_text]<strong>Moneda: <\/strong>Euro (\u20ac)<\/p>\n<p>Los pagos con tarjeta son ampliamente aceptados[\/vc_column_text][\/vc_tta_section][vc_tta_section i_icon_fontawesome=\u201dfa fa-solid fa-motorcycle\u201d add_icon=\u201dtrue\u201d title=\u201dL\u00edmites de Velocidad\u201d tab_id=\u201d1756985156411-3a136d8e-ae6a\u201d][vc_column_text]<strong>Autopista: <\/strong>130 km\/h (110 km\/h en invierno)<\/p>\n<p><strong>Carretera: <\/strong>90 km\/h<\/p>\n<p><strong>Localidades <\/strong><strong>: <\/strong>50 km\/h[\/vc_column_text][\/vc_tta_section][\/vc_tta_tabs][\/vc_column][\/vc_row][vc_row][vc_column width=\u201d1\/1&#8243;]<div class=\"shout_spacer clearfix\" style=\"height:18px;\"><\/div>[\/vc_column][\/vc_row][vc_row][vc_column width=\u201d1\/1&#8243;][vc_column_text]Lituania es el mayor de los tres pa\u00edses b\u00e1lticos y est\u00e1 situado m\u00e1s al sur. Vilna, la capital, tiene un centro hist\u00f3rico barroco declarado Patrimonio de la Humanidad por la UNESCO. El pa\u00eds se caracteriza por paisajes naturales como dunas de arena, lagos y densos bosques.  <\/p>\n<h3><b>Clima<\/b><\/h3>\n<p>El clima es continental, con veranos calurosos e inviernos fr\u00edos y nevados.<\/p>\n<h3><b>Idiomas<\/b><\/h3>\n<p>La lengua oficial es el lituano. Las minor\u00edas hablan tambi\u00e9n ruso y polaco. El ingl\u00e9s es com\u00fan entre los m\u00e1s j\u00f3venes y en las zonas tur\u00edsticas.  <\/p>\n<h3><b>Conducci\u00f3n<\/b><\/h3>\n<p>Conduce por la derecha. No hay peaje para los turismos, s\u00f3lo para los veh\u00edculos pesados. Los l\u00edmites de velocidad var\u00edan entre verano e invierno.  <\/p>\n<h3><b>Camping<\/b><\/h3>\n<p>La acampada salvaje est\u00e1 permitida en algunas zonas, siempre que sea fuera de las zonas protegidas y en propiedad privada. Hay muchos campings regulados. <\/p>\n<h3><b>Zonas Moteras<\/b><\/h3>\n<p>Entre las rutas m\u00e1s populares est\u00e1n el Espig\u00f3n Curonio y las carreteras que bordean el lago Galv\u0117 y Trakai.<\/p>\n<h3><b>Zonas Especiales<\/b><\/h3>\n<p>El centro hist\u00f3rico de Vilna tiene zonas peatonales y restricciones al tr\u00e1fico de autom\u00f3viles.[\/vc_column_text][\/vc_column][\/vc_row][vc_row][vc_column width=\u201d1\/1&#8243;][vc_column_text]<span style=\"font-weight: 400;\">\u00bfTienes algo que corregir o a\u00f1adir? Cont\u00e1ctanos, convi\u00e9rtete en colaborador de Travel4Bikers <\/span>[\/vc_column_text][vc_cta h2=\u201dVisitar una ciudad de Lituania\u201d css=\u201d\u201d]<\/p>\n<h4>Aprovecha al m\u00e1ximo, descubre qu\u00e9 hacer en 24h en<\/h4>\n<h4><a href=\"https:\/\/gyg.me\/umdvVbCX\" target=\"_blank\" rel=\"noopener\">Vilna<\/a> \u2013 <a href=\"https:\/\/gyg.me\/TAVSmqbs\" target=\"_blank\" rel=\"noopener\">Klaip\u0117da<\/a> \u2013 <a href=\"https:\/\/gyg.me\/qYjJBREe\" target=\"_blank\" rel=\"noopener\">Kaunas<\/a><\/h4>\n<p>[\/vc_cta][\/vc_column][\/vc_row][vc_row][vc_column width=\u201d1\/1&#8243;][vc_message message_box_style=\u201dclassic\u201d]Este sitio no proporciona informaci\u00f3n sobre la obtenci\u00f3n de visados, vacunas u otras cuestiones que dependan tanto del pa\u00eds de origen como del destino.<br \/>\nDebes verificar con tu pa\u00eds si necesitas visados u otros requisitos para visitar los destinos deseados.[\/vc_message][\/vc_column][\/vc_row][vc_row][vc_column width=\u201d1\/1&#8243;][vc_raw_html css=\u201d\u201d]W3ZjX2NvbHVtbl90ZXh0XQo8cCBzdHlsZT0idGV4dC1hbGlnbjogcmlnaHQ7Ij48c3Ryb25nPjxhIGhyZWY9ImphdmFzY3JpcHQ6aGlzdG9yeS5iYWNrKCkiPlJlZ3Jlc2FyIGEgbGEgcMOhZ2luYSBhbnRlcmlvcjwvYT48L3N0cm9uZz48L3A+ClsvdmNfY29sdW1uX3RleHRd[\/vc_raw_html][\/vc_column][\/vc_row][vc_row][vc_column width=\u201d1\/1&#8243;]<div class=\"shout_spacer clearfix\" style=\"height:18px;\"><\/div>[\/vc_column][\/vc_row][vc_row][vc_column width=\u201d1\/1&#8243;]<div class=\"prk_shortcode-title prk_break_word shout_left_align h1_sized\"><div class=\"body_font zero_color prk_vc_title\"><h1 style=\"font-weight:100;\">Historias relacionadas<\/h1><\/div><div class=\"clearfix\"><\/div><\/div>[\/vc_column][\/vc_row][vc_row][vc_column width=\u201d1\/1&#8243;]<div id=\"prk_shortcode_latest_posts\" class=\"recentposts_ul_wp small-12\"><div class=\"shortcode-title\"><\/div><div class=\"simple_line\"><\/div><h4 id=\"no_posts_title\" class=\"zero_color prk_heavier_600 big header_font\"><\/h4><\/div><div class=\"clearfix bt_1x\"><\/div>[\/vc_column][\/vc_row]<\/p>\n<\/div>","protected":false},"excerpt":{"rendered":"<p>Lituania es un destino sereno para los motoristas, con carreteras que unen bosques, lagos y pueblos hist\u00f3ricos, ofreciendo un viaje tranquilo y aut\u00e9ntico por el coraz\u00f3n del B\u00e1ltico.<\/p>\n","protected":false},"author":2,"featured_media":18612,"parent":10188,"menu_order":0,"comment_status":"closed","ping_status":"closed","template":"","meta":{"footnotes":""},"categories":[61,1220],"tags":[1222,1223,750,1221],"class_list":["post-18613","page","type-page","status-publish","has-post-thumbnail","hentry","category-europa","category-lituania","tag-curonian-spit","tag-lago-galve","tag-mar-baltico","tag-unesco"],"acf":[],"_links":{"self":[{"href":"https:\/\/travel4bikers.com\/es\/wp-json\/wp\/v2\/pages\/18613","targetHints":{"allow":["GET"]}}],"collection":[{"href":"https:\/\/travel4bikers.com\/es\/wp-json\/wp\/v2\/pages"}],"about":[{"href":"https:\/\/travel4bikers.com\/es\/wp-json\/wp\/v2\/types\/page"}],"author":[{"embeddable":true,"href":"https:\/\/travel4bikers.com\/es\/wp-json\/wp\/v2\/users\/2"}],"replies":[{"embeddable":true,"href":"https:\/\/travel4bikers.com\/es\/wp-json\/wp\/v2\/comments?post=18613"}],"version-history":[{"count":5,"href":"https:\/\/travel4bikers.com\/es\/wp-json\/wp\/v2\/pages\/18613\/revisions"}],"predecessor-version":[{"id":22398,"href":"https:\/\/travel4bikers.com\/es\/wp-json\/wp\/v2\/pages\/18613\/revisions\/22398"}],"up":[{"embeddable":true,"href":"https:\/\/travel4bikers.com\/es\/wp-json\/wp\/v2\/pages\/10188"}],"wp:featuredmedia":[{"embeddable":true,"href":"https:\/\/travel4bikers.com\/es\/wp-json\/wp\/v2\/media\/18612"}],"wp:attachment":[{"href":"https:\/\/travel4bikers.com\/es\/wp-json\/wp\/v2\/media?parent=18613"}],"wp:term":[{"taxonomy":"category","embeddable":true,"href":"https:\/\/travel4bikers.com\/es\/wp-json\/wp\/v2\/categories?post=18613"},{"taxonomy":"post_tag","embeddable":true,"href":"https:\/\/travel4bikers.com\/es\/wp-json\/wp\/v2\/tags?post=18613"}],"curies":[{"name":"wp","href":"https:\/\/api.w.org\/{rel}","templated":true}]}}