{"id":18789,"date":"2017-07-05T16:19:54","date_gmt":"2017-07-05T15:19:54","guid":{"rendered":"https:\/\/travel4bikers.com\/viajar-a\/paises-bajos\/"},"modified":"2025-12-10T19:20:37","modified_gmt":"2025-12-10T18:20:37","slug":"paises-bajos","status":"publish","type":"page","link":"https:\/\/travel4bikers.com\/es\/viajar-a\/paises-bajos\/","title":{"rendered":"Pa\u00edses Bajos"},"content":{"rendered":"<div class=\"wpb-content-wrapper\"><p>[vc_row][vc_column width=\u201d1\/1&#8243;][vc_single_image source=\u201dfeatured_image\u201d img_size=\u201dfull\u201d alignment=\u201dcenter\u201d]<div class=\"shout_spacer clearfix\" style=\"height:20px;\"><\/div>[\/vc_column][\/vc_row][vc_row][vc_column width=\u201d1\/1&#8243;]<div class=\"prk_shortcode-title prk_break_word shout_left_align h1_sized\"><div class=\"body_font zero_color prk_vc_title\"><h1 style=\"font-weight:100;\">Viajar a los Pa\u00edses Bajos \ud83c\uddf3\ud83c\uddf1<\/h1><\/div><div class=\"clearfix\"><\/div><\/div><div class=\"shout_spacer clearfix\" style=\"height:18px;\"><\/div>[\/vc_column][\/vc_row][vc_row font_color=\u201d#0693E3&#8243;][vc_column width=\u201d1\/1&#8243;][vc_column_text]<\/p>\n<blockquote><p>Holanda es un destino agradable para los motoristas, con carreteras llanas y en buen estado, paisajes de molinos de viento y campos de tulipanes, y ciudades llenas de encanto como \u00c1msterdam y Utrecht.<\/p><\/blockquote>\n<p>[\/vc_column_text][\/vc_column][\/vc_row][vc_row][vc_column width=\u201d1\/1&#8243;][vc_tta_tabs][vc_tta_section i_icon_fontawesome=\u201dfa fa-regular fa-map\u201d add_icon=\u201dtrue\u201d title=\u201dInformaci\u00f3n General\u201d tab_id=\u201d1756984282331-d59962b9-8d9b\u201d][vc_column_text]<strong>Capital: <\/strong>\u00c1msterdam<\/p>\n<p><strong>Idioma Oficial: <\/strong>Holand\u00e9s<\/p>\n<p><strong>N\u00famero de Emergencia: <\/strong>112[\/vc_column_text][\/vc_tta_section][vc_tta_section i_icon_fontawesome=\u201dfa fa-regular fa-money-bill-1&#8243; add_icon=\u201dtrue\u201d title=\u201dFinanzas\u201d tab_id=\u201d1756984282346-461ddde8-312d\u201d][vc_column_text]<strong>Moneda: <\/strong>Euro (\u20ac)<\/p>\n<p>Los pagos con tarjeta son ampliamente aceptados[\/vc_column_text][\/vc_tta_section][vc_tta_section i_icon_fontawesome=\u201dfa fa-solid fa-motorcycle\u201d add_icon=\u201dtrue\u201d title=\u201dL\u00edmites de Velocidad\u201d tab_id=\u201d1756985156411-3a136d8e-ae6a\u201d][vc_column_text]<strong>Autopista: <\/strong>100 km\/h (120 \u00f3 130 en algunos tramos por la noche)<\/p>\n<p><strong>Carretera: <\/strong>90 km\/h<\/p>\n<p><strong>Localidades <\/strong><strong>: <\/strong>50 km\/h[\/vc_column_text][\/vc_tta_section][\/vc_tta_tabs][\/vc_column][\/vc_row][vc_row][vc_column width=\u201d1\/1&#8243;]<div class=\"shout_spacer clearfix\" style=\"height:18px;\"><\/div>[\/vc_column][\/vc_row][vc_row][vc_column width=\u201d1\/1&#8243;][vc_column_text]Holanda es conocida por su geograf\u00eda llana, sus canales, sus molinos de viento y sus campos de tulipanes. \u00c1msterdam, la capital, es famosa por sus museos, carriles bici y vida nocturna. El pa\u00eds tambi\u00e9n es reconocido por su fuerte tradici\u00f3n de tolerancia e innovaci\u00f3n en \u00e1mbitos como el urbanismo y el transporte.  <\/p>\n<h3><b>Clima<\/b><\/h3>\n<p>El clima es mar\u00edtimo templado, con veranos frescos e inviernos suaves. Las precipitaciones son frecuentes durante todo el a\u00f1o. <\/p>\n<h3><b>Idiomas<\/b><\/h3>\n<p>La lengua oficial es el neerland\u00e9s. En la regi\u00f3n de Frisia, el fris\u00f3n tambi\u00e9n est\u00e1 reconocido como lengua oficial. El ingl\u00e9s se habla mucho en todo el pa\u00eds.  <\/p>\n<h3><b>Conducci\u00f3n<\/b><\/h3>\n<p>Conduce por la derecha. Las autopistas no tienen peaje para los coches, salvo en algunos t\u00faneles espec\u00edficos. El pa\u00eds tiene una excelente red de carreteras y carriles bici.  <\/p>\n<h3><b>Camping<\/b><\/h3>\n<p>La acampada salvaje est\u00e1 prohibida. Hay numerosos campings y \u00e1reas espec\u00edficas para autocaravanas. <\/p>\n<h3><b>Zonas Moteras<\/b><\/h3>\n<p>Las rutas en moto m\u00e1s populares se encuentran a lo largo de la costa del Mar del Norte, los diques y presas, y en la regi\u00f3n de Limburgo, que ofrece carreteras m\u00e1s sinuosas que el resto del pa\u00eds.<\/p>\n<h3><b>Zonas Especiales<\/b><\/h3>\n<p>Grandes ciudades como \u00c1msterdam, Rotterdam y Utrecht tienen zonas de bajas emisiones (milieuzones), con restricciones para los veh\u00edculos m\u00e1s antiguos. Los centros hist\u00f3ricos suelen ser peatonales o con acceso acondicionado.[\/vc_column_text][\/vc_column][\/vc_row][vc_row][vc_column width=\u201d1\/1&#8243;][vc_column_text]<span style=\"font-weight: 400;\">\u00bfTienes algo que corregir o a\u00f1adir? Cont\u00e1ctanos, convi\u00e9rtete en colaborador de Travel4Bikers <\/span>[\/vc_column_text][vc_cta h2=\u201dVisitar una ciudad de Holanda\u201d css=\u201d\u201d]<\/p>\n<h4>Aprovecha al m\u00e1ximo, descubre qu\u00e9 hacer en 24h en<\/h4>\n<h4><a href=\"https:\/\/gyg.me\/PMn6BIOA\" target=\"_blank\" rel=\"noopener\">Amsterdam<\/a> \u2013 <a href=\"https:\/\/gyg.me\/UhH5QOK9\" target=\"_blank\" rel=\"noopener\">Rotterdam<\/a> \u2013 <a href=\"https:\/\/gyg.me\/wkEhyp2a\" target=\"_blank\" rel=\"noopener\">Utrecht<\/a> \u2013 <a href=\"https:\/\/gyg.me\/lE2ZLzU8\" target=\"_blank\" rel=\"noopener\">Limburgo<\/a><\/h4>\n<p>[\/vc_cta][\/vc_column][\/vc_row][vc_row][vc_column width=\u201d1\/1&#8243;][vc_message message_box_style=\u201dclassic\u201d]Este sitio no proporciona informaci\u00f3n sobre la obtenci\u00f3n de visados, vacunas u otras cuestiones que dependan tanto del pa\u00eds de origen como del destino.<br \/>\nDebes verificar con tu pa\u00eds si necesitas visados u otros requisitos para visitar los destinos deseados.[\/vc_message][\/vc_column][\/vc_row][vc_row][vc_column width=\u201d1\/1&#8243;][vc_raw_html css=\u201d\u201d]W3ZjX2NvbHVtbl90ZXh0XQo8cCBzdHlsZT0idGV4dC1hbGlnbjogcmlnaHQ7Ij48c3Ryb25nPjxhIGhyZWY9ImphdmFzY3JpcHQ6aGlzdG9yeS5iYWNrKCkiPlJlZ3Jlc2FyIGEgbGEgcMOhZ2luYSBhbnRlcmlvcjwvYT48L3N0cm9uZz48L3A+ClsvdmNfY29sdW1uX3RleHRd[\/vc_raw_html][\/vc_column][\/vc_row][vc_row][vc_column width=\u201d1\/1&#8243;]<div class=\"shout_spacer clearfix\" style=\"height:18px;\"><\/div>[\/vc_column][\/vc_row][vc_row][vc_column width=\u201d1\/1&#8243;]<div class=\"prk_shortcode-title prk_break_word shout_left_align h1_sized\"><div class=\"body_font zero_color prk_vc_title\"><h1 style=\"font-weight:100;\">Historias relacionadas<\/h1><\/div><div class=\"clearfix\"><\/div><\/div>[\/vc_column][\/vc_row][vc_row][vc_column width=\u201d1\/1&#8243;]<div id=\"prk_shortcode_latest_posts\" class=\"recentposts_ul_wp small-12\"><div class=\"shortcode-title\"><\/div><div class=\"simple_line\"><\/div><h4 id=\"no_posts_title\" class=\"zero_color prk_heavier_600 big header_font\"><\/h4><\/div><div class=\"clearfix bt_1x\"><\/div>[\/vc_column][\/vc_row]<\/p>\n<\/div>","protected":false},"excerpt":{"rendered":"<p>Holanda es un destino agradable para los motoristas, con carreteras llanas y en buen estado, paisajes de molinos de viento y campos de tulipanes, y ciudades llenas de encanto como \u00c1msterdam y Utrecht.<\/p>\n","protected":false},"author":2,"featured_media":18788,"parent":10188,"menu_order":0,"comment_status":"closed","ping_status":"closed","template":"","meta":{"footnotes":""},"categories":[61,1311],"tags":[1313,994,1312],"class_list":["post-18789","page","type-page","status-publish","has-post-thumbnail","hentry","category-europa","category-paises-bajos","tag-limburgo","tag-mar-do-norte","tag-paises-bajos"],"acf":[],"_links":{"self":[{"href":"https:\/\/travel4bikers.com\/es\/wp-json\/wp\/v2\/pages\/18789","targetHints":{"allow":["GET"]}}],"collection":[{"href":"https:\/\/travel4bikers.com\/es\/wp-json\/wp\/v2\/pages"}],"about":[{"href":"https:\/\/travel4bikers.com\/es\/wp-json\/wp\/v2\/types\/page"}],"author":[{"embeddable":true,"href":"https:\/\/travel4bikers.com\/es\/wp-json\/wp\/v2\/users\/2"}],"replies":[{"embeddable":true,"href":"https:\/\/travel4bikers.com\/es\/wp-json\/wp\/v2\/comments?post=18789"}],"version-history":[{"count":5,"href":"https:\/\/travel4bikers.com\/es\/wp-json\/wp\/v2\/pages\/18789\/revisions"}],"predecessor-version":[{"id":22638,"href":"https:\/\/travel4bikers.com\/es\/wp-json\/wp\/v2\/pages\/18789\/revisions\/22638"}],"up":[{"embeddable":true,"href":"https:\/\/travel4bikers.com\/es\/wp-json\/wp\/v2\/pages\/10188"}],"wp:featuredmedia":[{"embeddable":true,"href":"https:\/\/travel4bikers.com\/es\/wp-json\/wp\/v2\/media\/18788"}],"wp:attachment":[{"href":"https:\/\/travel4bikers.com\/es\/wp-json\/wp\/v2\/media?parent=18789"}],"wp:term":[{"taxonomy":"category","embeddable":true,"href":"https:\/\/travel4bikers.com\/es\/wp-json\/wp\/v2\/categories?post=18789"},{"taxonomy":"post_tag","embeddable":true,"href":"https:\/\/travel4bikers.com\/es\/wp-json\/wp\/v2\/tags?post=18789"}],"curies":[{"name":"wp","href":"https:\/\/api.w.org\/{rel}","templated":true}]}}