{"id":18951,"date":"2017-07-05T16:19:54","date_gmt":"2017-07-05T15:19:54","guid":{"rendered":"https:\/\/travel4bikers.com\/viajar-a\/suecia\/"},"modified":"2025-12-16T16:08:30","modified_gmt":"2025-12-16T15:08:30","slug":"suecia","status":"publish","type":"page","link":"https:\/\/travel4bikers.com\/es\/viajar-a\/suecia\/","title":{"rendered":"Suecia"},"content":{"rendered":"<div class=\"wpb-content-wrapper\"><p>[vc_row][vc_column width=\u201d1\/1&#8243;][vc_single_image source=\u201dfeatured_image\u201d img_size=\u201dfull\u201d alignment=\u201dcenter\u201d]<div class=\"shout_spacer clearfix\" style=\"height:20px;\"><\/div>[\/vc_column][\/vc_row][vc_row][vc_column width=\u201d1\/1&#8243;]<div class=\"prk_shortcode-title prk_break_word shout_left_align h1_sized\"><div class=\"body_font zero_color prk_vc_title\"><h1 style=\"font-weight:100;\">Viajar a Suecia \ud83c\uddf8\ud83c\uddea<\/h1><\/div><div class=\"clearfix\"><\/div><\/div><div class=\"shout_spacer clearfix\" style=\"height:18px;\"><\/div>[\/vc_column][\/vc_row][vc_row font_color=\u201d#0693E3&#8243;][vc_column width=\u201d1\/1&#8243;][vc_column_text]<\/p>\n<blockquote><p>Suecia es un destino magn\u00edfico para los motoristas, con carreteras que serpentean entre bosques interminables, lagos cristalinos y una costa escarpada, ofreciendo tranquilidad y contacto con la naturaleza.<\/p><\/blockquote>\n<p>[\/vc_column_text][\/vc_column][\/vc_row][vc_row][vc_column width=\u201d1\/1&#8243;][vc_tta_tabs][vc_tta_section i_icon_fontawesome=\u201dfa fa-regular fa-map\u201d add_icon=\u201dtrue\u201d title=\u201dInformaci\u00f3n General\u201d tab_id=\u201d1756984282331-d59962b9-8d9b\u201d][vc_column_text]<strong>Capital: <span style=\"font-weight: 400;\">Estocolmo<\/span><\/strong><\/p>\n<p><strong>Idioma oficial: <span style=\"font-weight: 400;\">Sueco<\/span><\/strong><\/p>\n<p><strong>N\u00famero de emergencias: <\/strong>112[\/vc_column_text][\/vc_tta_section][vc_tta_section i_icon_fontawesome=\u201dfa fa-regular fa-money-bill-1&#8243; add_icon=\u201dtrue\u201d title=\u201dFinanzas\u201d tab_id=\u201d1756984282346-461ddde8-312d\u201d][vc_column_text]<strong>Moneda: <\/strong>Euro (\u20ac)<\/p>\n<p>Los pagos con tarjeta son ampliamente aceptados[\/vc_column_text][\/vc_tta_section][vc_tta_section i_icon_fontawesome=\u201dfa fa-solid fa-motorcycle\u201d add_icon=\u201dtrue\u201d title=\u201dL\u00edmites de Velocidad\u201d tab_id=\u201d1756985156411-3a136d8e-ae6a\u201d][vc_column_text]<strong>Autopista: <\/strong>120 km\/h<\/p>\n<p><strong>Carretera: <\/strong>90 km\/h<\/p>\n<p><strong>Localidades: <\/strong>50 km\/h[\/vc_column_text][\/vc_tta_section][\/vc_tta_tabs][\/vc_column][\/vc_row][vc_row][vc_column width=\u201d1\/1&#8243;]<div class=\"shout_spacer clearfix\" style=\"height:18px;\"><\/div>[\/vc_column][\/vc_row][vc_row][vc_column width=\u201d1\/1&#8243;][vc_column_text]<span style=\"font-weight: 400;\">Suecia es el pa\u00eds m\u00e1s grande de Escandinavia, conocido por sus lagos, bosques y ciudades modernas con tradici\u00f3n hist\u00f3rica. Estocolmo, construida sobre islas, es una de las capitales m\u00e1s bellas de Europa. <\/span><\/p>\n<h3><b>Clima<\/b><\/h3>\n<p><span style=\"font-weight: 400;\">El clima es variado: templado en el sur, continental en el centro y sub\u00e1rtico en el norte. Los inviernos son largos y fr\u00edos, sobre todo en Laponia. <\/span><\/p>\n<h3><b>Idiomas<\/b><\/h3>\n<p><span style=\"font-weight: 400;\">La lengua oficial es el sueco. El fin\u00e9s est\u00e1 reconocido en algunas regiones, y el ingl\u00e9s est\u00e1 muy extendido. <\/span><\/p>\n<h3><b>Conducci\u00f3n<\/b><\/h3>\n<p><span style=\"font-weight: 400;\">Conduce por la derecha. Algunas ciudades, como Estocolmo y Gotemburgo, tienen peajes urbanos (impuesto de congesti\u00f3n). Las autopistas suelen ser gratuitas. <\/span><\/p>\n<h3><b>Camping<\/b><\/h3>\n<p><span style=\"font-weight: 400;\">La acampada libre est\u00e1 permitida en virtud de la ley sobre el \u201cderecho de acceso a la naturaleza\u201d (Allemansr\u00e4tten), siempre que se respete la propiedad privada y el medio ambiente.<\/span><\/p>\n<h3><b>Zonas Moteras<\/b><\/h3>\n<p><span style=\"font-weight: 400;\">La costa oeste (de Gotemburgo a Malm\u00f6) y las carreteras de la Laponia sueca son muy populares entre los motoristas.<\/span><\/p>\n<h3><b>Zonas Especiales<\/b><\/h3>\n<p><span style=\"font-weight: 400;\">Estocolmo tiene peajes urbanos y zonas centrales restringidas. Otras ciudades m\u00e1s grandes tienen zonas peatonales. <\/span>[\/vc_column_text][\/vc_column][\/vc_row][vc_row][vc_column width=\u201d1\/1&#8243;][vc_column_text]<span style=\"font-weight: 400;\">\u00bfTienes algo que corregir o a\u00f1adir? Cont\u00e1ctanos, convi\u00e9rtete en colaborador de Travel4Bikers <\/span>[\/vc_column_text][vc_cta h2=\u201dVisitar una ciudad de Suecia\u201d css=\u201d\u201d]<\/p>\n<h4>Aprovecha al m\u00e1ximo, descubre qu\u00e9 hacer en 24h en<\/h4>\n<h4><strong><a href=\"https:\/\/gyg.me\/J1HSvWXj\" target=\"_blank\" rel=\"noopener\">Estocolmo<\/a> \u2013 <a href=\"https:\/\/gyg.me\/UaL1vXPc\" target=\"_blank\" rel=\"noopener\">Gotemburgo<\/a> \u2013 <a href=\"https:\/\/gyg.me\/4ifHo1GV\" target=\"_blank\" rel=\"noopener\">Malm\u00f6<\/a> \u2013 <a href=\"https:\/\/gyg.me\/BNZRQidG\" target=\"_blank\" rel=\"noopener\">Kiruna<\/a><\/strong><\/h4>\n<p>[\/vc_cta][\/vc_column][\/vc_row][vc_row][vc_column width=\u201d1\/1&#8243;][vc_message message_box_style=\u201dclassic\u201d]Este sitio no proporciona informaci\u00f3n sobre la obtenci\u00f3n de visados, vacunas u otras cuestiones que dependan tanto del pa\u00eds de origen como del destino.<br \/>\nDebes verificar con tu pa\u00eds si necesitas visados u otros requisitos para visitar los destinos deseados.[\/vc_message][\/vc_column][\/vc_row][vc_row][vc_column width=\u201d1\/1&#8243;][vc_raw_html css=\u201d\u201d]W3ZjX2NvbHVtbl90ZXh0XQo8cCBzdHlsZT0idGV4dC1hbGlnbjogcmlnaHQ7Ij48c3Ryb25nPjxhIGhyZWY9ImphdmFzY3JpcHQ6aGlzdG9yeS5iYWNrKCkiPlJlZ3Jlc2FyIGEgbGEgcMOhZ2luYSBhbnRlcmlvcjwvYT48L3N0cm9uZz48L3A+ClsvdmNfY29sdW1uX3RleHRd[\/vc_raw_html][\/vc_column][\/vc_row][vc_row][vc_column width=\u201d1\/1&#8243;]<div class=\"shout_spacer clearfix\" style=\"height:18px;\"><\/div>[\/vc_column][\/vc_row][vc_row][vc_column width=\u201d1\/1&#8243;]<div class=\"prk_shortcode-title prk_break_word shout_left_align h1_sized\"><div class=\"body_font zero_color prk_vc_title\"><h1 style=\"font-weight:100;\">Historias relacionadas<\/h1><\/div><div class=\"clearfix\"><\/div><\/div>[\/vc_column][\/vc_row][vc_row][vc_column width=\u201d1\/1&#8243;]<div id=\"prk_shortcode_latest_posts\" class=\"recentposts_ul_wp small-12\"><div class=\"shortcode-title\"><\/div><div class=\"simple_line\"><\/div><h4 id=\"no_posts_title\" class=\"zero_color prk_heavier_600 big header_font\"><\/h4><\/div><div class=\"clearfix bt_1x\"><\/div>[\/vc_column][\/vc_row]<\/p>\n<\/div>","protected":false},"excerpt":{"rendered":"<p>Suecia es un destino magn\u00edfico para los motoristas, con carreteras que serpentean entre bosques interminables, lagos cristalinos y una costa escarpada, ofreciendo tranquilidad y contacto con la naturaleza.<\/p>\n","protected":false},"author":2,"featured_media":18950,"parent":10188,"menu_order":0,"comment_status":"closed","ping_status":"closed","template":"","meta":{"footnotes":""},"categories":[61,1391],"tags":[1087],"class_list":["post-18951","page","type-page","status-publish","has-post-thumbnail","hentry","category-europa","category-suecia","tag-laponia"],"acf":[],"_links":{"self":[{"href":"https:\/\/travel4bikers.com\/es\/wp-json\/wp\/v2\/pages\/18951","targetHints":{"allow":["GET"]}}],"collection":[{"href":"https:\/\/travel4bikers.com\/es\/wp-json\/wp\/v2\/pages"}],"about":[{"href":"https:\/\/travel4bikers.com\/es\/wp-json\/wp\/v2\/types\/page"}],"author":[{"embeddable":true,"href":"https:\/\/travel4bikers.com\/es\/wp-json\/wp\/v2\/users\/2"}],"replies":[{"embeddable":true,"href":"https:\/\/travel4bikers.com\/es\/wp-json\/wp\/v2\/comments?post=18951"}],"version-history":[{"count":5,"href":"https:\/\/travel4bikers.com\/es\/wp-json\/wp\/v2\/pages\/18951\/revisions"}],"predecessor-version":[{"id":23249,"href":"https:\/\/travel4bikers.com\/es\/wp-json\/wp\/v2\/pages\/18951\/revisions\/23249"}],"up":[{"embeddable":true,"href":"https:\/\/travel4bikers.com\/es\/wp-json\/wp\/v2\/pages\/10188"}],"wp:featuredmedia":[{"embeddable":true,"href":"https:\/\/travel4bikers.com\/es\/wp-json\/wp\/v2\/media\/18950"}],"wp:attachment":[{"href":"https:\/\/travel4bikers.com\/es\/wp-json\/wp\/v2\/media?parent=18951"}],"wp:term":[{"taxonomy":"category","embeddable":true,"href":"https:\/\/travel4bikers.com\/es\/wp-json\/wp\/v2\/categories?post=18951"},{"taxonomy":"post_tag","embeddable":true,"href":"https:\/\/travel4bikers.com\/es\/wp-json\/wp\/v2\/tags?post=18951"}],"curies":[{"name":"wp","href":"https:\/\/api.w.org\/{rel}","templated":true}]}}