{"id":19178,"date":"2017-07-05T16:19:54","date_gmt":"2017-07-05T15:19:54","guid":{"rendered":"https:\/\/travel4bikers.com\/viajar-a\/namibia\/"},"modified":"2025-12-10T18:59:39","modified_gmt":"2025-12-10T17:59:39","slug":"namibia","status":"publish","type":"page","link":"https:\/\/travel4bikers.com\/es\/viajar-a\/namibia\/","title":{"rendered":"Namibia"},"content":{"rendered":"<div class=\"wpb-content-wrapper\"><p>[vc_row][vc_column width=\u201d1\/1&#8243;][vc_single_image source=\u201dfeatured_image\u201d img_size=\u201dfull\u201d alignment=\u201dcenter\u201d]<div class=\"shout_spacer clearfix\" style=\"height:20px;\"><\/div>[\/vc_column][\/vc_row][vc_row][vc_column width=\u201d1\/1&#8243;]<div class=\"prk_shortcode-title prk_break_word shout_left_align h1_sized\"><div class=\"body_font zero_color prk_vc_title\"><h1 style=\"font-weight:100;\">Viajando a Namibia \ud83c\uddf3\ud83c\udde6<\/h1><\/div><div class=\"clearfix\"><\/div><\/div><div class=\"shout_spacer clearfix\" style=\"height:18px;\"><\/div>[\/vc_column][\/vc_row][vc_row font_color=\u201d#0693E3&#8243;][vc_column width=\u201d1\/1&#8243;][vc_column_text]<\/p>\n<blockquote><p>Namibia es un destino incre\u00edble para los motociclistas, con carreteras que atraviesan desiertos, ca\u00f1ones y la famosa Costa de los Esqueletos, ofreciendo vastos paisajes y una sensaci\u00f3n \u00fanica de libertad.<\/p><\/blockquote>\n<p>[\/vc_column_text][\/vc_column][\/vc_row][vc_row][vc_column width=\u201d1\/1&#8243;][vc_tta_tabs][vc_tta_section i_icon_fontawesome=\u201dfa fa-regular fa-map\u201d add_icon=\u201dtrue\u201d title=\u201dInformaci\u00f3n General\u201d tab_id=\u201d1756984282331-d59962b9-8d9b\u201d][vc_column_text]Capital: Windhoek<br \/>Idioma oficial: Ingl\u00e9s (oficial), con varios idiomas nacionales (afrik\u00e1ans, alem\u00e1n, oshiwambo, herero, nama, etc.)<br \/>N\u00famero de emergencias: 10111 (polic\u00eda) \/ 211111 (ambulancias y bomberos en Windhoek)[\/vc_column_text][\/vc_tta_section][vc_tta_section i_icon_fontawesome=\u201dfa fa-regular fa-money-bill-1&#8243; add_icon=\u201dtrue\u201d title=\u201dFinanzas\u201d tab_id=\u201d1756984282346-461ddde8-312d\u201d][vc_column_text]Moneda: D\u00f3lar namibio (NAD); tambi\u00e9n se acepta rand sudafricano (ZAR).<br \/>Los pagos con tarjeta son comunes en las ciudades; el efectivo sigue siendo \u00fatil en zonas remotas.[\/vc_column_text][\/vc_tta_section][vc_tta_section i_icon_fontawesome=\u201dfa fa-solid fa-motorcycle\u201d add_icon=\u201dtrue\u201d title=\u201dL\u00edmites de Velocidad\u201d tab_id=\u201d1756985156411-3a136d8e-ae6a\u201d][vc_column_text]Autopista: 120 km\/h<br \/>Carretera: 100 km\/h (carreteras principales), 80 km\/h (grava)<br \/>Carreteras locales: 60 km\/h[\/vc_column_text][\/vc_tta_section][\/vc_tta_tabs][\/vc_column][\/vc_row][vc_row][vc_column width=\u201d1\/1&#8243;]<div class=\"shout_spacer clearfix\" style=\"height:18px;\"><\/div>[\/vc_column][\/vc_row][vc_row][vc_column width=\u201d1\/1&#8243;][vc_column_text]<span style=\"font-weight: 400;\">Namibia se encuentra en el suroeste de \u00c1frica y es conocida por el desierto de Namib, las dunas de Sossusvlei, la Costa de los Esqueletos y parques nacionales como el de Etosha. Es uno de los pa\u00edses m\u00e1s seguros y mejor organizados del continente para el turismo de naturaleza y aventura. <\/span><\/p>\n<h3><b>Clima<\/b><\/h3>\n<p><span style=\"font-weight: 400;\">\u00c1rido y semi\u00e1rido. Veranos calurosos y secos, con algunas precipitaciones en el interior; inviernos suaves. La costa es fresca debido a la corriente fr\u00eda de Benguela.  <\/span><\/p>\n<h3><b>Idiomas<\/b><\/h3>\n<p><span style=\"font-weight: 400;\">El ingl\u00e9s es el idioma oficial, pero se hablan ampliamente el afrik\u00e1ans, el alem\u00e1n y varios idiomas locales (oshivambo, nama, herero).<\/span><\/p>\n<h3><b>Conducci\u00f3n<\/b><\/h3>\n<p><span style=\"font-weight: 400;\">Se conduce por la izquierda. Las carreteras principales est\u00e1n en buen estado, pero muchas son de grava. Los peajes son pr\u00e1cticamente inexistentes.  <\/span><\/p>\n<h3><b>Camping<\/b><\/h3>\n<p><span style=\"font-weight: 400;\">Se tolera la acampada libre en zonas remotas, pero se recomiendan los sitios para acampar organizados (muchos de ellos dentro de parques nacionales).<\/span><\/p>\n<h3><b>Zonas Moteras<\/b><\/h3>\n<p><span style=\"font-weight: 400;\">Las carreteras panor\u00e1micas incluyen el desierto de Namib, la regi\u00f3n de Damaraland y la carretera costera de Swakopmund a Walvis Bay.<\/span><\/p>\n<h3><b>Zonas Especiales<\/b><\/h3>\n<p><span style=\"font-weight: 400;\">Windhoek cuenta con zonas de aparcamiento de pago en el centro de la ciudad. El acceso a las \u00e1reas naturales protegidas est\u00e1 restringido. <\/span>[\/vc_column_text][\/vc_column][\/vc_row][vc_row][vc_column width=\u201d1\/1&#8243;][vc_column_text]<span style=\"font-weight: 400;\">\u00bfTienes algo que corregir o a\u00f1adir? Cont\u00e1ctanos, convi\u00e9rtete en colaborador de Travel4Bikers <\/span>[\/vc_column_text][vc_cta h2=\u201dVas a visitar una ciudad en Namibia.\u201d css=\u201d\u201d]<\/p>\n<h4>Aprovecha al m\u00e1ximo, descubre qu\u00e9 hacer en 24h en<\/h4>\n<h4><strong><a href=\"https:\/\/gyg.me\/1CW7Jqtb\" target=\"_blank\" rel=\"noopener\">Windhoek<\/a> \u2013 <a href=\"https:\/\/gyg.me\/57bR2BPB\" target=\"_blank\" rel=\"noopener\">Swakopmund<\/a> \u2013 <a href=\"https:\/\/gyg.me\/gfS9hL4F\" target=\"_blank\" rel=\"noopener\">Walvis Bay <\/a> <\/strong><\/h4>\n<p>[\/vc_cta][\/vc_column][\/vc_row][vc_row][vc_column width=\u201d1\/1&#8243;][vc_message message_box_style=\u201dclassic\u201d]Este sitio no proporciona informaci\u00f3n sobre la obtenci\u00f3n de visados, vacunas u otras cuestiones que dependan tanto del pa\u00eds de origen como del destino.<br \/>\nDebes verificar con tu pa\u00eds si necesitas visados u otros requisitos para visitar los destinos deseados.[\/vc_message][\/vc_column][\/vc_row][vc_row][vc_column width=\u201d1\/1&#8243;][vc_raw_html css=\u201d\u201d]W3ZjX2NvbHVtbl90ZXh0XQo8cCBzdHlsZT0idGV4dC1hbGlnbjogcmlnaHQ7Ij48c3Ryb25nPjxhIGhyZWY9ImphdmFzY3JpcHQ6aGlzdG9yeS5iYWNrKCkiPlJlZ3Jlc2FyIGEgbGEgcMOhZ2luYSBhbnRlcmlvcjwvYT48L3N0cm9uZz48L3A+ClsvdmNfY29sdW1uX3RleHRd[\/vc_raw_html][\/vc_column][\/vc_row][vc_row][vc_column width=\u201d1\/1&#8243;]<div class=\"shout_spacer clearfix\" style=\"height:18px;\"><\/div>[\/vc_column][\/vc_row][vc_row][vc_column width=\u201d1\/1&#8243;]<div class=\"prk_shortcode-title prk_break_word shout_left_align h1_sized\"><div class=\"body_font zero_color prk_vc_title\"><h1 style=\"font-weight:100;\">Historias relacionadas<\/h1><\/div><div class=\"clearfix\"><\/div><\/div>[\/vc_column][\/vc_row][vc_row][vc_column width=\u201d1\/1&#8243;]<div id=\"prk_shortcode_latest_posts\" class=\"recentposts_ul_wp small-12\"><div class=\"shortcode-title\"><\/div><div class=\"simple_line\"><\/div><h4 id=\"no_posts_title\" class=\"zero_color prk_heavier_600 big header_font\"><\/h4><\/div><div class=\"clearfix bt_1x\"><\/div>[\/vc_column][\/vc_row]<\/p>\n<\/div>","protected":false},"excerpt":{"rendered":"<p>Namibia es un destino incre\u00edble para los motociclistas, con carreteras que atraviesan desiertos, ca\u00f1ones y la famosa Costa de los Esqueletos, ofreciendo vastos paisajes y una sensaci\u00f3n \u00fanica de libertad.<\/p>\n","protected":false},"author":2,"featured_media":19177,"parent":10188,"menu_order":0,"comment_status":"closed","ping_status":"closed","template":"","meta":{"footnotes":""},"categories":[55,1511],"tags":[1515,1514,1648,1513],"class_list":["post-19178","page","type-page","status-publish","has-post-thumbnail","hentry","category-africa","category-namibia","tag-costa-de-los-esqueletos","tag-damaraland","tag-namib-desert","tag-swakopmund-walvis-bay"],"acf":[],"_links":{"self":[{"href":"https:\/\/travel4bikers.com\/es\/wp-json\/wp\/v2\/pages\/19178","targetHints":{"allow":["GET"]}}],"collection":[{"href":"https:\/\/travel4bikers.com\/es\/wp-json\/wp\/v2\/pages"}],"about":[{"href":"https:\/\/travel4bikers.com\/es\/wp-json\/wp\/v2\/types\/page"}],"author":[{"embeddable":true,"href":"https:\/\/travel4bikers.com\/es\/wp-json\/wp\/v2\/users\/2"}],"replies":[{"embeddable":true,"href":"https:\/\/travel4bikers.com\/es\/wp-json\/wp\/v2\/comments?post=19178"}],"version-history":[{"count":5,"href":"https:\/\/travel4bikers.com\/es\/wp-json\/wp\/v2\/pages\/19178\/revisions"}],"predecessor-version":[{"id":22600,"href":"https:\/\/travel4bikers.com\/es\/wp-json\/wp\/v2\/pages\/19178\/revisions\/22600"}],"up":[{"embeddable":true,"href":"https:\/\/travel4bikers.com\/es\/wp-json\/wp\/v2\/pages\/10188"}],"wp:featuredmedia":[{"embeddable":true,"href":"https:\/\/travel4bikers.com\/es\/wp-json\/wp\/v2\/media\/19177"}],"wp:attachment":[{"href":"https:\/\/travel4bikers.com\/es\/wp-json\/wp\/v2\/media?parent=19178"}],"wp:term":[{"taxonomy":"category","embeddable":true,"href":"https:\/\/travel4bikers.com\/es\/wp-json\/wp\/v2\/categories?post=19178"},{"taxonomy":"post_tag","embeddable":true,"href":"https:\/\/travel4bikers.com\/es\/wp-json\/wp\/v2\/tags?post=19178"}],"curies":[{"name":"wp","href":"https:\/\/api.w.org\/{rel}","templated":true}]}}