{"id":20162,"date":"2017-07-05T16:19:54","date_gmt":"2017-07-05T15:19:54","guid":{"rendered":"https:\/\/travel4bikers.com\/viajar-a\/tunisia\/"},"modified":"2025-12-16T16:11:55","modified_gmt":"2025-12-16T15:11:55","slug":"tunez","status":"publish","type":"page","link":"https:\/\/travel4bikers.com\/es\/viajar-a\/tunez\/","title":{"rendered":"T\u00fanez"},"content":{"rendered":"<div class=\"wpb-content-wrapper\"><p>[vc_row][vc_column width=\u201d1\/1&#8243;][vc_single_image source=\u201dfeatured_image\u201d img_size=\u201dfull\u201d alignment=\u201dcenter\u201d]<div class=\"shout_spacer clearfix\" style=\"height:20px;\"><\/div>[\/vc_column][\/vc_row][vc_row][vc_column width=\u201d1\/1&#8243;]<div class=\"prk_shortcode-title prk_break_word shout_left_align h1_sized\"><div class=\"body_font zero_color prk_vc_title\"><h1 style=\"font-weight:100;\">Viajar a T\u00fanez \ud83c\uddf9\ud83c\uddf3<\/h1><\/div><div class=\"clearfix\"><\/div><\/div><div class=\"shout_spacer clearfix\" style=\"height:18px;\"><\/div>[\/vc_column][\/vc_row][vc_row font_color=\u201d#0693E3&#8243;][vc_column width=\u201d1\/1&#8243;][vc_column_text]<\/p>\n<blockquote><p>T\u00fanez es un destino cautivador para los motoristas, con carreteras que atraviesan el desierto del Sahara, ruinas romanas y una costa mediterr\u00e1nea llena de luz, color y hospitalidad.<\/p><\/blockquote>\n<p>[\/vc_column_text][\/vc_column][\/vc_row][vc_row][vc_column width=\u201d1\/1&#8243;][vc_tta_tabs][vc_tta_section i_icon_fontawesome=\u201dfa fa-regular fa-map\u201d add_icon=\u201dtrue\u201d title=\u201dInformaci\u00f3n General\u201d tab_id=\u201d1756984282331-d59962b9-8d9b\u201d][vc_column_text]<strong>Capital: <span style=\"font-weight: 400;\">T\u00fanez<\/span><\/strong><\/p>\n<p><strong>Idioma oficial: <span style=\"font-weight: 400;\">\u00c1rabe<\/span><\/strong><\/p>\n<p><strong>N\u00famero de emergencia: <span style=\"font-weight: 400;\">197 (polic\u00eda) \/ 190 (ambulancia) \/ 198 (bomberos)<\/span><\/strong>[\/vc_column_text][\/vc_tta_section][vc_tta_section i_icon_fontawesome=\u201dfa fa-regular fa-money-bill-1&#8243; add_icon=\u201dtrue\u201d title=\u201dFinanzas\u201d tab_id=\u201d1756984282346-461ddde8-312d\u201d][vc_column_text]<strong>Moneda: <span style=\"font-weight: 400;\">Dinar tunecino (TND)<\/span><\/strong><\/p>\n<p>Los pagos con tarjeta son habituales en las grandes ciudades, pero el dinero en efectivo es esencial en los peque\u00f1os comercios y en la vida cotidiana.[\/vc_column_text][\/vc_tta_section][vc_tta_section i_icon_fontawesome=\u201dfa fa-solid fa-motorcycle\u201d add_icon=\u201dtrue\u201d title=\u201dL\u00edmites de Velocidad\u201d tab_id=\u201d1756985156411-3a136d8e-ae6a\u201d][vc_column_text]<strong>Autopista: <\/strong>110-120 km\/h<\/p>\n<p><strong>Carretera: <\/strong>90 km\/h<\/p>\n<p><strong>Localidades <\/strong><strong>: <\/strong>50 km\/h[\/vc_column_text][\/vc_tta_section][\/vc_tta_tabs][\/vc_column][\/vc_row][vc_row][vc_column width=\u201d1\/1&#8243;]<div class=\"shout_spacer clearfix\" style=\"height:18px;\"><\/div>[\/vc_column][\/vc_row][vc_row][vc_column width=\u201d1\/1&#8243;][vc_column_text]<span style=\"font-weight: 400;\">T\u00fanez es el pa\u00eds m\u00e1s peque\u00f1o del Magreb, conocido por sus playas mediterr\u00e1neas, las ruinas romanas de Cartago, el desierto del Sahara y ciudades como T\u00fanez, Susa y Hammamet.<\/span><\/p>\n<h3><b>Clima<\/b><\/h3>\n<p><span style=\"font-weight: 400;\">Mediterr\u00e1neo en la costa, semi\u00e1rido en el interior y des\u00e9rtico en el sur.<\/span><\/p>\n<h3><b>Idiomas<\/b><\/h3>\n<p><span style=\"font-weight: 400;\">El \u00e1rabe tunecino es el m\u00e1s hablado. El franc\u00e9s se utiliza mucho en la vida cotidiana y en los negocios. <\/span><\/p>\n<h3><b>Conducci\u00f3n<\/b><\/h3>\n<p><span style=\"font-weight: 400;\">Conduce por la derecha. Hay autopistas modernas entre las principales ciudades, con peajes que se pagan manualmente. <\/span><\/p>\n<h3><b>Camping<\/b><\/h3>\n<p><b><\/b><span style=\"font-weight: 400;\"> La acampada salvaje es posible en zonas remotas, pero es m\u00e1s com\u00fan en campamentos tur\u00edsticos.<\/span><\/p>\n<h3><b>Zonas Moteras<\/b><\/h3>\n<p><span style=\"font-weight: 400;\">Las rutas costeras en el Mediterr\u00e1neo y las rutas en el S\u00e1hara tunecino son muy populares.<\/span><\/p>\n<h3><b>Zonas Especiales<\/b><\/h3>\n<p><span style=\"font-weight: 400;\">T\u00fanez tiene zonas peatonales en el centro hist\u00f3rico (Medina) y aparcamiento controlado.<\/span>[\/vc_column_text][\/vc_column][\/vc_row][vc_row][vc_column width=\u201d1\/1&#8243;][vc_column_text]<span style=\"font-weight: 400;\">\u00bfTienes algo que corregir o a\u00f1adir? Cont\u00e1ctanos, convi\u00e9rtete en colaborador de Travel4Bikers <\/span>[\/vc_column_text][vc_cta h2=\u201dVisitar una ciudad de T\u00fanez\u201d css=\u201d\u201d]<\/p>\n<h4><strong>Aprov\u00e9chalo, mira qu\u00e9 hacer en 24 horas en <\/strong><\/h4>\n<h4><strong><a href=\"https:\/\/gyg.me\/gnUtBx9a\" target=\"_blank\" rel=\"noopener\">T\u00fanez<\/a> \u2013 <a href=\"https:\/\/gyg.me\/Y6dSdJOv\" target=\"_blank\" rel=\"noopener\">Susa<\/a> \u2013 <a href=\"https:\/\/gyg.me\/Zx2F4wx2\" target=\"_blank\" rel=\"noopener\">Hammamet<\/a><\/strong><\/h4>\n<p>[\/vc_cta][\/vc_column][\/vc_row][vc_row][vc_column width=\u201d1\/1&#8243;][vc_message message_box_style=\u201dclassic\u201d]Este sitio no proporciona informaci\u00f3n sobre la obtenci\u00f3n de visados, vacunas u otras cuestiones que dependan tanto del pa\u00eds de origen como del destino.<br \/>\nDebes verificar con tu pa\u00eds si necesitas visados u otros requisitos para visitar los destinos deseados.[\/vc_message][\/vc_column][\/vc_row][vc_row][vc_column width=\u201d1\/1&#8243;][vc_raw_html css=\u201d\u201d]W3ZjX2NvbHVtbl90ZXh0XQo8cCBzdHlsZT0idGV4dC1hbGlnbjogcmlnaHQ7Ij48c3Ryb25nPjxhIGhyZWY9ImphdmFzY3JpcHQ6aGlzdG9yeS5iYWNrKCkiPlJlZ3Jlc2FyIGEgbGEgcMOhZ2luYSBhbnRlcmlvcjwvYT48L3N0cm9uZz48L3A+ClsvdmNfY29sdW1uX3RleHRd[\/vc_raw_html][\/vc_column][\/vc_row][vc_row][vc_column width=\u201d1\/1&#8243;]<div class=\"shout_spacer clearfix\" style=\"height:18px;\"><\/div>[\/vc_column][\/vc_row][vc_row][vc_column width=\u201d1\/1&#8243;]<div class=\"prk_shortcode-title prk_break_word shout_left_align h1_sized\"><div class=\"body_font zero_color prk_vc_title\"><h1 style=\"font-weight:100;\">Historias relacionadas<\/h1><\/div><div class=\"clearfix\"><\/div><\/div>[\/vc_column][\/vc_row][vc_row][vc_column width=\u201d1\/1&#8243;]<div id=\"prk_shortcode_latest_posts\" class=\"recentposts_ul_wp small-12\"><div class=\"shortcode-title\"><\/div><div class=\"simple_line\"><\/div><h4 id=\"no_posts_title\" class=\"zero_color prk_heavier_600 big header_font\"><\/h4><\/div><div class=\"clearfix bt_1x\"><\/div>[\/vc_column][\/vc_row]<\/p>\n<\/div>","protected":false},"excerpt":{"rendered":"<p>T\u00fanez es un destino cautivador para los motoristas, con carreteras que atraviesan el desierto del Sahara, ruinas romanas y una costa mediterr\u00e1nea llena de luz, color y hospitalidad.<\/p>\n","protected":false},"author":2,"featured_media":20161,"parent":10188,"menu_order":0,"comment_status":"closed","ping_status":"closed","template":"","meta":{"footnotes":""},"categories":[55,1602],"tags":[1676,1681],"class_list":["post-20162","page","type-page","status-publish","has-post-thumbnail","hentry","category-africa","category-tunez","tag-deserto-do-saara","tag-magrebe"],"acf":[],"_links":{"self":[{"href":"https:\/\/travel4bikers.com\/es\/wp-json\/wp\/v2\/pages\/20162","targetHints":{"allow":["GET"]}}],"collection":[{"href":"https:\/\/travel4bikers.com\/es\/wp-json\/wp\/v2\/pages"}],"about":[{"href":"https:\/\/travel4bikers.com\/es\/wp-json\/wp\/v2\/types\/page"}],"author":[{"embeddable":true,"href":"https:\/\/travel4bikers.com\/es\/wp-json\/wp\/v2\/users\/2"}],"replies":[{"embeddable":true,"href":"https:\/\/travel4bikers.com\/es\/wp-json\/wp\/v2\/comments?post=20162"}],"version-history":[{"count":2,"href":"https:\/\/travel4bikers.com\/es\/wp-json\/wp\/v2\/pages\/20162\/revisions"}],"predecessor-version":[{"id":23254,"href":"https:\/\/travel4bikers.com\/es\/wp-json\/wp\/v2\/pages\/20162\/revisions\/23254"}],"up":[{"embeddable":true,"href":"https:\/\/travel4bikers.com\/es\/wp-json\/wp\/v2\/pages\/10188"}],"wp:featuredmedia":[{"embeddable":true,"href":"https:\/\/travel4bikers.com\/es\/wp-json\/wp\/v2\/media\/20161"}],"wp:attachment":[{"href":"https:\/\/travel4bikers.com\/es\/wp-json\/wp\/v2\/media?parent=20162"}],"wp:term":[{"taxonomy":"category","embeddable":true,"href":"https:\/\/travel4bikers.com\/es\/wp-json\/wp\/v2\/categories?post=20162"},{"taxonomy":"post_tag","embeddable":true,"href":"https:\/\/travel4bikers.com\/es\/wp-json\/wp\/v2\/tags?post=20162"}],"curies":[{"name":"wp","href":"https:\/\/api.w.org\/{rel}","templated":true}]}}