{"id":20183,"date":"2017-07-05T16:19:54","date_gmt":"2017-07-05T15:19:54","guid":{"rendered":"https:\/\/travel4bikers.com\/viajar-a\/japon\/"},"modified":"2025-12-10T17:36:59","modified_gmt":"2025-12-10T16:36:59","slug":"japon","status":"publish","type":"page","link":"https:\/\/travel4bikers.com\/es\/viajar-a\/japon\/","title":{"rendered":"Jap\u00f3n"},"content":{"rendered":"<div class=\"wpb-content-wrapper\"><p>[vc_row][vc_column width=\u201d1\/1&#8243;][vc_single_image source=\u201dfeatured_image\u201d img_size=\u201dfull\u201d alignment=\u201dcenter\u201d]<div class=\"shout_spacer clearfix\" style=\"height:20px;\"><\/div>[\/vc_column][\/vc_row][vc_row][vc_column width=\u201d1\/1&#8243;]<div class=\"prk_shortcode-title prk_break_word shout_left_align h1_sized\"><div class=\"body_font zero_color prk_vc_title\"><h1 style=\"font-weight:100;\">Viajar a Jap\u00f3n \ud83c\uddef\ud83c\uddf5<\/h1><\/div><div class=\"clearfix\"><\/div><\/div><div class=\"shout_spacer clearfix\" style=\"height:18px;\"><\/div>[\/vc_column][\/vc_row][vc_row font_color=\u201d#0693E3&#8243;][vc_column width=\u201d1\/1&#8243;][vc_column_text]<\/p>\n<blockquote><p>Jap\u00f3n es un destino fascinante para los motoristas, con carreteras que atraviesan monta\u00f1as, volcanes y costas dram\u00e1ticas, combinando tradici\u00f3n ancestral, modernidad y una impresionante organizaci\u00f3n de las carreteras.<\/p><\/blockquote>\n<p>[\/vc_column_text][\/vc_column][\/vc_row][vc_row][vc_column width=\u201d1\/1&#8243;][vc_tta_tabs][vc_tta_section i_icon_fontawesome=\u201dfa fa-regular fa-map\u201d add_icon=\u201dtrue\u201d title=\u201dInformaci\u00f3n General\u201d tab_id=\u201d1756984282331-d59962b9-8d9b\u201d][vc_column_text]<strong>Capital: <span style=\"font-weight: 400;\">Tokio<\/span><\/strong><\/p>\n<p><strong>Idioma oficial: <span style=\"font-weight: 400;\">Japon\u00e9s<\/span><\/strong><\/p>\n<p><strong>N\u00famero de Emergencia: <span style=\"font-weight: 400;\">110 (polic\u00eda) \/ 119 (ambulancias y bomberos)<\/span><\/strong>[\/vc_column_text][\/vc_tta_section][vc_tta_section i_icon_fontawesome=\u201dfa fa-regular fa-money-bill-1&#8243; add_icon=\u201dtrue\u201d title=\u201dFinanzas\u201d tab_id=\u201d1756984282346-461ddde8-312d\u201d][vc_column_text]<strong>Moneda: <span style=\"font-weight: 400;\">Yen (JPY)<\/span><\/strong><\/p>\n<p>Se aceptan pagos con tarjeta, pero todav\u00eda se utiliza mucho el efectivo.[\/vc_column_text][\/vc_tta_section][vc_tta_section i_icon_fontawesome=\u201dfa fa-solid fa-motorcycle\u201d add_icon=\u201dtrue\u201d title=\u201dL\u00edmites de Velocidad\u201d tab_id=\u201d1756985156411-3a136d8e-ae6a\u201d][vc_column_text]<strong>Autopista: <\/strong>100 km\/h<\/p>\n<p><strong>Carretera: <\/strong>60-80 km\/h<\/p>\n<p><strong>Localidades: <\/strong>40-50 km\/h[\/vc_column_text][\/vc_tta_section][\/vc_tta_tabs][\/vc_column][\/vc_row][vc_row][vc_column width=\u201d1\/1&#8243;]<div class=\"shout_spacer clearfix\" style=\"height:18px;\"><\/div>[\/vc_column][\/vc_row][vc_row][vc_column width=\u201d1\/1&#8243;][vc_column_text]<span style=\"font-weight: 400;\">Jap\u00f3n es famoso por su mezcla de tradici\u00f3n y modernidad: templos budistas, tecnolog\u00eda punta, gastronom\u00eda (sushi, ramen), anime y paisajes emblem\u00e1ticos como el monte Fuji.<\/span><\/p>\n<h3><b>Clima<\/b><\/h3>\n<p><span style=\"font-weight: 400;\">Variedad: subtropical en el sur (Okinawa), templada en las islas centrales y fr\u00eda\/nival en el norte (Hokkaido).<\/span><\/p>\n<h3><b>Idiomas<\/b><\/h3>\n<p><span style=\"font-weight: 400;\">El japon\u00e9s es oficial. La poblaci\u00f3n apenas habla ingl\u00e9s, pero es habitual entre los turistas. <\/span><\/p>\n<h3><b>Conducci\u00f3n<\/b><\/h3>\n<p><span style=\"font-weight: 400;\">Se conduce por la izquierda. Las autopistas est\u00e1n cerradas, se paga con tarjeta, efectivo o sistema electr\u00f3nico (ETC). <\/span><\/p>\n<h3><b>Camping<\/b><\/h3>\n<p><span style=\"font-weight: 400;\">La acampada salvaje es poco frecuente. Hay campings organizados y \u00e1reas para autocaravanas. <\/span><\/p>\n<h3><b>Zonas Moteras<\/b><\/h3>\n<p><span style=\"font-weight: 400;\">Entre las rutas m\u00e1s populares est\u00e1n los Alpes japoneses, Hokkaido y carreteras costeras como Shimanami Kaido.<\/span><\/p>\n<h3><b>Zonas Especiales<\/b><\/h3>\n<p><span style=\"font-weight: 400;\">Grandes ciudades como Tokio y Kioto tienen zonas peatonales y tr\u00e1fico restringido en las zonas hist\u00f3ricas.<\/span>[\/vc_column_text][\/vc_column][\/vc_row][vc_row][vc_column width=\u201d1\/1&#8243;][vc_column_text]<span style=\"font-weight: 400;\">\u00bfTienes algo que corregir o a\u00f1adir? Cont\u00e1ctanos, convi\u00e9rtete en colaborador de Travel4Bikers <\/span>[\/vc_column_text][vc_cta h2=\u201dVisitar una ciudad de Jap\u00f3n\u201d css=\u201d\u201d]<\/p>\n<h4>Aprovecha al m\u00e1ximo, descubre qu\u00e9 hacer en 24h en<\/h4>\n<h4><strong><a href=\"https:\/\/gyg.me\/gijv6Ut9\" target=\"_blank\" rel=\"noopener\">Tokio<\/a> \u2013 <a href=\"https:\/\/gyg.me\/BQGgzGxo\" target=\"_blank\" rel=\"noopener\">Kioto<\/a> \u2013 <a href=\"https:\/\/gyg.me\/BySGElm9\" target=\"_blank\" rel=\"noopener\">Hiroshima<\/a><\/strong><\/h4>\n<p>[\/vc_cta][\/vc_column][\/vc_row][vc_row][vc_column width=\u201d1\/1&#8243;][vc_message message_box_style=\u201dclassic\u201d]Este sitio no proporciona informaci\u00f3n sobre la obtenci\u00f3n de visados, vacunas u otras cuestiones que dependan tanto del pa\u00eds de origen como del destino.<br \/>\nDebes verificar con tu pa\u00eds si necesitas visados u otros requisitos para visitar los destinos deseados.[\/vc_message][\/vc_column][\/vc_row][vc_row][vc_column width=\u201d1\/1&#8243;][vc_raw_html css=\u201d\u201d]W3ZjX2NvbHVtbl90ZXh0XQo8cCBzdHlsZT0idGV4dC1hbGlnbjogcmlnaHQ7Ij48c3Ryb25nPjxhIGhyZWY9ImphdmFzY3JpcHQ6aGlzdG9yeS5iYWNrKCkiPlJlZ3Jlc2FyIGEgbGEgcMOhZ2luYSBhbnRlcmlvcjwvYT48L3N0cm9uZz48L3A+ClsvdmNfY29sdW1uX3RleHRd[\/vc_raw_html][\/vc_column][\/vc_row][vc_row][vc_column width=\u201d1\/1&#8243;]<div class=\"shout_spacer clearfix\" style=\"height:18px;\"><\/div>[\/vc_column][\/vc_row][vc_row][vc_column width=\u201d1\/1&#8243;]<div class=\"prk_shortcode-title prk_break_word shout_left_align h1_sized\"><div class=\"body_font zero_color prk_vc_title\"><h1 style=\"font-weight:100;\">Historias relacionadas<\/h1><\/div><div class=\"clearfix\"><\/div><\/div>[\/vc_column][\/vc_row][vc_row][vc_column width=\u201d1\/1&#8243;]<div id=\"prk_shortcode_latest_posts\" class=\"recentposts_ul_wp small-12\"><div class=\"shortcode-title\"><\/div><div class=\"simple_line\"><\/div><h4 id=\"no_posts_title\" class=\"zero_color prk_heavier_600 big header_font\"><\/h4><\/div><div class=\"clearfix bt_1x\"><\/div>[\/vc_column][\/vc_row]<\/p>\n<\/div>","protected":false},"excerpt":{"rendered":"<p>Jap\u00f3n es un destino fascinante para los motoristas, con carreteras que atraviesan monta\u00f1as, volcanes y costas dram\u00e1ticas, combinando tradici\u00f3n ancestral, modernidad y una impresionante organizaci\u00f3n de las carreteras.<\/p>\n","protected":false},"author":2,"featured_media":20182,"parent":10188,"menu_order":0,"comment_status":"closed","ping_status":"closed","template":"","meta":{"footnotes":""},"categories":[56,1619],"tags":[1621,1622,1620,1623],"class_list":["post-20183","page","type-page","status-publish","has-post-thumbnail","hentry","category-asia","category-japon","tag-alpes-japoneses","tag-hokkaido","tag-monte-fuji","tag-shimanami-kaido"],"acf":[],"_links":{"self":[{"href":"https:\/\/travel4bikers.com\/es\/wp-json\/wp\/v2\/pages\/20183","targetHints":{"allow":["GET"]}}],"collection":[{"href":"https:\/\/travel4bikers.com\/es\/wp-json\/wp\/v2\/pages"}],"about":[{"href":"https:\/\/travel4bikers.com\/es\/wp-json\/wp\/v2\/types\/page"}],"author":[{"embeddable":true,"href":"https:\/\/travel4bikers.com\/es\/wp-json\/wp\/v2\/users\/2"}],"replies":[{"embeddable":true,"href":"https:\/\/travel4bikers.com\/es\/wp-json\/wp\/v2\/comments?post=20183"}],"version-history":[{"count":3,"href":"https:\/\/travel4bikers.com\/es\/wp-json\/wp\/v2\/pages\/20183\/revisions"}],"predecessor-version":[{"id":22301,"href":"https:\/\/travel4bikers.com\/es\/wp-json\/wp\/v2\/pages\/20183\/revisions\/22301"}],"up":[{"embeddable":true,"href":"https:\/\/travel4bikers.com\/es\/wp-json\/wp\/v2\/pages\/10188"}],"wp:featuredmedia":[{"embeddable":true,"href":"https:\/\/travel4bikers.com\/es\/wp-json\/wp\/v2\/media\/20182"}],"wp:attachment":[{"href":"https:\/\/travel4bikers.com\/es\/wp-json\/wp\/v2\/media?parent=20183"}],"wp:term":[{"taxonomy":"category","embeddable":true,"href":"https:\/\/travel4bikers.com\/es\/wp-json\/wp\/v2\/categories?post=20183"},{"taxonomy":"post_tag","embeddable":true,"href":"https:\/\/travel4bikers.com\/es\/wp-json\/wp\/v2\/tags?post=20183"}],"curies":[{"name":"wp","href":"https:\/\/api.w.org\/{rel}","templated":true}]}}