{"id":21002,"date":"2017-07-05T16:19:54","date_gmt":"2017-07-05T15:19:54","guid":{"rendered":"https:\/\/travel4bikers.com\/viajar-a\/turquia\/"},"modified":"2025-12-16T16:11:45","modified_gmt":"2025-12-16T15:11:45","slug":"turquia","status":"publish","type":"page","link":"https:\/\/travel4bikers.com\/es\/viajar-a\/turquia\/","title":{"rendered":"Turqu\u00eda"},"content":{"rendered":"<div class=\"wpb-content-wrapper\"><p>[vc_row][vc_column width=\u201d1\/1&#8243;][vc_single_image source=\u201dfeatured_image\u201d img_size=\u201dfull\u201d alignment=\u201dcenter\u201d]<div class=\"shout_spacer clearfix\" style=\"height:20px;\"><\/div>[\/vc_column][\/vc_row][vc_row][vc_column width=\u201d1\/1&#8243;]<div class=\"prk_shortcode-title prk_break_word shout_left_align h1_sized\"><div class=\"body_font zero_color prk_vc_title\"><h1 style=\"font-weight:100;\">Viajar a Turqu\u00eda \ud83c\uddf9\ud83c\uddf7<\/h1><\/div><div class=\"clearfix\"><\/div><\/div><div class=\"shout_spacer clearfix\" style=\"height:18px;\"><\/div>[\/vc_column][\/vc_row][vc_row font_color=\u201d#0693E3&#8243;][vc_column width=\u201d1\/1&#8243;][vc_column_text]<\/p>\n<blockquote><p>Turqu\u00eda es un destino fascinante para los motoristas, con carreteras que unen Europa con Asia, atravesando monta\u00f1as, valles y una costa mediterr\u00e1nea llena de historia y contrastes culturales.<\/p><\/blockquote>\n<p>[\/vc_column_text][\/vc_column][\/vc_row][vc_row][vc_column width=\u201d1\/1&#8243;][vc_tta_tabs][vc_tta_section i_icon_fontawesome=\u201dfa fa-regular fa-map\u201d add_icon=\u201dtrue\u201d title=\u201dInformaci\u00f3n General\u201d tab_id=\u201d1756984282331-d59962b9-8d9b\u201d][vc_column_text]<strong>Capital: <\/strong>Ankara<\/p>\n<p><strong>Idioma oficial: <\/strong>Turco<\/p>\n<p><strong>N\u00famero de emergencias: <\/strong>112[\/vc_column_text][\/vc_tta_section][vc_tta_section i_icon_fontawesome=\u201dfa fa-regular fa-money-bill-1&#8243; add_icon=\u201dtrue\u201d title=\u201dFinanzas\u201d tab_id=\u201d1756984282346-461ddde8-312d\u201d][vc_column_text]<strong>Moneda: <\/strong>Lira turca (TRY)<\/p>\n<p>Los pagos con tarjeta son ampliamente aceptados.[\/vc_column_text][\/vc_tta_section][vc_tta_section i_icon_fontawesome=\u201dfa fa-solid fa-motorcycle\u201d add_icon=\u201dtrue\u201d title=\u201dL\u00edmites de Velocidad\u201d tab_id=\u201d1756985156411-3a136d8e-ae6a\u201d][vc_column_text]<strong>Autopista: <\/strong>120 km\/h<\/p>\n<p><strong>Carretera: <\/strong>90 km\/h<\/p>\n<p><strong>Localidades: <\/strong>50 km\/h[\/vc_column_text][\/vc_tta_section][\/vc_tta_tabs][\/vc_column][\/vc_row][vc_row][vc_column width=\u201d1\/1&#8243;]<div class=\"shout_spacer clearfix\" style=\"height:18px;\"><\/div>[\/vc_column][\/vc_row][vc_row][vc_column width=\u201d1\/1&#8243;][vc_column_text]Turqu\u00eda es un pa\u00eds transcontinental, situado entre Europa y Asia, famoso por su historia antigua, su rica gastronom\u00eda y sus variados paisajes: desde Estambul, que conecta dos continentes, hasta Capadocia, Pamukkale y la turquesa costa mediterr\u00e1nea.<\/p>\n<h3><b>Clima<\/b><\/h3>\n<p>Muy diversa: mediterr\u00e1nea en las costas sur y oeste, continental en el interior (Anatolia) y templada h\u00fameda en el norte (Mar Negro). Los veranos son calurosos y secos; los inviernos, fr\u00edos en el interior.<\/p>\n<h3><b>Idiomas<\/b><\/h3>\n<p>El turco es oficial. Tambi\u00e9n se hablan lenguas minoritarias como el kurdo, el \u00e1rabe y el zazaki. El ingl\u00e9s es relativamente com\u00fan en las zonas tur\u00edsticas.<\/p>\n<h3><b>Conducci\u00f3n<\/b><\/h3>\n<p>Conduce por la derecha. Las autopistas son modernas y est\u00e1n cerradas \u2013 el pago se realiza a trav\u00e9s del sistema electr\u00f3nico <b>HGS<\/b> (tarjeta o pegatina). La inscripci\u00f3n debe hacerse con antelaci\u00f3n en <a href=\"https:\/\/www.kgm.gov.tr\/Sayfalar\/KGM\/SiteEng\/Root\/ForeignPlates.aspx\" target=\"_blank\" rel=\"noopener\">www.kgm.gov.tr.<\/a><br \/>\nLas carreteras secundarias suelen estar en buen estado.<\/p>\n<h3><b>Camping<\/b><\/h3>\n<p>La acampada libre se tolera ampliamente fuera de las zonas urbanas y tur\u00edsticas. Tambi\u00e9n hay campings y glamping a lo largo de la costa y en parques naturales.<\/p>\n<h3><b>Zonas Moteras<\/b><\/h3>\n<p>Las rutas ic\u00f3nicas incluyen la costa mediterr\u00e1nea (Antalya-Kas-Fethiye), la ruta de Capadocia, el lago Van y el cruce entre Europa y Asia por Estambul.<\/p>\n<h3><b>Zonas Especiales<\/b><\/h3>\n<p>Estambul tiene zonas c\u00e9ntricas con tr\u00e1fico limitado y aparcamiento controlado. En las zonas hist\u00f3ricas, el acceso de veh\u00edculos est\u00e1 limitado.[\/vc_column_text][\/vc_column][\/vc_row][vc_row][vc_column width=\u201d1\/1&#8243;][vc_column_text]<span style=\"font-weight: 400;\">\u00bfTienes algo que corregir o a\u00f1adir? Cont\u00e1ctanos, convi\u00e9rtete en colaborador de Travel4Bikers <\/span>[\/vc_column_text][vc_cta h2=\u201dVisitar una ciudad de Turqu\u00eda\u201d css=\u201d\u201d]<\/p>\n<h4>Aprovecha al m\u00e1ximo, descubre qu\u00e9 hacer en 24h en<\/h4>\n<h4><strong><a href=\"https:\/\/gyg.me\/NCZBsO0a\" target=\"_blank\" rel=\"noopener\">Ankara<\/a> \u2013 <a href=\"https:\/\/gyg.me\/SYBSVmee\" target=\"_blank\" rel=\"noopener\">Estambul<\/a> \u2013 <a href=\"https:\/\/gyg.me\/Mt4KFpmy\" target=\"_blank\" rel=\"noopener\">Antalya<\/a> \u2013 <a href=\"https:\/\/gyg.me\/xAUncOhW\" target=\"_blank\" rel=\"noopener\">Capadocia<\/a><\/strong><\/h4>\n<p>[\/vc_cta][\/vc_column][\/vc_row][vc_row][vc_column width=\u201d1\/1&#8243;][vc_message message_box_style=\u201dclassic\u201d]Este sitio no proporciona informaci\u00f3n sobre la obtenci\u00f3n de visados, vacunas u otras cuestiones que dependan tanto del pa\u00eds de origen como del destino.<br \/>\nDebes verificar con tu pa\u00eds si necesitas visados u otros requisitos para visitar los destinos deseados.[\/vc_message][\/vc_column][\/vc_row][vc_row][vc_column width=\u201d1\/1&#8243;][vc_raw_html css=\u201d\u201d]W3ZjX2NvbHVtbl90ZXh0XQo8cCBzdHlsZT0idGV4dC1hbGlnbjogcmlnaHQ7Ij48c3Ryb25nPjxhIGhyZWY9ImphdmFzY3JpcHQ6aGlzdG9yeS5iYWNrKCkiPlJlZ3Jlc2FyIGEgbGEgcMOhZ2luYSBhbnRlcmlvcjwvYT48L3N0cm9uZz48L3A+ClsvdmNfY29sdW1uX3RleHRd[\/vc_raw_html][\/vc_column][\/vc_row][vc_row][vc_column width=\u201d1\/1&#8243;]<div class=\"shout_spacer clearfix\" style=\"height:18px;\"><\/div>[\/vc_column][\/vc_row][vc_row][vc_column width=\u201d1\/1&#8243;]<div class=\"prk_shortcode-title prk_break_word shout_left_align h1_sized\"><div class=\"body_font zero_color prk_vc_title\"><h1 style=\"font-weight:100;\">Historias relacionadas<\/h1><\/div><div class=\"clearfix\"><\/div><\/div>[\/vc_column][\/vc_row][vc_row][vc_column width=\u201d1\/1&#8243;]<div id=\"prk_shortcode_latest_posts\" class=\"recentposts_ul_wp small-12\"><div class=\"shortcode-title\"><\/div><div class=\"simple_line\"><\/div><h4 id=\"no_posts_title\" class=\"zero_color prk_heavier_600 big header_font\"><\/h4><\/div><div class=\"clearfix bt_1x\"><\/div>[\/vc_column][\/vc_row]<\/p>\n<\/div>","protected":false},"excerpt":{"rendered":"<p>Turqu\u00eda es un destino fascinante para los motoristas, con carreteras que unen Europa con Asia, atravesando monta\u00f1as, valles y una costa mediterr\u00e1nea llena de historia y contrastes culturales.<\/p>\n","protected":false},"author":1,"featured_media":21001,"parent":10188,"menu_order":0,"comment_status":"closed","ping_status":"closed","template":"","meta":{"footnotes":""},"categories":[61,1709],"tags":[1708,1707,933,1706],"class_list":["post-21002","page","type-page","status-publish","has-post-thumbnail","hentry","category-europa","category-turquia","tag-capadocia","tag-lago-van","tag-mar-negro","tag-pamukkale"],"acf":[],"_links":{"self":[{"href":"https:\/\/travel4bikers.com\/es\/wp-json\/wp\/v2\/pages\/21002","targetHints":{"allow":["GET"]}}],"collection":[{"href":"https:\/\/travel4bikers.com\/es\/wp-json\/wp\/v2\/pages"}],"about":[{"href":"https:\/\/travel4bikers.com\/es\/wp-json\/wp\/v2\/types\/page"}],"author":[{"embeddable":true,"href":"https:\/\/travel4bikers.com\/es\/wp-json\/wp\/v2\/users\/1"}],"replies":[{"embeddable":true,"href":"https:\/\/travel4bikers.com\/es\/wp-json\/wp\/v2\/comments?post=21002"}],"version-history":[{"count":1,"href":"https:\/\/travel4bikers.com\/es\/wp-json\/wp\/v2\/pages\/21002\/revisions"}],"predecessor-version":[{"id":23256,"href":"https:\/\/travel4bikers.com\/es\/wp-json\/wp\/v2\/pages\/21002\/revisions\/23256"}],"up":[{"embeddable":true,"href":"https:\/\/travel4bikers.com\/es\/wp-json\/wp\/v2\/pages\/10188"}],"wp:featuredmedia":[{"embeddable":true,"href":"https:\/\/travel4bikers.com\/es\/wp-json\/wp\/v2\/media\/21001"}],"wp:attachment":[{"href":"https:\/\/travel4bikers.com\/es\/wp-json\/wp\/v2\/media?parent=21002"}],"wp:term":[{"taxonomy":"category","embeddable":true,"href":"https:\/\/travel4bikers.com\/es\/wp-json\/wp\/v2\/categories?post=21002"},{"taxonomy":"post_tag","embeddable":true,"href":"https:\/\/travel4bikers.com\/es\/wp-json\/wp\/v2\/tags?post=21002"}],"curies":[{"name":"wp","href":"https:\/\/api.w.org\/{rel}","templated":true}]}}