{"id":9282,"date":"2017-06-19T14:44:59","date_gmt":"2017-06-19T13:44:59","guid":{"rendered":"https:\/\/travel4bikers.com\/support-us\/"},"modified":"2025-10-06T10:20:00","modified_gmt":"2025-10-06T09:20:00","slug":"apoyanos","status":"publish","type":"page","link":"https:\/\/travel4bikers.com\/es\/apoyanos\/","title":{"rendered":"Ap\u00f3yanos"},"content":{"rendered":"<div class=\"wpb-content-wrapper\"><p>[vc_row][vc_column width=\u201d1\/1&#8243;]<div class=\"shout_spacer clearfix shout_variable bt_2x\" style=\"margin-top:0px;\"><\/div>[vc_single_image image=\u201d9259&#8243; img_size=\u201dfull\u201d]<div class=\"shout_spacer clearfix\" style=\"height:44px;\"><\/div>[vc_row_inner][vc_column_inner width=\u201d1\/12&#8243;][\/vc_column_inner][vc_column_inner width=\u201d10\/12&#8243;][vc_column_text drop_cap=\u201dyes\u201d]<em><strong>from bikers to bikers<\/strong><\/em><\/p>\n<p><span style=\"font-weight: 400;\">Invitamos a todo el mundo a unirse a esta comunidad y a compartir, actualizar y corregir la informaci\u00f3n ya disponible.<\/span><\/p>\n<p><span style=\"font-weight: 400;\">Comparte tus historias de viaje. \u00bfCu\u00e1l es una ruta imprescindible en tu pa\u00eds? \u00bfCu\u00e1l es la mejor ruta que has hecho?<\/span><\/p>\n<p><span style=\"font-weight: 400;\">Una comunidad que comparte experiencias que animar\u00e1 a otros motoristas a revivir tu experiencia.<\/span><span style=\"font-weight: 400;\"><br \/>\n<\/span><span style=\"font-weight: 400;\"><br \/>\n<\/span><span style=\"font-weight: 400;\">Este proyecto presenta informaci\u00f3n de una comunidad de viajeros que han compartido actualizaciones e informaci\u00f3n sobre su viaje a un destino espec\u00edfico.<\/span><\/p>\n<p><span style=\"font-weight: 400;\">Hay varias formas de contribuir a la comunidad.<\/span><\/p>\n<p><b>Colaborador<\/b><span style=\"font-weight: 400;\"><br \/>\n<\/span><span style=\"font-weight: 400;\">Env\u00eda una actualizaci\u00f3n o correcci\u00f3n de la informaci\u00f3n.<\/span><span style=\"font-weight: 400;\"><br \/>\n<\/span><span style=\"font-weight: 400;\">Comparte una historia de un viaje que hayas hecho e inspira a futuros visitantes.<\/span><\/p>\n<p><b>Embajador<br \/>\n<\/b><span style=\"font-weight: 400;\">Cualquiera que contribuya regularmente con actualizaciones y traducciones de textos se convierte en embajador.<\/span><\/p>\n<p><b>Socio<br \/>\n<\/b><span style=\"font-weight: 400;\">Un socio contribuy\u00f3 monetariamente al proyecto mediante <a href=\"https:\/\/travel4bikers.com\/es\/publicidad\/\">publicidad<\/a>.<\/span>[\/vc_column_text][\/vc_column_inner][vc_column_inner width=\u201d1\/12&#8243;][\/vc_column_inner][\/vc_row_inner][\/vc_column][\/vc_row]<\/p>\n<\/div>","protected":false},"excerpt":{"rendered":"<p>[vc_row][vc_column width=\u201d1\/1&#8243;][vc_single_image image=\u201d9259&#8243; img_size=\u201dfull\u201d][vc_row_inner][vc_column_inner width=\u201d1\/12&#8243;][\/vc_column_inner][vc_column_inner width=\u201d10\/12&#8243;][vc_column_text drop_cap=\u201dyes\u201d]from bikers to bikers Invitamos a todo el mundo a unirse a esta comunidad y a compartir, actualizar y corregir la informaci\u00f3n ya disponible. Comparte tus historias de viaje. \u00bfCu\u00e1l es una ruta imprescindible en tu pa\u00eds? \u00bfCu\u00e1l es la mejor ruta que has hecho? Una comunidad que comparte [&hellip;]<\/p>\n","protected":false},"author":2,"featured_media":0,"parent":0,"menu_order":0,"comment_status":"closed","ping_status":"closed","template":"","meta":{"footnotes":""},"categories":[],"tags":[],"class_list":["post-9282","page","type-page","status-publish","hentry"],"acf":[],"_links":{"self":[{"href":"https:\/\/travel4bikers.com\/es\/wp-json\/wp\/v2\/pages\/9282","targetHints":{"allow":["GET"]}}],"collection":[{"href":"https:\/\/travel4bikers.com\/es\/wp-json\/wp\/v2\/pages"}],"about":[{"href":"https:\/\/travel4bikers.com\/es\/wp-json\/wp\/v2\/types\/page"}],"author":[{"embeddable":true,"href":"https:\/\/travel4bikers.com\/es\/wp-json\/wp\/v2\/users\/2"}],"replies":[{"embeddable":true,"href":"https:\/\/travel4bikers.com\/es\/wp-json\/wp\/v2\/comments?post=9282"}],"version-history":[{"count":0,"href":"https:\/\/travel4bikers.com\/es\/wp-json\/wp\/v2\/pages\/9282\/revisions"}],"wp:attachment":[{"href":"https:\/\/travel4bikers.com\/es\/wp-json\/wp\/v2\/media?parent=9282"}],"wp:term":[{"taxonomy":"category","embeddable":true,"href":"https:\/\/travel4bikers.com\/es\/wp-json\/wp\/v2\/categories?post=9282"},{"taxonomy":"post_tag","embeddable":true,"href":"https:\/\/travel4bikers.com\/es\/wp-json\/wp\/v2\/tags?post=9282"}],"curies":[{"name":"wp","href":"https:\/\/api.w.org\/{rel}","templated":true}]}}