{"id":12996,"date":"2017-07-05T16:19:54","date_gmt":"2017-07-05T15:19:54","guid":{"rendered":"https:\/\/travel4bikers.com\/voyager-vers\/portugal\/"},"modified":"2025-12-15T13:40:19","modified_gmt":"2025-12-15T12:40:19","slug":"portugal","status":"publish","type":"page","link":"https:\/\/travel4bikers.com\/fr\/voyager-vers\/portugal\/","title":{"rendered":"Portugal"},"content":{"rendered":"<div class=\"wpb-content-wrapper\"><p>[vc_row][vc_column width=\u00bb1\/1&Prime;][vc_single_image source=\u00bbfeatured_image\u00bb img_size=\u00bbfull\u00bb alignment=\u00bbcenter\u00bb]<div class=\"shout_spacer clearfix\" style=\"height:20px;\"><\/div>[\/vc_column][\/vc_row][vc_row][vc_column width=\u00bb1\/1&Prime;]<div class=\"prk_shortcode-title prk_break_word shout_left_align h1_sized\"><div class=\"body_font zero_color prk_vc_title\"><h1 style=\"font-weight:100;\">Voyager au Portugal \ud83c\uddf5\ud83c\uddf9<\/h1><\/div><div class=\"clearfix\"><\/div><\/div><div class=\"shout_spacer clearfix\" style=\"height:18px;\"><\/div>[\/vc_column][\/vc_row][vc_row font_color=\u00bb#0693E3&Prime;][vc_column width=\u00bb1\/1&Prime;][vc_column_text]<\/p>\n<blockquote><p>Le Portugal, sur la c\u00f4te ouest de l&rsquo;Europe, est une destination de choix pour les voyageurs \u00e0 moto, combinant des routes pittoresques, un climat doux et une diversit\u00e9 unique de paysages entre montagnes, plaines et mer.<\/p><\/blockquote>\n<p>[\/vc_column_text][\/vc_column][\/vc_row][vc_row][vc_column width=\u00bb1\/1&Prime;][vc_tta_tabs][vc_tta_section i_icon_fontawesome=\u00bbfa fa-regular fa-map\u00bb add_icon=\u00bbtrue\u00bb title=\u00bbInformations g\u00e9n\u00e9rales\u00bb tab_id=\u00bb1756984282331-d59962b9-8d9b\u00bb][vc_column_text]<strong>Capitale : <\/strong>Lisbonne<\/p>\n<p><strong>Langue officielle : <\/strong>Portugais<\/p>\n<p><strong>Num\u00e9ro d&rsquo;urgence : <\/strong>112[\/vc_column_text][\/vc_tta_section][vc_tta_section i_icon_fontawesome=\u00bbfa fa-regular fa-money-bill-1&Prime; add_icon=\u00bbtrue\u00bb title=\u00bbFinances\u00bb tab_id=\u00bb1756984282346-461ddde8-312d\u00bb][vc_column_text]<strong>Monnaie : <\/strong>Euro (\u20ac)<\/p>\n<p>Les paiements par carte sont largement accept\u00e9s[\/vc_column_text][\/vc_tta_section][vc_tta_section i_icon_fontawesome=\u00bbfa fa-solid fa-motorcycle\u00bb add_icon=\u00bbtrue\u00bb title=\u00bbLimitations de vitesse\u00bb tab_id=\u00bb1756985156411-3a136d8e-ae6a\u00bb][vc_column_text]<strong>Autoroute : <\/strong>120 km\/h<\/p>\n<p><strong>Route : <\/strong>90 km\/h<\/p>\n<p><strong>Agglom\u00e9rations : <\/strong>50 km\/h[\/vc_column_text][\/vc_tta_section][\/vc_tta_tabs][\/vc_column][\/vc_row][vc_row][vc_column width=\u00bb1\/1&Prime;]<div class=\"shout_spacer clearfix\" style=\"height:18px;\"><\/div>[\/vc_column][\/vc_row][vc_row][vc_column width=\u00bb1\/1&Prime;][vc_column_text]<span style=\"font-weight: 400;\">Le Portugal est un pays situ\u00e9 \u00e0 l&rsquo;extr\u00eame sud-ouest de l&rsquo;Europe, dans la p\u00e9ninsule ib\u00e9rique. Le pays est divis\u00e9 en plusieurs r\u00e9gions, chacune avec ses caract\u00e9ristiques uniques. Au nord, la r\u00e9gion du Minho est connue pour ses paysages verts et montagneux, tandis que le Douro est c\u00e9l\u00e8bre pour ses vignobles et son vin de Porto. Le centre du pays abrite des villes historiques comme Coimbra et \u00d3bidos, ainsi que la r\u00e9gion montagneuse de la Serra da Estrela. Au sud, l&rsquo;Alentejo se distingue par ses vastes plaines et ses villages pittoresques, tandis que l&rsquo;Algarve est connu pour ses belles plages et son climat ensoleill\u00e9. <\/span><span style=\"font-weight: 400;\"><br \/>\n<\/span><span style=\"font-weight: 400;\">Il poss\u00e8de \u00e9galement deux r\u00e9gions autonomes dans l&rsquo;Atlantique Nord : les archipels des A\u00e7ores et de Mad\u00e8re.<\/span><\/p>\n<h3><b>Climat<\/b><\/h3>\n<p><span style=\"font-weight: 400;\">Le Portugal a un climat m\u00e9diterran\u00e9en, avec des \u00e9t\u00e9s chauds et secs et des hivers doux et humides. Les meilleures p\u00e9riodes de l&rsquo;ann\u00e9e pour voyager \u00e0 moto sont le printemps (d&rsquo;avril \u00e0 juin) et l&rsquo;automne (de septembre \u00e0 octobre), lorsque le climat est agr\u00e9able et les routes sont moins fr\u00e9quent\u00e9es. <\/span><\/p>\n<h3><b>Langues<\/b><\/h3>\n<p><span style=\"font-weight: 400;\">Le portugais est la langue officielle sur tout le territoire national, mais il existe des variations dialectales r\u00e9gionales. Dans le nord, en particulier dans les zones rurales, on peut entendre des accents plus forts et des mots typiques de la r\u00e9gion. Dans l&rsquo;Alentejo et l&rsquo;Algarve, le rythme de la parole tend \u00e0 \u00eatre plus lent et avec une intonation diff\u00e9rente. <\/span><\/p>\n<h3><b>Conduite<\/b><\/h3>\n<p><span style=\"font-weight: 400;\">Au Portugal, on conduit du c\u00f4t\u00e9 droit de la route.<\/span><span style=\"font-weight: 400;\"><br \/>\n<\/span><span style=\"font-weight: 400;\">Il existe deux types de p\u00e9ages :<\/span><\/p>\n<ul>\n<li style=\"font-weight: 400;\" aria-level=\"1\"><span style=\"font-weight: 400;\">P\u00e9ages traditionnels avec des barri\u00e8res de p\u00e9age qui obligent l&rsquo;arr\u00eat du v\u00e9hicule, incluant des voies avec paiement manuel (\u00e0 l&rsquo;entr\u00e9e de l&rsquo;autoroute, un ticket est retir\u00e9, pay\u00e9 \u00e0 la sortie pour le montant du trajet, pr\u00e9sent\u00e9 \u00e0 ce moment-l\u00e0) <\/span><\/li>\n<li style=\"font-weight: 400;\" aria-level=\"1\"><span style=\"font-weight: 400;\">\u00c9lectroniques compos\u00e9s de portiques (points de perception) en pleine voie qui d\u00e9tectent le passage du v\u00e9hicule, dispensant de la barri\u00e8re physique de p\u00e9age et de l&rsquo;arr\u00eat de celui-ci.<br \/>\n<\/span>Adh\u00e9sion pour les v\u00e9hicules immatricul\u00e9s \u00e0 l&rsquo;\u00e9tranger \u2013 <a href=\"http:\/\/www.portugaltolls.com\">www.portugaltolls.com<\/a><\/li>\n<\/ul>\n<h3><b>Camping<\/b><\/h3>\n<p><span style=\"font-weight: 400;\">Le camping sauvage n&rsquo;est pas autoris\u00e9 au Portugal et peut entra\u00eener des amendes. Il existe cependant de nombreux campings r\u00e9partis dans tout le pays, offrant de bonnes conditions aux campeurs. <\/span><\/p>\n<h3><b>Zones motards<\/b><\/h3>\n<p><span style=\"font-weight: 400;\">Le Portugal compte plusieurs r\u00e9gions et itin\u00e9raires tr\u00e8s appr\u00e9ci\u00e9s des motards.<br \/>\nDans le nord, la <strong>route nationale 222<\/strong>, qui suit le fleuve Douro, est l&rsquo;un des itin\u00e9raires les plus pittoresques, ou la <strong>Rota Norte<\/strong>, qui est une route circulaire traversant le nord du pays.<br \/>\nAu centre, la <strong>Serra da Estrela<\/strong> offre des virages difficiles et des paysages de montagne.<br \/>\nLa route <strong>N2<\/strong>, qui traverse le pays du nord au sud \u00e0 travers l&rsquo;int\u00e9rieur, est l&rsquo;un des itin\u00e9raires pr\u00e9f\u00e9r\u00e9s des motards.<br \/>\nPour les plus aventureux, il y a <strong>ACT \u2013 Portugal<\/strong> (Adventure Country Tracks) et <strong>TET<\/strong> (Trans Euro Trail).<br \/>\n<\/span><\/p>\n<h3><b>Zones sp\u00e9ciales<\/b><\/h3>\n<p><strong>Lisbonne<\/strong> \u2013 Il existe des zones \u00e0 acc\u00e8s limit\u00e9, principalement dans les centres historiques. Dans ces zones, la circulation est interdite afin de r\u00e9duire la pollution et de pr\u00e9server le patrimoine historique.<br \/>\n<strong>Porto<\/strong> \u2013 Il existe de nombreuses zones pi\u00e9tonnes dont l&rsquo;acc\u00e8s est restreint (r\u00e9serv\u00e9 aux r\u00e9sidents), en particulier dans le quartier historique.<br \/>\n<strong>Sintra<\/strong> \u2013 Le centre-ville, le site class\u00e9 au patrimoine mondial de l&rsquo;UNESCO, les palais et le ch\u00e2teau de la Serra de Sintra ne sont ouverts qu&rsquo;aux voyagistes.[\/vc_column_text][\/vc_column][\/vc_row][vc_row][vc_column width=\u00bb1\/1&Prime;][vc_column_text]<span style=\"font-weight: 400;\">Tu as quelque chose \u00e0 corriger ou \u00e0 ajouter ? Contacte-nous, deviens un collaborateur Travel4Bikers <\/span>[\/vc_column_text][vc_cta h2=\u00bbTu vas visiter une ville au Portugal\u00bb css=\u00bb\u00bb]<\/p>\n<h4>Profite au maximum, d\u00e9couvre quoi faire en 24h \u00e0<br \/>\n<a href=\"https:\/\/gyg.me\/8HtqchyX\" target=\"_blank\" rel=\"noopener\">Lisbonne<\/a> \u2013 <a href=\"https:\/\/gyg.me\/NcBnZ7hc\" target=\"_blank\" rel=\"noopener\">Porto<\/a> \u2013 <a href=\"https:\/\/gyg.me\/NqlQytv3\" target=\"_blank\" rel=\"noopener\">Sintra<\/a><\/h4>\n<p>[\/vc_cta][\/vc_column][\/vc_row][vc_row][vc_column width=\u00bb1\/1&Prime;][vc_message message_box_style=\u00bbclassic\u00bb]Ce site ne fournit pas d&rsquo;informations sur l&rsquo;obtention de visas, les vaccins ou d&rsquo;autres questions qui d\u00e9pendent \u00e0 la fois du pays d&rsquo;origine et de la destination.<br \/>\nTu dois v\u00e9rifier aupr\u00e8s de ton pays si tu as besoin de visas ou d&rsquo;autres exigences pour visiter les destinations souhait\u00e9es.[\/vc_message][\/vc_column][\/vc_row][vc_row][vc_column width=\u00bb1\/1&Prime;][vc_raw_html css=\u00bb\u00bb]JTVCdmNfY29sdW1uX3RleHQlNUQlMEElM0NwJTIwc3R5bGUlM0QlMjJ0ZXh0LWFsaWduJTNBJTIwcmlnaHQlM0IlMjIlM0UlM0NzdHJvbmclM0UlM0NhJTIwaHJlZiUzRCUyMmphdmFzY3JpcHQlM0FoaXN0b3J5LmJhY2slMjglMjklMjIlM0VSZXRvdXIlMjAlQzMlQTAlMjBsYSUyMFBhZ2UlMjBQciVDMyVBOWMlQzMlQTlkZW50ZSUzQyUyRmElM0UlM0MlMkZzdHJvbmclM0UlM0MlMkZwJTNFJTBBJTVCJTJGdmNfY29sdW1uX3RleHQlNUQ=[\/vc_raw_html][\/vc_column][\/vc_row][vc_row][vc_column width=\u00bb1\/1&Prime;]<div class=\"shout_spacer clearfix\" style=\"height:18px;\"><\/div>[\/vc_column][\/vc_row][vc_row][vc_column width=\u00bb1\/1&Prime;]<div class=\"prk_shortcode-title prk_break_word shout_left_align h1_sized\"><div class=\"body_font zero_color prk_vc_title\"><h1 style=\"font-weight:100;\">Histoires connexes<\/h1><\/div><div class=\"clearfix\"><\/div><\/div>[\/vc_column][\/vc_row][vc_row][vc_column width=\u00bb1\/1&Prime;]<div id=\"prk_shortcode_latest_posts\" class=\"recentposts_ul_wp small-12\"><div class=\"shortcode-title\"><\/div><div class=\"simple_line\"><\/div><h4 id=\"no_posts_title\" class=\"zero_color prk_heavier_600 big header_font\"><\/h4><\/div><div class=\"clearfix bt_1x\"><\/div>[\/vc_column][\/vc_row]<\/p>\n<\/div>","protected":false},"excerpt":{"rendered":"<p>Le Portugal, sur la c\u00f4te ouest de l&rsquo;Europe, est une destination de choix pour les voyageurs \u00e0 moto, combinant des routes pittoresques, un climat doux et une diversit\u00e9 unique de paysages entre montagnes, plaines et mer.<\/p>\n","protected":false},"author":2,"featured_media":12998,"parent":10192,"menu_order":0,"comment_status":"closed","ping_status":"closed","template":"","meta":{"footnotes":""},"categories":[59,152],"tags":[242,154,239,240,153,241,155],"class_list":["post-12996","page","type-page","status-publish","has-post-thumbnail","hentry","category-europe","category-portugal","tag-arrabida","tag-lisbonne","tag-n2","tag-n222","tag-porto","tag-region-viticole-du-douro","tag-sintra"],"acf":[],"_links":{"self":[{"href":"https:\/\/travel4bikers.com\/fr\/wp-json\/wp\/v2\/pages\/12996","targetHints":{"allow":["GET"]}}],"collection":[{"href":"https:\/\/travel4bikers.com\/fr\/wp-json\/wp\/v2\/pages"}],"about":[{"href":"https:\/\/travel4bikers.com\/fr\/wp-json\/wp\/v2\/types\/page"}],"author":[{"embeddable":true,"href":"https:\/\/travel4bikers.com\/fr\/wp-json\/wp\/v2\/users\/2"}],"replies":[{"embeddable":true,"href":"https:\/\/travel4bikers.com\/fr\/wp-json\/wp\/v2\/comments?post=12996"}],"version-history":[{"count":3,"href":"https:\/\/travel4bikers.com\/fr\/wp-json\/wp\/v2\/pages\/12996\/revisions"}],"predecessor-version":[{"id":23173,"href":"https:\/\/travel4bikers.com\/fr\/wp-json\/wp\/v2\/pages\/12996\/revisions\/23173"}],"up":[{"embeddable":true,"href":"https:\/\/travel4bikers.com\/fr\/wp-json\/wp\/v2\/pages\/10192"}],"wp:featuredmedia":[{"embeddable":true,"href":"https:\/\/travel4bikers.com\/fr\/wp-json\/wp\/v2\/media\/12998"}],"wp:attachment":[{"href":"https:\/\/travel4bikers.com\/fr\/wp-json\/wp\/v2\/media?parent=12996"}],"wp:term":[{"taxonomy":"category","embeddable":true,"href":"https:\/\/travel4bikers.com\/fr\/wp-json\/wp\/v2\/categories?post=12996"},{"taxonomy":"post_tag","embeddable":true,"href":"https:\/\/travel4bikers.com\/fr\/wp-json\/wp\/v2\/tags?post=12996"}],"curies":[{"name":"wp","href":"https:\/\/api.w.org\/{rel}","templated":true}]}}