{"id":13293,"date":"2017-07-05T16:19:54","date_gmt":"2017-07-05T15:19:54","guid":{"rendered":"https:\/\/travel4bikers.com\/voyager-vers\/italia\/"},"modified":"2025-12-12T13:22:56","modified_gmt":"2025-12-12T12:22:56","slug":"italie","status":"publish","type":"page","link":"https:\/\/travel4bikers.com\/fr\/voyager-vers\/italie\/","title":{"rendered":"Italie"},"content":{"rendered":"<div class=\"wpb-content-wrapper\"><p>[vc_row][vc_column width=\u00bb1\/1&Prime;][vc_single_image source=\u00bbfeatured_image\u00bb img_size=\u00bbfull\u00bb alignment=\u00bbcenter\u00bb]<div class=\"shout_spacer clearfix\" style=\"height:20px;\"><\/div>[\/vc_column][\/vc_row][vc_row][vc_column width=\u00bb1\/1&Prime;]<div class=\"prk_shortcode-title prk_break_word shout_left_align h1_sized\"><div class=\"body_font zero_color prk_vc_title\"><h1 style=\"font-weight:100;\">Voyager vers Italie \ud83c\uddee\ud83c\uddf9<\/h1><\/div><div class=\"clearfix\"><\/div><\/div><div class=\"shout_spacer clearfix\" style=\"height:18px;\"><\/div>[\/vc_column][\/vc_row][vc_row font_color=\u00bb#0693E3&Prime;][vc_column width=\u00bb1\/1&Prime;][vc_column_text]<\/p>\n<blockquote><p>L&rsquo;Italie, o\u00f9 l&rsquo;histoire se m\u00eale \u00e0 des paysages naturels \u00e9poustouflants, invite les motards \u00e0 explorer les imposantes Alpes, les collines de Toscane et une c\u00f4te m\u00e9diterran\u00e9enne inoubliable.<\/p><\/blockquote>\n<p>[\/vc_column_text][\/vc_column][\/vc_row][vc_row][vc_column width=\u00bb1\/1&Prime;][vc_tta_tabs][vc_tta_section i_icon_fontawesome=\u00bbfa fa-regular fa-map\u00bb add_icon=\u00bbtrue\u00bb title=\u00bbInformations g\u00e9n\u00e9rales\u00bb tab_id=\u00bb1756984282331-d59962b9-8d9b\u00bb][vc_column_text]<strong>Capitale : <\/strong>Rome<\/p>\n<p><strong>Langue officielle : <\/strong>Italien<\/p>\n<p><strong>Num\u00e9ro d&rsquo;urgence : <\/strong>112[\/vc_column_text][\/vc_tta_section][vc_tta_section i_icon_fontawesome=\u00bbfa fa-regular fa-money-bill-1&Prime; add_icon=\u00bbtrue\u00bb title=\u00bbFinances\u00bb tab_id=\u00bb1756984282346-461ddde8-312d\u00bb][vc_column_text]<strong>Monnaie : <\/strong>Euro (\u20ac)<\/p>\n<p>Les paiements par carte sont largement accept\u00e9s[\/vc_column_text][\/vc_tta_section][vc_tta_section i_icon_fontawesome=\u00bbfa fa-solid fa-motorcycle\u00bb add_icon=\u00bbtrue\u00bb title=\u00bbLimitations de vitesse\u00bb tab_id=\u00bb1756985156411-3a136d8e-ae6a\u00bb][vc_column_text]<strong>Autoroute : <\/strong>130 km\/h<\/p>\n<p><strong>Route : <\/strong>90-110 km\/h<\/p>\n<p><strong>Agglom\u00e9rations : <\/strong>50 km\/h[\/vc_column_text][\/vc_tta_section][\/vc_tta_tabs][\/vc_column][\/vc_row][vc_row][vc_column width=\u00bb1\/1&Prime;]<div class=\"shout_spacer clearfix\" style=\"height:18px;\"><\/div>[\/vc_column][\/vc_row][vc_row][vc_column width=\u00bb1\/1&Prime;][vc_column_text]L&rsquo;Italie est c\u00e9l\u00e8bre pour son patrimoine historique, culturel et gastronomique. Rome, la capitale, est riche en monuments antiques comme le Colis\u00e9e et le Vatican. Le pays est \u00e9galement connu pour ses r\u00e9gions c\u00f4ti\u00e8res, ses villes m\u00e9di\u00e9vales et ses routes alpines.<\/p>\n<h3><b>Climat<\/b><\/h3>\n<p>Le climat varie : m\u00e9diterran\u00e9en sur la c\u00f4te, continental \u00e0 l&rsquo;int\u00e9rieur des terres et alpin dans les montagnes. Les \u00e9t\u00e9s sont chauds et secs, les hivers sont froids dans le nord et doux dans le sud.<\/p>\n<h3><b>Langues<\/b><\/h3>\n<p>La langue officielle est l&rsquo;italien. Dans les r\u00e9gions frontali\u00e8res du nord, on parle aussi allemand et fran\u00e7ais. L&rsquo;anglais est courant dans les zones touristiques.<\/p>\n<h3><b>Conduite<\/b><\/h3>\n<p>Roulez \u00e0 droite. De nombreuses autoroutes sont \u00e0 p\u00e9age (p\u00e9age manuel, carte ou Telepass). Les routes urbaines et rurales sont bien entretenues.<br \/>\nLes stations-service peuvent avoir des pompes en libre-service et d&rsquo;autres g\u00e9r\u00e9es par le personnel, qui sont plus ch\u00e8res.<\/p>\n<h3><b>Camping<\/b><\/h3>\n<p>Le camping sauvage est interdit sur la majeure partie du territoire. Il existe des campings organis\u00e9s et des aires pour camping-cars.<\/p>\n<h3><b>Zones motards<\/b><\/h3>\n<p>Les routes alpines et c\u00f4ti\u00e8res, comme la C\u00f4te Amalfitaine, les Dolomites et les routes de Toscane, sont tr\u00e8s appr\u00e9ci\u00e9es des motards.<\/p>\n<h3><b>Zones sp\u00e9ciales<\/b><b><\/b><\/h3>\n<p>Les grandes villes comme Rome, Milan, Florence et Venise ont des zones \u00e0 trafic limit\u00e9 (ZTL) et des stationnements contr\u00f4l\u00e9s.<br \/>\nCertains cols de montagne n\u00e9cessitent un paiement pour l&rsquo;acc\u00e8s et une r\u00e9servation pour la visite, comme <a href=\"https:\/\/auronzo.info\/en\/how-to-get-to-the-tre-cime-di-lavaredo\/#elementor-toc__heading-anchor-1\" target=\"_blank\" rel=\"noopener\"><strong>Tre Cime di Lavaredo<\/strong><\/a>[\/vc_column_text][\/vc_column][\/vc_row][vc_row][vc_column width=\u00bb1\/1&Prime;][vc_column_text]<span style=\"font-weight: 400;\">Tu as quelque chose \u00e0 corriger ou \u00e0 ajouter ? Contacte-nous, deviens un collaborateur Travel4Bikers <\/span>[\/vc_column_text][vc_cta h2=\u00bbTu vas visiter une ville en Italie\u00bb css=\u00bb\u00bb]<\/p>\n<h4>Profitez-en au maximum, d\u00e9couvrez quoi faire en 24h \u00e0<br \/>\n<a href=\"https:\/\/gyg.me\/sZaS5kFn\" target=\"_blank\" rel=\"noopener\">Rome<\/a>, <a href=\"https:\/\/gyg.me\/otqmSjxm\" target=\"_blank\" rel=\"noopener\">Milan<\/a>, <a href=\"https:\/\/gyg.me\/f4RbxO32\" target=\"_blank\" rel=\"noopener\">Florence<\/a>, <a href=\"https:\/\/gyg.me\/ZI2caLsU\" target=\"_blank\" rel=\"noopener\">Toscane<\/a> et <a href=\"https:\/\/gyg.me\/HT8e4K0I\" target=\"_blank\" rel=\"noopener\">Venise<\/a><\/h4>\n<p>[\/vc_cta][\/vc_column][\/vc_row][vc_row][vc_column width=\u00bb1\/1&Prime;][vc_message message_box_style=\u00bbclassic\u00bb]Ce site ne fournit pas d&rsquo;informations sur l&rsquo;obtention de visas, les vaccins ou d&rsquo;autres questions qui d\u00e9pendent \u00e0 la fois du pays d&rsquo;origine et de la destination.<br \/>\nTu dois v\u00e9rifier aupr\u00e8s de ton pays si tu as besoin de visas ou d&rsquo;autres exigences pour visiter les destinations souhait\u00e9es.[\/vc_message][\/vc_column][\/vc_row][vc_row][vc_column width=\u00bb1\/1&Prime;][vc_raw_html css=\u00bb\u00bb]JTVCdmNfY29sdW1uX3RleHQlNUQlMEElM0NwJTIwc3R5bGUlM0QlMjJ0ZXh0LWFsaWduJTNBJTIwcmlnaHQlM0IlMjIlM0UlM0NzdHJvbmclM0UlM0NhJTIwaHJlZiUzRCUyMmphdmFzY3JpcHQlM0FoaXN0b3J5LmJhY2slMjglMjklMjIlM0VSZXRvdXIlMjAlQzMlQTAlMjBsYSUyMFBhZ2UlMjBQciVDMyVBOWMlQzMlQTlkZW50ZSUzQyUyRmElM0UlM0MlMkZzdHJvbmclM0UlM0MlMkZwJTNFJTBBJTVCJTJGdmNfY29sdW1uX3RleHQlNUQ=[\/vc_raw_html][\/vc_column][\/vc_row][vc_row][vc_column width=\u00bb1\/1&Prime;]<div class=\"shout_spacer clearfix\" style=\"height:18px;\"><\/div>[\/vc_column][\/vc_row][vc_row][vc_column width=\u00bb1\/1&Prime;]<div class=\"prk_shortcode-title prk_break_word shout_left_align h1_sized\"><div class=\"body_font zero_color prk_vc_title\"><h1 style=\"font-weight:100;\">Histoires connexes<\/h1><\/div><div class=\"clearfix\"><\/div><\/div>[\/vc_column][\/vc_row][vc_row][vc_column width=\u00bb1\/1&Prime;]<div id=\"prk_shortcode_latest_posts\" class=\"recentposts_ul_wp small-12\"><div class=\"shortcode-title\"><\/div><div class=\"simple_line\"><\/div><h4 id=\"no_posts_title\" class=\"zero_color prk_heavier_600 big header_font\"><\/h4><\/div><div class=\"clearfix bt_1x\"><\/div>[\/vc_column][\/vc_row]<\/p>\n<\/div>","protected":false},"excerpt":{"rendered":"<p>L&rsquo;Italie, o\u00f9 l&rsquo;histoire se m\u00eale \u00e0 des paysages naturels \u00e9poustouflants, invite les motards \u00e0 explorer les imposantes Alpes, les collines de Toscane et une c\u00f4te m\u00e9diterran\u00e9enne inoubliable.<\/p>\n","protected":false},"author":2,"featured_media":13292,"parent":10192,"menu_order":0,"comment_status":"closed","ping_status":"closed","template":"","meta":{"footnotes":""},"categories":[59,196],"tags":[997,203,198,201,200,199,204,202],"class_list":["post-13293","page","type-page","status-publish","has-post-thumbnail","hentry","category-europe","category-italie","tag-alpes","tag-cote-amalfitaine","tag-dolomites","tag-florence","tag-milan","tag-rome","tag-toscane","tag-venise"],"acf":[],"_links":{"self":[{"href":"https:\/\/travel4bikers.com\/fr\/wp-json\/wp\/v2\/pages\/13293","targetHints":{"allow":["GET"]}}],"collection":[{"href":"https:\/\/travel4bikers.com\/fr\/wp-json\/wp\/v2\/pages"}],"about":[{"href":"https:\/\/travel4bikers.com\/fr\/wp-json\/wp\/v2\/types\/page"}],"author":[{"embeddable":true,"href":"https:\/\/travel4bikers.com\/fr\/wp-json\/wp\/v2\/users\/2"}],"replies":[{"embeddable":true,"href":"https:\/\/travel4bikers.com\/fr\/wp-json\/wp\/v2\/comments?post=13293"}],"version-history":[{"count":5,"href":"https:\/\/travel4bikers.com\/fr\/wp-json\/wp\/v2\/pages\/13293\/revisions"}],"predecessor-version":[{"id":23116,"href":"https:\/\/travel4bikers.com\/fr\/wp-json\/wp\/v2\/pages\/13293\/revisions\/23116"}],"up":[{"embeddable":true,"href":"https:\/\/travel4bikers.com\/fr\/wp-json\/wp\/v2\/pages\/10192"}],"wp:featuredmedia":[{"embeddable":true,"href":"https:\/\/travel4bikers.com\/fr\/wp-json\/wp\/v2\/media\/13292"}],"wp:attachment":[{"href":"https:\/\/travel4bikers.com\/fr\/wp-json\/wp\/v2\/media?parent=13293"}],"wp:term":[{"taxonomy":"category","embeddable":true,"href":"https:\/\/travel4bikers.com\/fr\/wp-json\/wp\/v2\/categories?post=13293"},{"taxonomy":"post_tag","embeddable":true,"href":"https:\/\/travel4bikers.com\/fr\/wp-json\/wp\/v2\/tags?post=13293"}],"curies":[{"name":"wp","href":"https:\/\/api.w.org\/{rel}","templated":true}]}}