{"id":14307,"date":"2017-07-05T16:19:54","date_gmt":"2017-07-05T15:19:54","guid":{"rendered":"https:\/\/travel4bikers.com\/voyager-vers\/argentine\/"},"modified":"2025-12-12T12:05:31","modified_gmt":"2025-12-12T11:05:31","slug":"argentine","status":"publish","type":"page","link":"https:\/\/travel4bikers.com\/fr\/voyager-vers\/argentine\/","title":{"rendered":"Argentine"},"content":{"rendered":"<div class=\"wpb-content-wrapper\"><p>[vc_row][vc_column width=\u00bb1\/1&Prime;][vc_single_image source=\u00bbfeatured_image\u00bb img_size=\u00bbfull\u00bb alignment=\u00bbcenter\u00bb]<div class=\"shout_spacer clearfix\" style=\"height:20px;\"><\/div>[\/vc_column][\/vc_row][vc_row][vc_column width=\u00bb1\/1&Prime;]<div class=\"prk_shortcode-title prk_break_word shout_left_align h1_sized\"><div class=\"body_font zero_color prk_vc_title\"><h1 style=\"font-weight:100;\">Voyager vers Argentine \ud83c\udde6\ud83c\uddf7<\/h1><\/div><div class=\"clearfix\"><\/div><\/div><div class=\"shout_spacer clearfix\" style=\"height:18px;\"><\/div>[\/vc_column][\/vc_row][vc_row font_color=\u00bb#0693E3&Prime;][vc_column width=\u00bb1\/1&Prime;][vc_column_text]<\/p>\n<blockquote><p>L&rsquo;Argentine est une destination de r\u00eave pour les motards, avec des routes qui traversent la mythique Ruta 40, les sommets des Andes et les paysages sauvages de Patagonie, dans un d\u00e9cor o\u00f9 l&rsquo;aventure se m\u00eale \u00e0 la culture et \u00e0 la nature \u00e0 l&rsquo;\u00e9tat pur.<\/p><\/blockquote>\n<p>[\/vc_column_text][\/vc_column][\/vc_row][vc_row][vc_column width=\u00bb1\/1&Prime;][vc_tta_tabs][vc_tta_section i_icon_fontawesome=\u00bbfa fa-regular fa-map\u00bb add_icon=\u00bbtrue\u00bb title=\u00bbInformations g\u00e9n\u00e9rales\u00bb tab_id=\u00bb1756984282331-d59962b9-8d9b\u00bb][vc_column_text]<strong>Capitale : <\/strong>Buenos Aires<\/p>\n<p><strong>Langue officielle : <\/strong>Espagnol<\/p>\n<p><strong>Num\u00e9ro d&rsquo;urgence : <\/strong>911 (national) \/ 107 (ambulances)[\/vc_column_text][\/vc_tta_section][vc_tta_section i_icon_fontawesome=\u00bbfa fa-regular fa-money-bill-1&Prime; add_icon=\u00bbtrue\u00bb title=\u00bbFinances\u00bb tab_id=\u00bb1756984282346-461ddde8-312d\u00bb][vc_column_text]<strong>Monnaie : <\/strong>Peso argentin (ARS)<\/p>\n<p>Paiements par carte uniquement dans les grandes villes.[\/vc_column_text][\/vc_tta_section][vc_tta_section i_icon_fontawesome=\u00bbfa fa-solid fa-motorcycle\u00bb add_icon=\u00bbtrue\u00bb title=\u00bbLimitations de vitesse\u00bb tab_id=\u00bb1756985156411-3a136d8e-ae6a\u00bb][vc_column_text]<strong>Autoroute : <\/strong>120 km\/h<\/p>\n<p><strong>Route : <\/strong>100 km\/h<\/p>\n<p><strong>Agglom\u00e9rations : <\/strong>40\u201360 km\/h[\/vc_column_text][\/vc_tta_section][\/vc_tta_tabs][\/vc_column][\/vc_row][vc_row][vc_column width=\u00bb1\/1&Prime;]<div class=\"shout_spacer clearfix\" style=\"height:18px;\"><\/div>[\/vc_column][\/vc_row][vc_row][vc_column width=\u00bb1\/1&Prime;][vc_column_text]L&rsquo;Argentine est le deuxi\u00e8me plus grand pays d&rsquo;Am\u00e9rique du Sud, connue pour la diversit\u00e9 de ses paysages, allant des chutes d&rsquo;Iguazu, en passant par la Patagonie et les Andes, jusqu&rsquo;\u00e0 la cosmopolite Buenos Aires. Le tango, la gastronomie (en particulier les viandes et les vins) et le football sont des \u00e9l\u00e9ments centraux de l&rsquo;identit\u00e9 argentine.<\/p>\n<h3><b>Climat<\/b><\/h3>\n<p>Le climat est tr\u00e8s vari\u00e9 : subtropical au nord, temp\u00e9r\u00e9 dans la r\u00e9gion centrale et froid\/aride au sud (Patagonie). Les Andes pr\u00e9sentent un climat de montagne.<\/p>\n<h3><b>Langues<\/b><\/h3>\n<p>L&rsquo;espagnol est la langue officielle. Il existe des dialectes r\u00e9gionaux et des communaut\u00e9s qui parlent italien, guarani et quechua.<\/p>\n<h3><b>Conduite<\/b><\/h3>\n<p>On roule \u00e0 droite. Les routes nationales (Rutas Nacionales) relient le pays du nord au sud. Il y a des autoroutes \u00e0 p\u00e9age, payables manuellement aux guichets, en esp\u00e8ces ou par carte.<\/p>\n<h3><b>Camping<\/b><\/h3>\n<p>Le camping sauvage est tol\u00e9r\u00e9 dans plusieurs zones rurales, notamment en Patagonie, mais interdit dans les parcs nationaux sans autorisation. Le pays dispose de nombreux campings r\u00e9glement\u00e9s.<\/p>\n<h3><b>Zones motards<\/b><b><\/b><\/h3>\n<p>L&rsquo;une des plus grandes destinations au monde se trouve en Argentine, la Terre de Feu, le voyage jusqu&rsquo;\u00e0 Ushuaia, la ville la plus australe du monde.<b><br \/>\n<\/b>La Ruta 40, qui traverse le pays du nord au sud par les Andes, est l&rsquo;une des plus c\u00e9l\u00e8bres au monde pour les motards. D&rsquo;autres routes populaires incluent la Patagonie et la route menant aux chutes d&rsquo;Iguazu.<\/p>\n<h3><b>Zones sp\u00e9ciales<\/b><\/h3>\n<p>Les grandes villes comme Buenos Aires, C\u00f3rdoba et Mendoza ont des centres-villes avec un trafic intense, des zones pi\u00e9tonnes et des stationnements payants\/limit\u00e9s.[\/vc_column_text][\/vc_column][\/vc_row][vc_row][vc_column width=\u00bb1\/1&Prime;][vc_column_text]<span style=\"font-weight: 400;\">Tu as quelque chose \u00e0 corriger ou \u00e0 ajouter ? Contacte-nous, deviens un collaborateur Travel4Bikers <\/span>[\/vc_column_text][vc_cta h2=\u00bbTu vas visiter une ville en Argentine\u00bb css=\u00bb\u00bb]<\/p>\n<h4>Profite au maximum, d\u00e9couvre quoi faire en 24h \u00e0<\/h4>\n<h4><a href=\"https:\/\/gyg.me\/wRH6ZEp9\" target=\"_blank\" rel=\"noopener\">Buenos Aires<\/a> ou <a href=\"https:\/\/gyg.me\/FvJWWWq1\" target=\"_blank\" rel=\"noopener\">Ushuaia<\/a><\/h4>\n<p>[\/vc_cta][\/vc_column][\/vc_row][vc_row][vc_column width=\u00bb1\/1&Prime;][vc_message message_box_style=\u00bbclassic\u00bb]Ce site ne fournit pas d&rsquo;informations sur l&rsquo;obtention de visas, les vaccins ou d&rsquo;autres questions qui d\u00e9pendent \u00e0 la fois du pays d&rsquo;origine et de la destination.<br \/>\nTu dois v\u00e9rifier aupr\u00e8s de ton pays si tu as besoin de visas ou d&rsquo;autres exigences pour visiter les destinations souhait\u00e9es.[\/vc_message][\/vc_column][\/vc_row][vc_row][vc_column width=\u00bb1\/1&Prime;][vc_raw_html css=\u00bb\u00bb]JTVCdmNfY29sdW1uX3RleHQlNUQlMEElM0NwJTIwc3R5bGUlM0QlMjJ0ZXh0LWFsaWduJTNBJTIwcmlnaHQlM0IlMjIlM0UlM0NzdHJvbmclM0UlM0NhJTIwaHJlZiUzRCUyMmphdmFzY3JpcHQlM0FoaXN0b3J5LmJhY2slMjglMjklMjIlM0VSZXRvdXIlMjAlQzMlQTAlMjBsYSUyMFBhZ2UlMjBQciVDMyVBOWMlQzMlQTlkZW50ZSUzQyUyRmElM0UlM0MlMkZzdHJvbmclM0UlM0MlMkZwJTNFJTBBJTVCJTJGdmNfY29sdW1uX3RleHQlNUQ=[\/vc_raw_html][\/vc_column][\/vc_row][vc_row][vc_column width=\u00bb1\/1&Prime;]<div class=\"shout_spacer clearfix\" style=\"height:18px;\"><\/div>[\/vc_column][\/vc_row][vc_row][vc_column width=\u00bb1\/1&Prime;]<div class=\"prk_shortcode-title prk_break_word shout_left_align h1_sized\"><div class=\"body_font zero_color prk_vc_title\"><h1 style=\"font-weight:100;\">Histoires connexes<\/h1><\/div><div class=\"clearfix\"><\/div><\/div>[\/vc_column][\/vc_row][vc_row][vc_column width=\u00bb1\/1&Prime;]<div id=\"prk_shortcode_latest_posts\" class=\"recentposts_ul_wp small-12\"><div class=\"shortcode-title\"><\/div><div class=\"simple_line\"><\/div><h4 id=\"no_posts_title\" class=\"zero_color prk_heavier_600 big header_font\"><\/h4><\/div><div class=\"clearfix bt_1x\"><\/div>[\/vc_column][\/vc_row]<\/p>\n<\/div>","protected":false},"excerpt":{"rendered":"<p>L&rsquo;Argentine est une destination de r\u00eave pour les motards, avec des routes qui traversent la mythique Ruta 40, les sommets des Andes et les paysages sauvages de Patagonie, dans un d\u00e9cor o\u00f9 l&rsquo;aventure se m\u00eale \u00e0 la culture et \u00e0 la nature \u00e0 l&rsquo;\u00e9tat pur.<\/p>\n","protected":false},"author":2,"featured_media":14308,"parent":10192,"menu_order":0,"comment_status":"closed","ping_status":"closed","template":"","meta":{"footnotes":""},"categories":[65,288],"tags":[291,290,289,293,292],"class_list":["post-14307","page","type-page","status-publish","has-post-thumbnail","hentry","category-amerique-du-sud","category-argentine","tag-andes","tag-patagonie","tag-ruta-40","tag-terre-de-feu","tag-ushuaia"],"acf":[],"_links":{"self":[{"href":"https:\/\/travel4bikers.com\/fr\/wp-json\/wp\/v2\/pages\/14307","targetHints":{"allow":["GET"]}}],"collection":[{"href":"https:\/\/travel4bikers.com\/fr\/wp-json\/wp\/v2\/pages"}],"about":[{"href":"https:\/\/travel4bikers.com\/fr\/wp-json\/wp\/v2\/types\/page"}],"author":[{"embeddable":true,"href":"https:\/\/travel4bikers.com\/fr\/wp-json\/wp\/v2\/users\/2"}],"replies":[{"embeddable":true,"href":"https:\/\/travel4bikers.com\/fr\/wp-json\/wp\/v2\/comments?post=14307"}],"version-history":[{"count":1,"href":"https:\/\/travel4bikers.com\/fr\/wp-json\/wp\/v2\/pages\/14307\/revisions"}],"predecessor-version":[{"id":23060,"href":"https:\/\/travel4bikers.com\/fr\/wp-json\/wp\/v2\/pages\/14307\/revisions\/23060"}],"up":[{"embeddable":true,"href":"https:\/\/travel4bikers.com\/fr\/wp-json\/wp\/v2\/pages\/10192"}],"wp:featuredmedia":[{"embeddable":true,"href":"https:\/\/travel4bikers.com\/fr\/wp-json\/wp\/v2\/media\/14308"}],"wp:attachment":[{"href":"https:\/\/travel4bikers.com\/fr\/wp-json\/wp\/v2\/media?parent=14307"}],"wp:term":[{"taxonomy":"category","embeddable":true,"href":"https:\/\/travel4bikers.com\/fr\/wp-json\/wp\/v2\/categories?post=14307"},{"taxonomy":"post_tag","embeddable":true,"href":"https:\/\/travel4bikers.com\/fr\/wp-json\/wp\/v2\/tags?post=14307"}],"curies":[{"name":"wp","href":"https:\/\/api.w.org\/{rel}","templated":true}]}}