{"id":14493,"date":"2017-07-05T16:19:54","date_gmt":"2017-07-05T15:19:54","guid":{"rendered":"https:\/\/travel4bikers.com\/voyager-vers\/maroc\/"},"modified":"2025-12-12T13:43:08","modified_gmt":"2025-12-12T12:43:08","slug":"maroc","status":"publish","type":"page","link":"https:\/\/travel4bikers.com\/fr\/voyager-vers\/maroc\/","title":{"rendered":"Maroc"},"content":{"rendered":"<div class=\"wpb-content-wrapper\"><p>[vc_row][vc_column width=\u00bb1\/1&Prime;][vc_single_image source=\u00bbfeatured_image\u00bb img_size=\u00bbfull\u00bb alignment=\u00bbcenter\u00bb]<div class=\"shout_spacer clearfix\" style=\"height:20px;\"><\/div>[\/vc_column][\/vc_row][vc_row][vc_column width=\u00bb1\/1&Prime;]<div class=\"prk_shortcode-title prk_break_word shout_left_align h1_sized\"><div class=\"body_font zero_color prk_vc_title\"><h1 style=\"font-weight:100;\">Voyager vers Maroc \ud83c\uddf2\ud83c\udde6<\/h1><\/div><div class=\"clearfix\"><\/div><\/div><div class=\"shout_spacer clearfix\" style=\"height:18px;\"><\/div>[\/vc_column][\/vc_row][vc_row font_color=\u00bb#0693E3&Prime;][vc_column width=\u00bb1\/1&Prime;][vc_column_text]<\/p>\n<blockquote><p>Le Maroc est la porte d&rsquo;entr\u00e9e de l&rsquo;Afrique et l&rsquo;une des destinations pr\u00e9f\u00e9r\u00e9es des motocyclistes europ\u00e9ens. Entre les sommets enneig\u00e9s de l&rsquo;Atlas et les dunes infinies du Sahara, le pays offre des routes qui m\u00ealent aventure, exotisme et hospitalit\u00e9. Voyager \u00e0 moto au Maroc, c&rsquo;est ressentir la transition entre les continents et les cultures, dans un cadre aux contrastes uniques.<\/p><\/blockquote>\n<p>[\/vc_column_text][\/vc_column][\/vc_row][vc_row][vc_column width=\u00bb1\/1&Prime;][vc_tta_tabs][vc_tta_section i_icon_fontawesome=\u00bbfa fa-regular fa-map\u00bb add_icon=\u00bbtrue\u00bb title=\u00bbInformations g\u00e9n\u00e9rales\u00bb tab_id=\u00bb1756984282331-d59962b9-8d9b\u00bb][vc_column_text]<strong>Capitale : <\/strong>Rabat<\/p>\n<p><strong>Langue officielle : <\/strong>arabe et amazigh (berb\u00e8re)<\/p>\n<p><strong>Num\u00e9ro d&rsquo;urgence : <\/strong>19 (police) \/ 15 (ambulance)[\/vc_column_text][\/vc_tta_section][vc_tta_section i_icon_fontawesome=\u00bbfa fa-regular fa-money-bill-1&Prime; add_icon=\u00bbtrue\u00bb title=\u00bbFinances\u00bb tab_id=\u00bb1756984282346-461ddde8-312d\u00bb][vc_column_text]<strong>Monnaie : <\/strong>Dirham marocain (MAD)<\/p>\n<p>Seules les grandes villes disposent de distributeurs automatiques de billets, il est donc indispensable d&rsquo;avoir de l&rsquo;argent liquide sur soi.[\/vc_column_text][\/vc_tta_section][vc_tta_section i_icon_fontawesome=\u00bbfa fa-solid fa-motorcycle\u00bb add_icon=\u00bbtrue\u00bb title=\u00bbLimitations de vitesse\u00bb tab_id=\u00bb1756985156411-3a136d8e-ae6a\u00bb][vc_column_text]<strong>Autoroute : <\/strong>120 km\/h<\/p>\n<p><strong>Route : <\/strong>100 km\/h<\/p>\n<p><strong>Localit\u00e9s : <\/strong>60 km\/h[\/vc_column_text][\/vc_tta_section][\/vc_tta_tabs][\/vc_column][\/vc_row][vc_row][vc_column width=\u00bb1\/1&Prime;]<div class=\"shout_spacer clearfix\" style=\"height:18px;\"><\/div>[\/vc_column][\/vc_row][vc_row][vc_column width=\u00bb1\/1&Prime;][vc_column_text]Le Maroc est un pays situ\u00e9 en Afrique du Nord, baign\u00e9 par l&rsquo;oc\u00e9an Atlantique et la mer M\u00e9diterran\u00e9e, et s\u00e9par\u00e9 de l&rsquo;Europe par le d\u00e9troit de Gibraltar. Connu pour sa culture vibrante, ses march\u00e9s anim\u00e9s (souks) et ses paysages \u00e9poustouflants, le Maroc offre un m\u00e9lange unique de montagnes, de d\u00e9sert et de littoral. Le pays est divis\u00e9 en plusieurs r\u00e9gions : au nord, vous trouverez la ville moderne de Tanger et la ville historique de F\u00e8s ; au centre, les montagnes de l&rsquo;Atlas s\u00e9parent le d\u00e9sert du Sahara des grandes villes comme Marrakech et Casablanca. Au sud, le d\u00e9sert domine avec ses dunes et ses oasis, ce qui en fait une r\u00e9gion tr\u00e8s pris\u00e9e pour l&rsquo;aventure.<\/p>\n<h3><b>Climat<\/b><\/h3>\n<p>Le Maroc a un climat vari\u00e9, avec un climat m\u00e9diterran\u00e9en le long de la c\u00f4te et un climat d\u00e9sertique \u00e0 l&rsquo;int\u00e9rieur des terres et au sud. Dans les montagnes de l&rsquo;Atlas, les hivers peuvent \u00eatre froids, avec de la neige en altitude, tandis que les \u00e9t\u00e9s sont chauds et secs dans la majeure partie du pays. Le printemps (de mars \u00e0 mai) et l&rsquo;automne (de septembre \u00e0 novembre) sont les meilleures p\u00e9riodes pour voyager en moto, lorsque les temp\u00e9ratures sont plus douces.<\/p>\n<h3><b>Langues<\/b><\/h3>\n<p>L&rsquo;arabe et l&rsquo;amazigh (berb\u00e8re) sont les langues officielles du Maroc. Le fran\u00e7ais est largement parl\u00e9 dans les affaires, l&rsquo;administration et l&rsquo;enseignement, en particulier dans les grandes villes. L&rsquo;espagnol est \u00e9galement parl\u00e9 dans les r\u00e9gions du nord, comme Tanger et T\u00e9touan, en raison de leur proximit\u00e9 avec l&rsquo;Espagne et de leur pass\u00e9 colonial.<\/p>\n<h3><b>Conduite<\/b><\/h3>\n<p>Au Maroc, la conduite se fait \u00e0 droite et les autoroutes, en bon \u00e9tat, relient les principales villes. Les routes secondaires, en particulier dans les zones rurales ou montagneuses, peuvent \u00eatre plus difficiles. Sur les autoroutes, les p\u00e9ages sont pay\u00e9s aux stations manuelles, g\u00e9n\u00e9ralement en dirhams ou par carte bancaire. Une attention particuli\u00e8re est requise sur les routes de d\u00e9sert et de montagne, o\u00f9 le terrain peut \u00eatre impr\u00e9visible.<\/p>\n<h3><b>Camping<\/b><\/h3>\n<p>Le camping sauvage est tol\u00e9r\u00e9 dans certaines r\u00e9gions du Maroc, notamment dans le d\u00e9sert, mais il doit \u00eatre pratiqu\u00e9 avec prudence et dans le respect des r\u00e9glementations locales et environnementales. Il existe \u00e9galement plusieurs campings organis\u00e9s, en particulier dans les zones touristiques et \u00e0 proximit\u00e9 des attractions naturelles, qui offrent la s\u00e9curit\u00e9 et les services de base.<\/p>\n<h3><b>Zones motards<\/b><\/h3>\n<p>Le Maroc est une destination fantastique pour les cyclistes, offrant une grande vari\u00e9t\u00e9 de paysages et de terrains. La route des montagnes de l&rsquo;Atlas est particuli\u00e8rement populaire, offrant des vues incroyables et des d\u00e9fis de conduite. La route du Tizi n&rsquo;Tichka, entre Marrakech et Ouarzazate, traverse les hauts sommets de l&rsquo;Atlas et est l&rsquo;une des plus spectaculaires du pays. Une autre option consiste \u00e0 explorer le d\u00e9sert du Sahara, avec plusieurs routes menant aux dunes de l&rsquo;Erg Chebbi, pr\u00e8s de Merzouga.<\/p>\n<h3><b>Zones sp\u00e9ciales<\/b><\/h3>\n<p>Dans les grandes villes marocaines telles que Marrakech, Casablanca et Rabat, les centres historiques (m\u00e9dinas) ont un acc\u00e8s tr\u00e8s limit\u00e9 aux v\u00e9hicules, avec des rues \u00e9troites et des zones r\u00e9serv\u00e9es aux pi\u00e9tons et aux cyclomoteurs. Dans ces zones, il est conseill\u00e9 de se garer \u00e0 l&rsquo;ext\u00e9rieur et d&rsquo;explorer \u00e0 pied, <strong>v\u00e9rifiez<\/strong> donc <strong>o\u00f9 vous s\u00e9journez dans les grandes villes<\/strong>.<br \/>\nEn outre, dans les montagnes et les r\u00e9gions recul\u00e9es, certaines routes peuvent \u00eatre ferm\u00e9es en raison de conditions m\u00e9t\u00e9orologiques d\u00e9favorables, en particulier en hiver.[\/vc_column_text][\/vc_column][\/vc_row][vc_row][vc_column width=\u00bb1\/1&Prime;][vc_column_text]<span style=\"font-weight: 400;\">Tu as quelque chose \u00e0 corriger ou \u00e0 ajouter ? Contacte-nous, deviens un collaborateur Travel4Bikers <\/span>[\/vc_column_text][vc_cta h2=\u00bbVisiter une ville au Maroc\u00bb css=\u00bb\u00bb]<\/p>\n<h4>Profite au maximum, d\u00e9couvre quoi faire en 24h \u00e0<\/h4>\n<h4><a href=\"https:\/\/gyg.me\/vEDBct38\" target=\"_blank\" rel=\"noopener\">Marrakech<\/a> \u2013 <a href=\"https:\/\/gyg.me\/tH9zQNeb\" target=\"_blank\" rel=\"noopener\">Casablanca<\/a> \u2013 <a href=\"https:\/\/gyg.me\/OtispZby\" target=\"_blank\" rel=\"noopener\">Merzouga<\/a><\/h4>\n<p>[\/vc_cta][\/vc_column][\/vc_row][vc_row][vc_column width=\u00bb1\/1&Prime;][vc_message message_box_style=\u00bbclassic\u00bb]Ce site ne fournit pas d&rsquo;informations sur l&rsquo;obtention de visas, les vaccins ou d&rsquo;autres questions qui d\u00e9pendent \u00e0 la fois du pays d&rsquo;origine et de la destination.<br \/>\nTu dois v\u00e9rifier aupr\u00e8s de ton pays si tu as besoin de visas ou d&rsquo;autres exigences pour visiter les destinations souhait\u00e9es.[\/vc_message][\/vc_column][\/vc_row][vc_row][vc_column width=\u00bb1\/1&Prime;][vc_raw_html css=\u00bb\u00bb]JTVCdmNfY29sdW1uX3RleHQlNUQlMEElM0NwJTIwc3R5bGUlM0QlMjJ0ZXh0LWFsaWduJTNBJTIwcmlnaHQlM0IlMjIlM0UlM0NzdHJvbmclM0UlM0NhJTIwaHJlZiUzRCUyMmphdmFzY3JpcHQlM0FoaXN0b3J5LmJhY2slMjglMjklMjIlM0VSZXRvdXIlMjAlQzMlQTAlMjBsYSUyMFBhZ2UlMjBQciVDMyVBOWMlQzMlQTlkZW50ZSUzQyUyRmElM0UlM0MlMkZzdHJvbmclM0UlM0MlMkZwJTNFJTBBJTVCJTJGdmNfY29sdW1uX3RleHQlNUQ=[\/vc_raw_html][\/vc_column][\/vc_row][vc_row][vc_column width=\u00bb1\/1&Prime;]<div class=\"shout_spacer clearfix\" style=\"height:18px;\"><\/div>[\/vc_column][\/vc_row][vc_row][vc_column width=\u00bb1\/1&Prime;]<div class=\"prk_shortcode-title prk_break_word shout_left_align h1_sized\"><div class=\"body_font zero_color prk_vc_title\"><h1 style=\"font-weight:100;\">Histoires connexes<\/h1><\/div><div class=\"clearfix\"><\/div><\/div>[\/vc_column][\/vc_row][vc_row][vc_column width=\u00bb1\/1&Prime;]<div id=\"prk_shortcode_latest_posts\" class=\"recentposts_ul_wp small-12\"><div class=\"shortcode-title\"><\/div><div class=\"simple_line\"><\/div><h4 id=\"no_posts_title\" class=\"zero_color prk_heavier_600 big header_font\"><\/h4><\/div><div class=\"clearfix bt_1x\"><\/div>[\/vc_column][\/vc_row]<\/p>\n<\/div>","protected":false},"excerpt":{"rendered":"<p>Le Maroc est la porte d&rsquo;entr\u00e9e de l&rsquo;Afrique et l&rsquo;une des destinations pr\u00e9f\u00e9r\u00e9es des motocyclistes europ\u00e9ens. Entre les sommets enneig\u00e9s de l&rsquo;Atlas et les dunes infinies du Sahara, le pays offre des routes qui m\u00ealent aventure, exotisme et hospitalit\u00e9. Voyager \u00e0 moto au Maroc, c&rsquo;est ressentir la transition entre les continents et les cultures, dans un cadre aux contrastes uniques.  <\/p>\n","protected":false},"author":2,"featured_media":14494,"parent":10192,"menu_order":0,"comment_status":"closed","ping_status":"closed","template":"","meta":{"footnotes":""},"categories":[54,379],"tags":[381,1668,380,383,384,382],"class_list":["post-14493","page","type-page","status-publish","has-post-thumbnail","hentry","category-afrique","category-maroc","tag-casablanca","tag-deserto-do-saara","tag-marrakech","tag-merzouga","tag-montagnes-de-latlas","tag-rabat"],"acf":[],"_links":{"self":[{"href":"https:\/\/travel4bikers.com\/fr\/wp-json\/wp\/v2\/pages\/14493","targetHints":{"allow":["GET"]}}],"collection":[{"href":"https:\/\/travel4bikers.com\/fr\/wp-json\/wp\/v2\/pages"}],"about":[{"href":"https:\/\/travel4bikers.com\/fr\/wp-json\/wp\/v2\/types\/page"}],"author":[{"embeddable":true,"href":"https:\/\/travel4bikers.com\/fr\/wp-json\/wp\/v2\/users\/2"}],"replies":[{"embeddable":true,"href":"https:\/\/travel4bikers.com\/fr\/wp-json\/wp\/v2\/comments?post=14493"}],"version-history":[{"count":5,"href":"https:\/\/travel4bikers.com\/fr\/wp-json\/wp\/v2\/pages\/14493\/revisions"}],"predecessor-version":[{"id":23139,"href":"https:\/\/travel4bikers.com\/fr\/wp-json\/wp\/v2\/pages\/14493\/revisions\/23139"}],"up":[{"embeddable":true,"href":"https:\/\/travel4bikers.com\/fr\/wp-json\/wp\/v2\/pages\/10192"}],"wp:featuredmedia":[{"embeddable":true,"href":"https:\/\/travel4bikers.com\/fr\/wp-json\/wp\/v2\/media\/14494"}],"wp:attachment":[{"href":"https:\/\/travel4bikers.com\/fr\/wp-json\/wp\/v2\/media?parent=14493"}],"wp:term":[{"taxonomy":"category","embeddable":true,"href":"https:\/\/travel4bikers.com\/fr\/wp-json\/wp\/v2\/categories?post=14493"},{"taxonomy":"post_tag","embeddable":true,"href":"https:\/\/travel4bikers.com\/fr\/wp-json\/wp\/v2\/tags?post=14493"}],"curies":[{"name":"wp","href":"https:\/\/api.w.org\/{rel}","templated":true}]}}