{"id":14539,"date":"2017-07-05T16:19:54","date_gmt":"2017-07-05T15:19:54","guid":{"rendered":"https:\/\/travel4bikers.com\/voyager-vers\/suisse\/"},"modified":"2025-12-15T18:47:50","modified_gmt":"2025-12-15T17:47:50","slug":"suisse","status":"publish","type":"page","link":"https:\/\/travel4bikers.com\/fr\/voyager-vers\/suisse\/","title":{"rendered":"Suisse"},"content":{"rendered":"<div class=\"wpb-content-wrapper\"><p>[vc_row][vc_column width=\u00bb1\/1&Prime;][vc_single_image source=\u00bbfeatured_image\u00bb img_size=\u00bbfull\u00bb alignment=\u00bbcenter\u00bb]<div class=\"shout_spacer clearfix\" style=\"height:20px;\"><\/div>[\/vc_column][\/vc_row][vc_row][vc_column width=\u00bb1\/1&Prime;]<div class=\"prk_shortcode-title prk_break_word shout_left_align h1_sized\"><div class=\"body_font zero_color prk_vc_title\"><h1 style=\"font-weight:100;\">Voyager en Suisse \ud83c\udde8\ud83c\udded<\/h1><\/div><div class=\"clearfix\"><\/div><\/div><div class=\"shout_spacer clearfix\" style=\"height:18px;\"><\/div>[\/vc_column][\/vc_row][vc_row font_color=\u00bb#0693E3&Prime;][vc_column width=\u00bb1\/1&Prime;][vc_column_text]<\/p>\n<blockquote><p>La Suisse est un v\u00e9ritable paradis alpin pour les motards, avec des routes qui serpentent entre d&rsquo;imposantes montagnes, des lacs cristallins et des vall\u00e9es verdoyantes. Les mythiques cols alpins, pleins de virages et de panoramas \u00e0 couper le souffle, font de ce petit pays une destination incontournable pour ceux qui recherchent l&rsquo;aventure et la nature \u00e0 l&rsquo;\u00e9tat pur.<\/p><\/blockquote>\n<p>[\/vc_column_text][\/vc_column][\/vc_row][vc_row][vc_column width=\u00bb1\/1&Prime;][vc_tta_tabs][vc_tta_section i_icon_fontawesome=\u00bbfa fa-regular fa-map\u00bb add_icon=\u00bbtrue\u00bb title=\u00bbInformations g\u00e9n\u00e9rales\u00bb tab_id=\u00bb1756984282331-d59962b9-8d9b\u00bb][vc_column_text]<strong>Capitale : <\/strong>Berne<\/p>\n<p><strong>Langue officielle : <\/strong>allemand, fran\u00e7ais, italien, romanche<\/p>\n<p><strong>Num\u00e9ro d&rsquo;urgence : <\/strong>112[\/vc_column_text][\/vc_tta_section][vc_tta_section i_icon_fontawesome=\u00bbfa fa-regular fa-money-bill-1&Prime; add_icon=\u00bbtrue\u00bb title=\u00bbFinances\u00bb tab_id=\u00bb1756984282346-461ddde8-312d\u00bb][vc_column_text]<strong>Monnaie : <\/strong>Franc suisse (CHF)<\/p>\n<p>Les paiements par carte sont largement accept\u00e9s.[\/vc_column_text][\/vc_tta_section][vc_tta_section i_icon_fontawesome=\u00bbfa fa-solid fa-motorcycle\u00bb add_icon=\u00bbtrue\u00bb title=\u00bbLimitations de vitesse\u00bb tab_id=\u00bb1756985156411-3a136d8e-ae6a\u00bb][vc_column_text]<strong>Autoroute : <\/strong>120 km\/h<\/p>\n<p><strong>Route : <\/strong>80 km\/h<\/p>\n<p><strong>Localit\u00e9s : <\/strong>50 km\/h[\/vc_column_text][\/vc_tta_section][\/vc_tta_tabs][\/vc_column][\/vc_row][vc_row][vc_column width=\u00bb1\/1&Prime;]<div class=\"shout_spacer clearfix\" style=\"height:18px;\"><\/div>[\/vc_column][\/vc_row][vc_row][vc_column width=\u00bb1\/1&Prime;][vc_column_text]La Suisse est un pays situ\u00e9 au c\u0153ur de l&rsquo;Europe, connu pour ses Alpes majestueuses, ses lacs cristallins et ses villes historiques. Elle est divis\u00e9e en plusieurs r\u00e9gions, chacune ayant sa propre culture et sa propre langue. Au nord se trouve Zurich, la plus grande ville et le centre financier. \u00c0 l&rsquo;ouest, la r\u00e9gion de Gen\u00e8ve et Lausanne est majoritairement francophone, tandis qu&rsquo;au sud, Lugano refl\u00e8te les influences italiennes. \u00c0 l&rsquo;est, les Grisons conservent le romanche, l&rsquo;une des langues nationales les moins parl\u00e9es. Berne, la capitale, est une ville m\u00e9di\u00e9vale \u00e0 l&rsquo;atmosph\u00e8re paisible, situ\u00e9e sur les rives de l&rsquo;Aar.<\/p>\n<p>La Suisse ne faisant pas partie de l&rsquo;Union \u00e9conomique europ\u00e9enne, vous devez v\u00e9rifier que votre plan d&rsquo;itin\u00e9rance pour t\u00e9l\u00e9phone portable inclut la Suisse et que votre assurance couvre la Suisse.<\/p>\n<h3><b>Climat<\/b><\/h3>\n<p>La Suisse a un climat vari\u00e9 en raison de sa topographie montagneuse. Dans les r\u00e9gions montagneuses des Alpes, l&rsquo;hiver est rude, avec beaucoup de neige, ce qui est id\u00e9al pour les sports d&rsquo;hiver. Dans les r\u00e9gions plus basses, comme Gen\u00e8ve et Zurich, les \u00e9t\u00e9s sont chauds et les hivers froids. Les meilleures p\u00e9riodes pour voyager en moto sont le printemps et l&rsquo;\u00e9t\u00e9 (de mai \u00e0 septembre), lorsque les routes de montagne sont accessibles et que le climat est plus stable.<\/p>\n<h3><b>Langues<\/b><\/h3>\n<p>La Suisse a quatre langues officielles : l&rsquo;allemand, le fran\u00e7ais, l&rsquo;italien et le romanche. L&rsquo;allemand pr\u00e9domine au centre et \u00e0 l&rsquo;est (Zurich, Berne, Lucerne), le fran\u00e7ais est parl\u00e9 \u00e0 l&rsquo;ouest (Gen\u00e8ve, Lausanne), l&rsquo;italien au sud (Lugano), et le romanche est parl\u00e9 par une minorit\u00e9 dans les Grisons. Chaque r\u00e9gion poss\u00e8de sa propre identit\u00e9 linguistique et culturelle.<\/p>\n<h3><b>Conduite<\/b><\/h3>\n<p>En Suisse, la conduite se fait \u00e0 droite. Pour emprunter les autoroutes, vous devez acheter une vignette annuelle (un autocollant plac\u00e9 sur le pare-brise), qui peut \u00eatre achet\u00e9e aux fronti\u00e8res ou dans les stations-service.Les routes de montagne sont bien entretenues, mais peuvent \u00eatre difficiles, surtout en hiver, lorsque certaines peuvent \u00eatre ferm\u00e9es \u00e0 cause de la neige.En Suisse, les GPS et autres applications ne sont pas autoris\u00e9s \u00e0 indiquer l&#8217;emplacement des radars, vous devez donc \u00eatre vigilant, car les amendes sont \u00e9lev\u00e9es. La limite de vitesse sur les autoroutes est de 120 km\/h et les contr\u00f4les sont stricts.<\/p>\n<h3><b>Camping<\/b><\/h3>\n<p>Le camping sauvage est g\u00e9n\u00e9ralement interdit en Suisse, en particulier dans les zones prot\u00e9g\u00e9es telles que les parcs nationaux et les r\u00e9serves naturelles. Cependant, il existe de nombreux campings bien \u00e9quip\u00e9s dans tout le pays, en particulier dans les r\u00e9gions montagneuses et au bord des lacs, qui offrent aux campeurs une exp\u00e9rience s\u00fbre et organis\u00e9e.<\/p>\n<h3><b>Zones motards<\/b><\/h3>\n<p>La Suisse offre quelques-unes des routes de moto les plus spectaculaires d&rsquo;Europe. La route des Alpes suisses, qui comprend le col du Furkapass, le col du Grimselpass et le col du Sustenpass, est tr\u00e8s appr\u00e9ci\u00e9e des motocyclistes, car elle offre des virages difficiles et des vues \u00e0 couper le souffle sur les Alpes. Le col du San Bernardino, dans le canton des Grisons, est un autre itin\u00e9raire tr\u00e8s pris\u00e9, qui combine d&rsquo;imposantes montagnes et des lacs alpins.<\/p>\n<h3><b>Zones sp\u00e9ciales<\/b><\/h3>\n<p>Dans certaines grandes villes, comme Zurich et Gen\u00e8ve, il existe des zones \u00e0 circulation limit\u00e9e, principalement dans les quartiers centraux et historiques, afin de r\u00e9duire les embouteillages et de prot\u00e9ger les pi\u00e9tons. En outre, en hiver, certaines routes de montagne peuvent \u00eatre soumises \u00e0 des restrictions d&rsquo;acc\u00e8s, n\u00e9cessitant des pneus d&rsquo;hiver ou des cha\u00eenes \u00e0 neige.[\/vc_column_text][\/vc_column][\/vc_row][vc_row][vc_column width=\u00bb1\/1&Prime;][vc_column_text]<span style=\"font-weight: 400;\">Tu as quelque chose \u00e0 corriger ou \u00e0 ajouter ? Contacte-nous, deviens un collaborateur Travel4Bikers <\/span>[\/vc_column_text][vc_cta h2=\u00bbVisiter une ville en Suisse\u00bb css=\u00bb\u00bb]<\/p>\n<h4>Profitez-en, voici ce qu&rsquo;il faut faire en 24 heures \u00e0<\/h4>\n<h4><a href=\"https:\/\/gyg.me\/ibxLg6o5\" target=\"_blank\" rel=\"noopener\">Berne<\/a>, <a href=\"https:\/\/gyg.me\/ibxLg6o5\" target=\"_blank\" rel=\"noopener\">Gen\u00e8ve<\/a> ou <a href=\"https:\/\/gyg.me\/VG9Gtzjv\" target=\"_blank\" rel=\"noopener\">Zurich<\/a><\/h4>\n<p>[\/vc_cta][\/vc_column][\/vc_row][vc_row][vc_column width=\u00bb1\/1&Prime;][vc_message message_box_style=\u00bbclassic\u00bb]Ce site ne fournit pas d&rsquo;informations sur l&rsquo;obtention de visas, les vaccins ou d&rsquo;autres questions qui d\u00e9pendent \u00e0 la fois du pays d&rsquo;origine et de la destination.<br \/>\nTu dois v\u00e9rifier aupr\u00e8s de ton pays si tu as besoin de visas ou d&rsquo;autres exigences pour visiter les destinations souhait\u00e9es.[\/vc_message][\/vc_column][\/vc_row][vc_row][vc_column width=\u00bb1\/1&Prime;][vc_raw_html css=\u00bb\u00bb]JTVCdmNfY29sdW1uX3RleHQlNUQlMEElM0NwJTIwc3R5bGUlM0QlMjJ0ZXh0LWFsaWduJTNBJTIwcmlnaHQlM0IlMjIlM0UlM0NzdHJvbmclM0UlM0NhJTIwaHJlZiUzRCUyMmphdmFzY3JpcHQlM0FoaXN0b3J5LmJhY2slMjglMjklMjIlM0VSZXRvdXIlMjAlQzMlQTAlMjBsYSUyMFBhZ2UlMjBQciVDMyVBOWMlQzMlQTlkZW50ZSUzQyUyRmElM0UlM0MlMkZzdHJvbmclM0UlM0MlMkZwJTNFJTBBJTVCJTJGdmNfY29sdW1uX3RleHQlNUQ=[\/vc_raw_html][\/vc_column][\/vc_row][vc_row][vc_column width=\u00bb1\/1&Prime;]<div class=\"shout_spacer clearfix\" style=\"height:18px;\"><\/div>[\/vc_column][\/vc_row][vc_row][vc_column width=\u00bb1\/1&Prime;]<div class=\"prk_shortcode-title prk_break_word shout_left_align h1_sized\"><div class=\"body_font zero_color prk_vc_title\"><h1 style=\"font-weight:100;\">Histoires connexes<\/h1><\/div><div class=\"clearfix\"><\/div><\/div>[\/vc_column][\/vc_row][vc_row][vc_column width=\u00bb1\/1&Prime;]<div id=\"prk_shortcode_latest_posts\" class=\"recentposts_ul_wp small-12\"><div class=\"shortcode-title\"><\/div><div class=\"simple_line\"><\/div><h4 id=\"no_posts_title\" class=\"zero_color prk_heavier_600 big header_font\"><\/h4><\/div><div class=\"clearfix bt_1x\"><\/div>[\/vc_column][\/vc_row]<\/p>\n<\/div>","protected":false},"excerpt":{"rendered":"<p>La Suisse est un v\u00e9ritable paradis alpin pour les motards, avec des routes qui serpentent entre d&rsquo;imposantes montagnes, des lacs cristallins et des vall\u00e9es verdoyantes. Les mythiques cols alpins, pleins de virages et de panoramas \u00e0 couper le souffle, font de ce petit pays une destination incontournable pour ceux qui recherchent l&rsquo;aventure et la nature \u00e0 l&rsquo;\u00e9tat pur. <\/p>\n","protected":false},"author":2,"featured_media":14540,"parent":10192,"menu_order":0,"comment_status":"closed","ping_status":"closed","template":"","meta":{"footnotes":""},"categories":[59,426],"tags":[997,428,429,431,430,565],"class_list":["post-14539","page","type-page","status-publish","has-post-thumbnail","hentry","category-europe","category-suisse","tag-alpes","tag-furkapass","tag-grimselpass","tag-san-bernardino","tag-sustenpass","tag-swiss-alps-route"],"acf":[],"_links":{"self":[{"href":"https:\/\/travel4bikers.com\/fr\/wp-json\/wp\/v2\/pages\/14539","targetHints":{"allow":["GET"]}}],"collection":[{"href":"https:\/\/travel4bikers.com\/fr\/wp-json\/wp\/v2\/pages"}],"about":[{"href":"https:\/\/travel4bikers.com\/fr\/wp-json\/wp\/v2\/types\/page"}],"author":[{"embeddable":true,"href":"https:\/\/travel4bikers.com\/fr\/wp-json\/wp\/v2\/users\/2"}],"replies":[{"embeddable":true,"href":"https:\/\/travel4bikers.com\/fr\/wp-json\/wp\/v2\/comments?post=14539"}],"version-history":[{"count":2,"href":"https:\/\/travel4bikers.com\/fr\/wp-json\/wp\/v2\/pages\/14539\/revisions"}],"predecessor-version":[{"id":23189,"href":"https:\/\/travel4bikers.com\/fr\/wp-json\/wp\/v2\/pages\/14539\/revisions\/23189"}],"up":[{"embeddable":true,"href":"https:\/\/travel4bikers.com\/fr\/wp-json\/wp\/v2\/pages\/10192"}],"wp:featuredmedia":[{"embeddable":true,"href":"https:\/\/travel4bikers.com\/fr\/wp-json\/wp\/v2\/media\/14540"}],"wp:attachment":[{"href":"https:\/\/travel4bikers.com\/fr\/wp-json\/wp\/v2\/media?parent=14539"}],"wp:term":[{"taxonomy":"category","embeddable":true,"href":"https:\/\/travel4bikers.com\/fr\/wp-json\/wp\/v2\/categories?post=14539"},{"taxonomy":"post_tag","embeddable":true,"href":"https:\/\/travel4bikers.com\/fr\/wp-json\/wp\/v2\/tags?post=14539"}],"curies":[{"name":"wp","href":"https:\/\/api.w.org\/{rel}","templated":true}]}}