{"id":14627,"date":"2017-07-05T16:19:54","date_gmt":"2017-07-05T15:19:54","guid":{"rendered":"https:\/\/travel4bikers.com\/voyager-vers\/mexique\/"},"modified":"2025-12-12T13:48:00","modified_gmt":"2025-12-12T12:48:00","slug":"mexique","status":"publish","type":"page","link":"https:\/\/travel4bikers.com\/fr\/voyager-vers\/mexique\/","title":{"rendered":"Mexique"},"content":{"rendered":"<div class=\"wpb-content-wrapper\"><p>[vc_row][vc_column width=\u00bb1\/1&Prime;][vc_single_image source=\u00bbfeatured_image\u00bb img_size=\u00bbfull\u00bb alignment=\u00bbcenter\u00bb]<div class=\"shout_spacer clearfix\" style=\"height:20px;\"><\/div>[\/vc_column][\/vc_row][vc_row][vc_column width=\u00bb1\/1&Prime;]<div class=\"prk_shortcode-title prk_break_word shout_left_align h1_sized\"><div class=\"body_font zero_color prk_vc_title\"><h1 style=\"font-weight:100;\">Se rendre au Mexique \ud83c\uddf2\ud83c\uddfd<\/h1><\/div><div class=\"clearfix\"><\/div><\/div><div class=\"shout_spacer clearfix\" style=\"height:18px;\"><\/div>[\/vc_column][\/vc_row][vc_row font_color=\u00bb#0693E3&Prime;][vc_column width=\u00bb1\/1&Prime;][vc_column_text]<\/p>\n<blockquote><p>Le Mexique est un pays vibrant \u00e0 explorer en moto, avec des routes qui traversent des d\u00e9serts, des montagnes, des jungles tropicales et un littoral baign\u00e9 par le Pacifique et les Cara\u00efbes, toujours accompagn\u00e9 d&rsquo;une culture riche et accueillante.<\/p><\/blockquote>\n<p>[\/vc_column_text][\/vc_column][\/vc_row][vc_row][vc_column width=\u00bb1\/1&Prime;][vc_tta_tabs][vc_tta_section i_icon_fontawesome=\u00bbfa fa-regular fa-map\u00bb add_icon=\u00bbtrue\u00bb title=\u00bbInformations g\u00e9n\u00e9rales\u00bb tab_id=\u00bb1756984282331-d59962b9-8d9b\u00bb][vc_column_text]<strong>Capitale : <span style=\"font-weight: 400;\">Mexico<\/span><\/strong><\/p>\n<p><strong>Langue officielle : <span style=\"font-weight: 400;\">espagnol (68 langues indig\u00e8nes \u00e9galement reconnues, telles que le nahuatl et le maya)<\/span><\/strong><\/p>\n<p><strong>Num\u00e9ro d&rsquo;urgence :<\/strong> 911[\/vc_column_text][\/vc_tta_section][vc_tta_section i_icon_fontawesome=\u00bbfa fa-regular fa-money-bill-1&Prime; add_icon=\u00bbtrue\u00bb title=\u00bbFinances\u00bb tab_id=\u00bb1756984282346-461ddde8-312d\u00bb][vc_column_text]<strong>Monnaie : <span style=\"font-weight: 400;\">Peso mexicain (MXN)<\/span><\/strong><\/p>\n<p>Les paiements par carte sont largement accept\u00e9s dans les villes ; dans les zones rurales, nous vous recommandons de payer en esp\u00e8ces.[\/vc_column_text][\/vc_tta_section][vc_tta_section i_icon_fontawesome=\u00bbfa fa-solid fa-motorcycle\u00bb add_icon=\u00bbtrue\u00bb title=\u00bbLimitations de vitesse\u00bb tab_id=\u00bb1756985156411-3a136d8e-ae6a\u00bb][vc_column_text]<strong>Autoroute :<\/strong> 110-120 km\/h (selon la route)<\/p>\n<p><strong>Route :<\/strong> 80-100 km\/h<\/p>\n<p><strong>Localit\u00e9s <\/strong><strong>:<\/strong> 40-60 km\/h[\/vc_column_text][\/vc_tta_section][\/vc_tta_tabs][\/vc_column][\/vc_row][vc_row][vc_column width=\u00bb1\/1&Prime;]<div class=\"shout_spacer clearfix\" style=\"height:18px;\"><\/div>[\/vc_column][\/vc_row][vc_row][vc_column width=\u00bb1\/1&Prime;][vc_column_text]<span style=\"font-weight: 400;\">Le Mexique est l&rsquo;un des plus grands pays d&rsquo;Am\u00e9rique du Nord, connu pour son riche patrimoine culturel (maya et azt\u00e8que), ses plages des Cara\u00efbes et du Pacifique, ses villes coloniales et sa gastronomie reconnue au patrimoine mondial de l&rsquo;humanit\u00e9. La ville de Mexico est l&rsquo;une des plus grandes m\u00e9tropoles du monde. <\/span><\/p>\n<h3><b>Climat<\/b><\/h3>\n<p><span style=\"font-weight: 400;\">Tr\u00e8s diversifi\u00e9 : aride au nord, tropical humide au sud, temp\u00e9r\u00e9 dans les hautes r\u00e9gions du plateau central.<\/span><\/p>\n<h3><b>Langues<\/b><\/h3>\n<p><span style=\"font-weight: 400;\">L&rsquo;espagnol est pr\u00e9dominant. Il existe des dizaines de langues indig\u00e8nes reconnues, dont le nahuatl, le maya, le zapot\u00e8que et le mixt\u00e8que. L&rsquo;anglais est parl\u00e9 dans les zones touristiques. <\/span><\/p>\n<h3><b>Conduite<\/b><\/h3>\n<p><span style=\"font-weight: 400;\">Roulez \u00e0 droite. Les autoroutes sont divis\u00e9es en <\/span><b>gratuit<\/b><span style=\"font-weight: 400;\"> (libre) et <\/span><b>quotas<\/b><span style=\"font-weight: 400;\"> (avec p\u00e9age). Sur les routes \u00e0 p\u00e9age, le paiement s&rsquo;effectue manuellement ou \u00e9lectroniquement (IAVE TAG). <\/span><\/p>\n<h3><b>Camping<\/b><\/h3>\n<p><span style=\"font-weight: 400;\">Le camping sauvage n&rsquo;est ni courant ni s\u00fbr dans les zones urbaines. Dans les zones rurales, il peut \u00eatre tol\u00e9r\u00e9, mais il est pr\u00e9f\u00e9rable d&rsquo;utiliser les campings et les aires de camping-car. <\/span><\/p>\n<h3><b>Zones motards<\/b><\/h3>\n<p><span style=\"font-weight: 400;\">Les itin\u00e9raires embl\u00e9matiques comprennent la Basse-Californie, la route panam\u00e9ricaine, la Sierra Madre et la c\u00f4te pacifique (Acapulco, Puerto Vallarta).<\/span><\/p>\n<h3><b>Zones sp\u00e9ciales<\/b><\/h3>\n<p><span style=\"font-weight: 400;\">Mexico a des restrictions de circulation (programme <\/span><b>Hoy No Circula<\/b><span style=\"font-weight: 400;\">), des zones pi\u00e9tonnes dans le centre historique et des parkings payants.<\/span>[\/vc_column_text][\/vc_column][\/vc_row][vc_row][vc_column width=\u00bb1\/1&Prime;][vc_column_text]<span style=\"font-weight: 400;\">Tu as quelque chose \u00e0 corriger ou \u00e0 ajouter ? Contacte-nous, deviens un collaborateur Travel4Bikers <\/span>[\/vc_column_text][vc_cta h2=\u00bbVisiter une ville au Mexique\u00bb css=\u00bb\u00bb]<\/p>\n<h4>Profitez-en au maximum, voyez ce qu&rsquo;il faut faire en 24 heures sur le site<\/h4>\n<h4><a href=\"https:\/\/gyg.me\/RhU1ew7n\" target=\"_blank\" rel=\"noopener\">Mexico<\/a> \u2013 <a href=\"https:\/\/gyg.me\/KK7iRhBT\" target=\"_blank\" rel=\"noopener\">Acapulco<\/a> \u2013 <a href=\"https:\/\/gyg.me\/LrB8qSmI\" target=\"_blank\" rel=\"noopener\">Guadalajara<\/a> \u2013 <a href=\"https:\/\/gyg.me\/0QrE0nXn\" target=\"_blank\" rel=\"noopener\">Baja California <\/a><\/h4>\n<p>[\/vc_cta][\/vc_column][\/vc_row][vc_row][vc_column width=\u00bb1\/1&Prime;][vc_message message_box_style=\u00bbclassic\u00bb]Ce site ne fournit pas d&rsquo;informations sur l&rsquo;obtention de visas, les vaccins ou d&rsquo;autres questions qui d\u00e9pendent \u00e0 la fois du pays d&rsquo;origine et de la destination.<br \/>\nTu dois v\u00e9rifier aupr\u00e8s de ton pays si tu as besoin de visas ou d&rsquo;autres exigences pour visiter les destinations souhait\u00e9es.[\/vc_message][\/vc_column][\/vc_row][vc_row][vc_column width=\u00bb1\/1&Prime;][vc_raw_html css=\u00bb\u00bb]JTVCdmNfY29sdW1uX3RleHQlNUQlMEElM0NwJTIwc3R5bGUlM0QlMjJ0ZXh0LWFsaWduJTNBJTIwcmlnaHQlM0IlMjIlM0UlM0NzdHJvbmclM0UlM0NhJTIwaHJlZiUzRCUyMmphdmFzY3JpcHQlM0FoaXN0b3J5LmJhY2slMjglMjklMjIlM0VSZXRvdXIlMjAlQzMlQTAlMjBsYSUyMFBhZ2UlMjBQciVDMyVBOWMlQzMlQTlkZW50ZSUzQyUyRmElM0UlM0MlMkZzdHJvbmclM0UlM0MlMkZwJTNFJTBBJTVCJTJGdmNfY29sdW1uX3RleHQlNUQ=[\/vc_raw_html][\/vc_column][\/vc_row][vc_row][vc_column width=\u00bb1\/1&Prime;]<div class=\"shout_spacer clearfix\" style=\"height:18px;\"><\/div>[\/vc_column][\/vc_row][vc_row][vc_column width=\u00bb1\/1&Prime;]<div class=\"prk_shortcode-title prk_break_word shout_left_align h1_sized\"><div class=\"body_font zero_color prk_vc_title\"><h1 style=\"font-weight:100;\">Histoires connexes<\/h1><\/div><div class=\"clearfix\"><\/div><\/div>[\/vc_column][\/vc_row][vc_row][vc_column width=\u00bb1\/1&Prime;]<div id=\"prk_shortcode_latest_posts\" class=\"recentposts_ul_wp small-12\"><div class=\"shortcode-title\"><\/div><div class=\"simple_line\"><\/div><h4 id=\"no_posts_title\" class=\"zero_color prk_heavier_600 big header_font\"><\/h4><\/div><div class=\"clearfix bt_1x\"><\/div>[\/vc_column][\/vc_row]<\/p>\n<\/div>","protected":false},"excerpt":{"rendered":"<p>Le Mexique est un pays vibrant \u00e0 explorer en moto, avec des routes qui traversent des d\u00e9serts, des montagnes, des jungles tropicales et un littoral baign\u00e9 par le Pacifique et les Cara\u00efbes, toujours accompagn\u00e9 d&rsquo;une culture riche et accueillante.<\/p>\n","protected":false},"author":2,"featured_media":14626,"parent":10192,"menu_order":0,"comment_status":"closed","ping_status":"closed","template":"","meta":{"footnotes":""},"categories":[64,506],"tags":[511,567,568,472,773,774,569,512,513],"class_list":["post-14627","page","type-page","status-publish","has-post-thumbnail","hentry","category-amerique-du-nord","category-mexique","tag-acapulco","tag-aztecs","tag-baja-california","tag-caraibes","tag-mayans","tag-pacific","tag-pan-american","tag-puerto-vallarta","tag-sierra-madre"],"acf":[],"_links":{"self":[{"href":"https:\/\/travel4bikers.com\/fr\/wp-json\/wp\/v2\/pages\/14627","targetHints":{"allow":["GET"]}}],"collection":[{"href":"https:\/\/travel4bikers.com\/fr\/wp-json\/wp\/v2\/pages"}],"about":[{"href":"https:\/\/travel4bikers.com\/fr\/wp-json\/wp\/v2\/types\/page"}],"author":[{"embeddable":true,"href":"https:\/\/travel4bikers.com\/fr\/wp-json\/wp\/v2\/users\/2"}],"replies":[{"embeddable":true,"href":"https:\/\/travel4bikers.com\/fr\/wp-json\/wp\/v2\/comments?post=14627"}],"version-history":[{"count":3,"href":"https:\/\/travel4bikers.com\/fr\/wp-json\/wp\/v2\/pages\/14627\/revisions"}],"predecessor-version":[{"id":23145,"href":"https:\/\/travel4bikers.com\/fr\/wp-json\/wp\/v2\/pages\/14627\/revisions\/23145"}],"up":[{"embeddable":true,"href":"https:\/\/travel4bikers.com\/fr\/wp-json\/wp\/v2\/pages\/10192"}],"wp:featuredmedia":[{"embeddable":true,"href":"https:\/\/travel4bikers.com\/fr\/wp-json\/wp\/v2\/media\/14626"}],"wp:attachment":[{"href":"https:\/\/travel4bikers.com\/fr\/wp-json\/wp\/v2\/media?parent=14627"}],"wp:term":[{"taxonomy":"category","embeddable":true,"href":"https:\/\/travel4bikers.com\/fr\/wp-json\/wp\/v2\/categories?post=14627"},{"taxonomy":"post_tag","embeddable":true,"href":"https:\/\/travel4bikers.com\/fr\/wp-json\/wp\/v2\/tags?post=14627"}],"curies":[{"name":"wp","href":"https:\/\/api.w.org\/{rel}","templated":true}]}}