{"id":14722,"date":"2017-07-05T16:19:54","date_gmt":"2017-07-05T15:19:54","guid":{"rendered":"https:\/\/travel4bikers.com\/voyager-vers\/laos\/"},"modified":"2025-12-12T13:25:29","modified_gmt":"2025-12-12T12:25:29","slug":"laos","status":"publish","type":"page","link":"https:\/\/travel4bikers.com\/fr\/voyager-vers\/laos\/","title":{"rendered":"Laos"},"content":{"rendered":"<div class=\"wpb-content-wrapper\"><p>[vc_row][vc_column width=\u00bb1\/1&Prime;][vc_single_image source=\u00bbfeatured_image\u00bb img_size=\u00bbfull\u00bb alignment=\u00bbcenter\u00bb]<div class=\"shout_spacer clearfix\" style=\"height:20px;\"><\/div>[\/vc_column][\/vc_row][vc_row][vc_column width=\u00bb1\/1&Prime;]<div class=\"prk_shortcode-title prk_break_word shout_left_align h1_sized\"><div class=\"body_font zero_color prk_vc_title\"><h1 style=\"font-weight:100;\">Laos \ud83c\uddf1\ud83c\udde6<\/h1><\/div><div class=\"clearfix\"><\/div><\/div><div class=\"shout_spacer clearfix\" style=\"height:18px;\"><\/div>[\/vc_column][\/vc_row][vc_row font_color=\u00bb#0693E3&Prime;][vc_column width=\u00bb1\/1&Prime;][vc_column_text]<\/p>\n<blockquote><p>Le Laos est une authentique destination pour les motards, avec des routes qui serpentent \u00e0 travers des montagnes couvertes de jungle, des rivi\u00e8res imposantes et des villages traditionnels, offrant \u00e0 la fois aventure et tranquillit\u00e9.<\/p><\/blockquote>\n<p>[\/vc_column_text][\/vc_column][\/vc_row][vc_row][vc_column width=\u00bb1\/1&Prime;][vc_tta_tabs][vc_tta_section i_icon_fontawesome=\u00bbfa fa-regular fa-map\u00bb add_icon=\u00bbtrue\u00bb title=\u00bbInformations g\u00e9n\u00e9rales\u00bb tab_id=\u00bb1756984282331-d59962b9-8d9b\u00bb][vc_column_text]<strong>Capitale : <span style=\"font-weight: 400;\">Vientiane<\/span><\/strong><\/p>\n<p><strong>Langue officielle : <span style=\"font-weight: 400;\">Lao<\/span><\/strong><\/p>\n<p><strong>Num\u00e9ro d&rsquo;urgence : <\/strong><span style=\"font-weight: 400;\">191 (police) \/ 195 (ambulances)<\/span>[\/vc_column_text][\/vc_tta_section][vc_tta_section i_icon_fontawesome=\u00bbfa fa-regular fa-money-bill-1&Prime; add_icon=\u00bbtrue\u00bb title=\u00bbFinances\u00bb tab_id=\u00bb1756984282346-461ddde8-312d\u00bb][vc_column_text]<strong>Monnaie : <span style=\"font-weight: 400;\">Kip (LAK)<\/span><\/strong><\/p>\n<p>Les cartes ne sont accept\u00e9es que dans les villes touristiques.[\/vc_column_text][\/vc_tta_section][vc_tta_section i_icon_fontawesome=\u00bbfa fa-solid fa-motorcycle\u00bb add_icon=\u00bbtrue\u00bb title=\u00bbLimitations de vitesse\u00bb tab_id=\u00bb1756985156411-3a136d8e-ae6a\u00bb][vc_column_text]<strong>Autoroute :<\/strong> 100 km\/h<\/p>\n<p><strong>Route :<\/strong> 80 km\/h<\/p>\n<p><strong>Localit\u00e9s :<\/strong> 40-50 km\/h[\/vc_column_text][\/vc_tta_section][\/vc_tta_tabs][\/vc_column][\/vc_row][vc_row][vc_column width=\u00bb1\/1&Prime;]<div class=\"shout_spacer clearfix\" style=\"height:18px;\"><\/div>[\/vc_column][\/vc_row][vc_row][vc_column width=\u00bb1\/1&Prime;][vc_column_text]<span style=\"font-weight: 400;\">Le Laos est le seul pays enclav\u00e9 d&rsquo;Indochine, travers\u00e9 par le M\u00e9kong. Il est connu pour sa nature, ses temples bouddhistes et ses villes comme Luang Prabang (class\u00e9e au patrimoine mondial de l&rsquo;UNESCO). <\/span><\/p>\n<h3><b>Climat<\/b><\/h3>\n<p><span style=\"font-weight: 400;\">Mousson tropicale, avec une saison des pluies de mai \u00e0 octobre et une saison s\u00e8che de novembre \u00e0 avril.<\/span><\/p>\n<h3><b>Langues<\/b><\/h3>\n<p><span style=\"font-weight: 400;\">Le lao est la langue officielle. Des dialectes r\u00e9gionaux et des langues ethniques (Hmong, Khmu) sont \u00e9galement parl\u00e9s. L&rsquo;anglais est utilis\u00e9 dans le tourisme. <\/span><\/p>\n<h3><b>Conduite<\/b><\/h3>\n<p><span style=\"font-weight: 400;\">Conduisez \u00e0 droite. Les routes principales sont raisonnables, mais de nombreuses routes secondaires sont \u00e9troites et sinueuses. Il y a peu d&rsquo;autoroutes et peu de p\u00e9ages. <\/span><\/p>\n<h3><b>Camping<\/b><\/h3>\n<p><span style=\"font-weight: 400;\">Le camping sauvage n&rsquo;est pas courant. Il existe des maisons d&rsquo;h\u00f4tes et quelques campings dans les zones touristiques. <\/span><\/p>\n<h3><b>Zones motards<\/b><\/h3>\n<p><span style=\"font-weight: 400;\">Les itin\u00e9raires les plus populaires sont la route de Vang Vieng \u00e0 Luang Prabang et les montagnes du nord.<\/span><\/p>\n<h3><b>Zones sp\u00e9ciales<\/b><\/h3>\n<p><span style=\"font-weight: 400;\">Le centre de Vientiane et de Luang Prabang dispose de zones pi\u00e9tonnes et d&rsquo;une circulation contr\u00f4l\u00e9e.<\/span>[\/vc_column_text][\/vc_column][\/vc_row][vc_row][vc_column width=\u00bb1\/1&Prime;][vc_column_text]<span style=\"font-weight: 400;\">Tu as quelque chose \u00e0 corriger ou \u00e0 ajouter ? Contacte-nous, deviens un collaborateur Travel4Bikers <\/span>[\/vc_column_text][vc_cta h2=\u00bbVisite d&rsquo;une ville au Laos\u00bb css=\u00bb\u00bb]<\/p>\n<h4>Profite au maximum, d\u00e9couvre quoi faire en 24h \u00e0<\/h4>\n<h4><a href=\"https:\/\/gyg.me\/a56mMV07\" target=\"_blank\" rel=\"noopener\">Luang Prabang<\/a> \u2013 <a href=\"https:\/\/gyg.me\/A5W2VRrD\" target=\"_blank\" rel=\"noopener\">Vang Vieng<\/a><\/h4>\n<p>[\/vc_cta][\/vc_column][\/vc_row][vc_row][vc_column width=\u00bb1\/1&Prime;][vc_message message_box_style=\u00bbclassic\u00bb]Ce site ne fournit pas d&rsquo;informations sur l&rsquo;obtention de visas, les vaccins ou d&rsquo;autres questions qui d\u00e9pendent \u00e0 la fois du pays d&rsquo;origine et de la destination.<br \/>\nTu dois v\u00e9rifier aupr\u00e8s de ton pays si tu as besoin de visas ou d&rsquo;autres exigences pour visiter les destinations souhait\u00e9es.[\/vc_message][\/vc_column][\/vc_row][vc_row][vc_column width=\u00bb1\/1&Prime;][vc_raw_html css=\u00bb\u00bb]JTVCdmNfY29sdW1uX3RleHQlNUQlMEElM0NwJTIwc3R5bGUlM0QlMjJ0ZXh0LWFsaWduJTNBJTIwcmlnaHQlM0IlMjIlM0UlM0NzdHJvbmclM0UlM0NhJTIwaHJlZiUzRCUyMmphdmFzY3JpcHQlM0FoaXN0b3J5LmJhY2slMjglMjklMjIlM0VSZXRvdXIlMjAlQzMlQTAlMjBsYSUyMFBhZ2UlMjBQciVDMyVBOWMlQzMlQTlkZW50ZSUzQyUyRmElM0UlM0MlMkZzdHJvbmclM0UlM0MlMkZwJTNFJTBBJTVCJTJGdmNfY29sdW1uX3RleHQlNUQ=[\/vc_raw_html][\/vc_column][\/vc_row][vc_row][vc_column width=\u00bb1\/1&Prime;]<div class=\"shout_spacer clearfix\" style=\"height:18px;\"><\/div>[\/vc_column][\/vc_row][vc_row][vc_column width=\u00bb1\/1&Prime;]<div class=\"prk_shortcode-title prk_break_word shout_left_align h1_sized\"><div class=\"body_font zero_color prk_vc_title\"><h1 style=\"font-weight:100;\">Histoires connexes<\/h1><\/div><div class=\"clearfix\"><\/div><\/div>[\/vc_column][\/vc_row][vc_row][vc_column width=\u00bb1\/1&Prime;]<div id=\"prk_shortcode_latest_posts\" class=\"recentposts_ul_wp small-12\"><div class=\"shortcode-title\"><\/div><div class=\"simple_line\"><\/div><h4 id=\"no_posts_title\" class=\"zero_color prk_heavier_600 big header_font\"><\/h4><\/div><div class=\"clearfix bt_1x\"><\/div>[\/vc_column][\/vc_row]<\/p>\n<\/div>","protected":false},"excerpt":{"rendered":"<p>Le Laos est une authentique destination pour les motards, avec des routes qui serpentent \u00e0 travers des montagnes couvertes de jungle, des rivi\u00e8res imposantes et des villages traditionnels, offrant \u00e0 la fois aventure et tranquillit\u00e9.<\/p>\n","protected":false},"author":2,"featured_media":14721,"parent":10192,"menu_order":0,"comment_status":"closed","ping_status":"closed","template":"","meta":{"footnotes":""},"categories":[58,558],"tags":[566,559],"class_list":["post-14722","page","type-page","status-publish","has-post-thumbnail","hentry","category-asie","category-laos","tag-buddhist-temples","tag-luang-prabang"],"acf":[],"_links":{"self":[{"href":"https:\/\/travel4bikers.com\/fr\/wp-json\/wp\/v2\/pages\/14722","targetHints":{"allow":["GET"]}}],"collection":[{"href":"https:\/\/travel4bikers.com\/fr\/wp-json\/wp\/v2\/pages"}],"about":[{"href":"https:\/\/travel4bikers.com\/fr\/wp-json\/wp\/v2\/types\/page"}],"author":[{"embeddable":true,"href":"https:\/\/travel4bikers.com\/fr\/wp-json\/wp\/v2\/users\/2"}],"replies":[{"embeddable":true,"href":"https:\/\/travel4bikers.com\/fr\/wp-json\/wp\/v2\/comments?post=14722"}],"version-history":[{"count":4,"href":"https:\/\/travel4bikers.com\/fr\/wp-json\/wp\/v2\/pages\/14722\/revisions"}],"predecessor-version":[{"id":23120,"href":"https:\/\/travel4bikers.com\/fr\/wp-json\/wp\/v2\/pages\/14722\/revisions\/23120"}],"up":[{"embeddable":true,"href":"https:\/\/travel4bikers.com\/fr\/wp-json\/wp\/v2\/pages\/10192"}],"wp:featuredmedia":[{"embeddable":true,"href":"https:\/\/travel4bikers.com\/fr\/wp-json\/wp\/v2\/media\/14721"}],"wp:attachment":[{"href":"https:\/\/travel4bikers.com\/fr\/wp-json\/wp\/v2\/media?parent=14722"}],"wp:term":[{"taxonomy":"category","embeddable":true,"href":"https:\/\/travel4bikers.com\/fr\/wp-json\/wp\/v2\/categories?post=14722"},{"taxonomy":"post_tag","embeddable":true,"href":"https:\/\/travel4bikers.com\/fr\/wp-json\/wp\/v2\/tags?post=14722"}],"curies":[{"name":"wp","href":"https:\/\/api.w.org\/{rel}","templated":true}]}}