{"id":14907,"date":"2017-07-05T16:19:54","date_gmt":"2017-07-05T15:19:54","guid":{"rendered":"https:\/\/travel4bikers.com\/voyager-vers\/algerie\/"},"modified":"2025-12-12T12:02:20","modified_gmt":"2025-12-12T11:02:20","slug":"algerie","status":"publish","type":"page","link":"https:\/\/travel4bikers.com\/fr\/voyager-vers\/algerie\/","title":{"rendered":"Alg\u00e9rie"},"content":{"rendered":"<div class=\"wpb-content-wrapper\"><p>[vc_row][vc_column width=\u00bb1\/1&Prime;][vc_single_image source=\u00bbfeatured_image\u00bb img_size=\u00bbfull\u00bb alignment=\u00bbcenter\u00bb]<div class=\"shout_spacer clearfix\" style=\"height:20px;\"><\/div>[\/vc_column][\/vc_row][vc_row][vc_column width=\u00bb1\/1&Prime;]<div class=\"prk_shortcode-title prk_break_word shout_left_align h1_sized\"><div class=\"body_font zero_color prk_vc_title\"><h1 style=\"font-weight:100;\">Voyager vers Alg\u00e9rie \ud83c\udde9\ud83c\uddff<\/h1><\/div><div class=\"clearfix\"><\/div><\/div><div class=\"shout_spacer clearfix\" style=\"height:18px;\"><\/div>[\/vc_column][\/vc_row][vc_row font_color=\u00bb#0693E3&Prime;][vc_column width=\u00bb1\/1&Prime;][vc_column_text]<\/p>\n<blockquote><p>L&rsquo;Alg\u00e9rie est une destination fascinante pour les motards aventureux, avec des routes qui traversent le d\u00e9sert du Sahara, des cha\u00eenes de montagnes et des villes marqu\u00e9es par un riche patrimoine culturel.<\/p><\/blockquote>\n<p>[\/vc_column_text][\/vc_column][\/vc_row][vc_row][vc_column width=\u00bb1\/1&Prime;][vc_tta_tabs][vc_tta_section i_icon_fontawesome=\u00bbfa fa-regular fa-map\u00bb add_icon=\u00bbtrue\u00bb title=\u00bbInformations g\u00e9n\u00e9rales\u00bb tab_id=\u00bb1756984282331-d59962b9-8d9b\u00bb][vc_column_text]<strong>Capitale : <\/strong> Alger<\/p>\n<p><strong>Langue officielle : <\/strong>arabe, tamazight (berb\u00e8re)<\/p>\n<p><strong>Num\u00e9ro d&rsquo;urgence : <\/strong>1548 (police) \/ 14 (pompiers)[\/vc_column_text][\/vc_tta_section][vc_tta_section i_icon_fontawesome=\u00bbfa fa-regular fa-money-bill-1&Prime; add_icon=\u00bbtrue\u00bb title=\u00bbFinances\u00bb tab_id=\u00bb1756984282346-461ddde8-312d\u00bb][vc_column_text]<strong>Monnaie : <\/strong>Dinar alg\u00e9rien (DZD)<\/p>\n<p>Les paiements se font en esp\u00e8ces, les cartes sont rarement accept\u00e9es.[\/vc_column_text][\/vc_tta_section][vc_tta_section i_icon_fontawesome=\u00bbfa fa-solid fa-motorcycle\u00bb add_icon=\u00bbtrue\u00bb title=\u00bbLimitations de vitesse\u00bb tab_id=\u00bb1756985156411-3a136d8e-ae6a\u00bb][vc_column_text]<strong>Autoroute : <\/strong>120 km\/h<\/p>\n<p><strong>Route : <\/strong>100 km\/h<\/p>\n<p><strong>Localit\u00e9s : <\/strong>50 km\/h[\/vc_column_text][\/vc_tta_section][\/vc_tta_tabs][\/vc_column][\/vc_row][vc_row][vc_column width=\u00bb1\/1&Prime;]<div class=\"shout_spacer clearfix\" style=\"height:18px;\"><\/div>[\/vc_column][\/vc_row][vc_row][vc_column width=\u00bb1\/1&Prime;][vc_column_text]L&rsquo;Alg\u00e9rie est le plus grand pays d&rsquo;Afrique, dont la majeure partie du territoire est recouverte par le d\u00e9sert du Sahara. Elle est connue pour ses ruines romaines, ses vastes d\u00e9serts, ses montagnes de l&rsquo;Atlas et ses villes c\u00f4ti\u00e8res comme Alger et Oran.<\/p>\n<h3><b>Climat<\/b><\/h3>\n<p>M\u00e9diterran\u00e9en sur la c\u00f4te, semi-aride \u00e0 l&rsquo;int\u00e9rieur des terres et d\u00e9sertique dans le Sahara. Les hivers sont doux sur la c\u00f4te et les \u00e9t\u00e9s tr\u00e8s chauds \u00e0 l&rsquo;int\u00e9rieur des terres.<\/p>\n<h3><b>Langues<\/b><\/h3>\n<p>L&rsquo;arabe est officiel, tout comme le tamazight. Le fran\u00e7ais est largement utilis\u00e9 dans l&rsquo;enseignement et les affaires.<\/p>\n<h3><b>Conduite<\/b><\/h3>\n<p>Roulez \u00e0 droite. L&rsquo;autoroute Est-Ouest est la principale voie rapide du pays. Certains tron\u00e7ons sont ferm\u00e9s par des barri\u00e8res, pay\u00e9es manuellement.<\/p>\n<h3><b>Camping<\/b><\/h3>\n<p>Le camping sauvage est possible dans les zones rurales, mais il est moins courant. Il existe des campings dans les zones touristiques.<\/p>\n<h3><b>Zones motards<\/b><\/h3>\n<p>Les routes du Sahara alg\u00e9rien et des montagnes de l&rsquo;Atlas sont populaires aupr\u00e8s des motocyclistes aventureux.<\/p>\n<h3><b>Zones sp\u00e9ciales<\/b><b><\/b><\/h3>\n<p>Le centre d&rsquo;Alger est pi\u00e9tonnier et la circulation y est dense.[\/vc_column_text][\/vc_column][\/vc_row][vc_row][vc_column width=\u00bb1\/1&Prime;][vc_column_text]<span style=\"font-weight: 400;\">Tu as quelque chose \u00e0 corriger ou \u00e0 ajouter ? Contacte-nous, deviens un collaborateur Travel4Bikers <\/span>[\/vc_column_text][vc_cta h2=\u00bbVisiter une ville en Alg\u00e9rie\u00bb css=\u00bb\u00bb]<\/p>\n<h4>Profite au maximum, d\u00e9couvre quoi faire en 24h \u00e0<\/h4>\n<h4><a href=\"https:\/\/gyg.me\/IJkpCS5Y\" target=\"_blank\" rel=\"noopener\">Alger<\/a> \u2013 <a href=\"https:\/\/gyg.me\/VFGhsvZh\" target=\"_blank\" rel=\"noopener\">Oran<\/a><\/h4>\n<p>[\/vc_cta][\/vc_column][\/vc_row][vc_row][vc_column width=\u00bb1\/1&Prime;][vc_message message_box_style=\u00bbclassic\u00bb]Ce site ne fournit pas d&rsquo;informations sur l&rsquo;obtention de visas, les vaccins ou d&rsquo;autres questions qui d\u00e9pendent \u00e0 la fois du pays d&rsquo;origine et de la destination.<br \/>\nTu dois v\u00e9rifier aupr\u00e8s de ton pays si tu as besoin de visas ou d&rsquo;autres exigences pour visiter les destinations souhait\u00e9es.[\/vc_message][\/vc_column][\/vc_row][vc_row][vc_column width=\u00bb1\/1&Prime;][vc_raw_html css=\u00bb\u00bb]JTVCdmNfY29sdW1uX3RleHQlNUQlMEElM0NwJTIwc3R5bGUlM0QlMjJ0ZXh0LWFsaWduJTNBJTIwcmlnaHQlM0IlMjIlM0UlM0NzdHJvbmclM0UlM0NhJTIwaHJlZiUzRCUyMmphdmFzY3JpcHQlM0FoaXN0b3J5LmJhY2slMjglMjklMjIlM0VSZXRvdXIlMjAlQzMlQTAlMjBsYSUyMFBhZ2UlMjBQciVDMyVBOWMlQzMlQTlkZW50ZSUzQyUyRmElM0UlM0MlMkZzdHJvbmclM0UlM0MlMkZwJTNFJTBBJTVCJTJGdmNfY29sdW1uX3RleHQlNUQ=[\/vc_raw_html][\/vc_column][\/vc_row][vc_row][vc_column width=\u00bb1\/1&Prime;]<div class=\"shout_spacer clearfix\" style=\"height:18px;\"><\/div>[\/vc_column][\/vc_row][vc_row][vc_column width=\u00bb1\/1&Prime;]<div class=\"prk_shortcode-title prk_break_word shout_left_align h1_sized\"><div class=\"body_font zero_color prk_vc_title\"><h1 style=\"font-weight:100;\">Histoires connexes<\/h1><\/div><div class=\"clearfix\"><\/div><\/div>[\/vc_column][\/vc_row][vc_row][vc_column width=\u00bb1\/1&Prime;]<div id=\"prk_shortcode_latest_posts\" class=\"recentposts_ul_wp small-12\"><div class=\"shortcode-title\"><\/div><div class=\"simple_line\"><\/div><h4 id=\"no_posts_title\" class=\"zero_color prk_heavier_600 big header_font\"><\/h4><\/div><div class=\"clearfix bt_1x\"><\/div>[\/vc_column][\/vc_row]<\/p>\n<\/div>","protected":false},"excerpt":{"rendered":"<p>L&rsquo;Alg\u00e9rie est une destination fascinante pour les motards aventureux, avec des routes qui traversent le d\u00e9sert du Sahara, des cha\u00eenes de montagnes et des villes marqu\u00e9es par un riche patrimoine culturel.<\/p>\n","protected":false},"author":2,"featured_media":14906,"parent":10192,"menu_order":0,"comment_status":"closed","ping_status":"closed","template":"","meta":{"footnotes":""},"categories":[54,677],"tags":[1668,384],"class_list":["post-14907","page","type-page","status-publish","has-post-thumbnail","hentry","category-afrique","category-algerie","tag-deserto-do-saara","tag-montagnes-de-latlas"],"acf":[],"_links":{"self":[{"href":"https:\/\/travel4bikers.com\/fr\/wp-json\/wp\/v2\/pages\/14907","targetHints":{"allow":["GET"]}}],"collection":[{"href":"https:\/\/travel4bikers.com\/fr\/wp-json\/wp\/v2\/pages"}],"about":[{"href":"https:\/\/travel4bikers.com\/fr\/wp-json\/wp\/v2\/types\/page"}],"author":[{"embeddable":true,"href":"https:\/\/travel4bikers.com\/fr\/wp-json\/wp\/v2\/users\/2"}],"replies":[{"embeddable":true,"href":"https:\/\/travel4bikers.com\/fr\/wp-json\/wp\/v2\/comments?post=14907"}],"version-history":[{"count":1,"href":"https:\/\/travel4bikers.com\/fr\/wp-json\/wp\/v2\/pages\/14907\/revisions"}],"predecessor-version":[{"id":23051,"href":"https:\/\/travel4bikers.com\/fr\/wp-json\/wp\/v2\/pages\/14907\/revisions\/23051"}],"up":[{"embeddable":true,"href":"https:\/\/travel4bikers.com\/fr\/wp-json\/wp\/v2\/pages\/10192"}],"wp:featuredmedia":[{"embeddable":true,"href":"https:\/\/travel4bikers.com\/fr\/wp-json\/wp\/v2\/media\/14906"}],"wp:attachment":[{"href":"https:\/\/travel4bikers.com\/fr\/wp-json\/wp\/v2\/media?parent=14907"}],"wp:term":[{"taxonomy":"category","embeddable":true,"href":"https:\/\/travel4bikers.com\/fr\/wp-json\/wp\/v2\/categories?post=14907"},{"taxonomy":"post_tag","embeddable":true,"href":"https:\/\/travel4bikers.com\/fr\/wp-json\/wp\/v2\/tags?post=14907"}],"curies":[{"name":"wp","href":"https:\/\/api.w.org\/{rel}","templated":true}]}}