{"id":14956,"date":"2017-07-05T16:19:54","date_gmt":"2017-07-05T15:19:54","guid":{"rendered":"https:\/\/travel4bikers.com\/voyager-vers\/perou\/"},"modified":"2025-12-15T13:39:22","modified_gmt":"2025-12-15T12:39:22","slug":"perou","status":"publish","type":"page","link":"https:\/\/travel4bikers.com\/fr\/voyager-vers\/perou\/","title":{"rendered":"P\u00e9rou"},"content":{"rendered":"<div class=\"wpb-content-wrapper\"><p>[vc_row][vc_column width=\u00bb1\/1&Prime;][vc_single_image source=\u00bbfeatured_image\u00bb img_size=\u00bbfull\u00bb alignment=\u00bbcenter\u00bb]<div class=\"shout_spacer clearfix\" style=\"height:20px;\"><\/div>[\/vc_column][\/vc_row][vc_row][vc_column width=\u00bb1\/1&Prime;]<div class=\"prk_shortcode-title prk_break_word shout_left_align h1_sized\"><div class=\"body_font zero_color prk_vc_title\"><h1 style=\"font-weight:100;\">Voyager vers P\u00e9rou \ud83c\uddf5\ud83c\uddea<\/h1><\/div><div class=\"clearfix\"><\/div><\/div><div class=\"shout_spacer clearfix\" style=\"height:18px;\"><\/div>[\/vc_column][\/vc_row][vc_row font_color=\u00bb#0693E3&Prime;][vc_column width=\u00bb1\/1&Prime;][vc_column_text]<\/p>\n<blockquote><p>Le P\u00e9rou est une destination fascinante pour les motocyclistes, avec des routes qui traversent les Andes, le d\u00e9sert c\u00f4tier et l&rsquo;Amazonie, en passant par des sites historiques tels que Cusco et la vall\u00e9e sacr\u00e9e des Incas.<\/p><\/blockquote>\n<p>[\/vc_column_text][\/vc_column][\/vc_row][vc_row][vc_column width=\u00bb1\/1&Prime;][vc_tta_tabs][vc_tta_section i_icon_fontawesome=\u00bbfa fa-regular fa-map\u00bb add_icon=\u00bbtrue\u00bb title=\u00bbInformations g\u00e9n\u00e9rales\u00bb tab_id=\u00bb1756984282331-d59962b9-8d9b\u00bb][vc_column_text]<strong>Capitale : <\/strong>Lima<\/p>\n<p><strong>Langue officielle : <\/strong>espagnol (le quechua et l&rsquo;a\u00efmar\u00e1 sont \u00e9galement officiels dans plusieurs r\u00e9gions)<\/p>\n<p><strong>Num\u00e9ro d&rsquo;urgence : <\/strong>105 (police) \/ 106 (ambulances) \/ 116 (pompiers) \/ 911 (r\u00e9seau mobile dans certaines r\u00e9gions)[\/vc_column_text][\/vc_tta_section][vc_tta_section i_icon_fontawesome=\u00bbfa fa-regular fa-money-bill-1&Prime; add_icon=\u00bbtrue\u00bb title=\u00bbFinances\u00bb tab_id=\u00bb1756984282346-461ddde8-312d\u00bb][vc_column_text]<strong>Monnaie : <\/strong>Sol (PEN)<\/p>\n<p>Les paiements par carte sont accept\u00e9s dans les zones touristiques, mais l&rsquo;argent liquide reste indispensable.[\/vc_column_text][\/vc_tta_section][vc_tta_section i_icon_fontawesome=\u00bbfa fa-solid fa-motorcycle\u00bb add_icon=\u00bbtrue\u00bb title=\u00bbLimitations de vitesse\u00bb tab_id=\u00bb1756985156411-3a136d8e-ae6a\u00bb][vc_column_text]<strong>Autoroute : <\/strong>100-120 km\/h (selon la route)<\/p>\n<p><strong>Route : <\/strong>80-100 km\/h<\/p>\n<p><strong>Localit\u00e9s <\/strong><strong>: <\/strong>50 km\/h[\/vc_column_text][\/vc_tta_section][\/vc_tta_tabs][\/vc_column][\/vc_row][vc_row][vc_column width=\u00bb1\/1&Prime;]<div class=\"shout_spacer clearfix\" style=\"height:18px;\"><\/div>[\/vc_column][\/vc_row][vc_row][vc_column width=\u00bb1\/1&Prime;][vc_column_text]Le P\u00e9rou est l&rsquo;un des pays les plus historiques d&rsquo;Am\u00e9rique du Sud, berceau de l&#8217;empire inca. Il est c\u00e9l\u00e8bre pour le Machu Picchu, Cusco, le lac Titicaca, la Vall\u00e9e sacr\u00e9e et l&rsquo;Amazonie p\u00e9ruvienne. Lima, la capitale, est \u00e9galement l&rsquo;un des centres gastronomiques les plus importants au monde.<\/p>\n<h3><b>Climat<\/b><\/h3>\n<p>Tr\u00e8s diversifi\u00e9 : aride et d\u00e9sertique sur la c\u00f4te, tropical humide en Amazonie et froid dans les r\u00e9gions andines.<\/p>\n<h3><b>Langues<\/b><\/h3>\n<p>L&rsquo;espagnol est pr\u00e9dominant. Le quechua et l&rsquo;a\u00efmara sont des langues officielles dans plusieurs r\u00e9gions. D&rsquo;autres langues indig\u00e8nes sont encore parl\u00e9es en Amazonie.<\/p>\n<h3><b>Conduite<\/b><\/h3>\n<p>Conduisez \u00e0 droite. De nombreuses routes sont sinueuses et traversent les Andes. Il y a des autoroutes avec des p\u00e9ages, pay\u00e9s \u00e0 des cabines.<\/p>\n<h3><b>Camping<\/b><\/h3>\n<p>Le camping sauvage est autoris\u00e9 dans les zones rurales, mais il n&rsquo;est pas courant. Il existe des campings et des zones sp\u00e9ciales dans les lieux touristiques.<\/p>\n<h3><b>Zones motards<\/b><\/h3>\n<p>Les itin\u00e9raires les plus embl\u00e9matiques sont la route panam\u00e9ricaine le long de la c\u00f4te, les courbes des Andes et l&rsquo;ascension de Cusco\/Machu Picchu.<\/p>\n<h3><b>Zones sp\u00e9ciales<\/b><b><\/b><\/h3>\n<p>\u00c0 Lima et dans d&rsquo;autres grandes villes, il existe des zones \u00e0 forte circulation, des rues pi\u00e9tonnes et des parkings contr\u00f4l\u00e9s.[\/vc_column_text][\/vc_column][\/vc_row][vc_row][vc_column width=\u00bb1\/1&Prime;][vc_column_text]<span style=\"font-weight: 400;\">Tu as quelque chose \u00e0 corriger ou \u00e0 ajouter ? Contacte-nous, deviens un collaborateur Travel4Bikers <\/span>[\/vc_column_text][vc_cta h2=\u00bbVisiter une ville au P\u00e9rou\u00bb css=\u00bb\u00bb]<\/p>\n<h4>Profite au maximum, d\u00e9couvre quoi faire en 24h \u00e0<\/h4>\n<h4><a href=\"https:\/\/gyg.me\/sEJNPCP4\" target=\"_blank\" rel=\"noopener\">Lima<\/a> \u2013 <a href=\"https:\/\/gyg.me\/A4TcBLHA\" target=\"_blank\" rel=\"noopener\">Cusco<\/a> \u2013 <a href=\"https:\/\/gyg.me\/BpFo6fGV\" target=\"_blank\" rel=\"noopener\">Lac Titicaca<\/a> \u2013 <a href=\"https:\/\/gyg.me\/OhWPMcDM\" target=\"_blank\" rel=\"noopener\">Machu Picchu<\/a><\/h4>\n<p>[\/vc_cta][\/vc_column][\/vc_row][vc_row][vc_column width=\u00bb1\/1&Prime;][vc_message message_box_style=\u00bbclassic\u00bb]Ce site ne fournit pas d&rsquo;informations sur l&rsquo;obtention de visas, les vaccins ou d&rsquo;autres questions qui d\u00e9pendent \u00e0 la fois du pays d&rsquo;origine et de la destination.<br \/>\nTu dois v\u00e9rifier aupr\u00e8s de ton pays si tu as besoin de visas ou d&rsquo;autres exigences pour visiter les destinations souhait\u00e9es.[\/vc_message][\/vc_column][\/vc_row][vc_row][vc_column width=\u00bb1\/1&Prime;][vc_raw_html css=\u00bb\u00bb]JTVCdmNfY29sdW1uX3RleHQlNUQlMEElM0NwJTIwc3R5bGUlM0QlMjJ0ZXh0LWFsaWduJTNBJTIwcmlnaHQlM0IlMjIlM0UlM0NzdHJvbmclM0UlM0NhJTIwaHJlZiUzRCUyMmphdmFzY3JpcHQlM0FoaXN0b3J5LmJhY2slMjglMjklMjIlM0VSZXRvdXIlMjAlQzMlQTAlMjBsYSUyMFBhZ2UlMjBQciVDMyVBOWMlQzMlQTlkZW50ZSUzQyUyRmElM0UlM0MlMkZzdHJvbmclM0UlM0MlMkZwJTNFJTBBJTVCJTJGdmNfY29sdW1uX3RleHQlNUQ=[\/vc_raw_html][\/vc_column][\/vc_row][vc_row][vc_column width=\u00bb1\/1&Prime;]<div class=\"shout_spacer clearfix\" style=\"height:18px;\"><\/div>[\/vc_column][\/vc_row][vc_row][vc_column width=\u00bb1\/1&Prime;]<div class=\"prk_shortcode-title prk_break_word shout_left_align h1_sized\"><div class=\"body_font zero_color prk_vc_title\"><h1 style=\"font-weight:100;\">Histoires connexes<\/h1><\/div><div class=\"clearfix\"><\/div><\/div>[\/vc_column][\/vc_row][vc_row][vc_column width=\u00bb1\/1&Prime;]<div id=\"prk_shortcode_latest_posts\" class=\"recentposts_ul_wp small-12\"><div class=\"shortcode-title\"><\/div><div class=\"simple_line\"><\/div><h4 id=\"no_posts_title\" class=\"zero_color prk_heavier_600 big header_font\"><\/h4><\/div><div class=\"clearfix bt_1x\"><\/div>[\/vc_column][\/vc_row]<\/p>\n<\/div>","protected":false},"excerpt":{"rendered":"<p>Le P\u00e9rou est une destination fascinante pour les motocyclistes, avec des routes qui traversent les Andes, le d\u00e9sert c\u00f4tier et l&rsquo;Amazonie, en passant par des sites historiques tels que Cusco et la vall\u00e9e sacr\u00e9e des Incas.<\/p>\n","protected":false},"author":2,"featured_media":14955,"parent":10192,"menu_order":0,"comment_status":"closed","ping_status":"closed","template":"","meta":{"footnotes":""},"categories":[65,696],"tags":[697,1033,698,569,700],"class_list":["post-14956","page","type-page","status-publish","has-post-thumbnail","hentry","category-amerique-du-sud","category-perou","tag-inca","tag-lago-titicaca","tag-machu-picchu","tag-pan-american","tag-vallee-sacree"],"acf":[],"_links":{"self":[{"href":"https:\/\/travel4bikers.com\/fr\/wp-json\/wp\/v2\/pages\/14956","targetHints":{"allow":["GET"]}}],"collection":[{"href":"https:\/\/travel4bikers.com\/fr\/wp-json\/wp\/v2\/pages"}],"about":[{"href":"https:\/\/travel4bikers.com\/fr\/wp-json\/wp\/v2\/types\/page"}],"author":[{"embeddable":true,"href":"https:\/\/travel4bikers.com\/fr\/wp-json\/wp\/v2\/users\/2"}],"replies":[{"embeddable":true,"href":"https:\/\/travel4bikers.com\/fr\/wp-json\/wp\/v2\/comments?post=14956"}],"version-history":[{"count":4,"href":"https:\/\/travel4bikers.com\/fr\/wp-json\/wp\/v2\/pages\/14956\/revisions"}],"predecessor-version":[{"id":23169,"href":"https:\/\/travel4bikers.com\/fr\/wp-json\/wp\/v2\/pages\/14956\/revisions\/23169"}],"up":[{"embeddable":true,"href":"https:\/\/travel4bikers.com\/fr\/wp-json\/wp\/v2\/pages\/10192"}],"wp:featuredmedia":[{"embeddable":true,"href":"https:\/\/travel4bikers.com\/fr\/wp-json\/wp\/v2\/media\/14955"}],"wp:attachment":[{"href":"https:\/\/travel4bikers.com\/fr\/wp-json\/wp\/v2\/media?parent=14956"}],"wp:term":[{"taxonomy":"category","embeddable":true,"href":"https:\/\/travel4bikers.com\/fr\/wp-json\/wp\/v2\/categories?post=14956"},{"taxonomy":"post_tag","embeddable":true,"href":"https:\/\/travel4bikers.com\/fr\/wp-json\/wp\/v2\/tags?post=14956"}],"curies":[{"name":"wp","href":"https:\/\/api.w.org\/{rel}","templated":true}]}}