{"id":14982,"date":"2017-07-05T16:19:54","date_gmt":"2017-07-05T15:19:54","guid":{"rendered":"https:\/\/travel4bikers.com\/voyager-vers\/colombia\/"},"modified":"2025-12-12T12:45:53","modified_gmt":"2025-12-12T11:45:53","slug":"colombie","status":"publish","type":"page","link":"https:\/\/travel4bikers.com\/fr\/voyager-vers\/colombie\/","title":{"rendered":"Colombie"},"content":{"rendered":"<div class=\"wpb-content-wrapper\"><p>[vc_row][vc_column width=\u00bb1\/1&Prime;][vc_single_image source=\u00bbfeatured_image\u00bb img_size=\u00bbfull\u00bb alignment=\u00bbcenter\u00bb]<div class=\"shout_spacer clearfix\" style=\"height:20px;\"><\/div>[\/vc_column][\/vc_row][vc_row][vc_column width=\u00bb1\/1&Prime;]<div class=\"prk_shortcode-title prk_break_word shout_left_align h1_sized\"><div class=\"body_font zero_color prk_vc_title\"><h1 style=\"font-weight:100;\">Voyager en Colombie \ud83c\udde8\ud83c\uddf4<\/h1><\/div><div class=\"clearfix\"><\/div><\/div><div class=\"shout_spacer clearfix\" style=\"height:18px;\"><\/div>[\/vc_column][\/vc_row][vc_row font_color=\u00bb#0693E3&Prime;][vc_column width=\u00bb1\/1&Prime;][vc_column_text]<\/p>\n<blockquote><p>La Colombie est un pays dynamique pour les voyages en moto, avec des routes qui traversent les Andes, des plantations de caf\u00e9, des jungles tropicales et des villes pleines de couleurs et d&rsquo;\u00e9nergie.<\/p><\/blockquote>\n<p>[\/vc_column_text][\/vc_column][\/vc_row][vc_row][vc_column width=\u00bb1\/1&Prime;][vc_tta_tabs][vc_tta_section i_icon_fontawesome=\u00bbfa fa-regular fa-map\u00bb add_icon=\u00bbtrue\u00bb title=\u00bbInformations g\u00e9n\u00e9rales\u00bb tab_id=\u00bb1756984282331-d59962b9-8d9b\u00bb][vc_column_text]<strong>Capitale : <\/strong>Bogot\u00e1<\/p>\n<p><strong>Langue officielle : <\/strong>espagnol<\/p>\n<p><strong>Num\u00e9ro d&rsquo;urgence : <\/strong>123[\/vc_column_text][\/vc_tta_section][vc_tta_section i_icon_fontawesome=\u00bbfa fa-regular fa-money-bill-1&Prime; add_icon=\u00bbtrue\u00bb title=\u00bbFinances\u00bb tab_id=\u00bb1756984282346-461ddde8-312d\u00bb][vc_column_text]<strong>Monnaie : <\/strong>Peso colombien (COP)<\/p>\n<p>Les paiements par carte sont accept\u00e9s dans les zones touristiques, mais l&rsquo;argent liquide reste indispensable.[\/vc_column_text][\/vc_tta_section][vc_tta_section i_icon_fontawesome=\u00bbfa fa-solid fa-motorcycle\u00bb add_icon=\u00bbtrue\u00bb title=\u00bbLimitations de vitesse\u00bb tab_id=\u00bb1756985156411-3a136d8e-ae6a\u00bb][vc_column_text]<strong>Autoroute : <\/strong>100-120 km\/h (selon la route)<\/p>\n<p><strong>Route : <\/strong>80-100 km\/h<\/p>\n<p><strong>Localit\u00e9s <\/strong><strong>: <\/strong>50-60 km\/h[\/vc_column_text][\/vc_tta_section][\/vc_tta_tabs][\/vc_column][\/vc_row][vc_row][vc_column width=\u00bb1\/1&Prime;]<div class=\"shout_spacer clearfix\" style=\"height:18px;\"><\/div>[\/vc_column][\/vc_row][vc_row][vc_column width=\u00bb1\/1&Prime;][vc_column_text]La Colombie est le seul pays d&rsquo;Am\u00e9rique du Sud \u00e0 poss\u00e9der des c\u00f4tes sur l&rsquo;oc\u00e9an Pacifique et la mer des Cara\u00efbes. Elle est c\u00e9l\u00e8bre pour son caf\u00e9, sa diversit\u00e9 culturelle, ses villes comme Bogota, Medell\u00edn et Carthag\u00e8ne, et sa nature exub\u00e9rante, qui s&rsquo;\u00e9tend de l&rsquo;Amazonie aux Andes.<\/p>\n<h3><b>Climat<\/b><\/h3>\n<p>Tr\u00e8s vari\u00e9 : tropical dans les basses terres, temp\u00e9r\u00e9 dans les montagnes et humide en Amazonie. L&rsquo;altitude influe plus que les saisons.<\/p>\n<h3><b>Langues<\/b><\/h3>\n<p>L&rsquo;espagnol est pr\u00e9dominant. Il existe \u00e9galement environ 65 langues indig\u00e8nes reconnues dans diff\u00e9rentes r\u00e9gions.<\/p>\n<h3><b>Conduite<\/b><\/h3>\n<p>Roulez \u00e0 droite. Les autoroutes sont g\u00e9n\u00e9ralement bonnes, avec des p\u00e9ages pay\u00e9s \u00e0 des postes manuels. Les routes de montagne peuvent \u00eatre difficiles.<\/p>\n<h3><b>Camping<\/b><\/h3>\n<p>Le camping sauvage n&rsquo;est pas courant et n&rsquo;est pas recommand\u00e9 pour des raisons de s\u00e9curit\u00e9. Il existe des campings dans les zones touristiques et les zones naturelles.<\/p>\n<h3><b>Zones motards<\/b><\/h3>\n<p>Les itin\u00e9raires les plus populaires sont la r\u00e9gion du Coffee Hub, les routes andines et la c\u00f4te carib\u00e9enne.<\/p>\n<h3><b>Zones sp\u00e9ciales<\/b><b><\/b><\/h3>\n<p>Bogota dispose d&rsquo;un syst\u00e8me de restriction des v\u00e9hicules appel\u00e9 <b>Pico y Placa<\/b>, qui limite la circulation des voitures en fonction du num\u00e9ro de leur plaque d&rsquo;immatriculation et du jour de la semaine.[\/vc_column_text][\/vc_column][\/vc_row][vc_row][vc_column width=\u00bb1\/1&Prime;][vc_column_text]<span style=\"font-weight: 400;\">Tu as quelque chose \u00e0 corriger ou \u00e0 ajouter ? Contacte-nous, deviens un collaborateur Travel4Bikers <\/span>[\/vc_column_text][vc_cta h2=\u00bbVisiter une ville en Colombie\u00bb css=\u00bb\u00bb]<\/p>\n<h4>Profite au maximum, d\u00e9couvre quoi faire en 24h \u00e0<\/h4>\n<h4><a href=\"https:\/\/gyg.me\/ZuSZQZAf\" target=\"_blank\" rel=\"noopener\">Bogota<\/a> \u2013 <a href=\"https:\/\/gyg.me\/YDRleXr0\" target=\"_blank\" rel=\"noopener\">Medell\u00edn<\/a> \u2013 <a href=\"https:\/\/gyg.me\/Z0OEOpDC\" target=\"_blank\" rel=\"noopener\">Cartagena<\/a><\/h4>\n<p>[\/vc_cta][\/vc_column][\/vc_row][vc_row][vc_column width=\u00bb1\/1&Prime;][vc_message message_box_style=\u00bbclassic\u00bb]Ce site ne fournit pas d&rsquo;informations sur l&rsquo;obtention de visas, les vaccins ou d&rsquo;autres questions qui d\u00e9pendent \u00e0 la fois du pays d&rsquo;origine et de la destination.<br \/>\nTu dois v\u00e9rifier aupr\u00e8s de ton pays si tu as besoin de visas ou d&rsquo;autres exigences pour visiter les destinations souhait\u00e9es.[\/vc_message][\/vc_column][\/vc_row][vc_row][vc_column width=\u00bb1\/1&Prime;][vc_raw_html css=\u00bb\u00bb]JTVCdmNfY29sdW1uX3RleHQlNUQlMEElM0NwJTIwc3R5bGUlM0QlMjJ0ZXh0LWFsaWduJTNBJTIwcmlnaHQlM0IlMjIlM0UlM0NzdHJvbmclM0UlM0NhJTIwaHJlZiUzRCUyMmphdmFzY3JpcHQlM0FoaXN0b3J5LmJhY2slMjglMjklMjIlM0VSZXRvdXIlMjAlQzMlQTAlMjBsYSUyMFBhZ2UlMjBQciVDMyVBOWMlQzMlQTlkZW50ZSUzQyUyRmElM0UlM0MlMkZzdHJvbmclM0UlM0MlMkZwJTNFJTBBJTVCJTJGdmNfY29sdW1uX3RleHQlNUQ=[\/vc_raw_html][\/vc_column][\/vc_row][vc_row][vc_column width=\u00bb1\/1&Prime;]<div class=\"shout_spacer clearfix\" style=\"height:18px;\"><\/div>[\/vc_column][\/vc_row][vc_row][vc_column width=\u00bb1\/1&Prime;]<div class=\"prk_shortcode-title prk_break_word shout_left_align h1_sized\"><div class=\"body_font zero_color prk_vc_title\"><h1 style=\"font-weight:100;\">Histoires connexes<\/h1><\/div><div class=\"clearfix\"><\/div><\/div>[\/vc_column][\/vc_row][vc_row][vc_column width=\u00bb1\/1&Prime;]<div id=\"prk_shortcode_latest_posts\" class=\"recentposts_ul_wp small-12\"><div class=\"shortcode-title\"><\/div><div class=\"simple_line\"><\/div><h4 id=\"no_posts_title\" class=\"zero_color prk_heavier_600 big header_font\"><\/h4><\/div><div class=\"clearfix bt_1x\"><\/div>[\/vc_column][\/vc_row]<\/p>\n<\/div>","protected":false},"excerpt":{"rendered":"<p>La Colombie est un pays dynamique pour les voyages en moto, avec des routes qui traversent les Andes, des plantations de caf\u00e9, des jungles tropicales et des villes pleines de couleurs et d&rsquo;\u00e9nergie.<\/p>\n","protected":false},"author":2,"featured_media":14981,"parent":10192,"menu_order":0,"comment_status":"closed","ping_status":"closed","template":"","meta":{"footnotes":""},"categories":[65,707],"tags":[1031,291,472],"class_list":["post-14982","page","type-page","status-publish","has-post-thumbnail","hentry","category-amerique-du-sud","category-colombie","tag-amazonia","tag-andes","tag-caraibes"],"acf":[],"_links":{"self":[{"href":"https:\/\/travel4bikers.com\/fr\/wp-json\/wp\/v2\/pages\/14982","targetHints":{"allow":["GET"]}}],"collection":[{"href":"https:\/\/travel4bikers.com\/fr\/wp-json\/wp\/v2\/pages"}],"about":[{"href":"https:\/\/travel4bikers.com\/fr\/wp-json\/wp\/v2\/types\/page"}],"author":[{"embeddable":true,"href":"https:\/\/travel4bikers.com\/fr\/wp-json\/wp\/v2\/users\/2"}],"replies":[{"embeddable":true,"href":"https:\/\/travel4bikers.com\/fr\/wp-json\/wp\/v2\/comments?post=14982"}],"version-history":[{"count":2,"href":"https:\/\/travel4bikers.com\/fr\/wp-json\/wp\/v2\/pages\/14982\/revisions"}],"predecessor-version":[{"id":23080,"href":"https:\/\/travel4bikers.com\/fr\/wp-json\/wp\/v2\/pages\/14982\/revisions\/23080"}],"up":[{"embeddable":true,"href":"https:\/\/travel4bikers.com\/fr\/wp-json\/wp\/v2\/pages\/10192"}],"wp:featuredmedia":[{"embeddable":true,"href":"https:\/\/travel4bikers.com\/fr\/wp-json\/wp\/v2\/media\/14981"}],"wp:attachment":[{"href":"https:\/\/travel4bikers.com\/fr\/wp-json\/wp\/v2\/media?parent=14982"}],"wp:term":[{"taxonomy":"category","embeddable":true,"href":"https:\/\/travel4bikers.com\/fr\/wp-json\/wp\/v2\/categories?post=14982"},{"taxonomy":"post_tag","embeddable":true,"href":"https:\/\/travel4bikers.com\/fr\/wp-json\/wp\/v2\/tags?post=14982"}],"curies":[{"name":"wp","href":"https:\/\/api.w.org\/{rel}","templated":true}]}}