{"id":16846,"date":"2017-07-05T16:19:54","date_gmt":"2017-07-05T15:19:54","guid":{"rendered":"https:\/\/travel4bikers.com\/voyager-vers\/bolivia\/"},"modified":"2025-12-12T12:35:42","modified_gmt":"2025-12-12T11:35:42","slug":"bolivie","status":"publish","type":"page","link":"https:\/\/travel4bikers.com\/fr\/voyager-vers\/bolivie\/","title":{"rendered":"Bolivie"},"content":{"rendered":"<div class=\"wpb-content-wrapper\"><p>[vc_row][vc_column width=\u00bb1\/1&Prime;][vc_single_image source=\u00bbfeatured_image\u00bb img_size=\u00bbfull\u00bb alignment=\u00bbcenter\u00bb]<div class=\"shout_spacer clearfix\" style=\"height:20px;\"><\/div>[\/vc_column][\/vc_row][vc_row][vc_column width=\u00bb1\/1&Prime;]<div class=\"prk_shortcode-title prk_break_word shout_left_align h1_sized\"><div class=\"body_font zero_color prk_vc_title\"><h1 style=\"font-weight:100;\">Voyager vers Bolivie \ud83c\udde7\ud83c\uddf4<\/h1><\/div><div class=\"clearfix\"><\/div><\/div><div class=\"shout_spacer clearfix\" style=\"height:18px;\"><\/div>[\/vc_column][\/vc_row][vc_row font_color=\u00bb#0693E3&Prime;][vc_column width=\u00bb1\/1&Prime;][vc_column_text]<\/p>\n<blockquote><p>La Bolivie est une destination stimulante pour les motards, avec des routes qui traversent les Andes, le mythique Salar d&rsquo;Uyuni et des paysages sauvages o\u00f9 chaque itin\u00e9raire est une v\u00e9ritable aventure.<\/p><\/blockquote>\n<p>[\/vc_column_text][\/vc_column][\/vc_row][vc_row][vc_column width=\u00bb1\/1&Prime;][vc_tta_tabs][vc_tta_section i_icon_fontawesome=\u00bbfa fa-regular fa-map\u00bb add_icon=\u00bbtrue\u00bb title=\u00bbInformations g\u00e9n\u00e9rales\u00bb tab_id=\u00bb1756984282331-d59962b9-8d9b\u00bb][vc_column_text]<strong>Capitale : <\/strong>Sucre (constitutionnelle) \/ La Paz (si\u00e8ge du gouvernement)<\/p>\n<p><strong>Langue officielle : <\/strong>espagnol, quechua, a\u00efmar\u00e1 et plus de 30 langues indig\u00e8nes reconnues<\/p>\n<p><strong>Num\u00e9ro d&rsquo;urgence : <\/strong>110 (police) \/ 118 (ambulance) \/ 119 (pompiers)[\/vc_column_text][\/vc_tta_section][vc_tta_section i_icon_fontawesome=\u00bbfa fa-regular fa-money-bill-1&Prime; add_icon=\u00bbtrue\u00bb title=\u00bbFinances\u00bb tab_id=\u00bb1756984282346-461ddde8-312d\u00bb][vc_column_text]<strong>Monnaie : <\/strong>Boliviano (BOB)<\/p>\n<p>L&rsquo;argent liquide est indispensable. L&rsquo;utilisation de la carte est limit\u00e9e aux h\u00f4tels, aux restaurants touristiques et uniquement dans les grandes villes.[\/vc_column_text][\/vc_tta_section][vc_tta_section i_icon_fontawesome=\u00bbfa fa-solid fa-motorcycle\u00bb add_icon=\u00bbtrue\u00bb title=\u00bbLimitations de vitesse\u00bb tab_id=\u00bb1756985156411-3a136d8e-ae6a\u00bb][vc_column_text]<strong>Autoroute : <\/strong>80-100 km\/h<\/p>\n<p><strong>Route : <\/strong>70-80 km\/h<\/p>\n<p><strong>Localit\u00e9s <\/strong><strong>: <\/strong>40-50 km\/h[\/vc_column_text][\/vc_tta_section][\/vc_tta_tabs][\/vc_column][\/vc_row][vc_row][vc_column width=\u00bb1\/1&Prime;]<div class=\"shout_spacer clearfix\" style=\"height:18px;\"><\/div>[\/vc_column][\/vc_row][vc_row][vc_column width=\u00bb1\/1&Prime;][vc_column_text]La Bolivie est l&rsquo;un des pays les plus authentiques d&rsquo;Am\u00e9rique du Sud, avec un fort h\u00e9ritage indig\u00e8ne. Elle est connue pour le Salar d&rsquo;Uyuni (le plus grand d\u00e9sert de sel du monde), le lac Titicaca, l&rsquo;Altiplano et les villes coloniales telles que Sucre et Potos\u00ed.<\/p>\n<h3><b>Climat<\/b><\/h3>\n<p>Tr\u00e8s diversifi\u00e9 : tropical humide en Amazonie, aride dans l&rsquo;Altiplano et froid dans les montagnes.<\/p>\n<h3><b>Langues<\/b><\/h3>\n<p>L&rsquo;espagnol est pr\u00e9dominant, mais des millions de personnes parlent le quechua et l&rsquo;aymara. Il existe \u00e9galement de nombreuses autres langues indig\u00e8nes.<\/p>\n<h3><b>Conduite<\/b><\/h3>\n<p>Conduisez \u00e0 droite. Les routes peuvent \u00eatre difficiles, beaucoup \u00e9tant situ\u00e9es en altitude et en mauvais \u00e9tat. Certaines routes sont soumises \u00e0 des p\u00e9ages simples, pay\u00e9s \u00e0 des guichets.<\/p>\n<h3><b>Camping<\/b><\/h3>\n<p>Le camping sauvage est possible dans de nombreuses r\u00e9gions, en particulier dans les zones recul\u00e9es. Il existe \u00e9galement des campings de base \u00e0 proximit\u00e9 des zones touristiques.<\/p>\n<h3><b>Zones motards<\/b><\/h3>\n<p>La c\u00e9l\u00e8bre route des Yungas est une ic\u00f4ne pour les motocyclistes. L&rsquo;Altiplano, le Salar d&rsquo;Uyuni et les Andes sont d&rsquo;autres itin\u00e9raires populaires.<\/p>\n<h3><b>Zones sp\u00e9ciales<\/b><b><\/b><\/h3>\n<p>\u00c0 La Paz et dans les autres grandes villes, la circulation est dense et des zones pi\u00e9tonnes et des parkings contr\u00f4l\u00e9s sont am\u00e9nag\u00e9s.[\/vc_column_text][\/vc_column][\/vc_row][vc_row][vc_column width=\u00bb1\/1&Prime;][vc_column_text]<span style=\"font-weight: 400;\">Tu as quelque chose \u00e0 corriger ou \u00e0 ajouter ? Contacte-nous, deviens un collaborateur Travel4Bikers <\/span>[\/vc_column_text][vc_cta h2=\u00bbVisiter une ville en Bolivie\u00bb css=\u00bb\u00bb]<\/p>\n<h4>Profite au maximum, d\u00e9couvre quoi faire en 24h \u00e0<\/h4>\n<h4><a href=\"https:\/\/gyg.me\/Tj8TlsxT\" target=\"_blank\" rel=\"noopener\">La Paz<\/a> \u2013 <a href=\"https:\/\/gyg.me\/hMqKct4G\" target=\"_blank\" rel=\"noopener\">Sucre<\/a> \u2013 <a href=\"https:\/\/gyg.me\/SnTr81x2\" target=\"_blank\" rel=\"noopener\">Lac Titicaca<\/a><\/h4>\n<p>[\/vc_cta][\/vc_column][\/vc_row][vc_row][vc_column width=\u00bb1\/1&Prime;][vc_message message_box_style=\u00bbclassic\u00bb]Ce site ne fournit pas d&rsquo;informations sur l&rsquo;obtention de visas, les vaccins ou d&rsquo;autres questions qui d\u00e9pendent \u00e0 la fois du pays d&rsquo;origine et de la destination.<br \/>\nTu dois v\u00e9rifier aupr\u00e8s de ton pays si tu as besoin de visas ou d&rsquo;autres exigences pour visiter les destinations souhait\u00e9es.[\/vc_message][\/vc_column][\/vc_row][vc_row][vc_column width=\u00bb1\/1&Prime;][vc_raw_html css=\u00bb\u00bb]JTVCdmNfY29sdW1uX3RleHQlNUQlMEElM0NwJTIwc3R5bGUlM0QlMjJ0ZXh0LWFsaWduJTNBJTIwcmlnaHQlM0IlMjIlM0UlM0NzdHJvbmclM0UlM0NhJTIwaHJlZiUzRCUyMmphdmFzY3JpcHQlM0FoaXN0b3J5LmJhY2slMjglMjklMjIlM0VSZXRvdXIlMjAlQzMlQTAlMjBsYSUyMFBhZ2UlMjBQciVDMyVBOWMlQzMlQTlkZW50ZSUzQyUyRmElM0UlM0MlMkZzdHJvbmclM0UlM0MlMkZwJTNFJTBBJTVCJTJGdmNfY29sdW1uX3RleHQlNUQ=[\/vc_raw_html][\/vc_column][\/vc_row][vc_row][vc_column width=\u00bb1\/1&Prime;]<div class=\"shout_spacer clearfix\" style=\"height:18px;\"><\/div>[\/vc_column][\/vc_row][vc_row][vc_column width=\u00bb1\/1&Prime;]<div class=\"prk_shortcode-title prk_break_word shout_left_align h1_sized\"><div class=\"body_font zero_color prk_vc_title\"><h1 style=\"font-weight:100;\">Histoires connexes<\/h1><\/div><div class=\"clearfix\"><\/div><\/div>[\/vc_column][\/vc_row][vc_row][vc_column width=\u00bb1\/1&Prime;]<div id=\"prk_shortcode_latest_posts\" class=\"recentposts_ul_wp small-12\"><div class=\"shortcode-title\"><\/div><div class=\"simple_line\"><\/div><h4 id=\"no_posts_title\" class=\"zero_color prk_heavier_600 big header_font\"><\/h4><\/div><div class=\"clearfix bt_1x\"><\/div>[\/vc_column][\/vc_row]<\/p>\n<\/div>","protected":false},"excerpt":{"rendered":"<p>La Bolivie est une destination stimulante pour les motards, avec des routes qui traversent les Andes, le mythique Salar d&rsquo;Uyuni et des paysages sauvages o\u00f9 chaque itin\u00e9raire est une v\u00e9ritable aventure.<\/p>\n","protected":false},"author":2,"featured_media":16845,"parent":10192,"menu_order":0,"comment_status":"closed","ping_status":"closed","template":"","meta":{"footnotes":""},"categories":[65,825],"tags":[1031,291,1032,1033,827],"class_list":["post-16846","page","type-page","status-publish","has-post-thumbnail","hentry","category-amerique-du-sud","category-bolivie","tag-amazonia","tag-andes","tag-estrada-da-morte","tag-lago-titicaca","tag-salar-de-uyuni"],"acf":[],"_links":{"self":[{"href":"https:\/\/travel4bikers.com\/fr\/wp-json\/wp\/v2\/pages\/16846","targetHints":{"allow":["GET"]}}],"collection":[{"href":"https:\/\/travel4bikers.com\/fr\/wp-json\/wp\/v2\/pages"}],"about":[{"href":"https:\/\/travel4bikers.com\/fr\/wp-json\/wp\/v2\/types\/page"}],"author":[{"embeddable":true,"href":"https:\/\/travel4bikers.com\/fr\/wp-json\/wp\/v2\/users\/2"}],"replies":[{"embeddable":true,"href":"https:\/\/travel4bikers.com\/fr\/wp-json\/wp\/v2\/comments?post=16846"}],"version-history":[{"count":1,"href":"https:\/\/travel4bikers.com\/fr\/wp-json\/wp\/v2\/pages\/16846\/revisions"}],"predecessor-version":[{"id":23068,"href":"https:\/\/travel4bikers.com\/fr\/wp-json\/wp\/v2\/pages\/16846\/revisions\/23068"}],"up":[{"embeddable":true,"href":"https:\/\/travel4bikers.com\/fr\/wp-json\/wp\/v2\/pages\/10192"}],"wp:featuredmedia":[{"embeddable":true,"href":"https:\/\/travel4bikers.com\/fr\/wp-json\/wp\/v2\/media\/16845"}],"wp:attachment":[{"href":"https:\/\/travel4bikers.com\/fr\/wp-json\/wp\/v2\/media?parent=16846"}],"wp:term":[{"taxonomy":"category","embeddable":true,"href":"https:\/\/travel4bikers.com\/fr\/wp-json\/wp\/v2\/categories?post=16846"},{"taxonomy":"post_tag","embeddable":true,"href":"https:\/\/travel4bikers.com\/fr\/wp-json\/wp\/v2\/tags?post=16846"}],"curies":[{"name":"wp","href":"https:\/\/api.w.org\/{rel}","templated":true}]}}