{"id":16877,"date":"2017-07-05T16:19:54","date_gmt":"2017-07-05T15:19:54","guid":{"rendered":"https:\/\/travel4bikers.com\/voyager-vers\/guyane\/"},"modified":"2025-12-12T13:17:20","modified_gmt":"2025-12-12T12:17:20","slug":"guyane","status":"publish","type":"page","link":"https:\/\/travel4bikers.com\/fr\/voyager-vers\/guyane\/","title":{"rendered":"Guyane"},"content":{"rendered":"<div class=\"wpb-content-wrapper\"><p>[vc_row][vc_column width=\u00bb1\/1&Prime;][vc_single_image source=\u00bbfeatured_image\u00bb img_size=\u00bbfull\u00bb alignment=\u00bbcenter\u00bb]<div class=\"shout_spacer clearfix\" style=\"height:20px;\"><\/div>[\/vc_column][\/vc_row][vc_row][vc_column width=\u00bb1\/1&Prime;]<div class=\"prk_shortcode-title prk_break_word shout_left_align h1_sized\"><div class=\"body_font zero_color prk_vc_title\"><h1 style=\"font-weight:100;\">Voyage en Guyane \ud83c\uddec\ud83c\uddfe<\/h1><\/div><div class=\"clearfix\"><\/div><\/div><div class=\"shout_spacer clearfix\" style=\"height:18px;\"><\/div>[\/vc_column][\/vc_row][vc_row font_color=\u00bb#0693E3&Prime;][vc_column width=\u00bb1\/1&Prime;][vc_column_text]<\/p>\n<blockquote><p>La Guyane est une destination authentique pour les motards aventureux, avec des routes qui traversent des jungles tropicales, des fleuves imposants et des villages isol\u00e9s, r\u00e9v\u00e9lant une Am\u00e9rique du Sud qui n&rsquo;a pas encore \u00e9t\u00e9 explor\u00e9e.<\/p><\/blockquote>\n<p>[\/vc_column_text][\/vc_column][\/vc_row][vc_row][vc_column width=\u00bb1\/1&Prime;][vc_tta_tabs][vc_tta_section i_icon_fontawesome=\u00bbfa fa-regular fa-map\u00bb add_icon=\u00bbtrue\u00bb title=\u00bbInformations g\u00e9n\u00e9rales\u00bb tab_id=\u00bb1756984282331-d59962b9-8d9b\u00bb][vc_column_text]<strong>Capitale : <\/strong>Georgetown<\/p>\n<p><strong>Langue officielle : <\/strong>anglais<\/p>\n<p><strong>Num\u00e9ro d&rsquo;urgence : <\/strong>911[\/vc_column_text][\/vc_tta_section][vc_tta_section i_icon_fontawesome=\u00bbfa fa-regular fa-money-bill-1&Prime; add_icon=\u00bbtrue\u00bb title=\u00bbFinances\u00bb tab_id=\u00bb1756984282346-461ddde8-312d\u00bb][vc_column_text]<strong>Monnaie : <\/strong>Dollar guyanais (GYD)<\/p>\n<p>Paiements en esp\u00e8ces, l&rsquo;utilisation des cartes est tr\u00e8s limit\u00e9e.[\/vc_column_text][\/vc_tta_section][vc_tta_section i_icon_fontawesome=\u00bbfa fa-solid fa-motorcycle\u00bb add_icon=\u00bbtrue\u00bb title=\u00bbLimitations de vitesse\u00bb tab_id=\u00bb1756985156411-3a136d8e-ae6a\u00bb][vc_column_text]<strong>Autoroute : <\/strong>100-110 km\/h<\/p>\n<p><strong>Route : <\/strong>80-90 km\/h<\/p>\n<p><strong>Localit\u00e9s <\/strong><strong>: <\/strong>50 km\/h[\/vc_column_text][\/vc_tta_section][\/vc_tta_tabs][\/vc_column][\/vc_row][vc_row][vc_column width=\u00bb1\/1&Prime;]<div class=\"shout_spacer clearfix\" style=\"height:18px;\"><\/div>[\/vc_column][\/vc_row][vc_row][vc_column width=\u00bb1\/1&Prime;][vc_column_text]La Guyane est situ\u00e9e sur la c\u00f4te nord de l&rsquo;Am\u00e9rique du Sud et est le seul pays du continent dont la langue officielle est l&rsquo;anglais. Elle est connue pour sa for\u00eat amazonienne, le fleuve Essequibo et l&rsquo;impressionnante chute d&rsquo;eau de Kaieteur. L&rsquo;influence culturelle africaine, indienne et indig\u00e8ne y est \u00e9galement tr\u00e8s forte.<\/p>\n<h3><b>Climat<\/b><\/h3>\n<p>Tropicale \u00e9quatoriale et humide, avec deux saisons des pluies (mai \u00e0 ao\u00fbt et novembre \u00e0 janvier).<\/p>\n<h3><b>Langues<\/b><\/h3>\n<p>L&rsquo;anglais est la langue officielle. Le cr\u00e9ole guyanais (cr\u00e9ole anglais) est largement r\u00e9pandu dans la vie quotidienne. Les communaut\u00e9s autochtones pr\u00e9servent les langues locales.<\/p>\n<h3><strong>Conduite<\/strong><\/h3>\n<p>Vous conduisez \u00e0 <b>gauche<\/b> (influence britannique). Les routes principales relient Georgetown \u00e0 l&rsquo;int\u00e9rieur du pays, mais beaucoup sont des chemins de terre. Il n&rsquo;y a pas de p\u00e9age autoroutier.<\/p>\n<h3><b>Camping<\/b><\/h3>\n<p>Le camping sauvage est possible dans les zones naturelles, mais il est recommand\u00e9 de le faire uniquement avec des guides. Il existe des \u00e9co-lodges et des parcs de base dans les r\u00e9serves naturelles.<\/p>\n<h3><b>Zones motards<\/b><\/h3>\n<p>Les routes qui traversent l&rsquo;int\u00e9rieur de l&rsquo;Amazonie et celles qui m\u00e8nent \u00e0 la r\u00e9gion de Rupununi sont difficiles et tr\u00e8s recherch\u00e9es par les motocyclistes d&rsquo;aventure.<\/p>\n<h3><b>Zones sp\u00e9ciales<\/b><b><\/b><\/h3>\n<p>Georgetown comporte des zones \u00e0 forte circulation et des zones centrales o\u00f9 la circulation est limit\u00e9e.[\/vc_column_text][\/vc_column][\/vc_row][vc_row][vc_column width=\u00bb1\/1&Prime;][vc_column_text]<span style=\"font-weight: 400;\">Tu as quelque chose \u00e0 corriger ou \u00e0 ajouter ? Contacte-nous, deviens un collaborateur Travel4Bikers <\/span>[\/vc_column_text][vc_cta h2=\u00bbVisiter une ville en Guyane\u00bb css=\u00bb\u00bb]<\/p>\n<h4>Profite au maximum, d\u00e9couvre quoi faire en 24h \u00e0<\/h4>\n<h4><a href=\"https:\/\/gyg.me\/J7q1IKEv\" target=\"_blank\" rel=\"noopener\">Georgetown<\/a><\/h4>\n<p>[\/vc_cta][\/vc_column][\/vc_row][vc_row][vc_column width=\u00bb1\/1&Prime;][vc_message message_box_style=\u00bbclassic\u00bb]Ce site ne fournit pas d&rsquo;informations sur l&rsquo;obtention de visas, les vaccins ou d&rsquo;autres questions qui d\u00e9pendent \u00e0 la fois du pays d&rsquo;origine et de la destination.<br \/>\nTu dois v\u00e9rifier aupr\u00e8s de ton pays si tu as besoin de visas ou d&rsquo;autres exigences pour visiter les destinations souhait\u00e9es.[\/vc_message][\/vc_column][\/vc_row][vc_row][vc_column width=\u00bb1\/1&Prime;][vc_raw_html css=\u00bb\u00bb]JTVCdmNfY29sdW1uX3RleHQlNUQlMEElM0NwJTIwc3R5bGUlM0QlMjJ0ZXh0LWFsaWduJTNBJTIwcmlnaHQlM0IlMjIlM0UlM0NzdHJvbmclM0UlM0NhJTIwaHJlZiUzRCUyMmphdmFzY3JpcHQlM0FoaXN0b3J5LmJhY2slMjglMjklMjIlM0VSZXRvdXIlMjAlQzMlQTAlMjBsYSUyMFBhZ2UlMjBQciVDMyVBOWMlQzMlQTlkZW50ZSUzQyUyRmElM0UlM0MlMkZzdHJvbmclM0UlM0MlMkZwJTNFJTBBJTVCJTJGdmNfY29sdW1uX3RleHQlNUQ=[\/vc_raw_html][\/vc_column][\/vc_row][vc_row][vc_column width=\u00bb1\/1&Prime;]<div class=\"shout_spacer clearfix\" style=\"height:18px;\"><\/div>[\/vc_column][\/vc_row][vc_row][vc_column width=\u00bb1\/1&Prime;]<div class=\"prk_shortcode-title prk_break_word shout_left_align h1_sized\"><div class=\"body_font zero_color prk_vc_title\"><h1 style=\"font-weight:100;\">Histoires connexes<\/h1><\/div><div class=\"clearfix\"><\/div><\/div>[\/vc_column][\/vc_row][vc_row][vc_column width=\u00bb1\/1&Prime;]<div id=\"prk_shortcode_latest_posts\" class=\"recentposts_ul_wp small-12\"><div class=\"shortcode-title\"><\/div><div class=\"simple_line\"><\/div><h4 id=\"no_posts_title\" class=\"zero_color prk_heavier_600 big header_font\"><\/h4><\/div><div class=\"clearfix bt_1x\"><\/div>[\/vc_column][\/vc_row]<\/p>\n<\/div>","protected":false},"excerpt":{"rendered":"<p>La Guyane est une destination authentique pour les motards aventureux, avec des routes qui traversent des jungles tropicales, des fleuves imposants et des villages isol\u00e9s, r\u00e9v\u00e9lant une Am\u00e9rique du Sud qui n&rsquo;a pas encore \u00e9t\u00e9 explor\u00e9e.<\/p>\n","protected":false},"author":2,"featured_media":16876,"parent":10192,"menu_order":0,"comment_status":"closed","ping_status":"closed","template":"","meta":{"footnotes":""},"categories":[65,840],"tags":[1031,841,842],"class_list":["post-16877","page","type-page","status-publish","has-post-thumbnail","hentry","category-amerique-du-sud","category-guyane","tag-amazonia","tag-kaieteur","tag-rupununi"],"acf":[],"_links":{"self":[{"href":"https:\/\/travel4bikers.com\/fr\/wp-json\/wp\/v2\/pages\/16877","targetHints":{"allow":["GET"]}}],"collection":[{"href":"https:\/\/travel4bikers.com\/fr\/wp-json\/wp\/v2\/pages"}],"about":[{"href":"https:\/\/travel4bikers.com\/fr\/wp-json\/wp\/v2\/types\/page"}],"author":[{"embeddable":true,"href":"https:\/\/travel4bikers.com\/fr\/wp-json\/wp\/v2\/users\/2"}],"replies":[{"embeddable":true,"href":"https:\/\/travel4bikers.com\/fr\/wp-json\/wp\/v2\/comments?post=16877"}],"version-history":[{"count":2,"href":"https:\/\/travel4bikers.com\/fr\/wp-json\/wp\/v2\/pages\/16877\/revisions"}],"predecessor-version":[{"id":23109,"href":"https:\/\/travel4bikers.com\/fr\/wp-json\/wp\/v2\/pages\/16877\/revisions\/23109"}],"up":[{"embeddable":true,"href":"https:\/\/travel4bikers.com\/fr\/wp-json\/wp\/v2\/pages\/10192"}],"wp:featuredmedia":[{"embeddable":true,"href":"https:\/\/travel4bikers.com\/fr\/wp-json\/wp\/v2\/media\/16876"}],"wp:attachment":[{"href":"https:\/\/travel4bikers.com\/fr\/wp-json\/wp\/v2\/media?parent=16877"}],"wp:term":[{"taxonomy":"category","embeddable":true,"href":"https:\/\/travel4bikers.com\/fr\/wp-json\/wp\/v2\/categories?post=16877"},{"taxonomy":"post_tag","embeddable":true,"href":"https:\/\/travel4bikers.com\/fr\/wp-json\/wp\/v2\/tags?post=16877"}],"curies":[{"name":"wp","href":"https:\/\/api.w.org\/{rel}","templated":true}]}}