{"id":16944,"date":"2017-07-05T16:19:54","date_gmt":"2017-07-05T15:19:54","guid":{"rendered":"https:\/\/travel4bikers.com\/voyager-vers\/venezuela\/"},"modified":"2025-12-15T18:54:49","modified_gmt":"2025-12-15T17:54:49","slug":"venezuela","status":"publish","type":"page","link":"https:\/\/travel4bikers.com\/fr\/voyager-vers\/venezuela\/","title":{"rendered":"Venezuela"},"content":{"rendered":"<div class=\"wpb-content-wrapper\"><p>[vc_row][vc_column width=\u00bb1\/1&Prime;][vc_single_image source=\u00bbfeatured_image\u00bb img_size=\u00bbfull\u00bb alignment=\u00bbcenter\u00bb]<div class=\"shout_spacer clearfix\" style=\"height:20px;\"><\/div>[\/vc_column][\/vc_row][vc_row][vc_column width=\u00bb1\/1&Prime;]<div class=\"prk_shortcode-title prk_break_word shout_left_align h1_sized\"><div class=\"body_font zero_color prk_vc_title\"><h1 style=\"font-weight:100;\">Voyager vers Venezuela \ud83c\uddfb\ud83c\uddea<\/h1><\/div><div class=\"clearfix\"><\/div><\/div><div class=\"shout_spacer clearfix\" style=\"height:18px;\"><\/div>[\/vc_column][\/vc_row][vc_row font_color=\u00bb#0693E3&Prime;][vc_column width=\u00bb1\/1&Prime;][vc_column_text]<\/p>\n<blockquote><p>Le Venezuela est un pays aux contrastes impressionnants pour les motards, avec des routes qui traversent les montagnes andines, d&rsquo;immenses plaines et des paysages tropicaux qui vont jusqu&rsquo;aux cascades de Salto \u00c1ngel.<\/p><\/blockquote>\n<p>[\/vc_column_text][\/vc_column][\/vc_row][vc_row][vc_column width=\u00bb1\/1&Prime;][vc_tta_tabs][vc_tta_section i_icon_fontawesome=\u00bbfa fa-regular fa-map\u00bb add_icon=\u00bbtrue\u00bb title=\u00bbInformations g\u00e9n\u00e9rales\u00bb tab_id=\u00bb1756984282331-d59962b9-8d9b\u00bb][vc_column_text]<strong>Capitale : <\/strong>Caracas<\/p>\n<p><strong>Langue officielle : <\/strong>espagnol<\/p>\n<p><strong>Num\u00e9ro d&rsquo;urgence : <\/strong>171 \/ 911[\/vc_column_text][\/vc_tta_section][vc_tta_section i_icon_fontawesome=\u00bbfa fa-regular fa-money-bill-1&Prime; add_icon=\u00bbtrue\u00bb title=\u00bbFinances\u00bb tab_id=\u00bb1756984282346-461ddde8-312d\u00bb][vc_column_text]<strong>Monnaie : <\/strong>Bolivar v\u00e9n\u00e9zu\u00e9lien (VES) \u2013 le dollar am\u00e9ricain (USD) est largement utilis\u00e9 dans la vie quotidienne<\/p>\n<p>Les cartes \u00e9trang\u00e8res fonctionnent rarement, m\u00eame dans les grandes villes, nous vous recommandons d&rsquo;utiliser des VES ou des USD en esp\u00e8ces.[\/vc_column_text][\/vc_tta_section][vc_tta_section i_icon_fontawesome=\u00bbfa fa-solid fa-motorcycle\u00bb add_icon=\u00bbtrue\u00bb title=\u00bbLimitations de vitesse\u00bb tab_id=\u00bb1756985156411-3a136d8e-ae6a\u00bb][vc_column_text]<strong>Autoroute : <\/strong>100-120 km\/h<\/p>\n<p><strong>Route : <\/strong>80-90 km\/h<\/p>\n<p><strong>Localit\u00e9s <\/strong><strong>: <\/strong>40-60 km\/h[\/vc_column_text][\/vc_tta_section][\/vc_tta_tabs][\/vc_column][\/vc_row][vc_row][vc_column width=\u00bb1\/1&Prime;]<div class=\"shout_spacer clearfix\" style=\"height:18px;\"><\/div>[\/vc_column][\/vc_row][vc_row][vc_column width=\u00bb1\/1&Prime;][vc_column_text]Le Venezuela est situ\u00e9 au nord de l&rsquo;Am\u00e9rique du Sud, baign\u00e9 par la mer des Cara\u00efbes. Il est connu pour ses vastes r\u00e9serves de p\u00e9trole, ses beaut\u00e9s naturelles (Salto \u00c1ngel \u2013 la plus haute chute d&rsquo;eau du monde, Los Roques, le parc de Canaima) et la cordill\u00e8re des Andes qui traverse l&rsquo;ouest du pays.<\/p>\n<h3><b>Climat<\/b><\/h3>\n<p>Pr\u00e9dominance tropicale, avec des variations : humide dans les plaines, temp\u00e9r\u00e9e dans les montagnes et aride dans les zones c\u00f4ti\u00e8res du nord-ouest.<\/p>\n<h3><b>Langues<\/b><\/h3>\n<p>L&rsquo;espagnol est la langue officielle et pr\u00e9dominante. Une trentaine de langues indig\u00e8nes reconnues sont \u00e9galement parl\u00e9es dans les communaut\u00e9s locales.<\/p>\n<h3><b>Conduite<\/b><\/h3>\n<p>Roulez \u00e0 droite. Il existe des autoroutes autour de Caracas et entre les principales villes, dont certaines sont \u00e0 p\u00e9age. La qualit\u00e9 des routes est tr\u00e8s variable.<\/p>\n<h3><b>Camping<\/b><\/h3>\n<p>Le camping sauvage est possible dans certaines r\u00e9gions naturelles, mais il faut veiller \u00e0 la s\u00e9curit\u00e9. Il existe des campings dans les zones touristiques telles que Los Roques et Canaima.<\/p>\n<h3><b>Zones motards<\/b><\/h3>\n<p>Les routes andines (M\u00e9rida), les Llanos et les routes c\u00f4ti\u00e8res des Cara\u00efbes sont autant d&rsquo;itin\u00e9raires remarquables.<\/p>\n<h3><b>Zones sp\u00e9ciales<\/b><b><\/b><\/h3>\n<p>Caracas et d&rsquo;autres grandes villes ont des zones \u00e0 forte circulation, des restrictions de stationnement et des zones pi\u00e9tonnes dans les centres historiques.[\/vc_column_text][\/vc_column][\/vc_row][vc_row][vc_column width=\u00bb1\/1&Prime;][vc_column_text]<span style=\"font-weight: 400;\">Tu as quelque chose \u00e0 corriger ou \u00e0 ajouter ? Contacte-nous, deviens un collaborateur Travel4Bikers <\/span>[\/vc_column_text][\/vc_column][\/vc_row][vc_row][vc_column width=\u00bb1\/1&Prime;][vc_message message_box_style=\u00bbclassic\u00bb]Ce site ne fournit pas d&rsquo;informations sur l&rsquo;obtention de visas, les vaccins ou d&rsquo;autres questions qui d\u00e9pendent \u00e0 la fois du pays d&rsquo;origine et de la destination.<br \/>\nTu dois v\u00e9rifier aupr\u00e8s de ton pays si tu as besoin de visas ou d&rsquo;autres exigences pour visiter les destinations souhait\u00e9es.[\/vc_message][\/vc_column][\/vc_row][vc_row][vc_column width=\u00bb1\/1&Prime;][vc_raw_html css=\u00bb\u00bb]JTVCdmNfY29sdW1uX3RleHQlNUQlMEElM0NwJTIwc3R5bGUlM0QlMjJ0ZXh0LWFsaWduJTNBJTIwcmlnaHQlM0IlMjIlM0UlM0NzdHJvbmclM0UlM0NhJTIwaHJlZiUzRCUyMmphdmFzY3JpcHQlM0FoaXN0b3J5LmJhY2slMjglMjklMjIlM0VSZXRvdXIlMjAlQzMlQTAlMjBsYSUyMFBhZ2UlMjBQciVDMyVBOWMlQzMlQTlkZW50ZSUzQyUyRmElM0UlM0MlMkZzdHJvbmclM0UlM0MlMkZwJTNFJTBBJTVCJTJGdmNfY29sdW1uX3RleHQlNUQ=[\/vc_raw_html][\/vc_column][\/vc_row][vc_row][vc_column width=\u00bb1\/1&Prime;]<div class=\"shout_spacer clearfix\" style=\"height:18px;\"><\/div>[\/vc_column][\/vc_row][vc_row][vc_column width=\u00bb1\/1&Prime;]<div class=\"prk_shortcode-title prk_break_word shout_left_align h1_sized\"><div class=\"body_font zero_color prk_vc_title\"><h1 style=\"font-weight:100;\">Histoires connexes<\/h1><\/div><div class=\"clearfix\"><\/div><\/div>[\/vc_column][\/vc_row][vc_row][vc_column width=\u00bb1\/1&Prime;]<div id=\"prk_shortcode_latest_posts\" class=\"recentposts_ul_wp small-12\"><div class=\"shortcode-title\"><\/div><div class=\"simple_line\"><\/div><h4 id=\"no_posts_title\" class=\"zero_color prk_heavier_600 big header_font\"><\/h4><\/div><div class=\"clearfix bt_1x\"><\/div>[\/vc_column][\/vc_row]<\/p>\n<\/div>","protected":false},"excerpt":{"rendered":"<p>Le Venezuela est un pays aux contrastes impressionnants pour les motards, avec des routes qui traversent les montagnes andines, d&rsquo;immenses plaines et des paysages tropicaux qui vont jusqu&rsquo;aux cascades de Salto \u00c1ngel.<\/p>\n","protected":false},"author":2,"featured_media":16943,"parent":10192,"menu_order":0,"comment_status":"closed","ping_status":"closed","template":"","meta":{"footnotes":""},"categories":[65,875],"tags":[291,1020,873,874],"class_list":["post-16944","page","type-page","status-publish","has-post-thumbnail","hentry","category-amerique-du-sud","category-venuzuela","tag-andes","tag-caraibas","tag-los-roques","tag-salto-angel"],"acf":[],"_links":{"self":[{"href":"https:\/\/travel4bikers.com\/fr\/wp-json\/wp\/v2\/pages\/16944","targetHints":{"allow":["GET"]}}],"collection":[{"href":"https:\/\/travel4bikers.com\/fr\/wp-json\/wp\/v2\/pages"}],"about":[{"href":"https:\/\/travel4bikers.com\/fr\/wp-json\/wp\/v2\/types\/page"}],"author":[{"embeddable":true,"href":"https:\/\/travel4bikers.com\/fr\/wp-json\/wp\/v2\/users\/2"}],"replies":[{"embeddable":true,"href":"https:\/\/travel4bikers.com\/fr\/wp-json\/wp\/v2\/comments?post=16944"}],"version-history":[{"count":4,"href":"https:\/\/travel4bikers.com\/fr\/wp-json\/wp\/v2\/pages\/16944\/revisions"}],"predecessor-version":[{"id":23197,"href":"https:\/\/travel4bikers.com\/fr\/wp-json\/wp\/v2\/pages\/16944\/revisions\/23197"}],"up":[{"embeddable":true,"href":"https:\/\/travel4bikers.com\/fr\/wp-json\/wp\/v2\/pages\/10192"}],"wp:featuredmedia":[{"embeddable":true,"href":"https:\/\/travel4bikers.com\/fr\/wp-json\/wp\/v2\/media\/16943"}],"wp:attachment":[{"href":"https:\/\/travel4bikers.com\/fr\/wp-json\/wp\/v2\/media?parent=16944"}],"wp:term":[{"taxonomy":"category","embeddable":true,"href":"https:\/\/travel4bikers.com\/fr\/wp-json\/wp\/v2\/categories?post=16944"},{"taxonomy":"post_tag","embeddable":true,"href":"https:\/\/travel4bikers.com\/fr\/wp-json\/wp\/v2\/tags?post=16944"}],"curies":[{"name":"wp","href":"https:\/\/api.w.org\/{rel}","templated":true}]}}