{"id":17565,"date":"2017-07-05T16:19:54","date_gmt":"2017-07-05T15:19:54","guid":{"rendered":"https:\/\/travel4bikers.com\/voyager-vers\/croatie\/"},"modified":"2025-12-12T12:59:38","modified_gmt":"2025-12-12T11:59:38","slug":"croatie","status":"publish","type":"page","link":"https:\/\/travel4bikers.com\/fr\/voyager-vers\/croatie\/","title":{"rendered":"Croatie"},"content":{"rendered":"<div class=\"wpb-content-wrapper\"><p>[vc_row][vc_column width=\u00bb1\/1&Prime;][vc_single_image source=\u00bbfeatured_image\u00bb img_size=\u00bbfull\u00bb alignment=\u00bbcenter\u00bb]<div class=\"shout_spacer clearfix\" style=\"height:20px;\"><\/div>[\/vc_column][\/vc_row][vc_row][vc_column width=\u00bb1\/1&Prime;]<div class=\"prk_shortcode-title prk_break_word shout_left_align h1_sized\"><div class=\"body_font zero_color prk_vc_title\"><h1 style=\"font-weight:100;\">Voyager en Croatie \ud83c\udded\ud83c\uddf7<\/h1><\/div><div class=\"clearfix\"><\/div><\/div><div class=\"shout_spacer clearfix\" style=\"height:18px;\"><\/div>[\/vc_column][\/vc_row][vc_row font_color=\u00bb#0693E3&Prime;][vc_column width=\u00bb1\/1&Prime;][vc_column_text]<\/p>\n<blockquote><p>La Croatie est une destination incontournable pour les motards, avec ses routes c\u00f4ti\u00e8res le long de l&rsquo;Adriatique, ses \u00eeles pittoresques et ses parcs naturels qui offrent des paysages de r\u00eave \u00e0 chaque tournant.<\/p><\/blockquote>\n<p>[\/vc_column_text][\/vc_column][\/vc_row][vc_row][vc_column width=\u00bb1\/1&Prime;][vc_tta_tabs][vc_tta_section i_icon_fontawesome=\u00bbfa fa-regular fa-map\u00bb add_icon=\u00bbtrue\u00bb title=\u00bbInformations g\u00e9n\u00e9rales\u00bb tab_id=\u00bb1756984282331-d59962b9-8d9b\u00bb][vc_column_text]<strong>Capitale : <\/strong>Zagreb<\/p>\n<p><strong>Langue officielle : <\/strong>croate<\/p>\n<p><strong>Num\u00e9ro d&rsquo;urgence : <\/strong>112[\/vc_column_text][\/vc_tta_section][vc_tta_section i_icon_fontawesome=\u00bbfa fa-regular fa-money-bill-1&Prime; add_icon=\u00bbtrue\u00bb title=\u00bbFinances\u00bb tab_id=\u00bb1756984282346-461ddde8-312d\u00bb][vc_column_text]<strong>Monnaie : <\/strong>Euro (\u20ac) avant Kuna (HRK)<\/p>\n<p>Les paiements par carte sont largement accept\u00e9s.[\/vc_column_text][\/vc_tta_section][vc_tta_section i_icon_fontawesome=\u00bbfa fa-solid fa-motorcycle\u00bb add_icon=\u00bbtrue\u00bb title=\u00bbLimitations de vitesse\u00bb tab_id=\u00bb1756985156411-3a136d8e-ae6a\u00bb][vc_column_text]<strong>Autoroute : <\/strong>130 km\/h<\/p>\n<p><strong>Route : <\/strong>90 km\/h<\/p>\n<p><strong>Localit\u00e9s <\/strong><strong>: <\/strong>50 km\/h[\/vc_column_text][\/vc_tta_section][\/vc_tta_tabs][\/vc_column][\/vc_row][vc_row][vc_column width=\u00bb1\/1&Prime;]<div class=\"shout_spacer clearfix\" style=\"height:18px;\"><\/div>[\/vc_column][\/vc_row][vc_row][vc_column width=\u00bb1\/1&Prime;][vc_column_text]La Croatie est c\u00e9l\u00e8bre pour ses plages de l&rsquo;Adriatique, ses villes m\u00e9di\u00e9vales et ses parcs naturels. Zagreb, la capitale, allie l&rsquo;histoire \u00e0 la vie moderne. Les destinations touristiques telles que Dubrovnik et Split sont c\u00e9l\u00e8bres dans le monde entier.<\/p>\n<h3><b>Climat<\/b><\/h3>\n<p>La c\u00f4te a un climat m\u00e9diterran\u00e9en, avec des \u00e9t\u00e9s chauds et secs et des hivers doux. \u00c0 l&rsquo;int\u00e9rieur des terres, le climat est continental, avec des \u00e9t\u00e9s chauds et des hivers froids.<\/p>\n<h3><b>Langues<\/b><\/h3>\n<p>La langue officielle est le croate. L&rsquo;anglais est largement compris dans les zones touristiques, de m\u00eame que l&rsquo;allemand et l&rsquo;italien dans certaines r\u00e9gions.<\/p>\n<h3><b>Conduite<\/b><\/h3>\n<p>Roulez \u00e0 droite. De nombreuses autoroutes sont cl\u00f4tur\u00e9es et le paiement se fait \u00e0 l&rsquo;aide de caisses manuelles, de cartes ou d&rsquo;appareils \u00e9lectroniques.<\/p>\n<h3><b>Camping<\/b><\/h3>\n<p>Le camping sauvage est interdit, sauf dans les zones priv\u00e9es autoris\u00e9es. Il existe des campings r\u00e9glement\u00e9s dans tout le pays.<\/p>\n<h3><b>Zones motards<\/b><\/h3>\n<p>Les routes de la c\u00f4te adriatique, comme celle qui longe Makarska, et les routes int\u00e9rieures montagneuses sont tr\u00e8s populaires.<\/p>\n<h3><b>Zones sp\u00e9ciales<\/b><\/h3>\n<p>Les centres historiques de Dubrovnik, Split et d&rsquo;autres villes sont pi\u00e9tonniers, avec un acc\u00e8s limit\u00e9 aux voitures.[\/vc_column_text][\/vc_column][\/vc_row][vc_row][vc_column width=\u00bb1\/1&Prime;][vc_column_text]<span style=\"font-weight: 400;\">Tu as quelque chose \u00e0 corriger ou \u00e0 ajouter ? Contacte-nous, deviens un collaborateur Travel4Bikers <\/span>[\/vc_column_text][vc_cta h2=\u00bbVisiter une ville en Croatie\u00bb css=\u00bb\u00bb]<\/p>\n<h4>Profite au maximum, d\u00e9couvre quoi faire en 24h \u00e0<\/h4>\n<h4><a href=\"https:\/\/gyg.me\/GQqSfVrV\" target=\"_blank\" rel=\"noopener\">Zagreb<\/a> \u2013 <a href=\"https:\/\/gyg.me\/RSQjAbGJ\" target=\"_blank\" rel=\"noopener\">Dubrovnik<\/a> \u2013 <a href=\"https:\/\/gyg.me\/KOjM37K1\" target=\"_blank\" rel=\"noopener\">Split<\/a><\/h4>\n<p>[\/vc_cta][\/vc_column][\/vc_row][vc_row][vc_column width=\u00bb1\/1&Prime;][vc_message message_box_style=\u00bbclassic\u00bb]Ce site ne fournit pas d&rsquo;informations sur l&rsquo;obtention de visas, les vaccins ou d&rsquo;autres questions qui d\u00e9pendent \u00e0 la fois du pays d&rsquo;origine et de la destination.<br \/>\nTu dois v\u00e9rifier aupr\u00e8s de ton pays si tu as besoin de visas ou d&rsquo;autres exigences pour visiter les destinations souhait\u00e9es.[\/vc_message][\/vc_column][\/vc_row][vc_row][vc_column width=\u00bb1\/1&Prime;][vc_raw_html css=\u00bb\u00bb]JTVCdmNfY29sdW1uX3RleHQlNUQlMEElM0NwJTIwc3R5bGUlM0QlMjJ0ZXh0LWFsaWduJTNBJTIwcmlnaHQlM0IlMjIlM0UlM0NzdHJvbmclM0UlM0NhJTIwaHJlZiUzRCUyMmphdmFzY3JpcHQlM0FoaXN0b3J5LmJhY2slMjglMjklMjIlM0VSZXRvdXIlMjAlQzMlQTAlMjBsYSUyMFBhZ2UlMjBQciVDMyVBOWMlQzMlQTlkZW50ZSUzQyUyRmElM0UlM0MlMkZzdHJvbmclM0UlM0MlMkZwJTNFJTBBJTVCJTJGdmNfY29sdW1uX3RleHQlNUQ=[\/vc_raw_html][\/vc_column][\/vc_row][vc_row][vc_column width=\u00bb1\/1&Prime;]<div class=\"shout_spacer clearfix\" style=\"height:18px;\"><\/div>[\/vc_column][\/vc_row][vc_row][vc_column width=\u00bb1\/1&Prime;]<div class=\"prk_shortcode-title prk_break_word shout_left_align h1_sized\"><div class=\"body_font zero_color prk_vc_title\"><h1 style=\"font-weight:100;\">Histoires connexes<\/h1><\/div><div class=\"clearfix\"><\/div><\/div>[\/vc_column][\/vc_row][vc_row][vc_column width=\u00bb1\/1&Prime;]<div id=\"prk_shortcode_latest_posts\" class=\"recentposts_ul_wp small-12\"><div class=\"shortcode-title\"><\/div><div class=\"simple_line\"><\/div><h4 id=\"no_posts_title\" class=\"zero_color prk_heavier_600 big header_font\"><\/h4><\/div><div class=\"clearfix bt_1x\"><\/div>[\/vc_column][\/vc_row]<\/p>\n<\/div>","protected":false},"excerpt":{"rendered":"<p>La Croatie est une destination incontournable pour les motards, avec ses routes c\u00f4ti\u00e8res le long de l&rsquo;Adriatique, ses \u00eeles pittoresques et ses parcs naturels qui offrent des paysages de r\u00eave \u00e0 chaque tournant.<\/p>\n","protected":false},"author":2,"featured_media":17564,"parent":10192,"menu_order":0,"comment_status":"closed","ping_status":"closed","template":"","meta":{"footnotes":""},"categories":[920,59],"tags":[1037,921],"class_list":["post-17565","page","type-page","status-publish","has-post-thumbnail","hentry","category-croatie","category-europe","tag-adriatic","tag-makarska"],"acf":[],"_links":{"self":[{"href":"https:\/\/travel4bikers.com\/fr\/wp-json\/wp\/v2\/pages\/17565","targetHints":{"allow":["GET"]}}],"collection":[{"href":"https:\/\/travel4bikers.com\/fr\/wp-json\/wp\/v2\/pages"}],"about":[{"href":"https:\/\/travel4bikers.com\/fr\/wp-json\/wp\/v2\/types\/page"}],"author":[{"embeddable":true,"href":"https:\/\/travel4bikers.com\/fr\/wp-json\/wp\/v2\/users\/2"}],"replies":[{"embeddable":true,"href":"https:\/\/travel4bikers.com\/fr\/wp-json\/wp\/v2\/comments?post=17565"}],"version-history":[{"count":2,"href":"https:\/\/travel4bikers.com\/fr\/wp-json\/wp\/v2\/pages\/17565\/revisions"}],"predecessor-version":[{"id":23085,"href":"https:\/\/travel4bikers.com\/fr\/wp-json\/wp\/v2\/pages\/17565\/revisions\/23085"}],"up":[{"embeddable":true,"href":"https:\/\/travel4bikers.com\/fr\/wp-json\/wp\/v2\/pages\/10192"}],"wp:featuredmedia":[{"embeddable":true,"href":"https:\/\/travel4bikers.com\/fr\/wp-json\/wp\/v2\/media\/17564"}],"wp:attachment":[{"href":"https:\/\/travel4bikers.com\/fr\/wp-json\/wp\/v2\/media?parent=17565"}],"wp:term":[{"taxonomy":"category","embeddable":true,"href":"https:\/\/travel4bikers.com\/fr\/wp-json\/wp\/v2\/categories?post=17565"},{"taxonomy":"post_tag","embeddable":true,"href":"https:\/\/travel4bikers.com\/fr\/wp-json\/wp\/v2\/tags?post=17565"}],"curies":[{"name":"wp","href":"https:\/\/api.w.org\/{rel}","templated":true}]}}