{"id":17577,"date":"2017-07-05T16:19:54","date_gmt":"2017-07-05T15:19:54","guid":{"rendered":"https:\/\/travel4bikers.com\/voyager-vers\/bulgarie\/"},"modified":"2025-12-30T17:39:07","modified_gmt":"2025-12-30T16:39:07","slug":"bulgarie","status":"publish","type":"page","link":"https:\/\/travel4bikers.com\/fr\/voyager-vers\/bulgarie\/","title":{"rendered":"Bulgarie"},"content":{"rendered":"<div class=\"wpb-content-wrapper\"><p>[vc_row][vc_column width=\u00bb1\/1&Prime;][vc_single_image source=\u00bbfeatured_image\u00bb img_size=\u00bbfull\u00bb alignment=\u00bbcenter\u00bb]<div class=\"shout_spacer clearfix\" style=\"height:20px;\"><\/div>[\/vc_column][\/vc_row][vc_row][vc_column width=\u00bb1\/1&Prime;]<div class=\"prk_shortcode-title prk_break_word shout_left_align h1_sized\"><div class=\"body_font zero_color prk_vc_title\"><h1 style=\"font-weight:100;\">Voyage en Bulgarie \ud83c\udde7\ud83c\uddec<\/h1><\/div><div class=\"clearfix\"><\/div><\/div><div class=\"shout_spacer clearfix\" style=\"height:18px;\"><\/div>[\/vc_column][\/vc_row][vc_row font_color=\u00bb#0693E3&Prime;][vc_column width=\u00bb1\/1&Prime;][vc_column_text]<\/p>\n<blockquote><p>La Bulgarie est une destination \u00e9tonnante pour les motocyclistes, avec des itin\u00e9raires qui traversent les montagnes, les plaines et le littoral de la mer Noire, alliant nature, tradition et hospitalit\u00e9.<\/p><\/blockquote>\n<p>[\/vc_column_text][\/vc_column][\/vc_row][vc_row][vc_column width=\u00bb1\/1&Prime;][vc_tta_tabs][vc_tta_section i_icon_fontawesome=\u00bbfa fa-regular fa-map\u00bb add_icon=\u00bbtrue\u00bb title=\u00bbInformations g\u00e9n\u00e9rales\u00bb tab_id=\u00bb1756984282331-d59962b9-8d9b\u00bb][vc_column_text]<strong>Capitale : <\/strong>Sofia<\/p>\n<p><strong>Langue officielle : <\/strong>bulgare<\/p>\n<p><strong>Num\u00e9ro d&rsquo;urgence : <\/strong>112[\/vc_column_text][\/vc_tta_section][vc_tta_section i_icon_fontawesome=\u00bbfa fa-regular fa-money-bill-1&Prime; add_icon=\u00bbtrue\u00bb title=\u00bbFinances\u00bb tab_id=\u00bb1756984282346-461ddde8-312d\u00bb][vc_column_text]<strong>Monnaie : <\/strong>Lev bulgare (BGN)<\/p>\n<p>L&rsquo;utilisation des cartes est assez courante, mais l&rsquo;argent liquide joue encore un r\u00f4le important, surtout en dehors des villes.[\/vc_column_text][\/vc_tta_section][vc_tta_section i_icon_fontawesome=\u00bbfa fa-solid fa-motorcycle\u00bb add_icon=\u00bbtrue\u00bb title=\u00bbLimitations de vitesse\u00bb tab_id=\u00bb1756985156411-3a136d8e-ae6a\u00bb][vc_column_text]<strong>Autoroute : <\/strong>140 km\/h<\/p>\n<p><strong>Route : <\/strong>90-100 km\/h<\/p>\n<p><strong>Localit\u00e9s <\/strong><strong>: <\/strong>50 km\/h[\/vc_column_text][\/vc_tta_section][\/vc_tta_tabs][\/vc_column][\/vc_row][vc_row][vc_column width=\u00bb1\/1&Prime;]<div class=\"shout_spacer clearfix\" style=\"height:18px;\"><\/div>[\/vc_column][\/vc_row][vc_row][vc_column width=\u00bb1\/1&Prime;][vc_column_text]La Bulgarie est situ\u00e9e dans le sud-est de l&rsquo;Europe, dans les Balkans. Elle est connue pour ses montagnes, ses plages sur la mer Noire, son histoire ancienne et ses villes comme Sofia et Plovdiv.<\/p>\n<h3><b>Climat<\/b><\/h3>\n<p>Le climat est continental, avec des \u00e9t\u00e9s chauds et des hivers froids \u00e0 l&rsquo;int\u00e9rieur des terres ; sur la c\u00f4te, le climat est plus m\u00e9diterran\u00e9en.<\/p>\n<h3><b>Langues<\/b><\/h3>\n<p>La langue officielle est le bulgare. L&rsquo;anglais est relativement r\u00e9pandu dans les zones touristiques, et les minorit\u00e9s parlent le turc ou le romani.<\/p>\n<h3><b>Conduite<\/b><\/h3>\n<p>Roulez \u00e0 droite. Certaines autoroutes sont ferm\u00e9es, avec paiement manuel ou \u00e9lectronique.<\/p>\n<h3><b>Camping<\/b><\/h3>\n<p>Le camping sauvage est interdit dans les zones prot\u00e9g\u00e9es, mais il est tol\u00e9r\u00e9 dans les zones rurales. Il existe des campings organis\u00e9s.<\/p>\n<h3><b>Zones motards<\/b><\/h3>\n<p>Les routes de montagne des Balkans, telles que les montagnes de R\u00f3dope et de Pirin, sont tr\u00e8s appr\u00e9ci\u00e9es des motocyclistes.<\/p>\n<h3><b>Zones sp\u00e9ciales<\/b><\/h3>\n<p>Les centres historiques de Sofia, Plovdiv et d&rsquo;autres villes disposent de zones pi\u00e9tonnes et de parkings contr\u00f4l\u00e9s.[\/vc_column_text][\/vc_column][\/vc_row][vc_row][vc_column width=\u00bb1\/1&Prime;][vc_column_text]<span style=\"font-weight: 400;\">Tu as quelque chose \u00e0 corriger ou \u00e0 ajouter ? Contacte-nous, deviens un collaborateur Travel4Bikers <\/span>[\/vc_column_text][vc_cta h2=\u00bbVisiter une ville en Bulgarie\u00bb css=\u00bb\u00bb]<\/p>\n<h4>Profite au maximum, d\u00e9couvre quoi faire en 24h \u00e0<\/h4>\n<h4><a href=\"https:\/\/gyg.me\/gUxFPfEW\" target=\"_blank\" rel=\"noopener\">Sofia<\/a> \u2013 <a href=\"https:\/\/gyg.me\/vnyzs20J\" target=\"_blank\" rel=\"noopener\">Plovdiv<\/a> \u2013 <a href=\"https:\/\/gyg.me\/vCaiz1Yw\" target=\"_blank\" rel=\"noopener\">Varna<\/a><\/h4>\n<p>[\/vc_cta][\/vc_column][\/vc_row][vc_row][vc_column width=\u00bb1\/1&Prime;][vc_message message_box_style=\u00bbclassic\u00bb]Ce site ne fournit pas d&rsquo;informations sur l&rsquo;obtention de visas, les vaccins ou d&rsquo;autres questions qui d\u00e9pendent \u00e0 la fois du pays d&rsquo;origine et de la destination.<br \/>\nTu dois v\u00e9rifier aupr\u00e8s de ton pays si tu as besoin de visas ou d&rsquo;autres exigences pour visiter les destinations souhait\u00e9es.[\/vc_message][\/vc_column][\/vc_row][vc_row][vc_column width=\u00bb1\/1&Prime;][\/vc_column][\/vc_row][vc_row][vc_column width=\u00bb1\/1&Prime;]<div class=\"shout_spacer clearfix\" style=\"height:18px;\"><\/div>[\/vc_column][\/vc_row][vc_row][vc_column width=\u00bb1\/1&Prime;]<div class=\"prk_shortcode-title prk_break_word shout_left_align h1_sized\"><div class=\"body_font zero_color prk_vc_title\"><h1 style=\"font-weight:100;\">Histoires connexes<\/h1><\/div><div class=\"clearfix\"><\/div><\/div>[\/vc_column][\/vc_row][vc_row][vc_column width=\u00bb1\/1&Prime;]<div id=\"prk_shortcode_latest_posts\" class=\"recentposts_ul_wp small-12\"><div class=\"shortcode-title\"><\/div><div class=\"simple_line\"><\/div><h4 id=\"no_posts_title\" class=\"zero_color prk_heavier_600 big header_font\"><\/h4><\/div><div class=\"clearfix bt_1x\"><\/div>[\/vc_column][\/vc_row]<\/p>\n<\/div>","protected":false},"excerpt":{"rendered":"<p>La Bulgarie est une destination \u00e9tonnante pour les motocyclistes, avec des itin\u00e9raires qui traversent les montagnes, les plaines et le littoral de la mer Noire, alliant nature, tradition et hospitalit\u00e9.<\/p>\n","protected":false},"author":2,"featured_media":17576,"parent":10192,"menu_order":0,"comment_status":"closed","ping_status":"closed","template":"","meta":{"footnotes":""},"categories":[928,59],"tags":[1034,1035,1036,931],"class_list":["post-17577","page","type-page","status-publish","has-post-thumbnail","hentry","category-bulgarie","category-europe","tag-balcas","tag-mar-negro","tag-montes-rodope","tag-pirin"],"acf":[],"_links":{"self":[{"href":"https:\/\/travel4bikers.com\/fr\/wp-json\/wp\/v2\/pages\/17577","targetHints":{"allow":["GET"]}}],"collection":[{"href":"https:\/\/travel4bikers.com\/fr\/wp-json\/wp\/v2\/pages"}],"about":[{"href":"https:\/\/travel4bikers.com\/fr\/wp-json\/wp\/v2\/types\/page"}],"author":[{"embeddable":true,"href":"https:\/\/travel4bikers.com\/fr\/wp-json\/wp\/v2\/users\/2"}],"replies":[{"embeddable":true,"href":"https:\/\/travel4bikers.com\/fr\/wp-json\/wp\/v2\/comments?post=17577"}],"version-history":[{"count":2,"href":"https:\/\/travel4bikers.com\/fr\/wp-json\/wp\/v2\/pages\/17577\/revisions"}],"predecessor-version":[{"id":23261,"href":"https:\/\/travel4bikers.com\/fr\/wp-json\/wp\/v2\/pages\/17577\/revisions\/23261"}],"up":[{"embeddable":true,"href":"https:\/\/travel4bikers.com\/fr\/wp-json\/wp\/v2\/pages\/10192"}],"wp:featuredmedia":[{"embeddable":true,"href":"https:\/\/travel4bikers.com\/fr\/wp-json\/wp\/v2\/media\/17576"}],"wp:attachment":[{"href":"https:\/\/travel4bikers.com\/fr\/wp-json\/wp\/v2\/media?parent=17577"}],"wp:term":[{"taxonomy":"category","embeddable":true,"href":"https:\/\/travel4bikers.com\/fr\/wp-json\/wp\/v2\/categories?post=17577"},{"taxonomy":"post_tag","embeddable":true,"href":"https:\/\/travel4bikers.com\/fr\/wp-json\/wp\/v2\/tags?post=17577"}],"curies":[{"name":"wp","href":"https:\/\/api.w.org\/{rel}","templated":true}]}}