{"id":17752,"date":"2017-07-05T16:19:54","date_gmt":"2017-07-05T15:19:54","guid":{"rendered":"https:\/\/travel4bikers.com\/voyager-vers\/eslovenia\/"},"modified":"2025-12-15T18:46:51","modified_gmt":"2025-12-15T17:46:51","slug":"slovenie","status":"publish","type":"page","link":"https:\/\/travel4bikers.com\/fr\/voyager-vers\/slovenie\/","title":{"rendered":"Slov\u00e9nie"},"content":{"rendered":"<div class=\"wpb-content-wrapper\"><p>[vc_row][vc_column width=\u00bb1\/1&Prime;][vc_single_image source=\u00bbfeatured_image\u00bb img_size=\u00bbfull\u00bb alignment=\u00bbcenter\u00bb]<div class=\"shout_spacer clearfix\" style=\"height:20px;\"><\/div>[\/vc_column][\/vc_row][vc_row][vc_column width=\u00bb1\/1&Prime;]<div class=\"prk_shortcode-title prk_break_word shout_left_align h1_sized\"><div class=\"body_font zero_color prk_vc_title\"><h1 style=\"font-weight:100;\">Voyager en Slov\u00e9nie \ud83c\uddf8\ud83c\uddee<\/h1><\/div><div class=\"clearfix\"><\/div><\/div><div class=\"shout_spacer clearfix\" style=\"height:18px;\"><\/div>[\/vc_column][\/vc_row][vc_row font_color=\u00bb#0693E3&Prime;][vc_column width=\u00bb1\/1&Prime;][vc_column_text]<\/p>\n<blockquote><p>La Slov\u00e9nie est un petit paradis pour les motards, avec des routes qui relient les Alpes \u00e0 l&rsquo;Adriatique, en passant par des lacs, des for\u00eats et des villages pittoresques dans un cadre de pure tranquillit\u00e9.<\/p><\/blockquote>\n<p>[\/vc_column_text][\/vc_column][\/vc_row][vc_row][vc_column width=\u00bb1\/1&Prime;][vc_tta_tabs][vc_tta_section i_icon_fontawesome=\u00bbfa fa-regular fa-map\u00bb add_icon=\u00bbtrue\u00bb title=\u00bbInformations g\u00e9n\u00e9rales\u00bb tab_id=\u00bb1756984282331-d59962b9-8d9b\u00bb][vc_column_text]<strong>Capitale : <\/strong>Ljubljana<\/p>\n<p><strong>Langue officielle : <\/strong>slov\u00e8ne<\/p>\n<p><strong>Num\u00e9ro d&rsquo;urgence : <\/strong>112[\/vc_column_text][\/vc_tta_section][vc_tta_section i_icon_fontawesome=\u00bbfa fa-regular fa-money-bill-1&Prime; add_icon=\u00bbtrue\u00bb title=\u00bbFinances\u00bb tab_id=\u00bb1756984282346-461ddde8-312d\u00bb][vc_column_text]<strong>Monnaie : <\/strong>Euro (\u20ac)<\/p>\n<p>Les paiements par carte sont largement accept\u00e9s[\/vc_column_text][\/vc_tta_section][vc_tta_section i_icon_fontawesome=\u00bbfa fa-solid fa-motorcycle\u00bb add_icon=\u00bbtrue\u00bb title=\u00bbLimitations de vitesse\u00bb tab_id=\u00bb1756985156411-3a136d8e-ae6a\u00bb][vc_column_text]<strong>Autoroute : <\/strong>130 km\/h<\/p>\n<p><strong>Route : <\/strong>90 km\/h<\/p>\n<p><strong>Localit\u00e9s <\/strong><strong>: <\/strong>50 km\/h[\/vc_column_text][\/vc_tta_section][\/vc_tta_tabs][\/vc_column][\/vc_row][vc_row][vc_column width=\u00bb1\/1&Prime;]<div class=\"shout_spacer clearfix\" style=\"height:18px;\"><\/div>[\/vc_column][\/vc_row][vc_row][vc_column width=\u00bb1\/1&Prime;][vc_column_text]La Slov\u00e9nie est un petit pays d&rsquo;Europe centrale, situ\u00e9 entre les Alpes et la mer Adriatique. Elle est connue pour sa nature intacte, ses lacs alpins comme le lac de Bled, ses grottes impressionnantes et ses villes c\u00f4ti\u00e8res comme Piran. La capitale, Ljubljana, est une ville charmante avec une forte influence architecturale austro-hongroise.<\/p>\n<h3><b>Climat<\/b><\/h3>\n<p>Le climat est vari\u00e9 : alpin dans les montagnes, m\u00e9diterran\u00e9en sur la c\u00f4te et continental \u00e0 l&rsquo;int\u00e9rieur des terres. Les hivers sont froids et les \u00e9t\u00e9s chauds.<\/p>\n<h3><b>Langues<\/b><\/h3>\n<p>La langue officielle est le slov\u00e8ne. Dans certaines r\u00e9gions frontali\u00e8res, l&rsquo;italien et le hongrois sont \u00e9galement parl\u00e9s. L&rsquo;anglais est largement r\u00e9pandu, en particulier dans les zones touristiques.<\/p>\n<h3><b>Conduite<\/b><\/h3>\n<p>Roulez \u00e0 droite. Pour circuler sur les autoroutes, vous devez acheter une vignette, disponible sur les aires de service, aux fronti\u00e8res ou en ligne.<\/p>\n<h3><b>Camping<\/b><\/h3>\n<p>Le camping sauvage est interdit, mais il existe des campings bien organis\u00e9s dans les zones touristiques et naturelles, notamment au bord du lac de Bled et sur la c\u00f4te.<\/p>\n<h3><b>Zones motards<\/b><\/h3>\n<p>La Slov\u00e9nie est appr\u00e9ci\u00e9e des motards en raison de ses paysages alpins. Parmi les itin\u00e9raires les plus populaires, citons les Alpes juliennes et la route menant au col de Vr\u0161i\u010d.<\/p>\n<h3><b>Zones sp\u00e9ciales<\/b><\/h3>\n<p>Le centre historique de Ljubljana est interdit \u00e0 la circulation automobile et r\u00e9serv\u00e9 aux pi\u00e9tons. D&rsquo;autres villes ont \u00e9galement des restrictions de circulation dans les zones centrales.[\/vc_column_text][\/vc_column][\/vc_row][vc_row][vc_column width=\u00bb1\/1&Prime;][vc_column_text]<span style=\"font-weight: 400;\">Tu as quelque chose \u00e0 corriger ou \u00e0 ajouter ? Contacte-nous, deviens un collaborateur Travel4Bikers <\/span>[\/vc_column_text][vc_cta h2=\u00bbVisiter une ville en Slov\u00e9nie\u00bb css=\u00bb\u00bb]<\/p>\n<h4>Profite au maximum, d\u00e9couvre quoi faire en 24h \u00e0<\/h4>\n<h4><a href=\"https:\/\/gyg.me\/rk7nejnM\" target=\"_blank\" rel=\"noopener\">Ljubljana<\/a> \u2013 <a href=\"https:\/\/gyg.me\/V8FAtrAS\" target=\"_blank\" rel=\"noopener\">Bled<\/a><\/h4>\n<p>[\/vc_cta][\/vc_column][\/vc_row][vc_row][vc_column width=\u00bb1\/1&Prime;][vc_message message_box_style=\u00bbclassic\u00bb]Ce site ne fournit pas d&rsquo;informations sur l&rsquo;obtention de visas, les vaccins ou d&rsquo;autres questions qui d\u00e9pendent \u00e0 la fois du pays d&rsquo;origine et de la destination.<br \/>\nTu dois v\u00e9rifier aupr\u00e8s de ton pays si tu as besoin de visas ou d&rsquo;autres exigences pour visiter les destinations souhait\u00e9es.[\/vc_message][\/vc_column][\/vc_row][vc_row][vc_column width=\u00bb1\/1&Prime;][vc_raw_html css=\u00bb\u00bb]JTVCdmNfY29sdW1uX3RleHQlNUQlMEElM0NwJTIwc3R5bGUlM0QlMjJ0ZXh0LWFsaWduJTNBJTIwcmlnaHQlM0IlMjIlM0UlM0NzdHJvbmclM0UlM0NhJTIwaHJlZiUzRCUyMmphdmFzY3JpcHQlM0FoaXN0b3J5LmJhY2slMjglMjklMjIlM0VSZXRvdXIlMjAlQzMlQTAlMjBsYSUyMFBhZ2UlMjBQciVDMyVBOWMlQzMlQTlkZW50ZSUzQyUyRmElM0UlM0MlMkZzdHJvbmclM0UlM0MlMkZwJTNFJTBBJTVCJTJGdmNfY29sdW1uX3RleHQlNUQ=[\/vc_raw_html][\/vc_column][\/vc_row][vc_row][vc_column width=\u00bb1\/1&Prime;]<div class=\"shout_spacer clearfix\" style=\"height:18px;\"><\/div>[\/vc_column][\/vc_row][vc_row][vc_column width=\u00bb1\/1&Prime;]<div class=\"prk_shortcode-title prk_break_word shout_left_align h1_sized\"><div class=\"body_font zero_color prk_vc_title\"><h1 style=\"font-weight:100;\">Histoires connexes<\/h1><\/div><div class=\"clearfix\"><\/div><\/div>[\/vc_column][\/vc_row][vc_row][vc_column width=\u00bb1\/1&Prime;]<div id=\"prk_shortcode_latest_posts\" class=\"recentposts_ul_wp small-12\"><div class=\"shortcode-title\"><\/div><div class=\"simple_line\"><\/div><h4 id=\"no_posts_title\" class=\"zero_color prk_heavier_600 big header_font\"><\/h4><\/div><div class=\"clearfix bt_1x\"><\/div>[\/vc_column][\/vc_row]<\/p>\n<\/div>","protected":false},"excerpt":{"rendered":"<p>La Slov\u00e9nie est un petit paradis pour les motards, avec des routes qui relient les Alpes \u00e0 l&rsquo;Adriatique, en passant par des lacs, des for\u00eats et des villages pittoresques dans un cadre de pure tranquillit\u00e9.<\/p>\n","protected":false},"author":2,"featured_media":17751,"parent":10192,"menu_order":0,"comment_status":"closed","ping_status":"closed","template":"","meta":{"footnotes":""},"categories":[59,1067],"tags":[997,1069,1027,1068],"class_list":["post-17752","page","type-page","status-publish","has-post-thumbnail","hentry","category-europe","category-slovenie","tag-alpes","tag-alpes-juliennes","tag-europa-central","tag-lac-de-bled"],"acf":[],"_links":{"self":[{"href":"https:\/\/travel4bikers.com\/fr\/wp-json\/wp\/v2\/pages\/17752","targetHints":{"allow":["GET"]}}],"collection":[{"href":"https:\/\/travel4bikers.com\/fr\/wp-json\/wp\/v2\/pages"}],"about":[{"href":"https:\/\/travel4bikers.com\/fr\/wp-json\/wp\/v2\/types\/page"}],"author":[{"embeddable":true,"href":"https:\/\/travel4bikers.com\/fr\/wp-json\/wp\/v2\/users\/2"}],"replies":[{"embeddable":true,"href":"https:\/\/travel4bikers.com\/fr\/wp-json\/wp\/v2\/comments?post=17752"}],"version-history":[{"count":1,"href":"https:\/\/travel4bikers.com\/fr\/wp-json\/wp\/v2\/pages\/17752\/revisions"}],"predecessor-version":[{"id":23186,"href":"https:\/\/travel4bikers.com\/fr\/wp-json\/wp\/v2\/pages\/17752\/revisions\/23186"}],"up":[{"embeddable":true,"href":"https:\/\/travel4bikers.com\/fr\/wp-json\/wp\/v2\/pages\/10192"}],"wp:featuredmedia":[{"embeddable":true,"href":"https:\/\/travel4bikers.com\/fr\/wp-json\/wp\/v2\/media\/17751"}],"wp:attachment":[{"href":"https:\/\/travel4bikers.com\/fr\/wp-json\/wp\/v2\/media?parent=17752"}],"wp:term":[{"taxonomy":"category","embeddable":true,"href":"https:\/\/travel4bikers.com\/fr\/wp-json\/wp\/v2\/categories?post=17752"},{"taxonomy":"post_tag","embeddable":true,"href":"https:\/\/travel4bikers.com\/fr\/wp-json\/wp\/v2\/tags?post=17752"}],"curies":[{"name":"wp","href":"https:\/\/api.w.org\/{rel}","templated":true}]}}