{"id":17812,"date":"2017-07-05T16:19:54","date_gmt":"2017-07-05T15:19:54","guid":{"rendered":"https:\/\/travel4bikers.com\/voyager-vers\/inglaterra\/"},"modified":"2025-12-12T12:03:18","modified_gmt":"2025-12-12T11:03:18","slug":"angleterre","status":"publish","type":"page","link":"https:\/\/travel4bikers.com\/fr\/voyager-vers\/angleterre\/","title":{"rendered":"Angleterre"},"content":{"rendered":"<div class=\"wpb-content-wrapper\"><p>[vc_row][vc_column width=\u00bb1\/1&Prime;][vc_single_image source=\u00bbfeatured_image\u00bb img_size=\u00bbfull\u00bb alignment=\u00bbcenter\u00bb]<div class=\"shout_spacer clearfix\" style=\"height:20px;\"><\/div>[\/vc_column][\/vc_row][vc_row][vc_column width=\u00bb1\/1&Prime;]<div class=\"prk_shortcode-title prk_break_word shout_left_align h1_sized\"><div class=\"body_font zero_color prk_vc_title\"><h1 style=\"font-weight:100;\">Voyage en Angleterre \ud83c\udff4\udb40\udc67\udb40\udc62\udb40\udc65\udb40\udc6e\udb40\udc67\udb40\udc7f<\/h1><\/div><div class=\"clearfix\"><\/div><\/div><div class=\"shout_spacer clearfix\" style=\"height:18px;\"><\/div>[\/vc_column][\/vc_row][vc_row font_color=\u00bb#0693E3&Prime;][vc_column width=\u00bb1\/1&Prime;][vc_column_text]<\/p>\n<blockquote><p>L&rsquo;Angleterre est une destination classique pour les motards, avec des routes qui serpentent \u00e0 travers des collines verdoyantes, des villages historiques et un littoral plein de paysages pittoresques et de caract\u00e8re.<\/p><\/blockquote>\n<p>[\/vc_column_text][\/vc_column][\/vc_row][vc_row][vc_column width=\u00bb1\/1&Prime;][vc_tta_tabs][vc_tta_section i_icon_fontawesome=\u00bbfa fa-regular fa-map\u00bb add_icon=\u00bbtrue\u00bb title=\u00bbInformations g\u00e9n\u00e9rales\u00bb tab_id=\u00bb1756984282331-d59962b9-8d9b\u00bb][vc_column_text]<strong>Capitale : <\/strong>Londres<\/p>\n<p><strong>Langue officielle : <\/strong>anglais<\/p>\n<p><strong>Num\u00e9ro d&rsquo;urgence : <\/strong>999 \/ 112[\/vc_column_text][\/vc_tta_section][vc_tta_section i_icon_fontawesome=\u00bbfa fa-regular fa-money-bill-1&Prime; add_icon=\u00bbtrue\u00bb title=\u00bbFinances\u00bb tab_id=\u00bb1756984282346-461ddde8-312d\u00bb][vc_column_text]<strong>Monnaie : <\/strong>Livre sterling (GBP)<\/p>\n<p>Les paiements par carte sont largement accept\u00e9s.[\/vc_column_text][\/vc_tta_section][vc_tta_section i_icon_fontawesome=\u00bbfa fa-solid fa-motorcycle\u00bb add_icon=\u00bbtrue\u00bb title=\u00bbLimitations de vitesse\u00bb tab_id=\u00bb1756985156411-3a136d8e-ae6a\u00bb][vc_column_text]<strong>Autoroute : <\/strong>112 km\/h (70 mph)<\/p>\n<p><strong>Route : <\/strong>96 km\/h (60 mph)<\/p>\n<p><strong>Localit\u00e9s : <\/strong>48 km\/h (30 mph)[\/vc_column_text][\/vc_tta_section][\/vc_tta_tabs][\/vc_column][\/vc_row][vc_row][vc_column width=\u00bb1\/1&Prime;]<div class=\"shout_spacer clearfix\" style=\"height:18px;\"><\/div>[\/vc_column][\/vc_row][vc_row][vc_column width=\u00bb1\/1&Prime;][vc_column_text]L&rsquo;Angleterre est la plus grande nation du Royaume-Uni, connue pour son histoire, sa culture, ses ch\u00e2teaux, ses mus\u00e9es et ses villes dynamiques telles que Londres, Manchester et Birmingham.<\/p>\n<h3><b>Climat<\/b><\/h3>\n<p>Le climat est oc\u00e9anique temp\u00e9r\u00e9, avec des hivers froids et des \u00e9t\u00e9s frais et pluvieux.<\/p>\n<h3><b>Langues<\/b><\/h3>\n<p>L&rsquo;anglais est la langue officielle. Les langues minoritaires sont le polonais, l&rsquo;ourdou et le punjabi dans les zones urbaines.<\/p>\n<h3><b>Conduite<\/b><\/h3>\n<p>Roulez \u00e0 gauche. La plupart des autoroutes sont sans p\u00e9age, mais certains ponts et tunnels sont payants.<\/p>\n<h3><b>Camping<\/b><\/h3>\n<p>Le camping sauvage est g\u00e9n\u00e9ralement interdit sur les terrains priv\u00e9s, mais il existe de nombreux sites de camping r\u00e9glement\u00e9s.<\/p>\n<h3><b>Zones motards<\/b><\/h3>\n<p>Les routes c\u00f4ti\u00e8res telles que les Cornouailles, les routes rurales du Yorkshire et du Lake District sont tr\u00e8s appr\u00e9ci\u00e9es.<\/p>\n<h3><b>Zones sp\u00e9ciales<\/b><\/h3>\n<p><b><\/b> Londres et d&rsquo;autres grandes villes disposent de zones de congestion, de rues pi\u00e9tonnes et de parkings payants.[\/vc_column_text][\/vc_column][\/vc_row][vc_row][vc_column width=\u00bb1\/1&Prime;][vc_column_text]<span style=\"font-weight: 400;\">Tu as quelque chose \u00e0 corriger ou \u00e0 ajouter ? Contacte-nous, deviens un collaborateur Travel4Bikers <\/span>[\/vc_column_text][vc_cta h2=\u00bbVisiter une ville en Angleterre\u00bb css=\u00bb\u00bb]<\/p>\n<h4>Profite au maximum, d\u00e9couvre quoi faire en 24h \u00e0<\/h4>\n<h4><a href=\"https:\/\/gyg.me\/xTezE2Cs\" target=\"_blank\" rel=\"noopener\">Londres<\/a> \u2013 <a href=\"https:\/\/gyg.me\/OlumVKQp\" target=\"_blank\" rel=\"noopener\">Manchester<\/a> \u2013 <a href=\"https:\/\/gyg.me\/fVSxGzMw\" target=\"_blank\" rel=\"noopener\">Birmingham<\/a> \u2013 <a href=\"https:\/\/gyg.me\/1QAv6uIS\" target=\"_blank\" rel=\"noopener\">Yorkshire<\/a> \u2013 <a href=\"https:\/\/gyg.me\/Tkb2RhJj\" target=\"_blank\" rel=\"noopener\">Lake District<\/a><\/h4>\n<p>[\/vc_cta][\/vc_column][\/vc_row][vc_row][vc_column width=\u00bb1\/1&Prime;][vc_message message_box_style=\u00bbclassic\u00bb]Ce site ne fournit pas d&rsquo;informations sur l&rsquo;obtention de visas, les vaccins ou d&rsquo;autres questions qui d\u00e9pendent \u00e0 la fois du pays d&rsquo;origine et de la destination.<br \/>\nTu dois v\u00e9rifier aupr\u00e8s de ton pays si tu as besoin de visas ou d&rsquo;autres exigences pour visiter les destinations souhait\u00e9es.[\/vc_message][\/vc_column][\/vc_row][vc_row][vc_column width=\u00bb1\/1&Prime;][vc_raw_html css=\u00bb\u00bb]JTVCdmNfY29sdW1uX3RleHQlNUQlMEElM0NwJTIwc3R5bGUlM0QlMjJ0ZXh0LWFsaWduJTNBJTIwcmlnaHQlM0IlMjIlM0UlM0NzdHJvbmclM0UlM0NhJTIwaHJlZiUzRCUyMmphdmFzY3JpcHQlM0FoaXN0b3J5LmJhY2slMjglMjklMjIlM0VSZXRvdXIlMjAlQzMlQTAlMjBsYSUyMFBhZ2UlMjBQciVDMyVBOWMlQzMlQTlkZW50ZSUzQyUyRmElM0UlM0MlMkZzdHJvbmclM0UlM0MlMkZwJTNFJTBBJTVCJTJGdmNfY29sdW1uX3RleHQlNUQ=[\/vc_raw_html][\/vc_column][\/vc_row][vc_row][vc_column width=\u00bb1\/1&Prime;]<div class=\"shout_spacer clearfix\" style=\"height:18px;\"><\/div>[\/vc_column][\/vc_row][vc_row][vc_column width=\u00bb1\/1&Prime;]<div class=\"prk_shortcode-title prk_break_word shout_left_align h1_sized\"><div class=\"body_font zero_color prk_vc_title\"><h1 style=\"font-weight:100;\">Histoires connexes<\/h1><\/div><div class=\"clearfix\"><\/div><\/div>[\/vc_column][\/vc_row][vc_row][vc_column width=\u00bb1\/1&Prime;]<div id=\"prk_shortcode_latest_posts\" class=\"recentposts_ul_wp small-12\"><div class=\"shortcode-title\"><\/div><div class=\"simple_line\"><\/div><h4 id=\"no_posts_title\" class=\"zero_color prk_heavier_600 big header_font\"><\/h4><\/div><div class=\"clearfix bt_1x\"><\/div>[\/vc_column][\/vc_row]<\/p>\n<\/div>","protected":false},"excerpt":{"rendered":"<p>L&rsquo;Angleterre est une destination classique pour les motards, avec des routes qui serpentent \u00e0 travers des collines verdoyantes, des villages historiques et un littoral plein de paysages pittoresques et de caract\u00e8re.<\/p>\n","protected":false},"author":2,"featured_media":17811,"parent":10192,"menu_order":0,"comment_status":"closed","ping_status":"closed","template":"","meta":{"footnotes":""},"categories":[1111,59],"tags":[1114,1115,1112,1113],"class_list":["post-17812","page","type-page","status-publish","has-post-thumbnail","hentry","category-angleterre","category-europe","tag-cornouailles","tag-region-des-lacs","tag-royaume-uni","tag-yorkshire"],"acf":[],"_links":{"self":[{"href":"https:\/\/travel4bikers.com\/fr\/wp-json\/wp\/v2\/pages\/17812","targetHints":{"allow":["GET"]}}],"collection":[{"href":"https:\/\/travel4bikers.com\/fr\/wp-json\/wp\/v2\/pages"}],"about":[{"href":"https:\/\/travel4bikers.com\/fr\/wp-json\/wp\/v2\/types\/page"}],"author":[{"embeddable":true,"href":"https:\/\/travel4bikers.com\/fr\/wp-json\/wp\/v2\/users\/2"}],"replies":[{"embeddable":true,"href":"https:\/\/travel4bikers.com\/fr\/wp-json\/wp\/v2\/comments?post=17812"}],"version-history":[{"count":2,"href":"https:\/\/travel4bikers.com\/fr\/wp-json\/wp\/v2\/pages\/17812\/revisions"}],"predecessor-version":[{"id":23056,"href":"https:\/\/travel4bikers.com\/fr\/wp-json\/wp\/v2\/pages\/17812\/revisions\/23056"}],"up":[{"embeddable":true,"href":"https:\/\/travel4bikers.com\/fr\/wp-json\/wp\/v2\/pages\/10192"}],"wp:featuredmedia":[{"embeddable":true,"href":"https:\/\/travel4bikers.com\/fr\/wp-json\/wp\/v2\/media\/17811"}],"wp:attachment":[{"href":"https:\/\/travel4bikers.com\/fr\/wp-json\/wp\/v2\/media?parent=17812"}],"wp:term":[{"taxonomy":"category","embeddable":true,"href":"https:\/\/travel4bikers.com\/fr\/wp-json\/wp\/v2\/categories?post=17812"},{"taxonomy":"post_tag","embeddable":true,"href":"https:\/\/travel4bikers.com\/fr\/wp-json\/wp\/v2\/tags?post=17812"}],"curies":[{"name":"wp","href":"https:\/\/api.w.org\/{rel}","templated":true}]}}