{"id":18631,"date":"2017-07-05T16:19:54","date_gmt":"2017-07-05T15:19:54","guid":{"rendered":"https:\/\/travel4bikers.com\/voyager-vers\/luxembourg\/"},"modified":"2025-12-12T13:35:16","modified_gmt":"2025-12-12T12:35:16","slug":"luxembourg","status":"publish","type":"page","link":"https:\/\/travel4bikers.com\/fr\/voyager-vers\/luxembourg\/","title":{"rendered":"Luxembourg"},"content":{"rendered":"<div class=\"wpb-content-wrapper\"><p>[vc_row][vc_column width=\u00bb1\/1&Prime;][vc_single_image source=\u00bbfeatured_image\u00bb img_size=\u00bbfull\u00bb alignment=\u00bbcenter\u00bb]<div class=\"shout_spacer clearfix\" style=\"height:20px;\"><\/div>[\/vc_column][\/vc_row][vc_row][vc_column width=\u00bb1\/1&Prime;]<div class=\"prk_shortcode-title prk_break_word shout_left_align h1_sized\"><div class=\"body_font zero_color prk_vc_title\"><h1 style=\"font-weight:100;\">Voyager vers Luxembourg \ud83c\uddf1\ud83c\uddfa<\/h1><\/div><div class=\"clearfix\"><\/div><\/div><div class=\"shout_spacer clearfix\" style=\"height:18px;\"><\/div>[\/vc_column][\/vc_row][vc_row font_color=\u00bb#0693E3&Prime;][vc_column width=\u00bb1\/1&Prime;][vc_column_text]<\/p>\n<blockquote><p>Le Luxembourg est un petit pays aux routes bien entretenues qui serpentent \u00e0 travers les vall\u00e9es, les for\u00eats et les ch\u00e2teaux m\u00e9di\u00e9vaux, au c\u0153ur de l&rsquo;Europe.<\/p><\/blockquote>\n<p>[\/vc_column_text][\/vc_column][\/vc_row][vc_row][vc_column width=\u00bb1\/1&Prime;][vc_tta_tabs][vc_tta_section i_icon_fontawesome=\u00bbfa fa-regular fa-map\u00bb add_icon=\u00bbtrue\u00bb title=\u00bbInformations g\u00e9n\u00e9rales\u00bb tab_id=\u00bb1756984282331-d59962b9-8d9b\u00bb][vc_column_text]<strong>Capitale : <\/strong>Luxembourg-ville<\/p>\n<p><strong>Langue officielle : <\/strong>luxembourgeois, fran\u00e7ais et allemand<\/p>\n<p><strong>Num\u00e9ro d&rsquo;urgence : <\/strong>112[\/vc_column_text][\/vc_tta_section][vc_tta_section i_icon_fontawesome=\u00bbfa fa-regular fa-money-bill-1&Prime; add_icon=\u00bbtrue\u00bb title=\u00bbFinances\u00bb tab_id=\u00bb1756984282346-461ddde8-312d\u00bb][vc_column_text]<strong>Monnaie : <\/strong>Euro (\u20ac)<\/p>\n<p>Les paiements par carte sont largement accept\u00e9s[\/vc_column_text][\/vc_tta_section][vc_tta_section i_icon_fontawesome=\u00bbfa fa-solid fa-motorcycle\u00bb add_icon=\u00bbtrue\u00bb title=\u00bbLimitations de vitesse\u00bb tab_id=\u00bb1756985156411-3a136d8e-ae6a\u00bb][vc_column_text]<strong>Autoroute : <\/strong>130 km\/h<\/p>\n<p><strong>Route : <\/strong>90 km\/h<\/p>\n<p><strong>Localit\u00e9s <\/strong><strong>: <\/strong>50 km\/h[\/vc_column_text][\/vc_tta_section][\/vc_tta_tabs][\/vc_column][\/vc_row][vc_row][vc_column width=\u00bb1\/1&Prime;]<div class=\"shout_spacer clearfix\" style=\"height:18px;\"><\/div>[\/vc_column][\/vc_row][vc_row][vc_column width=\u00bb1\/1&Prime;][vc_column_text]Le Luxembourg est l&rsquo;un des plus petits pays d&rsquo;Europe, mais aussi l&rsquo;un des plus riches. Situ\u00e9 entre la France, l&rsquo;Allemagne et la Belgique, il est connu pour son \u00e9conomie forte, ses institutions europ\u00e9ennes et son m\u00e9lange de cultures germaniques et latines. Sa capitale, la ville de Luxembourg, poss\u00e8de un centre historique class\u00e9 au patrimoine mondial de l&rsquo;UNESCO.<\/p>\n<h3><b>Climat<\/b><\/h3>\n<p>Le climat est temp\u00e9r\u00e9, avec des \u00e9t\u00e9s doux et des hivers froids et humides. Les pr\u00e9cipitations sont relativement fr\u00e9quentes tout au long de l&rsquo;ann\u00e9e.<\/p>\n<h3><b>Langues<\/b><\/h3>\n<p>Le pays est officiellement trilingue : le luxembourgeois (la langue nationale), le fran\u00e7ais et l&rsquo;allemand (tous deux utilis\u00e9s au parlement, dans l&rsquo;administration et dans l&rsquo;enseignement). L&rsquo;anglais est largement compris dans un contexte international.<\/p>\n<h3><b>Conduite<\/b><\/h3>\n<p>Lorsque vous conduisez, restez \u00e0 droite. Les autoroutes sont gratuites pour les v\u00e9hicules l\u00e9gers (pas de p\u00e9age). Le pays dispose de routes bien entretenues et d&rsquo;un bon r\u00e9seau de liaisons avec les pays voisins.<\/p>\n<h3><b>Camping<\/b><\/h3>\n<p>Le camping sauvage n&rsquo;est pas autoris\u00e9. Le Luxembourg compte plusieurs campings r\u00e9glement\u00e9s, dont la plupart sont situ\u00e9s \u00e0 proximit\u00e9 de rivi\u00e8res ou d&rsquo;espaces verts.<\/p>\n<h3><b>Zones motards<\/b><\/h3>\n<p>Malgr\u00e9 sa petite taille, le Luxembourg offre de magnifiques itin\u00e9raires pour les motards, en particulier dans les r\u00e9gions montagneuses des Ardennes et le long de la vall\u00e9e de la Moselle, avec des routes sinueuses et des paysages naturels.<\/p>\n<h3><b>Zones sp\u00e9ciales<\/b><\/h3>\n<p>\u00c0 Luxembourg-ville, le centre historique comporte des zones pi\u00e9tonnes et des restrictions \u00e0 la circulation automobile. Le stationnement dans les zones centrales est contr\u00f4l\u00e9 et payant.[\/vc_column_text][\/vc_column][\/vc_row][vc_row][vc_column width=\u00bb1\/1&Prime;][vc_column_text]<span style=\"font-weight: 400;\">Tu as quelque chose \u00e0 corriger ou \u00e0 ajouter ? Contacte-nous, deviens un collaborateur Travel4Bikers <\/span>[\/vc_column_text][vc_cta h2=\u00bbVisiter une ville au Luxembourg\u00bb css=\u00bb\u00bb]<\/p>\n<h4>Profite au maximum, d\u00e9couvre quoi faire en 24h \u00e0<\/h4>\n<h4><a href=\"https:\/\/gyg.me\/HXtiPSFM\" target=\"_blank\" rel=\"noopener\">Luxembourg<\/a> \u2013 <a href=\"https:\/\/gyg.me\/425fJmhQ\" target=\"_blank\" rel=\"noopener\">Clervaux<\/a><\/h4>\n<p>[\/vc_cta][\/vc_column][\/vc_row][vc_row][vc_column width=\u00bb1\/1&Prime;][vc_message message_box_style=\u00bbclassic\u00bb]Ce site ne fournit pas d&rsquo;informations sur l&rsquo;obtention de visas, les vaccins ou d&rsquo;autres questions qui d\u00e9pendent \u00e0 la fois du pays d&rsquo;origine et de la destination.<br \/>\nTu dois v\u00e9rifier aupr\u00e8s de ton pays si tu as besoin de visas ou d&rsquo;autres exigences pour visiter les destinations souhait\u00e9es.[\/vc_message][\/vc_column][\/vc_row][vc_row][vc_column width=\u00bb1\/1&Prime;][vc_raw_html css=\u00bb\u00bb]JTVCdmNfY29sdW1uX3RleHQlNUQlMEElM0NwJTIwc3R5bGUlM0QlMjJ0ZXh0LWFsaWduJTNBJTIwcmlnaHQlM0IlMjIlM0UlM0NzdHJvbmclM0UlM0NhJTIwaHJlZiUzRCUyMmphdmFzY3JpcHQlM0FoaXN0b3J5LmJhY2slMjglMjklMjIlM0VSZXRvdXIlMjAlQzMlQTAlMjBsYSUyMFBhZ2UlMjBQciVDMyVBOWMlQzMlQTlkZW50ZSUzQyUyRmElM0UlM0MlMkZzdHJvbmclM0UlM0MlMkZwJTNFJTBBJTVCJTJGdmNfY29sdW1uX3RleHQlNUQ=[\/vc_raw_html][\/vc_column][\/vc_row][vc_row][vc_column width=\u00bb1\/1&Prime;]<div class=\"shout_spacer clearfix\" style=\"height:18px;\"><\/div>[\/vc_column][\/vc_row][vc_row][vc_column width=\u00bb1\/1&Prime;]<div class=\"prk_shortcode-title prk_break_word shout_left_align h1_sized\"><div class=\"body_font zero_color prk_vc_title\"><h1 style=\"font-weight:100;\">Histoires connexes<\/h1><\/div><div class=\"clearfix\"><\/div><\/div>[\/vc_column][\/vc_row][vc_row][vc_column width=\u00bb1\/1&Prime;]<div id=\"prk_shortcode_latest_posts\" class=\"recentposts_ul_wp small-12\"><div class=\"shortcode-title\"><\/div><div class=\"simple_line\"><\/div><h4 id=\"no_posts_title\" class=\"zero_color prk_heavier_600 big header_font\"><\/h4><\/div><div class=\"clearfix bt_1x\"><\/div>[\/vc_column][\/vc_row]<\/p>\n<\/div>","protected":false},"excerpt":{"rendered":"<p>Le Luxembourg est un petit pays aux routes bien entretenues qui serpentent \u00e0 travers les vall\u00e9es, les for\u00eats et les ch\u00e2teaux m\u00e9di\u00e9vaux, au c\u0153ur de l&rsquo;Europe.<\/p>\n","protected":false},"author":2,"featured_media":18627,"parent":10192,"menu_order":0,"comment_status":"closed","ping_status":"closed","template":"","meta":{"footnotes":""},"categories":[59,1226],"tags":[950,1217,1227],"class_list":["post-18631","page","type-page","status-publish","has-post-thumbnail","hentry","category-europe","category-luxembourg","tag-ardennes","tag-lunesco","tag-riviere-moselle"],"acf":[],"_links":{"self":[{"href":"https:\/\/travel4bikers.com\/fr\/wp-json\/wp\/v2\/pages\/18631","targetHints":{"allow":["GET"]}}],"collection":[{"href":"https:\/\/travel4bikers.com\/fr\/wp-json\/wp\/v2\/pages"}],"about":[{"href":"https:\/\/travel4bikers.com\/fr\/wp-json\/wp\/v2\/types\/page"}],"author":[{"embeddable":true,"href":"https:\/\/travel4bikers.com\/fr\/wp-json\/wp\/v2\/users\/2"}],"replies":[{"embeddable":true,"href":"https:\/\/travel4bikers.com\/fr\/wp-json\/wp\/v2\/comments?post=18631"}],"version-history":[{"count":5,"href":"https:\/\/travel4bikers.com\/fr\/wp-json\/wp\/v2\/pages\/18631\/revisions"}],"predecessor-version":[{"id":23127,"href":"https:\/\/travel4bikers.com\/fr\/wp-json\/wp\/v2\/pages\/18631\/revisions\/23127"}],"up":[{"embeddable":true,"href":"https:\/\/travel4bikers.com\/fr\/wp-json\/wp\/v2\/pages\/10192"}],"wp:featuredmedia":[{"embeddable":true,"href":"https:\/\/travel4bikers.com\/fr\/wp-json\/wp\/v2\/media\/18627"}],"wp:attachment":[{"href":"https:\/\/travel4bikers.com\/fr\/wp-json\/wp\/v2\/media?parent=18631"}],"wp:term":[{"taxonomy":"category","embeddable":true,"href":"https:\/\/travel4bikers.com\/fr\/wp-json\/wp\/v2\/categories?post=18631"},{"taxonomy":"post_tag","embeddable":true,"href":"https:\/\/travel4bikers.com\/fr\/wp-json\/wp\/v2\/tags?post=18631"}],"curies":[{"name":"wp","href":"https:\/\/api.w.org\/{rel}","templated":true}]}}