{"id":18765,"date":"2017-07-05T16:19:54","date_gmt":"2017-07-05T15:19:54","guid":{"rendered":"https:\/\/travel4bikers.com\/voyager-vers\/pays-galles\/"},"modified":"2025-12-15T13:28:24","modified_gmt":"2025-12-15T12:28:24","slug":"pays-galles","status":"publish","type":"page","link":"https:\/\/travel4bikers.com\/fr\/voyager-vers\/pays-galles\/","title":{"rendered":"Pays de Galles"},"content":{"rendered":"<div class=\"wpb-content-wrapper\"><p>[vc_row][vc_column width=\u00bb1\/1&Prime;][vc_single_image source=\u00bbfeatured_image\u00bb img_size=\u00bbfull\u00bb alignment=\u00bbcenter\u00bb]<div class=\"shout_spacer clearfix\" style=\"height:20px;\"><\/div>[\/vc_column][\/vc_row][vc_row][vc_column width=\u00bb1\/1&Prime;]<div class=\"prk_shortcode-title prk_break_word shout_left_align h1_sized\"><div class=\"body_font zero_color prk_vc_title\"><h1 style=\"font-weight:100;\">Voyager vers Pays de Galles \ud83c\udff4\udb40\udc67\udb40\udc62\udb40\udc77\udb40\udc6c\udb40\udc73\udb40\udc7f<\/h1><\/div><div class=\"clearfix\"><\/div><\/div><div class=\"shout_spacer clearfix\" style=\"height:18px;\"><\/div>[\/vc_column][\/vc_row][vc_row font_color=\u00bb#0693E3&Prime;][vc_column width=\u00bb1\/1&Prime;][vc_column_text]<\/p>\n<blockquote><p>Le Pays de Galles est une destination enchanteresse pour les motocyclistes, avec ses routes sinueuses traversant des vall\u00e9es verdoyantes, ses ch\u00e2teaux m\u00e9di\u00e9vaux et sa c\u00f4te atlantique sauvage.<\/p><\/blockquote>\n<p>[\/vc_column_text][\/vc_column][\/vc_row][vc_row][vc_column width=\u00bb1\/1&Prime;][vc_tta_tabs][vc_tta_section i_icon_fontawesome=\u00bbfa fa-regular fa-map\u00bb add_icon=\u00bbtrue\u00bb title=\u00bbInformations g\u00e9n\u00e9rales\u00bb tab_id=\u00bb1756984282331-d59962b9-8d9b\u00bb][vc_column_text]<strong>Capitale : <\/strong>Cardiff<\/p>\n<p><strong>Langue officielle : <\/strong>gallois, anglais<\/p>\n<p><strong>Num\u00e9ro d&rsquo;urgence : <\/strong>999 \/ 112[\/vc_column_text][\/vc_tta_section][vc_tta_section i_icon_fontawesome=\u00bbfa fa-regular fa-money-bill-1&Prime; add_icon=\u00bbtrue\u00bb title=\u00bbFinances\u00bb tab_id=\u00bb1756984282346-461ddde8-312d\u00bb][vc_column_text]<strong>Monnaie : <\/strong>Livre sterling (GBP)<\/p>\n<p>Les paiements par carte sont largement accept\u00e9s.[\/vc_column_text][\/vc_tta_section][vc_tta_section i_icon_fontawesome=\u00bbfa fa-solid fa-motorcycle\u00bb add_icon=\u00bbtrue\u00bb title=\u00bbLimitations de vitesse\u00bb tab_id=\u00bb1756985156411-3a136d8e-ae6a\u00bb][vc_column_text]<strong>Autoroute : <\/strong>112 km\/h (70 mph)<\/p>\n<p><strong>Route : <\/strong>96 km\/h (60 mph)<\/p>\n<p><strong>Localit\u00e9s : <\/strong>48 km\/h (30 mph)[\/vc_column_text][\/vc_tta_section][\/vc_tta_tabs][\/vc_column][\/vc_row][vc_row][vc_column width=\u00bb1\/1&Prime;]<div class=\"shout_spacer clearfix\" style=\"height:18px;\"><\/div>[\/vc_column][\/vc_row][vc_row][vc_column width=\u00bb1\/1&Prime;][vc_column_text]Le pays de Galles est connu pour ses montagnes, ses ch\u00e2teaux m\u00e9di\u00e9vaux et sa culture celtique. Cardiff en est la capitale et le centre culturel et \u00e9conomique.<\/p>\n<h3><b>Climat<\/b><\/h3>\n<p>Le climat est de type oc\u00e9anique temp\u00e9r\u00e9, avec des \u00e9t\u00e9s frais et des hivers pluvieux et froids.<\/p>\n<h3><b>Langues<\/b><\/h3>\n<p>L&rsquo;anglais est largement r\u00e9pandu. Le gallois est co-officiel et parl\u00e9 dans de nombreuses r\u00e9gions, en particulier dans le nord et l&rsquo;ouest.<\/p>\n<h3><b>Conduite<\/b><\/h3>\n<p>Roulez \u00e0 gauche. Certains ponts sont sans p\u00e9age, les autoroutes sont g\u00e9n\u00e9ralement gratuites.<\/p>\n<h3><b>Camping<\/b><\/h3>\n<p>Le camping sauvage est g\u00e9n\u00e9ralement interdit en dehors des zones autoris\u00e9es. Il existe plusieurs campings r\u00e9glement\u00e9s.<\/p>\n<h3><b>Zones motards<\/b><\/h3>\n<p>Les routes c\u00f4ti\u00e8res et montagneuses, comme celle de Snowdonia, sont tr\u00e8s appr\u00e9ci\u00e9es des motocyclistes.<\/p>\n<h3><b>Zones sp\u00e9ciales<\/b><b><\/b><\/h3>\n<p>Le centre de Cardiff et d&rsquo;autres grandes villes disposent de zones pi\u00e9tonnes et de parkings contr\u00f4l\u00e9s.[\/vc_column_text][\/vc_column][\/vc_row][vc_row][vc_column width=\u00bb1\/1&Prime;][vc_column_text]<span style=\"font-weight: 400;\">Tu as quelque chose \u00e0 corriger ou \u00e0 ajouter ? Contacte-nous, deviens un collaborateur Travel4Bikers <\/span>[\/vc_column_text][vc_cta h2=\u00bbVisite d&rsquo;une ville au Pays de Galles\u00bb css=\u00bb\u00bb]<\/p>\n<h4>Profite au maximum, d\u00e9couvre quoi faire en 24h \u00e0<\/h4>\n<h4><a href=\"https:\/\/gyg.me\/0QTRAbAt\" target=\"_blank\" rel=\"noopener\">Cardiff<\/a> \u2013 <a href=\"https:\/\/gyg.me\/ib2vbFYZ\" target=\"_blank\" rel=\"noopener\">Conwy<\/a> \u2013 <a href=\"https:\/\/gyg.me\/eciZ5wgH\" target=\"_blank\" rel=\"noopener\">Llangollen<\/a> \u2013 <a href=\"https:\/\/gyg.me\/k0vkiOba\" target=\"_blank\" rel=\"noopener\">Llandudno<\/a><\/h4>\n<p>[\/vc_cta][\/vc_column][\/vc_row][vc_row][vc_column width=\u00bb1\/1&Prime;][vc_message message_box_style=\u00bbclassic\u00bb]Ce site ne fournit pas d&rsquo;informations sur l&rsquo;obtention de visas, les vaccins ou d&rsquo;autres questions qui d\u00e9pendent \u00e0 la fois du pays d&rsquo;origine et de la destination.<br \/>\nTu dois v\u00e9rifier aupr\u00e8s de ton pays si tu as besoin de visas ou d&rsquo;autres exigences pour visiter les destinations souhait\u00e9es.[\/vc_message][\/vc_column][\/vc_row][vc_row][vc_column width=\u00bb1\/1&Prime;][vc_raw_html css=\u00bb\u00bb]JTVCdmNfY29sdW1uX3RleHQlNUQlMEElM0NwJTIwc3R5bGUlM0QlMjJ0ZXh0LWFsaWduJTNBJTIwcmlnaHQlM0IlMjIlM0UlM0NzdHJvbmclM0UlM0NhJTIwaHJlZiUzRCUyMmphdmFzY3JpcHQlM0FoaXN0b3J5LmJhY2slMjglMjklMjIlM0VSZXRvdXIlMjAlQzMlQTAlMjBsYSUyMFBhZ2UlMjBQciVDMyVBOWMlQzMlQTlkZW50ZSUzQyUyRmElM0UlM0MlMkZzdHJvbmclM0UlM0MlMkZwJTNFJTBBJTVCJTJGdmNfY29sdW1uX3RleHQlNUQ=[\/vc_raw_html][\/vc_column][\/vc_row][vc_row][vc_column width=\u00bb1\/1&Prime;]<div class=\"shout_spacer clearfix\" style=\"height:18px;\"><\/div>[\/vc_column][\/vc_row][vc_row][vc_column width=\u00bb1\/1&Prime;]<div class=\"prk_shortcode-title prk_break_word shout_left_align h1_sized\"><div class=\"body_font zero_color prk_vc_title\"><h1 style=\"font-weight:100;\">Histoires connexes<\/h1><\/div><div class=\"clearfix\"><\/div><\/div>[\/vc_column][\/vc_row][vc_row][vc_column width=\u00bb1\/1&Prime;]<div id=\"prk_shortcode_latest_posts\" class=\"recentposts_ul_wp small-12\"><div class=\"shortcode-title\"><\/div><div class=\"simple_line\"><\/div><h4 id=\"no_posts_title\" class=\"zero_color prk_heavier_600 big header_font\"><\/h4><\/div><div class=\"clearfix bt_1x\"><\/div>[\/vc_column][\/vc_row]<\/p>\n<\/div>","protected":false},"excerpt":{"rendered":"<p>Le Pays de Galles est une destination enchanteresse pour les motocyclistes, avec ses routes sinueuses traversant des vall\u00e9es verdoyantes, ses ch\u00e2teaux m\u00e9di\u00e9vaux et sa c\u00f4te atlantique sauvage.<\/p>\n","protected":false},"author":2,"featured_media":18764,"parent":10192,"menu_order":0,"comment_status":"closed","ping_status":"closed","template":"","meta":{"footnotes":""},"categories":[59,1299],"tags":[1300,1112,1301],"class_list":["post-18765","page","type-page","status-publish","has-post-thumbnail","hentry","category-europe","category-pays-de-galles","tag-pays-de-galles","tag-royaume-uni","tag-snowdonia"],"acf":[],"_links":{"self":[{"href":"https:\/\/travel4bikers.com\/fr\/wp-json\/wp\/v2\/pages\/18765","targetHints":{"allow":["GET"]}}],"collection":[{"href":"https:\/\/travel4bikers.com\/fr\/wp-json\/wp\/v2\/pages"}],"about":[{"href":"https:\/\/travel4bikers.com\/fr\/wp-json\/wp\/v2\/types\/page"}],"author":[{"embeddable":true,"href":"https:\/\/travel4bikers.com\/fr\/wp-json\/wp\/v2\/users\/2"}],"replies":[{"embeddable":true,"href":"https:\/\/travel4bikers.com\/fr\/wp-json\/wp\/v2\/comments?post=18765"}],"version-history":[{"count":4,"href":"https:\/\/travel4bikers.com\/fr\/wp-json\/wp\/v2\/pages\/18765\/revisions"}],"predecessor-version":[{"id":23167,"href":"https:\/\/travel4bikers.com\/fr\/wp-json\/wp\/v2\/pages\/18765\/revisions\/23167"}],"up":[{"embeddable":true,"href":"https:\/\/travel4bikers.com\/fr\/wp-json\/wp\/v2\/pages\/10192"}],"wp:featuredmedia":[{"embeddable":true,"href":"https:\/\/travel4bikers.com\/fr\/wp-json\/wp\/v2\/media\/18764"}],"wp:attachment":[{"href":"https:\/\/travel4bikers.com\/fr\/wp-json\/wp\/v2\/media?parent=18765"}],"wp:term":[{"taxonomy":"category","embeddable":true,"href":"https:\/\/travel4bikers.com\/fr\/wp-json\/wp\/v2\/categories?post=18765"},{"taxonomy":"post_tag","embeddable":true,"href":"https:\/\/travel4bikers.com\/fr\/wp-json\/wp\/v2\/tags?post=18765"}],"curies":[{"name":"wp","href":"https:\/\/api.w.org\/{rel}","templated":true}]}}