{"id":19022,"date":"2017-07-05T16:19:54","date_gmt":"2017-07-05T15:19:54","guid":{"rendered":"https:\/\/travel4bikers.com\/voyager-vers\/china\/"},"modified":"2025-12-12T12:39:28","modified_gmt":"2025-12-12T11:39:28","slug":"chine","status":"publish","type":"page","link":"https:\/\/travel4bikers.com\/fr\/voyager-vers\/chine\/","title":{"rendered":"Chine"},"content":{"rendered":"<div class=\"wpb-content-wrapper\"><p>[vc_row][vc_column width=\u00bb1\/1&Prime;][vc_single_image source=\u00bbfeatured_image\u00bb img_size=\u00bbfull\u00bb alignment=\u00bbcenter\u00bb]<div class=\"shout_spacer clearfix\" style=\"height:20px;\"><\/div>[\/vc_column][\/vc_row][vc_row][vc_column width=\u00bb1\/1&Prime;]<div class=\"prk_shortcode-title prk_break_word shout_left_align h1_sized\"><div class=\"body_font zero_color prk_vc_title\"><h1 style=\"font-weight:100;\">Voyager en Chine \ud83c\udde8\ud83c\uddf3<\/h1><\/div><div class=\"clearfix\"><\/div><\/div><div class=\"shout_spacer clearfix\" style=\"height:18px;\"><\/div>[\/vc_column][\/vc_row][vc_row font_color=\u00bb#0693E3&Prime;][vc_column width=\u00bb1\/1&Prime;][vc_column_text]<\/p>\n<blockquote><p>La Chine est une destination grandiose et vari\u00e9e pour les motocyclistes, avec des routes qui traversent des montagnes, des d\u00e9serts et des vall\u00e9es, r\u00e9v\u00e9lant un m\u00e9lange unique de paysages naturels et de traditions anciennes.<\/p><\/blockquote>\n<p>[\/vc_column_text][\/vc_column][\/vc_row][vc_row][vc_column width=\u00bb1\/1&Prime;][vc_tta_tabs][vc_tta_section i_icon_fontawesome=\u00bbfa fa-regular fa-map\u00bb add_icon=\u00bbtrue\u00bb title=\u00bbInformations g\u00e9n\u00e9rales\u00bb tab_id=\u00bb1756984282331-d59962b9-8d9b\u00bb][vc_column_text]<\/p>\n<p><strong>Capitale : <\/strong><span style=\"background-color: transparent; font-family: Arial, sans-serif; font-size: 11pt; white-space-collapse: preserve;\">P\u00e9kin (Beijing)<\/span><\/p>\n<p><strong>Langue officielle : <\/strong><span style=\"background-color: transparent; font-family: Arial, sans-serif; font-size: 11pt; white-space-collapse: preserve;\">Mandarin (Putonghua)<\/span><\/p>\n<p><strong>Num\u00e9ro d&rsquo;urgence : <\/strong><span style=\"background-color: transparent; font-family: Arial, sans-serif; font-size: 11pt; white-space-collapse: preserve;\">110 (police) \/ 120 (ambulance) \/ 119 (pompiers)<\/span><\/p>\n<p>[\/vc_column_text][\/vc_tta_section][vc_tta_section i_icon_fontawesome=\u00bbfa fa-regular fa-money-bill-1&Prime; add_icon=\u00bbtrue\u00bb title=\u00bbFinances\u00bb tab_id=\u00bb1756984282346-461ddde8-312d\u00bb][vc_column_text]<\/p>\n<p><strong>Monnaie : <\/strong><span style=\"background-color: transparent; font-family: Arial, sans-serif; font-size: 11pt; white-space-collapse: preserve;\">Renminbi \/ Yuan (CNY)<\/span><\/p>\n<p>Les paiements par carte sont largement accept\u00e9s.<\/p>\n<p>[\/vc_column_text][\/vc_tta_section][vc_tta_section i_icon_fontawesome=\u00bbfa fa-solid fa-motorcycle\u00bb add_icon=\u00bbtrue\u00bb title=\u00bbLimitations de vitesse\u00bb tab_id=\u00bb1756985156411-3a136d8e-ae6a\u00bb][vc_column_text]<\/p>\n<p><strong>Autoroute : <\/strong>120 km\/h<\/p>\n<p><strong>Route : <\/strong>80-100 km\/h<\/p>\n<p><strong>Localit\u00e9s : <\/strong>40-60 km\/h<\/p>\n<p>[\/vc_column_text][\/vc_tta_section][\/vc_tta_tabs][\/vc_column][\/vc_row][vc_row][vc_column width=\u00bb1\/1&Prime;]<div class=\"shout_spacer clearfix\" style=\"height:18px;\"><\/div>[\/vc_column][\/vc_row][vc_row][vc_column width=\u00bb1\/1&Prime;][vc_column_text]<\/p>\n<p dir=\"ltr\">La Chine est le pays le plus peupl\u00e9 du monde et le troisi\u00e8me par sa superficie. Elle est connue pour son ancienne civilisation, la Grande Muraille, la Cit\u00e9 interdite, les temples, les montagnes et les m\u00e9tropoles modernes telles que Shanghai, P\u00e9kin et Shenzhen.<\/p>\n<h3 dir=\"ltr\"><strong>Climat<\/strong><\/h3>\n<p dir=\"ltr\">Extr\u00eamement vari\u00e9 : aride dans le d\u00e9sert de Gobi, temp\u00e9r\u00e9 dans le nord, subtropical dans le sud et alpin au Tibet.<\/p>\n<h3 dir=\"ltr\"><strong>Langues<\/strong><\/h3>\n<p dir=\"ltr\">Le mandarin est la langue officielle. Il existe de nombreuses langues et dialectes r\u00e9gionaux, tels que le cantonais, le shangha\u00efen, le hakka et le tib\u00e9tain. L&rsquo;anglais est parl\u00e9 dans les zones touristiques et commerciales.<\/p>\n<h3 dir=\"ltr\"><strong>Conduite<\/strong><\/h3>\n<p dir=\"ltr\">Roulez \u00e0 droite. Le r\u00e9seau autoroutier est vaste et moderne, mais la plupart des autoroutes sont cl\u00f4tur\u00e9es. Le paiement s&rsquo;effectue dans des cabines, g\u00e9n\u00e9ralement en esp\u00e8ces, par carte ou par syst\u00e8me \u00e9lectronique.<\/p>\n<p dir=\"ltr\">Voir ci-dessous les conditions pour conduire votre propre moto.<\/p>\n<h3 dir=\"ltr\"><strong>Camping<\/strong><\/h3>\n<p dir=\"ltr\">Le camping sauvage est rare et, dans de nombreux endroits, interdit. Il existe des campings organis\u00e9s, mais la pratique n&rsquo;est pas courante.<\/p>\n<h3 dir=\"ltr\"><strong>Zones motards<\/strong><\/h3>\n<p dir=\"ltr\">Les routes de la province du Yunnan, la route Sichuan-Tibet et les paysages de Guilin sont autant d&rsquo;itin\u00e9raires embl\u00e9matiques.<\/p>\n<h3 dir=\"ltr\"><strong>Zones sp\u00e9ciales<\/strong><\/h3>\n<p dir=\"ltr\">Les grandes villes comme P\u00e9kin, Shanghai et Guangzhou ont des zones de circulation restreinte, des politiques de rotation des plaques d&rsquo;immatriculation et des zones pi\u00e9tonnes. Certaines m\u00e9tropoles limitent le nombre de motos dans le centre.<\/p>\n<h4>Il est possible de se <strong>d\u00e9placer avec sa propre moto<\/strong>, mais<\/h4>\n<ul>\n<li><strong>L\u00e9galement<\/strong>: les motocyclistes \u00e9trangers ne peuvent rouler que si un <strong>op\u00e9rateur local<\/strong> se charge de toutes les formalit\u00e9s administratives (permis temporaire, immatriculation en Chine, assurance, etc.)<\/li>\n<li><strong>Guide agr\u00e9\u00e9<\/strong>: <strong>la loi exige<\/strong> qu&rsquo;un guide accompagne le voyage, soit \u00e0 moto, soit dans un v\u00e9hicule de soutien.<\/li>\n<li><strong>Groupe<\/strong>: ce n&rsquo;est pas obligatoire, mais c <strong>&lsquo;<\/strong> est <strong>une pratique courante<\/strong> car<br \/>\n\u2013 les co\u00fbts du guide, des documents et des d\u00e9p\u00f4ts en douane sont tr\u00e8s \u00e9lev\u00e9s pour un voyageur seul,<br \/>\n\u2013 lorsque vous formez un groupe, ces co\u00fbts sont partag\u00e9s entre tous, ce qui rend les choses beaucoup moins ch\u00e8res.<\/li>\n<\/ul>\n<p>En d&rsquo;autres termes :<\/p>\n<ul>\n<li>Les \u00e9trangers <strong>peuvent voyager seuls<\/strong> sur leur propre moto, mais toujours avec un guide et une entreprise locale.<\/li>\n<li>La <strong>pratique la plus courante<\/strong> consiste \u00e0 rejoindre un <strong>groupe international<\/strong> \u00e0 la fronti\u00e8re, \u00e0 entrer ensemble, \u00e0 partager les frais et \u00e0 parcourir l&rsquo;itin\u00e9raire accompagn\u00e9 du guide.<\/li>\n<li>\u00c0 l&rsquo;int\u00e9rieur du pays, vous pouvez vous promener librement, mais la sortie doit \u00eatre organis\u00e9e avec le guide que vous avez engag\u00e9 et le groupe doit se r\u00e9unir \u00e0 nouveau.<\/li>\n<\/ul>\n<p>[\/vc_column_text][\/vc_column][\/vc_row][vc_row][vc_column width=\u00bb1\/1&Prime;][vc_column_text]<span style=\"font-weight: 400;\">Tu as quelque chose \u00e0 corriger ou \u00e0 ajouter ? Contacte-nous, deviens un collaborateur Travel4Bikers <\/span>[\/vc_column_text][vc_cta h2=\u00bbVisiter une ville en Chine\u00bb css=\u00bb\u00bb]<\/p>\n<h4>Profite au maximum, d\u00e9couvre quoi faire en 24h \u00e0<\/h4>\n<h4><a href=\"https:\/\/gyg.me\/WukqDEe3\" target=\"_blank\" rel=\"noopener\">P\u00e9kin<\/a> \u2013 <a href=\"https:\/\/gyg.me\/hiCbjZns\" target=\"_blank\" rel=\"noopener\">Shanghai<\/a> \u2013 <a href=\"https:\/\/gyg.me\/FyldrH0P\" target=\"_blank\" rel=\"noopener\">Shenzhen<\/a> \u2013 <a href=\"https:\/\/gyg.me\/3K3TU1bu\" target=\"_blank\" rel=\"noopener\">Sichuan<\/a> \u2013 <a href=\"https:\/\/gyg.me\/UENavcUs\" target=\"_blank\" rel=\"noopener\">Guilin<\/a><\/h4>\n<p>[\/vc_cta][\/vc_column][\/vc_row][vc_row][vc_column width=\u00bb1\/1&Prime;][vc_message message_box_style=\u00bbclassic\u00bb]Ce site ne fournit pas d&rsquo;informations sur l&rsquo;obtention de visas, les vaccins ou d&rsquo;autres questions qui d\u00e9pendent \u00e0 la fois du pays d&rsquo;origine et de la destination.<br \/>\nTu dois v\u00e9rifier aupr\u00e8s de ton pays si tu as besoin de visas ou d&rsquo;autres exigences pour visiter les destinations souhait\u00e9es.[\/vc_message][\/vc_column][\/vc_row][vc_row][vc_column width=\u00bb1\/1&Prime;][vc_raw_html css=\u00bb\u00bb]JTVCdmNfY29sdW1uX3RleHQlNUQlMEElM0NwJTIwc3R5bGUlM0QlMjJ0ZXh0LWFsaWduJTNBJTIwcmlnaHQlM0IlMjIlM0UlM0NzdHJvbmclM0UlM0NhJTIwaHJlZiUzRCUyMmphdmFzY3JpcHQlM0FoaXN0b3J5LmJhY2slMjglMjklMjIlM0VSZXRvdXIlMjAlQzMlQTAlMjBsYSUyMFBhZ2UlMjBQciVDMyVBOWMlQzMlQTlkZW50ZSUzQyUyRmElM0UlM0MlMkZzdHJvbmclM0UlM0MlMkZwJTNFJTBBJTVCJTJGdmNfY29sdW1uX3RleHQlNUQ=[\/vc_raw_html][\/vc_column][\/vc_row][vc_row][vc_column width=\u00bb1\/1&Prime;]<div class=\"shout_spacer clearfix\" style=\"height:18px;\"><\/div>[\/vc_column][\/vc_row][vc_row][vc_column width=\u00bb1\/1&Prime;]<div class=\"prk_shortcode-title prk_break_word shout_left_align h1_sized\"><div class=\"body_font zero_color prk_vc_title\"><h1 style=\"font-weight:100;\">Histoires connexes<\/h1><\/div><div class=\"clearfix\"><\/div><\/div>[\/vc_column][\/vc_row][vc_row][vc_column width=\u00bb1\/1&Prime;]<div id=\"prk_shortcode_latest_posts\" class=\"recentposts_ul_wp small-12\"><div class=\"shortcode-title\"><\/div><div class=\"simple_line\"><\/div><h4 id=\"no_posts_title\" class=\"zero_color prk_heavier_600 big header_font\"><\/h4><\/div><div class=\"clearfix bt_1x\"><\/div>[\/vc_column][\/vc_row]<\/p>\n<\/div>","protected":false},"excerpt":{"rendered":"<p>La Chine est une destination grandiose et vari\u00e9e pour les motocyclistes, avec des routes qui traversent des montagnes, des d\u00e9serts et des vall\u00e9es, r\u00e9v\u00e9lant un m\u00e9lange unique de paysages naturels et de traditions anciennes.<\/p>\n","protected":false},"author":2,"featured_media":19021,"parent":10192,"menu_order":0,"comment_status":"closed","ping_status":"closed","template":"","meta":{"footnotes":""},"categories":[58,1410],"tags":[1663,1664,1665,1662],"class_list":["post-19022","page","type-page","status-publish","has-post-thumbnail","hentry","category-asie","category-chine","tag-forbidden-city","tag-gobi-desert","tag-great-wall","tag-tibet-highway"],"acf":[],"_links":{"self":[{"href":"https:\/\/travel4bikers.com\/fr\/wp-json\/wp\/v2\/pages\/19022","targetHints":{"allow":["GET"]}}],"collection":[{"href":"https:\/\/travel4bikers.com\/fr\/wp-json\/wp\/v2\/pages"}],"about":[{"href":"https:\/\/travel4bikers.com\/fr\/wp-json\/wp\/v2\/types\/page"}],"author":[{"embeddable":true,"href":"https:\/\/travel4bikers.com\/fr\/wp-json\/wp\/v2\/users\/2"}],"replies":[{"embeddable":true,"href":"https:\/\/travel4bikers.com\/fr\/wp-json\/wp\/v2\/comments?post=19022"}],"version-history":[{"count":1,"href":"https:\/\/travel4bikers.com\/fr\/wp-json\/wp\/v2\/pages\/19022\/revisions"}],"predecessor-version":[{"id":23078,"href":"https:\/\/travel4bikers.com\/fr\/wp-json\/wp\/v2\/pages\/19022\/revisions\/23078"}],"up":[{"embeddable":true,"href":"https:\/\/travel4bikers.com\/fr\/wp-json\/wp\/v2\/pages\/10192"}],"wp:featuredmedia":[{"embeddable":true,"href":"https:\/\/travel4bikers.com\/fr\/wp-json\/wp\/v2\/media\/19021"}],"wp:attachment":[{"href":"https:\/\/travel4bikers.com\/fr\/wp-json\/wp\/v2\/media?parent=19022"}],"wp:term":[{"taxonomy":"category","embeddable":true,"href":"https:\/\/travel4bikers.com\/fr\/wp-json\/wp\/v2\/categories?post=19022"},{"taxonomy":"post_tag","embeddable":true,"href":"https:\/\/travel4bikers.com\/fr\/wp-json\/wp\/v2\/tags?post=19022"}],"curies":[{"name":"wp","href":"https:\/\/api.w.org\/{rel}","templated":true}]}}