{"id":19058,"date":"2017-07-05T16:19:54","date_gmt":"2017-07-05T15:19:54","guid":{"rendered":"https:\/\/travel4bikers.com\/voyager-vers\/coree-sud\/"},"modified":"2025-12-12T12:45:51","modified_gmt":"2025-12-12T11:45:51","slug":"coree-sud","status":"publish","type":"page","link":"https:\/\/travel4bikers.com\/fr\/voyager-vers\/coree-sud\/","title":{"rendered":"Cor\u00e9e du Sud"},"content":{"rendered":"<div class=\"wpb-content-wrapper\"><p>[vc_row][vc_column width=\u00bb1\/1&Prime;][vc_single_image source=\u00bbfeatured_image\u00bb img_size=\u00bbfull\u00bb alignment=\u00bbcenter\u00bb]<div class=\"shout_spacer clearfix\" style=\"height:20px;\"><\/div>[\/vc_column][\/vc_row][vc_row][vc_column width=\u00bb1\/1&Prime;]<div class=\"prk_shortcode-title prk_break_word shout_left_align h1_sized\"><div class=\"body_font zero_color prk_vc_title\"><h1 style=\"font-weight:100;\">Voyager vers Cor\u00e9e du Sud \ud83c\uddf0\ud83c\uddf7<\/h1><\/div><div class=\"clearfix\"><\/div><\/div><div class=\"shout_spacer clearfix\" style=\"height:18px;\"><\/div>[\/vc_column][\/vc_row][vc_row font_color=\u00bb#0693E3&Prime;][vc_column width=\u00bb1\/1&Prime;][vc_column_text]<\/p>\n<blockquote><p>La Cor\u00e9e du Sud est une destination moderne et s\u00fbre pour les motocyclistes, avec des routes bien entretenues, des paysages montagneux et une combinaison fascinante de technologie et de tradition.<\/p><\/blockquote>\n<p>[\/vc_column_text][\/vc_column][\/vc_row][vc_row][vc_column width=\u00bb1\/1&Prime;][vc_tta_tabs][vc_tta_section i_icon_fontawesome=\u00bbfa fa-regular fa-map\u00bb add_icon=\u00bbtrue\u00bb title=\u00bbInformations g\u00e9n\u00e9rales\u00bb tab_id=\u00bb1756984282331-d59962b9-8d9b\u00bb][vc_column_text]<strong>Capitale : <span style=\"font-weight: 400;\">S\u00e9oul<\/span><\/strong><\/p>\n<p><strong>Langue officielle : <span style=\"font-weight: 400;\">cor\u00e9en<\/span><span style=\"font-weight: 400;\"><br \/>\n<\/span><\/strong><\/p>\n<p><strong>Num\u00e9ro d&rsquo;urgence : <\/strong><span style=\"font-weight: 400;\">112 (police) \/ 119 (ambulances et pompiers)<\/span>[\/vc_column_text][\/vc_tta_section][vc_tta_section i_icon_fontawesome=\u00bbfa fa-regular fa-money-bill-1&Prime; add_icon=\u00bbtrue\u00bb title=\u00bbFinances\u00bb tab_id=\u00bb1756984282346-461ddde8-312d\u00bb][vc_column_text]<strong>Monnaie : <span style=\"font-weight: 400;\">Won de Cor\u00e9e du Sud (KRW)<\/span><\/strong><\/p>\n<p>Les paiements par carte sont largement accept\u00e9s.[\/vc_column_text][\/vc_tta_section][vc_tta_section i_icon_fontawesome=\u00bbfa fa-solid fa-motorcycle\u00bb add_icon=\u00bbtrue\u00bb title=\u00bbLimitations de vitesse\u00bb tab_id=\u00bb1756985156411-3a136d8e-ae6a\u00bb][vc_column_text]<strong>Autoroute :<\/strong> 100-120 km\/h<\/p>\n<p><strong>Route : <\/strong>80-100 km\/h<\/p>\n<p><strong>Localit\u00e9s <\/strong><strong>: <\/strong>50-60 km\/h[\/vc_column_text][\/vc_tta_section][\/vc_tta_tabs][\/vc_column][\/vc_row][vc_row][vc_column width=\u00bb1\/1&Prime;]<div class=\"shout_spacer clearfix\" style=\"height:18px;\"><\/div>[\/vc_column][\/vc_row][vc_row][vc_column width=\u00bb1\/1&Prime;][vc_column_text]<span style=\"font-weight: 400;\">La Cor\u00e9e du Sud est connue pour sa modernit\u00e9 technologique, sa K-pop, sa gastronomie et ses temples traditionnels. S\u00e9oul est une m\u00e9tropole dynamique qui m\u00eale tradition et innovation. <\/span><\/p>\n<h3><b>Climat<\/b><\/h3>\n<p><b><\/b><span style=\"font-weight: 400;\">Climat continental temp\u00e9r\u00e9, avec des \u00e9t\u00e9s chauds et humides (juin \u00e0 septembre) et des hivers froids et secs.<\/span><\/p>\n<h3><b>Langues<\/b><\/h3>\n<p><span style=\"font-weight: 400;\">Le cor\u00e9en est la langue officielle. L&rsquo;anglais est enseign\u00e9 dans les \u00e9coles et utilis\u00e9 dans les zones touristiques. <\/span><\/p>\n<h3><b>Conduite<\/b><\/h3>\n<p><span style=\"font-weight: 400;\">Roulez \u00e0 droite. Les autoroutes sont cl\u00f4tur\u00e9es, pay\u00e9es manuellement ou avec une carte de transport (Hi-Pass). <\/span><\/p>\n<h3><b>Camping<\/b><\/h3>\n<p><span style=\"font-weight: 400;\">Le camping sauvage n&rsquo;est pas courant, mais il existe de nombreux campings officiels et sites de glamping dans les zones naturelles.<\/span><\/p>\n<h3><b>Zones motards<\/b><\/h3>\n<p><span style=\"font-weight: 400;\">Les routes montagneuses de Jeju, de Seoraksan et de la c\u00f4te est sont tr\u00e8s appr\u00e9ci\u00e9es des motocyclistes.<\/span><\/p>\n<h3><b>Zones sp\u00e9ciales<\/b><\/h3>\n<p><span style=\"font-weight: 400;\">S\u00e9oul et Busan ont des zones pi\u00e9tonnes, une circulation dense et un stationnement contr\u00f4l\u00e9.<\/span>[\/vc_column_text][\/vc_column][\/vc_row][vc_row][vc_column width=\u00bb1\/1&Prime;][vc_column_text]<span style=\"font-weight: 400;\">Tu as quelque chose \u00e0 corriger ou \u00e0 ajouter ? Contacte-nous, deviens un collaborateur Travel4Bikers <\/span>[\/vc_column_text][vc_cta h2=\u00bbVisiter une ville en Cor\u00e9e du Sud\u00bb css=\u00bb\u00bb]<\/p>\n<h4>Profite au maximum, d\u00e9couvre quoi faire en 24h \u00e0<\/h4>\n<p><strong><a href=\"https:\/\/gyg.me\/2E24Nkn6\" target=\"_blank\" rel=\"noopener\">S\u00e9oul<\/a> \u2013 <a href=\"https:\/\/gyg.me\/5TlBtCiy\" target=\"_blank\" rel=\"noopener\">Busan<\/a> \u2013 <a href=\"https:\/\/gyg.me\/y6ew0og2\" target=\"_blank\" rel=\"noopener\">Kwangju<\/a> \u2013 <a href=\"https:\/\/gyg.me\/yGKyKbQN\" target=\"_blank\" rel=\"noopener\">Jeju<\/a><\/strong>[\/vc_cta][\/vc_column][\/vc_row][vc_row][vc_column width=\u00bb1\/1&Prime;][vc_message message_box_style=\u00bbclassic\u00bb]Ce site ne fournit pas d&rsquo;informations sur l&rsquo;obtention de visas, les vaccins ou d&rsquo;autres questions qui d\u00e9pendent \u00e0 la fois du pays d&rsquo;origine et de la destination.<br \/>\nTu dois v\u00e9rifier aupr\u00e8s de ton pays si tu as besoin de visas ou d&rsquo;autres exigences pour visiter les destinations souhait\u00e9es.[\/vc_message][\/vc_column][\/vc_row][vc_row][vc_column width=\u00bb1\/1&Prime;][vc_raw_html css=\u00bb\u00bb]JTVCdmNfY29sdW1uX3RleHQlNUQlMEElM0NwJTIwc3R5bGUlM0QlMjJ0ZXh0LWFsaWduJTNBJTIwcmlnaHQlM0IlMjIlM0UlM0NzdHJvbmclM0UlM0NhJTIwaHJlZiUzRCUyMmphdmFzY3JpcHQlM0FoaXN0b3J5LmJhY2slMjglMjklMjIlM0VSZXRvdXIlMjAlQzMlQTAlMjBsYSUyMFBhZ2UlMjBQciVDMyVBOWMlQzMlQTlkZW50ZSUzQyUyRmElM0UlM0MlMkZzdHJvbmclM0UlM0MlMkZwJTNFJTBBJTVCJTJGdmNfY29sdW1uX3RleHQlNUQ=[\/vc_raw_html][\/vc_column][\/vc_row][vc_row][vc_column width=\u00bb1\/1&Prime;]<div class=\"shout_spacer clearfix\" style=\"height:18px;\"><\/div>[\/vc_column][\/vc_row][vc_row][vc_column width=\u00bb1\/1&Prime;]<div class=\"prk_shortcode-title prk_break_word shout_left_align h1_sized\"><div class=\"body_font zero_color prk_vc_title\"><h1 style=\"font-weight:100;\">Histoires connexes<\/h1><\/div><div class=\"clearfix\"><\/div><\/div>[\/vc_column][\/vc_row][vc_row][vc_column width=\u00bb1\/1&Prime;]<div id=\"prk_shortcode_latest_posts\" class=\"recentposts_ul_wp small-12\"><div class=\"shortcode-title\"><\/div><div class=\"simple_line\"><\/div><h4 id=\"no_posts_title\" class=\"zero_color prk_heavier_600 big header_font\"><\/h4><\/div><div class=\"clearfix bt_1x\"><\/div>[\/vc_column][\/vc_row]<\/p>\n<\/div>","protected":false},"excerpt":{"rendered":"<p>La Cor\u00e9e du Sud est une destination moderne et s\u00fbre pour les motocyclistes, avec des routes bien entretenues, des paysages montagneux et une combinaison fascinante de technologie et de tradition.<\/p>\n","protected":false},"author":2,"featured_media":19057,"parent":10192,"menu_order":0,"comment_status":"closed","ping_status":"closed","template":"","meta":{"footnotes":""},"categories":[58,1438],"tags":[1439,1440],"class_list":["post-19058","page","type-page","status-publish","has-post-thumbnail","hentry","category-asie","category-coree-du-sud","tag-jeju","tag-seoraksan"],"acf":[],"_links":{"self":[{"href":"https:\/\/travel4bikers.com\/fr\/wp-json\/wp\/v2\/pages\/19058","targetHints":{"allow":["GET"]}}],"collection":[{"href":"https:\/\/travel4bikers.com\/fr\/wp-json\/wp\/v2\/pages"}],"about":[{"href":"https:\/\/travel4bikers.com\/fr\/wp-json\/wp\/v2\/types\/page"}],"author":[{"embeddable":true,"href":"https:\/\/travel4bikers.com\/fr\/wp-json\/wp\/v2\/users\/2"}],"replies":[{"embeddable":true,"href":"https:\/\/travel4bikers.com\/fr\/wp-json\/wp\/v2\/comments?post=19058"}],"version-history":[{"count":1,"href":"https:\/\/travel4bikers.com\/fr\/wp-json\/wp\/v2\/pages\/19058\/revisions"}],"predecessor-version":[{"id":23082,"href":"https:\/\/travel4bikers.com\/fr\/wp-json\/wp\/v2\/pages\/19058\/revisions\/23082"}],"up":[{"embeddable":true,"href":"https:\/\/travel4bikers.com\/fr\/wp-json\/wp\/v2\/pages\/10192"}],"wp:featuredmedia":[{"embeddable":true,"href":"https:\/\/travel4bikers.com\/fr\/wp-json\/wp\/v2\/media\/19057"}],"wp:attachment":[{"href":"https:\/\/travel4bikers.com\/fr\/wp-json\/wp\/v2\/media?parent=19058"}],"wp:term":[{"taxonomy":"category","embeddable":true,"href":"https:\/\/travel4bikers.com\/fr\/wp-json\/wp\/v2\/categories?post=19058"},{"taxonomy":"post_tag","embeddable":true,"href":"https:\/\/travel4bikers.com\/fr\/wp-json\/wp\/v2\/tags?post=19058"}],"curies":[{"name":"wp","href":"https:\/\/api.w.org\/{rel}","templated":true}]}}