{"id":19907,"date":"2017-07-05T16:19:54","date_gmt":"2017-07-05T15:19:54","guid":{"rendered":"https:\/\/travel4bikers.com\/voyager-vers\/angola\/"},"modified":"2025-12-12T12:04:01","modified_gmt":"2025-12-12T11:04:01","slug":"angola","status":"publish","type":"page","link":"https:\/\/travel4bikers.com\/fr\/voyager-vers\/angola\/","title":{"rendered":"Angola"},"content":{"rendered":"<div class=\"wpb-content-wrapper\"><p>[vc_row][vc_column width=\u00bb1\/1&Prime;][vc_single_image source=\u00bbfeatured_image\u00bb img_size=\u00bbfull\u00bb alignment=\u00bbcenter\u00bb]<div class=\"shout_spacer clearfix\" style=\"height:20px;\"><\/div>[\/vc_column][\/vc_row][vc_row][vc_column width=\u00bb1\/1&Prime;]<div class=\"prk_shortcode-title prk_break_word shout_left_align h1_sized\"><div class=\"body_font zero_color prk_vc_title\"><h1 style=\"font-weight:100;\">Voyager vers Angola \ud83c\udde6\ud83c\uddf4<\/h1><\/div><div class=\"clearfix\"><\/div><\/div><div class=\"shout_spacer clearfix\" style=\"height:18px;\"><\/div>[\/vc_column][\/vc_row][vc_row font_color=\u00bb#0693E3&Prime;][vc_column width=\u00bb1\/1&Prime;][vc_column_text]<\/p>\n<blockquote><p>L&rsquo;Angola est une destination surprenante pour les motards, avec des routes qui traversent des montagnes, des for\u00eats tropicales et un long littoral, r\u00e9v\u00e9lant une Afrique authentique et pleine de contrastes.<\/p><\/blockquote>\n<p>[\/vc_column_text][\/vc_column][\/vc_row][vc_row][vc_column width=\u00bb1\/1&Prime;][vc_tta_tabs][vc_tta_section i_icon_fontawesome=\u00bbfa fa-regular fa-map\u00bb add_icon=\u00bbtrue\u00bb title=\u00bbInformations g\u00e9n\u00e9rales\u00bb tab_id=\u00bb1756984282331-d59962b9-8d9b\u00bb][vc_column_text]<strong>Capitale : <span style=\"font-weight: 400;\">Luanda<\/span><\/strong><\/p>\n<p><strong>Langue officielle : <\/strong>portugais<\/p>\n<p><strong>Num\u00e9ro d&rsquo;urgence :<\/strong> 113 (police) \/ 112 (ambulance et pompiers)[\/vc_column_text][\/vc_tta_section][vc_tta_section i_icon_fontawesome=\u00bbfa fa-regular fa-money-bill-1&Prime; add_icon=\u00bbtrue\u00bb title=\u00bbFinances\u00bb tab_id=\u00bb1756984282346-461ddde8-312d\u00bb][vc_column_text]<strong>Monnaie :<\/strong> Kwanza (AOA)<\/p>\n<p>Les paiements par carte sont en augmentation, mais l&rsquo;argent liquide reste indispensable.[\/vc_column_text][\/vc_tta_section][vc_tta_section i_icon_fontawesome=\u00bbfa fa-solid fa-motorcycle\u00bb add_icon=\u00bbtrue\u00bb title=\u00bbLimitations de vitesse\u00bb tab_id=\u00bb1756985156411-3a136d8e-ae6a\u00bb][vc_column_text]<strong>Autoroute : <\/strong>120 km\/h<\/p>\n<p><strong>Route : <\/strong>90-100 km\/h<\/p>\n<p><strong>Localit\u00e9s <\/strong><strong>: <\/strong>60 km\/h[\/vc_column_text][\/vc_tta_section][\/vc_tta_tabs][\/vc_column][\/vc_row][vc_row][vc_column width=\u00bb1\/1&Prime;]<div class=\"shout_spacer clearfix\" style=\"height:18px;\"><\/div>[\/vc_column][\/vc_row][vc_row][vc_column width=\u00bb1\/1&Prime;][vc_column_text]L&rsquo;Angola est l&rsquo;un des plus grands pays d&rsquo;Afrique, situ\u00e9 sur la c\u00f4te ouest du continent. Il est connu pour son riche patrimoine culturel, sa beaut\u00e9 naturelle \u2013 comme les chutes d&rsquo;eau de Kalandula, le d\u00e9sert du Namib et la rivi\u00e8re Kwanza \u2013 et sa cuisine marqu\u00e9e par les influences portugaises et africaines.<\/p>\n<h3><strong>Climat<\/strong><\/h3>\n<p>Tropical, avec une saison s\u00e8che (de mai \u00e0 octobre) et une saison des pluies (de novembre \u00e0 avril). La c\u00f4te est plus s\u00e8che, tandis que l&rsquo;int\u00e9rieur a un climat humide et chaud.<\/p>\n<h3><strong>Langues<\/strong><\/h3>\n<p>Le portugais est la langue officielle et la plus parl\u00e9e. Il existe \u00e9galement plusieurs langues nationales, telles que l&rsquo;ombundu, le kimbundu, le kikongo et le chokwe.<\/p>\n<h3><strong>Conduite<\/strong><\/h3>\n<p>Roulez \u00e0 droite. Les routes principales sont en bon \u00e9tat, mais les routes secondaires peuvent \u00eatre cahoteuses. Certaines autoroutes modernes sont soumises \u00e0 des p\u00e9ages, pay\u00e9s \u00e0 des postes manuels.<\/p>\n<h3><strong>Camping<\/strong><\/h3>\n<p>Le camping sauvage est possible dans les zones rurales et c\u00f4ti\u00e8res, mais la prudence est de mise. Vous trouverez des campings et des lodges dans les zones touristiques.<\/p>\n<h3><strong>Zones motards<\/strong><\/h3>\n<p>Les itin\u00e9raires les plus populaires sont la route c\u00f4ti\u00e8re entre Luanda et Benguela, les paysages du d\u00e9sert du Namib et les montagnes de Hu\u00edla.<\/p>\n<h3><strong>Zones sp\u00e9ciales<\/strong><\/h3>\n<p>Luanda a une circulation dense, des zones pi\u00e9tonnes dans le centre et un stationnement contr\u00f4l\u00e9.[\/vc_column_text][\/vc_column][\/vc_row][vc_row][vc_column width=\u00bb1\/1&Prime;][vc_column_text]<span style=\"font-weight: 400;\">Tu as quelque chose \u00e0 corriger ou \u00e0 ajouter ? Contacte-nous, deviens un collaborateur Travel4Bikers <\/span>[\/vc_column_text][vc_cta h2=\u00bbVisiter une ville en Angola\u00bb css=\u00bb\u00bb]<\/p>\n<h4>Pour en profiter au maximum, voyez ce qu&rsquo;il faut faire en 24 heures sur le site<br \/>\n<a href=\"https:\/\/gyg.me\/c7cTjwgG\" target=\"_blank\" rel=\"noopener\">Luanda<\/a>.<\/h4>\n<p>[\/vc_cta][\/vc_column][\/vc_row][vc_row][vc_column width=\u00bb1\/1&Prime;][vc_message message_box_style=\u00bbclassic\u00bb]Ce site ne fournit pas d&rsquo;informations sur l&rsquo;obtention de visas, les vaccins ou d&rsquo;autres questions qui d\u00e9pendent \u00e0 la fois du pays d&rsquo;origine et de la destination.<br \/>\nTu dois v\u00e9rifier aupr\u00e8s de ton pays si tu as besoin de visas ou d&rsquo;autres exigences pour visiter les destinations souhait\u00e9es.[\/vc_message][\/vc_column][\/vc_row][vc_row][vc_column width=\u00bb1\/1&Prime;][vc_raw_html css=\u00bb\u00bb]JTVCdmNfY29sdW1uX3RleHQlNUQlMEElM0NwJTIwc3R5bGUlM0QlMjJ0ZXh0LWFsaWduJTNBJTIwcmlnaHQlM0IlMjIlM0UlM0NzdHJvbmclM0UlM0NhJTIwaHJlZiUzRCUyMmphdmFzY3JpcHQlM0FoaXN0b3J5LmJhY2slMjglMjklMjIlM0VSZXRvdXIlMjAlQzMlQTAlMjBsYSUyMFBhZ2UlMjBQciVDMyVBOWMlQzMlQTlkZW50ZSUzQyUyRmElM0UlM0MlMkZzdHJvbmclM0UlM0MlMkZwJTNFJTBBJTVCJTJGdmNfY29sdW1uX3RleHQlNUQ=[\/vc_raw_html][\/vc_column][\/vc_row][vc_row][vc_column width=\u00bb1\/1&Prime;]<div class=\"shout_spacer clearfix\" style=\"height:18px;\"><\/div>[\/vc_column][\/vc_row][vc_row][vc_column width=\u00bb1\/1&Prime;]<div class=\"prk_shortcode-title prk_break_word shout_left_align h1_sized\"><div class=\"body_font zero_color prk_vc_title\"><h1 style=\"font-weight:100;\">Histoires connexes<\/h1><\/div><div class=\"clearfix\"><\/div><\/div>[\/vc_column][\/vc_row][vc_row][vc_column width=\u00bb1\/1&Prime;]<div id=\"prk_shortcode_latest_posts\" class=\"recentposts_ul_wp small-12\"><div class=\"shortcode-title\"><\/div><div class=\"simple_line\"><\/div><h4 id=\"no_posts_title\" class=\"zero_color prk_heavier_600 big header_font\"><\/h4><\/div><div class=\"clearfix bt_1x\"><\/div>[\/vc_column][\/vc_row]<\/p>\n<\/div>","protected":false},"excerpt":{"rendered":"<p>L&rsquo;Angola est une destination surprenante pour les motards, avec des routes qui traversent des montagnes, des for\u00eats tropicales et un long littoral, r\u00e9v\u00e9lant une Afrique authentique et pleine de contrastes.<\/p>\n","protected":false},"author":2,"featured_media":19897,"parent":10192,"menu_order":0,"comment_status":"closed","ping_status":"closed","template":"","meta":{"footnotes":""},"categories":[54,1522],"tags":[1507,1523,1524],"class_list":["post-19907","page","type-page","status-publish","has-post-thumbnail","hentry","category-afrique","category-angola","tag-desert-du-namib","tag-kalandula","tag-montagnes-de-huila"],"acf":[],"_links":{"self":[{"href":"https:\/\/travel4bikers.com\/fr\/wp-json\/wp\/v2\/pages\/19907","targetHints":{"allow":["GET"]}}],"collection":[{"href":"https:\/\/travel4bikers.com\/fr\/wp-json\/wp\/v2\/pages"}],"about":[{"href":"https:\/\/travel4bikers.com\/fr\/wp-json\/wp\/v2\/types\/page"}],"author":[{"embeddable":true,"href":"https:\/\/travel4bikers.com\/fr\/wp-json\/wp\/v2\/users\/2"}],"replies":[{"embeddable":true,"href":"https:\/\/travel4bikers.com\/fr\/wp-json\/wp\/v2\/comments?post=19907"}],"version-history":[{"count":2,"href":"https:\/\/travel4bikers.com\/fr\/wp-json\/wp\/v2\/pages\/19907\/revisions"}],"predecessor-version":[{"id":23058,"href":"https:\/\/travel4bikers.com\/fr\/wp-json\/wp\/v2\/pages\/19907\/revisions\/23058"}],"up":[{"embeddable":true,"href":"https:\/\/travel4bikers.com\/fr\/wp-json\/wp\/v2\/pages\/10192"}],"wp:featuredmedia":[{"embeddable":true,"href":"https:\/\/travel4bikers.com\/fr\/wp-json\/wp\/v2\/media\/19897"}],"wp:attachment":[{"href":"https:\/\/travel4bikers.com\/fr\/wp-json\/wp\/v2\/media?parent=19907"}],"wp:term":[{"taxonomy":"category","embeddable":true,"href":"https:\/\/travel4bikers.com\/fr\/wp-json\/wp\/v2\/categories?post=19907"},{"taxonomy":"post_tag","embeddable":true,"href":"https:\/\/travel4bikers.com\/fr\/wp-json\/wp\/v2\/tags?post=19907"}],"curies":[{"name":"wp","href":"https:\/\/api.w.org\/{rel}","templated":true}]}}