{"id":20102,"date":"2017-07-05T16:19:54","date_gmt":"2017-07-05T15:19:54","guid":{"rendered":"https:\/\/travel4bikers.com\/voyager-vers\/quenia\/"},"modified":"2025-12-11T10:06:26","modified_gmt":"2025-12-11T09:06:26","slug":"kenya","status":"publish","type":"page","link":"https:\/\/travel4bikers.com\/fr\/voyager-vers\/kenya\/","title":{"rendered":"Kenya"},"content":{"rendered":"<div class=\"wpb-content-wrapper\"><p>[vc_row][vc_column width=\u00bb1\/1&Prime;][vc_single_image source=\u00bbfeatured_image\u00bb img_size=\u00bbfull\u00bb alignment=\u00bbcenter\u00bb]<div class=\"shout_spacer clearfix\" style=\"height:20px;\"><\/div>[\/vc_column][\/vc_row][vc_row][vc_column width=\u00bb1\/1&Prime;]<div class=\"prk_shortcode-title prk_break_word shout_left_align h1_sized\"><div class=\"body_font zero_color prk_vc_title\"><h1 style=\"font-weight:100;\">Voyager vers Kenya \ud83c\uddf0\ud83c\uddea<\/h1><\/div><div class=\"clearfix\"><\/div><\/div><div class=\"shout_spacer clearfix\" style=\"height:18px;\"><\/div>[\/vc_column][\/vc_row][vc_row font_color=\u00bb#0693E3&Prime;][vc_column width=\u00bb1\/1&Prime;][vc_column_text]<\/p>\n<blockquote>\n<p data-start=\"58\" data-end=\"266\">Le Kenya est une destination extraordinaire pour les motards, avec des routes qui traversent des savanes, des montagnes et des parcs naturels, offrant un contact direct avec la faune et des paysages inoubliables.<\/p>\n<\/blockquote>\n<p>[\/vc_column_text][\/vc_column][\/vc_row][vc_row][vc_column width=\u00bb1\/1&Prime;][vc_tta_tabs][vc_tta_section i_icon_fontawesome=\u00bbfa fa-regular fa-map\u00bb add_icon=\u00bbtrue\u00bb title=\u00bbInformations g\u00e9n\u00e9rales\u00bb tab_id=\u00bb1756984282331-d59962b9-8d9b\u00bb][vc_column_text]<strong>Capitale : <span style=\"font-weight: 400;\">Nairobi<\/span><span style=\"font-weight: 400;\"><br \/>\n<\/span><\/strong><\/p>\n<p><strong>Langue officielle : <span style=\"font-weight: 400;\">anglais, swahili<\/span><\/strong><\/p>\n<p><strong>Num\u00e9ro d&rsquo;urgence : <\/strong>999 \/ 112[\/vc_column_text][\/vc_tta_section][vc_tta_section i_icon_fontawesome=\u00bbfa fa-regular fa-money-bill-1&Prime; add_icon=\u00bbtrue\u00bb title=\u00bbFinances\u00bb tab_id=\u00bb1756984282346-461ddde8-312d\u00bb][vc_column_text]<strong>Monnaie : <span style=\"font-weight: 400;\">Shilling k\u00e9nyan (KES)<\/span><\/strong><\/p>\n<p>Les paiements par carte sont courants dans les villes touristiques, mais l&rsquo;argent liquide est encore utilis\u00e9 quotidiennement dans tout le pays.[\/vc_column_text][\/vc_tta_section][vc_tta_section i_icon_fontawesome=\u00bbfa fa-solid fa-motorcycle\u00bb add_icon=\u00bbtrue\u00bb title=\u00bbLimitations de vitesse\u00bb tab_id=\u00bb1756985156411-3a136d8e-ae6a\u00bb][vc_column_text]<strong>Autoroute : <\/strong>100-120 km\/h<\/p>\n<p><strong>Route : <\/strong>80-100 km\/h<\/p>\n<p><strong>Localit\u00e9s <\/strong><strong>: <\/strong>50 km\/h[\/vc_column_text][\/vc_tta_section][\/vc_tta_tabs][\/vc_column][\/vc_row][vc_row][vc_column width=\u00bb1\/1&Prime;]<div class=\"shout_spacer clearfix\" style=\"height:18px;\"><\/div>[\/vc_column][\/vc_row][vc_row][vc_column width=\u00bb1\/1&Prime;][vc_column_text]<span style=\"font-weight: 400;\">Le Kenya est connu dans le monde entier pour ses safaris, ses r\u00e9serves comme le Maasai Mara, ses parcs nationaux comme Amboseli et le mont Kenya. Il poss\u00e8de \u00e9galement un magnifique littoral sur l&rsquo;oc\u00e9an Indien, dont Mombasa est l&rsquo;un des points forts. <\/span><\/p>\n<h3><b>Climat<\/b><\/h3>\n<p><span style=\"font-weight: 400;\">Tropical sur la c\u00f4te, aride dans le nord et mod\u00e9r\u00e9 dans les hautes terres. Deux saisons des pluies : mars-mai et octobre-d\u00e9cembre. <\/span><\/p>\n<h3><b>Langues<\/b><\/h3>\n<p><span style=\"font-weight: 400;\">L&rsquo;anglais et le swahili sont les langues officielles. Il existe \u00e9galement des dizaines de langues locales (kikuyu, luo, maasai, entre autres). <\/span><\/p>\n<h3><b>Conduite<\/b><\/h3>\n<p><span style=\"font-weight: 400;\">Conduisez \u00e0 gauche. Les routes principales sont raisonnables, mais les routes secondaires peuvent \u00eatre cahoteuses. Certaines voies rapides modernes (Nairobi Expressway) sont payantes.  <\/span><\/p>\n<h3><b>Camping<\/b><\/h3>\n<p><span style=\"font-weight: 400;\">Autoris\u00e9 dans les campings et les g\u00eetes officiels. Le camping sauvage est d\u00e9conseill\u00e9 pour des raisons de s\u00e9curit\u00e9. <\/span><\/p>\n<h3><b>Zones motards<\/b><\/h3>\n<p><b><\/b><span style=\"font-weight: 400;\">  Les routes panoramiques autour de la vall\u00e9e du Rift, du mont Kenya et du Maasai Mara sont tr\u00e8s appr\u00e9ci\u00e9es.<\/span><\/p>\n<h3><b>Zones sp\u00e9ciales<\/b><\/h3>\n<p><span style=\"font-weight: 400;\">\u00c0 Nairobi, la circulation est dense, des zones pi\u00e9tonnes sont am\u00e9nag\u00e9es dans le centre et le stationnement est payant. Dans les zones de conservation, l&rsquo;acc\u00e8s est limit\u00e9. <\/span>[\/vc_column_text][\/vc_column][\/vc_row][vc_row][vc_column width=\u00bb1\/1&Prime;][vc_column_text]<span style=\"font-weight: 400;\">Tu as quelque chose \u00e0 corriger ou \u00e0 ajouter ? Contacte-nous, deviens un collaborateur Travel4Bikers <\/span>[\/vc_column_text][vc_cta h2=\u00bbVisiter une ville au Kenya\u00bb css=\u00bb\u00bb]<\/p>\n<h4>Profite au maximum, d\u00e9couvre quoi faire en 24h \u00e0<\/h4>\n<h4><strong><a href=\"https:\/\/gyg.me\/NnFd2zks\" target=\"_blank\" rel=\"noopener\">Nairobi<\/a> \u2013 <a href=\"https:\/\/gyg.me\/jawebLcK\" target=\"_blank\" rel=\"noopener\">Mombasa<\/a> \u2013 <a href=\"https:\/\/gyg.me\/77BYSFJj\" target=\"_blank\" rel=\"noopener\">Kisumu<\/a><\/strong><\/h4>\n<p>[\/vc_cta][\/vc_column][\/vc_row][vc_row][vc_column width=\u00bb1\/1&Prime;][vc_message message_box_style=\u00bbclassic\u00bb]Ce site ne fournit pas d&rsquo;informations sur l&rsquo;obtention de visas, les vaccins ou d&rsquo;autres questions qui d\u00e9pendent \u00e0 la fois du pays d&rsquo;origine et de la destination.<br \/>\nTu dois v\u00e9rifier aupr\u00e8s de ton pays si tu as besoin de visas ou d&rsquo;autres exigences pour visiter les destinations souhait\u00e9es.[\/vc_message][\/vc_column][\/vc_row][vc_row][vc_column width=\u00bb1\/1&Prime;][vc_raw_html css=\u00bb\u00bb]W3ZjX2NvbHVtbl90ZXh0XQo8cCBzdHlsZT0idGV4dC1hbGlnbjogcmlnaHQ7Ij48c3Ryb25nPjxhIGhyZWY9ImphdmFzY3JpcHQ6aGlzdG9yeS5iYWNrKCkiPlJldG91ciDDoCBsYSBwYWdlIHByw6ljw6lkZW50ZTwvYT48L3N0cm9uZz48L3A+ClsvdmNfY29sdW1uX3RleHRd[\/vc_raw_html][\/vc_column][\/vc_row][vc_row][vc_column width=\u00bb1\/1&Prime;]<div class=\"shout_spacer clearfix\" style=\"height:18px;\"><\/div>[\/vc_column][\/vc_row][vc_row][vc_column width=\u00bb1\/1&Prime;]<div class=\"prk_shortcode-title prk_break_word shout_left_align h1_sized\"><div class=\"body_font zero_color prk_vc_title\"><h1 style=\"font-weight:100;\">Histoires connexes<\/h1><\/div><div class=\"clearfix\"><\/div><\/div>[\/vc_column][\/vc_row][vc_row][vc_column width=\u00bb1\/1&Prime;]<div id=\"prk_shortcode_latest_posts\" class=\"recentposts_ul_wp small-12\"><div class=\"shortcode-title\"><\/div><div class=\"simple_line\"><\/div><h4 id=\"no_posts_title\" class=\"zero_color prk_heavier_600 big header_font\"><\/h4><\/div><div class=\"clearfix bt_1x\"><\/div>[\/vc_column][\/vc_row]<\/p>\n<\/div>","protected":false},"excerpt":{"rendered":"<p>Le Kenya est une destination extraordinaire pour les motards, avec des routes qui traversent des savanes, des montagnes et des parcs naturels, offrant un contact direct avec la faune et des paysages inoubliables.<\/p>\n","protected":false},"author":2,"featured_media":20101,"parent":10192,"menu_order":0,"comment_status":"closed","ping_status":"closed","template":"","meta":{"footnotes":""},"categories":[54,1550],"tags":[1552,1551,1553,1554],"class_list":["post-20102","page","type-page","status-publish","has-post-thumbnail","hentry","category-afrique","category-kenya","tag-amboseli","tag-maasai-mara","tag-mont-kenya","tag-vallee-du-rift"],"acf":[],"_links":{"self":[{"href":"https:\/\/travel4bikers.com\/fr\/wp-json\/wp\/v2\/pages\/20102","targetHints":{"allow":["GET"]}}],"collection":[{"href":"https:\/\/travel4bikers.com\/fr\/wp-json\/wp\/v2\/pages"}],"about":[{"href":"https:\/\/travel4bikers.com\/fr\/wp-json\/wp\/v2\/types\/page"}],"author":[{"embeddable":true,"href":"https:\/\/travel4bikers.com\/fr\/wp-json\/wp\/v2\/users\/2"}],"replies":[{"embeddable":true,"href":"https:\/\/travel4bikers.com\/fr\/wp-json\/wp\/v2\/comments?post=20102"}],"version-history":[{"count":5,"href":"https:\/\/travel4bikers.com\/fr\/wp-json\/wp\/v2\/pages\/20102\/revisions"}],"predecessor-version":[{"id":22731,"href":"https:\/\/travel4bikers.com\/fr\/wp-json\/wp\/v2\/pages\/20102\/revisions\/22731"}],"up":[{"embeddable":true,"href":"https:\/\/travel4bikers.com\/fr\/wp-json\/wp\/v2\/pages\/10192"}],"wp:featuredmedia":[{"embeddable":true,"href":"https:\/\/travel4bikers.com\/fr\/wp-json\/wp\/v2\/media\/20101"}],"wp:attachment":[{"href":"https:\/\/travel4bikers.com\/fr\/wp-json\/wp\/v2\/media?parent=20102"}],"wp:term":[{"taxonomy":"category","embeddable":true,"href":"https:\/\/travel4bikers.com\/fr\/wp-json\/wp\/v2\/categories?post=20102"},{"taxonomy":"post_tag","embeddable":true,"href":"https:\/\/travel4bikers.com\/fr\/wp-json\/wp\/v2\/tags?post=20102"}],"curies":[{"name":"wp","href":"https:\/\/api.w.org\/{rel}","templated":true}]}}