{"id":20140,"date":"2017-07-05T16:19:54","date_gmt":"2017-07-05T15:19:54","guid":{"rendered":"https:\/\/travel4bikers.com\/voyager-vers\/tanzania\/"},"modified":"2025-12-15T18:48:57","modified_gmt":"2025-12-15T17:48:57","slug":"tanzanie","status":"publish","type":"page","link":"https:\/\/travel4bikers.com\/fr\/voyager-vers\/tanzanie\/","title":{"rendered":"Tanzanie"},"content":{"rendered":"<div class=\"wpb-content-wrapper\"><p>[vc_row][vc_column width=\u00bb1\/1&Prime;][vc_single_image source=\u00bbfeatured_image\u00bb img_size=\u00bbfull\u00bb alignment=\u00bbcenter\u00bb]<div class=\"shout_spacer clearfix\" style=\"height:20px;\"><\/div>[\/vc_column][\/vc_row][vc_row][vc_column width=\u00bb1\/1&Prime;]<div class=\"prk_shortcode-title prk_break_word shout_left_align h1_sized\"><div class=\"body_font zero_color prk_vc_title\"><h1 style=\"font-weight:100;\">Voyager en Tanzanie \ud83c\uddf9\ud83c\uddff<\/h1><\/div><div class=\"clearfix\"><\/div><\/div><div class=\"shout_spacer clearfix\" style=\"height:18px;\"><\/div>[\/vc_column][\/vc_row][vc_row font_color=\u00bb#0693E3&Prime;][vc_column width=\u00bb1\/1&Prime;][vc_column_text]<\/p>\n<blockquote>\n<p data-start=\"60\" data-end=\"268\">La Tanzanie est une destination incontournable pour les motards aventureux, avec des routes qui traversent la savane, les montagnes et le mythique Kilimandjaro, offrant une exp\u00e9rience authentique au c\u0153ur de l&rsquo;Afrique.<\/p>\n<\/blockquote>\n<p>[\/vc_column_text][\/vc_column][\/vc_row][vc_row][vc_column width=\u00bb1\/1&Prime;][vc_tta_tabs][vc_tta_section i_icon_fontawesome=\u00bbfa fa-regular fa-map\u00bb add_icon=\u00bbtrue\u00bb title=\u00bbInformations g\u00e9n\u00e9rales\u00bb tab_id=\u00bb1756984282331-d59962b9-8d9b\u00bb][vc_column_text]<strong>Capitale : <span style=\"font-weight: 400;\">Dodoma (administrative), Dar es Salaam (\u00e9conomique)<\/span><\/strong><\/p>\n<p><strong>Langue officielle : <span style=\"font-weight: 400;\">Swahili, anglais<\/span><\/strong><\/p>\n<p><strong>Num\u00e9ro d&rsquo;urgence : <\/strong><span style=\"font-weight: 400;\">111 (police) \/ 114 (pompiers) \/ 115 (ambulances)<\/span>[\/vc_column_text][\/vc_tta_section][vc_tta_section i_icon_fontawesome=\u00bbfa fa-regular fa-money-bill-1&Prime; add_icon=\u00bbtrue\u00bb title=\u00bbFinances\u00bb tab_id=\u00bb1756984282346-461ddde8-312d\u00bb][vc_column_text]<strong>Monnaie : <span style=\"font-weight: 400;\">Shilling tanzanien (TZS)<\/span><span style=\"font-weight: 400;\"><br \/>\n<\/span><\/strong><\/p>\n<p>Les paiements par carte ne sont utilis\u00e9s que dans les zones touristiques, l&rsquo;argent liquide est encore largement utilis\u00e9 dans la vie quotidienne.[\/vc_column_text][\/vc_tta_section][vc_tta_section i_icon_fontawesome=\u00bbfa fa-solid fa-motorcycle\u00bb add_icon=\u00bbtrue\u00bb title=\u00bbLimitations de vitesse\u00bb tab_id=\u00bb1756985156411-3a136d8e-ae6a\u00bb][vc_column_text]Autoroute : 100-120 km\/h<\/p>\n<p>Route : 80-100 km\/h<\/p>\n<p>Localit\u00e9s : 50-60 km\/h[\/vc_column_text][\/vc_tta_section][\/vc_tta_tabs][\/vc_column][\/vc_row][vc_row][vc_column width=\u00bb1\/1&Prime;]<div class=\"shout_spacer clearfix\" style=\"height:18px;\"><\/div>[\/vc_column][\/vc_row][vc_row][vc_column width=\u00bb1\/1&Prime;][vc_column_text]<span style=\"font-weight: 400;\">La Tanzanie est c\u00e9l\u00e8bre pour le Kilimandjaro (le point culminant de l&rsquo;Afrique), les safaris dans les parcs du Serengeti et du Ngorongoro, et les plages paradisiaques de Zanzibar.<\/span><\/p>\n<h3><b>Climat<\/b><\/h3>\n<p><span style=\"font-weight: 400;\">Tropical, avec une saison des pluies de mars \u00e0 mai et une courte saison d&rsquo;octobre \u00e0 d\u00e9cembre. \u00c0 l&rsquo;int\u00e9rieur des terres et sur le Kilimandjaro, le climat est plus frais. <\/span><\/p>\n<h3><b>Langues<\/b><\/h3>\n<p><span style=\"font-weight: 400;\">Le swahili est la langue nationale et la plus parl\u00e9e ; l&rsquo;anglais est la langue officielle dans les affaires, l&rsquo;\u00e9ducation et le tourisme.<\/span><\/p>\n<h3><b>Conduite<\/b><\/h3>\n<p><span style=\"font-weight: 400;\">Conduisez \u00e0 gauche. Les routes principales sont raisonnables, mais les routes secondaires peuvent \u00eatre difficiles. Il y a peu de p\u00e9ages. <\/span><\/p>\n<h3><b>Camping<\/b><\/h3>\n<p><span style=\"font-weight: 400;\">Le camping sauvage est interdit dans les parcs nationaux. Il est toutefois possible de camper dans des zones d\u00e9sign\u00e9es et dans des campings organis\u00e9s. <\/span><\/p>\n<h3><b>Zones motards<\/b><\/h3>\n<p><span style=\"font-weight: 400;\">Les itin\u00e9raires les plus populaires sont les routes autour du Kilimandjaro, le Serengeti et la c\u00f4te indienne jusqu&rsquo;\u00e0 Zanzibar (accessible par ferry).<\/span><\/p>\n<h3><b>Zones sp\u00e9ciales<\/b><\/h3>\n<p><span style=\"font-weight: 400;\">Dar es Salaam et Arusha connaissent une circulation intense, avec des parkings payants et des zones pi\u00e9tonnes.<\/span>[\/vc_column_text][\/vc_column][\/vc_row][vc_row][vc_column width=\u00bb1\/1&Prime;][vc_column_text]<span style=\"font-weight: 400;\">Tu as quelque chose \u00e0 corriger ou \u00e0 ajouter ? Contacte-nous, deviens un collaborateur Travel4Bikers <\/span>[\/vc_column_text][vc_cta h2=\u00bbVisiter une ville en Tanzanie\u00bb css=\u00bb\u00bb]<\/p>\n<h4>Profite au maximum, d\u00e9couvre quoi faire en 24h \u00e0<\/h4>\n<h4><strong><a href=\"https:\/\/gyg.me\/EBl7NKjw\" target=\"_blank\" rel=\"noopener\">Dar es Salaam<\/a> \u2013 <a href=\"https:\/\/gyg.me\/qEwW2JTX\" target=\"_blank\" rel=\"noopener\">Zanzibar<\/a> \u2013 <a href=\"https:\/\/gyg.me\/MINlJLFn\" target=\"_blank\" rel=\"noopener\">Arusha<\/a><\/strong><\/h4>\n<p>[\/vc_cta][\/vc_column][\/vc_row][vc_row][vc_column width=\u00bb1\/1&Prime;][vc_message message_box_style=\u00bbclassic\u00bb]Ce site ne fournit pas d&rsquo;informations sur l&rsquo;obtention de visas, les vaccins ou d&rsquo;autres questions qui d\u00e9pendent \u00e0 la fois du pays d&rsquo;origine et de la destination.<br \/>\nTu dois v\u00e9rifier aupr\u00e8s de ton pays si tu as besoin de visas ou d&rsquo;autres exigences pour visiter les destinations souhait\u00e9es.[\/vc_message][\/vc_column][\/vc_row][vc_row][vc_column width=\u00bb1\/1&Prime;][vc_raw_html css=\u00bb\u00bb]JTVCdmNfY29sdW1uX3RleHQlNUQlMEElM0NwJTIwc3R5bGUlM0QlMjJ0ZXh0LWFsaWduJTNBJTIwcmlnaHQlM0IlMjIlM0UlM0NzdHJvbmclM0UlM0NhJTIwaHJlZiUzRCUyMmphdmFzY3JpcHQlM0FoaXN0b3J5LmJhY2slMjglMjklMjIlM0VSZXRvdXIlMjAlQzMlQTAlMjBsYSUyMFBhZ2UlMjBQciVDMyVBOWMlQzMlQTlkZW50ZSUzQyUyRmElM0UlM0MlMkZzdHJvbmclM0UlM0MlMkZwJTNFJTBBJTVCJTJGdmNfY29sdW1uX3RleHQlNUQ=[\/vc_raw_html][\/vc_column][\/vc_row][vc_row][vc_column width=\u00bb1\/1&Prime;]<div class=\"shout_spacer clearfix\" style=\"height:18px;\"><\/div>[\/vc_column][\/vc_row][vc_row][vc_column width=\u00bb1\/1&Prime;]<div class=\"prk_shortcode-title prk_break_word shout_left_align h1_sized\"><div class=\"body_font zero_color prk_vc_title\"><h1 style=\"font-weight:100;\">Histoires connexes<\/h1><\/div><div class=\"clearfix\"><\/div><\/div>[\/vc_column][\/vc_row][vc_row][vc_column width=\u00bb1\/1&Prime;]<div id=\"prk_shortcode_latest_posts\" class=\"recentposts_ul_wp small-12\"><div class=\"shortcode-title\"><\/div><div class=\"simple_line\"><\/div><h4 id=\"no_posts_title\" class=\"zero_color prk_heavier_600 big header_font\"><\/h4><\/div><div class=\"clearfix bt_1x\"><\/div>[\/vc_column][\/vc_row]<\/p>\n<\/div>","protected":false},"excerpt":{"rendered":"<p>La Tanzanie est une destination incontournable pour les motards aventureux, avec des routes qui traversent la savane, les montagnes et le mythique Kilimandjaro, offrant une exp\u00e9rience authentique au c\u0153ur de l&rsquo;Afrique.<\/p>\n","protected":false},"author":2,"featured_media":20139,"parent":10192,"menu_order":0,"comment_status":"closed","ping_status":"closed","template":"","meta":{"footnotes":""},"categories":[54,1586],"tags":[1673,1588,1587,1589],"class_list":["post-20140","page","type-page","status-publish","has-post-thumbnail","hentry","category-afrique","category-tanzanie","tag-mount-kilimanjaro","tag-ngorongoro","tag-serengeti","tag-zanzibar"],"acf":[],"_links":{"self":[{"href":"https:\/\/travel4bikers.com\/fr\/wp-json\/wp\/v2\/pages\/20140","targetHints":{"allow":["GET"]}}],"collection":[{"href":"https:\/\/travel4bikers.com\/fr\/wp-json\/wp\/v2\/pages"}],"about":[{"href":"https:\/\/travel4bikers.com\/fr\/wp-json\/wp\/v2\/types\/page"}],"author":[{"embeddable":true,"href":"https:\/\/travel4bikers.com\/fr\/wp-json\/wp\/v2\/users\/2"}],"replies":[{"embeddable":true,"href":"https:\/\/travel4bikers.com\/fr\/wp-json\/wp\/v2\/comments?post=20140"}],"version-history":[{"count":4,"href":"https:\/\/travel4bikers.com\/fr\/wp-json\/wp\/v2\/pages\/20140\/revisions"}],"predecessor-version":[{"id":23191,"href":"https:\/\/travel4bikers.com\/fr\/wp-json\/wp\/v2\/pages\/20140\/revisions\/23191"}],"up":[{"embeddable":true,"href":"https:\/\/travel4bikers.com\/fr\/wp-json\/wp\/v2\/pages\/10192"}],"wp:featuredmedia":[{"embeddable":true,"href":"https:\/\/travel4bikers.com\/fr\/wp-json\/wp\/v2\/media\/20139"}],"wp:attachment":[{"href":"https:\/\/travel4bikers.com\/fr\/wp-json\/wp\/v2\/media?parent=20140"}],"wp:term":[{"taxonomy":"category","embeddable":true,"href":"https:\/\/travel4bikers.com\/fr\/wp-json\/wp\/v2\/categories?post=20140"},{"taxonomy":"post_tag","embeddable":true,"href":"https:\/\/travel4bikers.com\/fr\/wp-json\/wp\/v2\/tags?post=20140"}],"curies":[{"name":"wp","href":"https:\/\/api.w.org\/{rel}","templated":true}]}}