{"id":20158,"date":"2017-07-05T16:19:54","date_gmt":"2017-07-05T15:19:54","guid":{"rendered":"https:\/\/travel4bikers.com\/voyager-vers\/tunisie\/"},"modified":"2025-12-15T18:52:47","modified_gmt":"2025-12-15T17:52:47","slug":"tunisie","status":"publish","type":"page","link":"https:\/\/travel4bikers.com\/fr\/voyager-vers\/tunisie\/","title":{"rendered":"Tunisie"},"content":{"rendered":"<div class=\"wpb-content-wrapper\"><p>[vc_row][vc_column width=\u00bb1\/1&Prime;][vc_single_image source=\u00bbfeatured_image\u00bb img_size=\u00bbfull\u00bb alignment=\u00bbcenter\u00bb]<div class=\"shout_spacer clearfix\" style=\"height:20px;\"><\/div>[\/vc_column][\/vc_row][vc_row][vc_column width=\u00bb1\/1&Prime;]<div class=\"prk_shortcode-title prk_break_word shout_left_align h1_sized\"><div class=\"body_font zero_color prk_vc_title\"><h1 style=\"font-weight:100;\">Voyager en Tunisie \ud83c\uddf9\ud83c\uddf3<\/h1><\/div><div class=\"clearfix\"><\/div><\/div><div class=\"shout_spacer clearfix\" style=\"height:18px;\"><\/div>[\/vc_column][\/vc_row][vc_row font_color=\u00bb#0693E3&Prime;][vc_column width=\u00bb1\/1&Prime;][vc_column_text]<\/p>\n<blockquote><p>La Tunisie est une destination captivante pour les motocyclistes, avec des routes qui traversent le d\u00e9sert du Sahara, des ruines romaines et un littoral m\u00e9diterran\u00e9en plein de lumi\u00e8re, de couleurs et d&rsquo;hospitalit\u00e9.<\/p><\/blockquote>\n<p>[\/vc_column_text][\/vc_column][\/vc_row][vc_row][vc_column width=\u00bb1\/1&Prime;][vc_tta_tabs][vc_tta_section i_icon_fontawesome=\u00bbfa fa-regular fa-map\u00bb add_icon=\u00bbtrue\u00bb title=\u00bbInformations g\u00e9n\u00e9rales\u00bb tab_id=\u00bb1756984282331-d59962b9-8d9b\u00bb][vc_column_text]<strong>Capitale : <span style=\"font-weight: 400;\">Tunis<\/span><\/strong><\/p>\n<p><strong>Langue officielle : <span style=\"font-weight: 400;\">arabe<\/span><\/strong><\/p>\n<p><strong>Num\u00e9ro d&rsquo;urgence : <span style=\"font-weight: 400;\">197 (police) \/ 190 (ambulance) \/ 198 (pompiers)<\/span><\/strong>[\/vc_column_text][\/vc_tta_section][vc_tta_section i_icon_fontawesome=\u00bbfa fa-regular fa-money-bill-1&Prime; add_icon=\u00bbtrue\u00bb title=\u00bbFinances\u00bb tab_id=\u00bb1756984282346-461ddde8-312d\u00bb][vc_column_text]<strong>Monnaie : <span style=\"font-weight: 400;\">Dinar tunisien (TND)<\/span><\/strong><\/p>\n<p>Les paiements par carte sont courants dans les grandes villes, mais les esp\u00e8ces sont indispensables dans les petits commerces et dans la vie de tous les jours.[\/vc_column_text][\/vc_tta_section][vc_tta_section i_icon_fontawesome=\u00bbfa fa-solid fa-motorcycle\u00bb add_icon=\u00bbtrue\u00bb title=\u00bbLimitations de vitesse\u00bb tab_id=\u00bb1756985156411-3a136d8e-ae6a\u00bb][vc_column_text]<strong>Autoroute : <\/strong>110-120 km\/h<\/p>\n<p><strong>Route : <\/strong>90 km\/h<\/p>\n<p><strong>Localit\u00e9s <\/strong><strong>: <\/strong>50 km\/h[\/vc_column_text][\/vc_tta_section][\/vc_tta_tabs][\/vc_column][\/vc_row][vc_row][vc_column width=\u00bb1\/1&Prime;]<div class=\"shout_spacer clearfix\" style=\"height:18px;\"><\/div>[\/vc_column][\/vc_row][vc_row][vc_column width=\u00bb1\/1&Prime;][vc_column_text]<span style=\"font-weight: 400;\">La Tunisie est le plus petit pays du Maghreb. Elle est connue pour ses plages m\u00e9diterran\u00e9ennes, les ruines romaines de Carthage, le d\u00e9sert du Sahara et des villes comme Tunis, Sousse et Hammamet.<\/span><\/p>\n<h3><b>Climat<\/b><\/h3>\n<p><span style=\"font-weight: 400;\">M\u00e9diterran\u00e9en sur la c\u00f4te, semi-aride \u00e0 l&rsquo;int\u00e9rieur des terres et d\u00e9sertique dans le sud.<\/span><\/p>\n<h3><b>Langues<\/b><\/h3>\n<p><span style=\"font-weight: 400;\">L&rsquo;arabe tunisien est le plus parl\u00e9. Le fran\u00e7ais est largement utilis\u00e9 dans la vie quotidienne et dans les affaires. <\/span><\/p>\n<h3><b>Conduite<\/b><\/h3>\n<p><span style=\"font-weight: 400;\">Roulez \u00e0 droite. Des autoroutes modernes relient les principales villes. Les p\u00e9ages sont pay\u00e9s manuellement. <\/span><\/p>\n<h3><b>Camping<\/b><\/h3>\n<p><b><\/b><span style=\"font-weight: 400;\"> Le camping sauvage est possible dans les zones recul\u00e9es, mais il est plus fr\u00e9quent dans les campings touristiques.<\/span><\/p>\n<h3><b>Zones motards<\/b><\/h3>\n<p><span style=\"font-weight: 400;\">Les itin\u00e9raires c\u00f4tiers en M\u00e9diterran\u00e9e et les itin\u00e9raires dans le Sahara tunisien sont tr\u00e8s populaires.<\/span><\/p>\n<h3><b>Zones sp\u00e9ciales<\/b><\/h3>\n<p><span style=\"font-weight: 400;\">Tunis dispose de zones pi\u00e9tonnes dans le centre historique (M\u00e9dina) et de parkings contr\u00f4l\u00e9s.<\/span>[\/vc_column_text][\/vc_column][\/vc_row][vc_row][vc_column width=\u00bb1\/1&Prime;][vc_column_text]<span style=\"font-weight: 400;\">Tu as quelque chose \u00e0 corriger ou \u00e0 ajouter ? Contacte-nous, deviens un collaborateur Travel4Bikers <\/span>[\/vc_column_text][vc_cta h2=\u00bbVisiter une ville en Tunisie\u00bb css=\u00bb\u00bb]<\/p>\n<h4><strong>Profitez-en au maximum, voyez ce qu&rsquo;il faut faire en 24 heures en <\/strong><\/h4>\n<h4><strong><a href=\"https:\/\/gyg.me\/gnUtBx9a\" target=\"_blank\" rel=\"noopener\">Tunis<\/a> \u2013 <a href=\"https:\/\/gyg.me\/Y6dSdJOv\" target=\"_blank\" rel=\"noopener\">Sousse<\/a> \u2013 <a href=\"https:\/\/gyg.me\/Zx2F4wx2\" target=\"_blank\" rel=\"noopener\">Hammamet<\/a><\/strong><\/h4>\n<p>[\/vc_cta][\/vc_column][\/vc_row][vc_row][vc_column width=\u00bb1\/1&Prime;][vc_message message_box_style=\u00bbclassic\u00bb]Ce site ne fournit pas d&rsquo;informations sur l&rsquo;obtention de visas, les vaccins ou d&rsquo;autres questions qui d\u00e9pendent \u00e0 la fois du pays d&rsquo;origine et de la destination.<br \/>\nTu dois v\u00e9rifier aupr\u00e8s de ton pays si tu as besoin de visas ou d&rsquo;autres exigences pour visiter les destinations souhait\u00e9es.[\/vc_message][\/vc_column][\/vc_row][vc_row][vc_column width=\u00bb1\/1&Prime;][vc_raw_html css=\u00bb\u00bb]JTVCdmNfY29sdW1uX3RleHQlNUQlMEElM0NwJTIwc3R5bGUlM0QlMjJ0ZXh0LWFsaWduJTNBJTIwcmlnaHQlM0IlMjIlM0UlM0NzdHJvbmclM0UlM0NhJTIwaHJlZiUzRCUyMmphdmFzY3JpcHQlM0FoaXN0b3J5LmJhY2slMjglMjklMjIlM0VSZXRvdXIlMjAlQzMlQTAlMjBsYSUyMFBhZ2UlMjBQciVDMyVBOWMlQzMlQTlkZW50ZSUzQyUyRmElM0UlM0MlMkZzdHJvbmclM0UlM0MlMkZwJTNFJTBBJTVCJTJGdmNfY29sdW1uX3RleHQlNUQ=[\/vc_raw_html][\/vc_column][\/vc_row][vc_row][vc_column width=\u00bb1\/1&Prime;]<div class=\"shout_spacer clearfix\" style=\"height:18px;\"><\/div>[\/vc_column][\/vc_row][vc_row][vc_column width=\u00bb1\/1&Prime;]<div class=\"prk_shortcode-title prk_break_word shout_left_align h1_sized\"><div class=\"body_font zero_color prk_vc_title\"><h1 style=\"font-weight:100;\">Histoires connexes<\/h1><\/div><div class=\"clearfix\"><\/div><\/div>[\/vc_column][\/vc_row][vc_row][vc_column width=\u00bb1\/1&Prime;]<div id=\"prk_shortcode_latest_posts\" class=\"recentposts_ul_wp small-12\"><div class=\"shortcode-title\"><\/div><div class=\"simple_line\"><\/div><h4 id=\"no_posts_title\" class=\"zero_color prk_heavier_600 big header_font\"><\/h4><\/div><div class=\"clearfix bt_1x\"><\/div>[\/vc_column][\/vc_row]<\/p>\n<\/div>","protected":false},"excerpt":{"rendered":"<p>La Tunisie est une destination captivante pour les motocyclistes, avec des routes qui traversent le d\u00e9sert du Sahara, des ruines romaines et un littoral m\u00e9diterran\u00e9en plein de lumi\u00e8re, de couleurs et d&rsquo;hospitalit\u00e9.<\/p>\n","protected":false},"author":2,"featured_media":20157,"parent":10192,"menu_order":0,"comment_status":"closed","ping_status":"closed","template":"","meta":{"footnotes":""},"categories":[54,1600],"tags":[1668,1672],"class_list":["post-20158","page","type-page","status-publish","has-post-thumbnail","hentry","category-afrique","category-tunisie","tag-deserto-do-saara","tag-magrebe"],"acf":[],"_links":{"self":[{"href":"https:\/\/travel4bikers.com\/fr\/wp-json\/wp\/v2\/pages\/20158","targetHints":{"allow":["GET"]}}],"collection":[{"href":"https:\/\/travel4bikers.com\/fr\/wp-json\/wp\/v2\/pages"}],"about":[{"href":"https:\/\/travel4bikers.com\/fr\/wp-json\/wp\/v2\/types\/page"}],"author":[{"embeddable":true,"href":"https:\/\/travel4bikers.com\/fr\/wp-json\/wp\/v2\/users\/2"}],"replies":[{"embeddable":true,"href":"https:\/\/travel4bikers.com\/fr\/wp-json\/wp\/v2\/comments?post=20158"}],"version-history":[{"count":2,"href":"https:\/\/travel4bikers.com\/fr\/wp-json\/wp\/v2\/pages\/20158\/revisions"}],"predecessor-version":[{"id":23193,"href":"https:\/\/travel4bikers.com\/fr\/wp-json\/wp\/v2\/pages\/20158\/revisions\/23193"}],"up":[{"embeddable":true,"href":"https:\/\/travel4bikers.com\/fr\/wp-json\/wp\/v2\/pages\/10192"}],"wp:featuredmedia":[{"embeddable":true,"href":"https:\/\/travel4bikers.com\/fr\/wp-json\/wp\/v2\/media\/20157"}],"wp:attachment":[{"href":"https:\/\/travel4bikers.com\/fr\/wp-json\/wp\/v2\/media?parent=20158"}],"wp:term":[{"taxonomy":"category","embeddable":true,"href":"https:\/\/travel4bikers.com\/fr\/wp-json\/wp\/v2\/categories?post=20158"},{"taxonomy":"post_tag","embeddable":true,"href":"https:\/\/travel4bikers.com\/fr\/wp-json\/wp\/v2\/tags?post=20158"}],"curies":[{"name":"wp","href":"https:\/\/api.w.org\/{rel}","templated":true}]}}