{"id":20179,"date":"2017-07-05T16:19:54","date_gmt":"2017-07-05T15:19:54","guid":{"rendered":"https:\/\/travel4bikers.com\/voyager-vers\/japao\/"},"modified":"2025-12-12T13:24:20","modified_gmt":"2025-12-12T12:24:20","slug":"japon","status":"publish","type":"page","link":"https:\/\/travel4bikers.com\/fr\/voyager-vers\/japon\/","title":{"rendered":"Japon"},"content":{"rendered":"<div class=\"wpb-content-wrapper\"><p>[vc_row][vc_column width=\u00bb1\/1&Prime;][vc_single_image source=\u00bbfeatured_image\u00bb img_size=\u00bbfull\u00bb alignment=\u00bbcenter\u00bb]<div class=\"shout_spacer clearfix\" style=\"height:20px;\"><\/div>[\/vc_column][\/vc_row][vc_row][vc_column width=\u00bb1\/1&Prime;]<div class=\"prk_shortcode-title prk_break_word shout_left_align h1_sized\"><div class=\"body_font zero_color prk_vc_title\"><h1 style=\"font-weight:100;\">Voyager vers Japon \ud83c\uddef\ud83c\uddf5<\/h1><\/div><div class=\"clearfix\"><\/div><\/div><div class=\"shout_spacer clearfix\" style=\"height:18px;\"><\/div>[\/vc_column][\/vc_row][vc_row font_color=\u00bb#0693E3&Prime;][vc_column width=\u00bb1\/1&Prime;][vc_column_text]<\/p>\n<blockquote><p>Le Japon est une destination fascinante pour les motocyclistes, avec des routes qui traversent des montagnes, des volcans et des c\u00f4tes spectaculaires, alliant tradition ancienne, modernit\u00e9 et organisation routi\u00e8re impressionnante.<\/p><\/blockquote>\n<p>[\/vc_column_text][\/vc_column][\/vc_row][vc_row][vc_column width=\u00bb1\/1&Prime;][vc_tta_tabs][vc_tta_section i_icon_fontawesome=\u00bbfa fa-regular fa-map\u00bb add_icon=\u00bbtrue\u00bb title=\u00bbInformations g\u00e9n\u00e9rales\u00bb tab_id=\u00bb1756984282331-d59962b9-8d9b\u00bb][vc_column_text]<strong>Capitale : <span style=\"font-weight: 400;\">Tokyo<\/span><\/strong><\/p>\n<p><strong>Langue officielle : <span style=\"font-weight: 400;\">japonais<\/span><\/strong><\/p>\n<p><strong>Num\u00e9ro d&rsquo;urgence : <span style=\"font-weight: 400;\">110 (police) \/ 119 (ambulances et pompiers)<\/span><\/strong>[\/vc_column_text][\/vc_tta_section][vc_tta_section i_icon_fontawesome=\u00bbfa fa-regular fa-money-bill-1&Prime; add_icon=\u00bbtrue\u00bb title=\u00bbFinances\u00bb tab_id=\u00bb1756984282346-461ddde8-312d\u00bb][vc_column_text]<strong>Monnaie : <span style=\"font-weight: 400;\">Yen (JPY)<\/span><\/strong><\/p>\n<p>Les paiements par carte sont accept\u00e9s, mais les esp\u00e8ces sont encore largement utilis\u00e9es.[\/vc_column_text][\/vc_tta_section][vc_tta_section i_icon_fontawesome=\u00bbfa fa-solid fa-motorcycle\u00bb add_icon=\u00bbtrue\u00bb title=\u00bbLimitations de vitesse\u00bb tab_id=\u00bb1756985156411-3a136d8e-ae6a\u00bb][vc_column_text]<strong>Autoroute : <\/strong>100 km\/h<\/p>\n<p><strong>Route : <\/strong>60-80 km\/h<\/p>\n<p><strong>Localit\u00e9s : <\/strong>40-50 km\/h[\/vc_column_text][\/vc_tta_section][\/vc_tta_tabs][\/vc_column][\/vc_row][vc_row][vc_column width=\u00bb1\/1&Prime;]<div class=\"shout_spacer clearfix\" style=\"height:18px;\"><\/div>[\/vc_column][\/vc_row][vc_row][vc_column width=\u00bb1\/1&Prime;][vc_column_text]<span style=\"font-weight: 400;\">Le Japon est c\u00e9l\u00e8bre pour son m\u00e9lange de tradition et de modernit\u00e9 : temples bouddhistes, technologie de pointe, gastronomie (sushi, ramen), dessins anim\u00e9s et paysages embl\u00e9matiques tels que le mont Fuji.<\/span><\/p>\n<h3><b>Climat<\/b><\/h3>\n<p><span style=\"font-weight: 400;\">Vari\u00e9t\u00e9 : subtropicale dans le sud (Okinawa), temp\u00e9r\u00e9e dans les \u00eeles centrales et froide\/neigeuse dans le nord (Hokkaido).<\/span><\/p>\n<h3><b>Langues<\/b><\/h3>\n<p><span style=\"font-weight: 400;\">Le japonais est la langue officielle. L&rsquo;anglais est rarement parl\u00e9 par la population, mais il est courant pour les touristes. <\/span><\/p>\n<h3><b>Conduite<\/b><\/h3>\n<p><span style=\"font-weight: 400;\">Vous conduisez \u00e0 gauche. Les autoroutes sont cl\u00f4tur\u00e9es, pay\u00e9es par carte, en esp\u00e8ces ou par syst\u00e8me \u00e9lectronique (ETC). <\/span><\/p>\n<h3><b>Camping<\/b><\/h3>\n<p><span style=\"font-weight: 400;\">Le camping sauvage est rare. Il existe des campings organis\u00e9s et des aires pour camping-cars. <\/span><\/p>\n<h3><b>Zones motards<\/b><\/h3>\n<p><span style=\"font-weight: 400;\">Les Alpes japonaises, Hokkaido et les routes c\u00f4ti\u00e8res telles que le Shimanami Kaido sont des itin\u00e9raires populaires.<\/span><\/p>\n<h3><b>Zones sp\u00e9ciales<\/b><\/h3>\n<p><span style=\"font-weight: 400;\">Les grandes villes comme Tokyo et Kyoto ont mis en place des zones pi\u00e9tonnes et des restrictions de circulation dans les quartiers historiques.<\/span>[\/vc_column_text][\/vc_column][\/vc_row][vc_row][vc_column width=\u00bb1\/1&Prime;][vc_column_text]<span style=\"font-weight: 400;\">Tu as quelque chose \u00e0 corriger ou \u00e0 ajouter ? Contacte-nous, deviens un collaborateur Travel4Bikers <\/span>[\/vc_column_text][vc_cta h2=\u00bbVisiter une ville au Japon\u00bb css=\u00bb\u00bb]<\/p>\n<h4>Profite au maximum, d\u00e9couvre quoi faire en 24h \u00e0<\/h4>\n<h4><strong><a href=\"https:\/\/gyg.me\/gijv6Ut9\" target=\"_blank\" rel=\"noopener\">Tokyo<\/a> \u2013 <a href=\"https:\/\/gyg.me\/BQGgzGxo\" target=\"_blank\" rel=\"noopener\">Kyoto<\/a> \u2013 <a href=\"https:\/\/gyg.me\/BySGElm9\" target=\"_blank\" rel=\"noopener\">Hiroshima<\/a><\/strong><\/h4>\n<p>[\/vc_cta][\/vc_column][\/vc_row][vc_row][vc_column width=\u00bb1\/1&Prime;][vc_message message_box_style=\u00bbclassic\u00bb]Ce site ne fournit pas d&rsquo;informations sur l&rsquo;obtention de visas, les vaccins ou d&rsquo;autres questions qui d\u00e9pendent \u00e0 la fois du pays d&rsquo;origine et de la destination.<br \/>\nTu dois v\u00e9rifier aupr\u00e8s de ton pays si tu as besoin de visas ou d&rsquo;autres exigences pour visiter les destinations souhait\u00e9es.[\/vc_message][\/vc_column][\/vc_row][vc_row][vc_column width=\u00bb1\/1&Prime;][\/vc_column][\/vc_row][vc_row][vc_column width=\u00bb1\/1&Prime;]<div class=\"shout_spacer clearfix\" style=\"height:18px;\"><\/div>[\/vc_column][\/vc_row][vc_row][vc_column width=\u00bb1\/1&Prime;]<div class=\"prk_shortcode-title prk_break_word shout_left_align h1_sized\"><div class=\"body_font zero_color prk_vc_title\"><h1 style=\"font-weight:100;\">Histoires connexes<\/h1><\/div><div class=\"clearfix\"><\/div><\/div>[\/vc_column][\/vc_row][vc_row][vc_column width=\u00bb1\/1&Prime;]<div id=\"prk_shortcode_latest_posts\" class=\"recentposts_ul_wp small-12\"><div class=\"shortcode-title\"><\/div><div class=\"simple_line\"><\/div><h4 id=\"no_posts_title\" class=\"zero_color prk_heavier_600 big header_font\"><\/h4><\/div><div class=\"clearfix bt_1x\"><\/div>[\/vc_column][\/vc_row]<\/p>\n<\/div>","protected":false},"excerpt":{"rendered":"<p>Le Japon est une destination fascinante pour les motocyclistes, avec des routes qui traversent des montagnes, des volcans et des c\u00f4tes spectaculaires, alliant tradition ancienne, modernit\u00e9 et organisation routi\u00e8re impressionnante.<\/p>\n","protected":false},"author":2,"featured_media":20178,"parent":10192,"menu_order":0,"comment_status":"closed","ping_status":"closed","template":"","meta":{"footnotes":""},"categories":[58,1614],"tags":[1616,1617,1615,1618],"class_list":["post-20179","page","type-page","status-publish","has-post-thumbnail","hentry","category-asie","category-japon","tag-alpes-japonaises","tag-hokkaido","tag-mont-fuji","tag-shimanami-kaido"],"acf":[],"_links":{"self":[{"href":"https:\/\/travel4bikers.com\/fr\/wp-json\/wp\/v2\/pages\/20179","targetHints":{"allow":["GET"]}}],"collection":[{"href":"https:\/\/travel4bikers.com\/fr\/wp-json\/wp\/v2\/pages"}],"about":[{"href":"https:\/\/travel4bikers.com\/fr\/wp-json\/wp\/v2\/types\/page"}],"author":[{"embeddable":true,"href":"https:\/\/travel4bikers.com\/fr\/wp-json\/wp\/v2\/users\/2"}],"replies":[{"embeddable":true,"href":"https:\/\/travel4bikers.com\/fr\/wp-json\/wp\/v2\/comments?post=20179"}],"version-history":[{"count":3,"href":"https:\/\/travel4bikers.com\/fr\/wp-json\/wp\/v2\/pages\/20179\/revisions"}],"predecessor-version":[{"id":22293,"href":"https:\/\/travel4bikers.com\/fr\/wp-json\/wp\/v2\/pages\/20179\/revisions\/22293"}],"up":[{"embeddable":true,"href":"https:\/\/travel4bikers.com\/fr\/wp-json\/wp\/v2\/pages\/10192"}],"wp:featuredmedia":[{"embeddable":true,"href":"https:\/\/travel4bikers.com\/fr\/wp-json\/wp\/v2\/media\/20178"}],"wp:attachment":[{"href":"https:\/\/travel4bikers.com\/fr\/wp-json\/wp\/v2\/media?parent=20179"}],"wp:term":[{"taxonomy":"category","embeddable":true,"href":"https:\/\/travel4bikers.com\/fr\/wp-json\/wp\/v2\/categories?post=20179"},{"taxonomy":"post_tag","embeddable":true,"href":"https:\/\/travel4bikers.com\/fr\/wp-json\/wp\/v2\/tags?post=20179"}],"curies":[{"name":"wp","href":"https:\/\/api.w.org\/{rel}","templated":true}]}}