{"id":9202,"date":"2017-06-19T15:46:57","date_gmt":"2017-06-19T14:46:57","guid":{"rendered":"https:\/\/travel4bikers.com\/contact\/"},"modified":"2025-10-03T14:54:25","modified_gmt":"2025-10-03T13:54:25","slug":"contact","status":"publish","type":"page","link":"https:\/\/travel4bikers.com\/fr\/contact\/","title":{"rendered":"Contact"},"content":{"rendered":"<div class=\"wpb-content-wrapper\"><p>[vc_row top_padding=\u00bb196px\u00bb bottom_padding=\u00bb196px\u00bb bk_element=\u00bbimage\u00bb bg_image_repeat=\u00bbshout_with_parallax shout_attached\u00bb bg_image=\u00bb10009&Prime;][vc_column width=\u00bb1\/1&Prime;]<div class=\"prk_shortcode-title prk_break_word shout_center_align h1_sized\"><div class=\"header_font zero_color prk_vc_title\" style=\"color:#ffffff;text-shadow:0px 0px 1px rgba(255, 255, 255,0.2);margin-bottom:6px;\"><h1 style=\"font-weight:700;\">TRAVAILLONS ENSEMBLE<\/h1><\/div><div class=\"clearfix\"><\/div><\/div><div class=\"prk_shortcode-title prk_break_word shout_center_align h5_sized\"><div class=\"header_font zero_color prk_vc_title\" style=\"color:#ffffff;text-shadow:0px 0px 1px rgba(255, 255, 255,0.2);\"><h5 style=\"font-weight:400;\">La contribution de chacun est la bienvenue<\/h5><\/div><div class=\"clearfix\"><\/div><\/div>[\/vc_column][\/vc_row][vc_row][vc_column align=\u00bbshout_left_align\u00bb css_animation=\u00bbshout_fade_waypoint\u00bb width=\u00bb2\/3&Prime;]<div class=\"shout_spacer clearfix\" style=\"height:72px;\"><\/div><div class=\"prk_shortcode-title prk_break_word shout_left_align h5_sized\"><div class=\"header_font zero_color prk_vc_title\" style=\"margin-bottom:10px;\"><h5 style=\"font-weight:600;\">NOUS APPR\u00c9CIONS TA CONTRIBUTION<\/h5><\/div><div class=\"clearfix\"><\/div><\/div><div class=\"simple_line shortcoded\" style=\"border-bottom-color:#e2e2e2;\"><\/div><div class=\"clearfix\"><\/div><div class=\"shout_spacer clearfix\" style=\"height:14px;\"><\/div>[vc_column_text]Ce site web est un projet rendu possible gr\u00e2ce \u00e0 la contribution de chacun.<\/p>\n<p>Si vous avez des id\u00e9es ou souhaitez nous aider \u00e0 traduire, corriger ou mettre \u00e0 jour des informations, veuillez nous contacter.<\/p>\n<p>Si vous souhaitez soumettre votre r\u00e9cit de voyage, veuillez d&rsquo;abord nous contacter ici, et nous vous indiquerons la meilleure fa\u00e7on de le faire.[\/vc_column_text]<div class=\"shout_spacer clearfix\" style=\"height:18px;\"><\/div><div class=\"prk_shorts small-12\">\n        <form action=\"#\" class=\"shout_half_pad prk_theme_form delay-shout_center_align\" method=\"post\" data-empty=\"\" data-invalid=\"\" data-ok=\"\" data-name=\"Travel4Bikers\">\n            <div class=\"row\">\n\t            \t<div class=\"small-12 columns\">\n\t            \t\t<div class=\"pirenko_highlighted_wrap\">\n\t            \t    <textarea class=\"pirenko_highlighted shout_fx\" name=\"c_message\" id=\"c_message\" rows=\"8\" data-original=\"\"><\/textarea>\n\t            \t    <label class=\"shout_label\">\n\t\t\t                                \t\t\t<span class=\"shout_label-content\" data-content=\"\"><\/span>\n\t\t\t                                \t\t<\/label>\n\t            \t    <\/div>\n\t            \t<\/div>\n\t            \t<div class=\"small-4 columns\">\n\t            \t<div class=\"pirenko_highlighted_wrap\">\n\t                \t<input type=\"text\" class=\"pirenko_highlighted shout_fx\" name=\"c_name\" id=\"c_name\" data-original=\"\" \/>\n\t                \t<label class=\"shout_label\">\n\t\t\t\t\t\t\t\t\t\t<span class=\"shout_label-content\" data-content=\"\"><\/span>\n\t\t\t\t\t\t\t\t\t<\/label>\n\t\t\t\t\t<\/div>\n\t            <\/div>\n\t            <div class=\"small-4 columns\">\n\t            <div class=\"pirenko_highlighted_wrap\">\n\t                    <input type=\"text\" class=\"pirenko_highlighted shout_fx\" name=\"c_email\" id=\"c_email\" size=\"28\" \/>\n\t                    <label class=\"shout_label\">\n\t\t\t\t\t\t\t\t\t\t<span class=\"shout_label-content\" data-content=\"\"><\/span>\n\t\t\t\t\t\t\t\t\t<\/label>\n\t                    <\/div>\n\t            <\/div>\n\t            <div class=\"small-4 columns\">\n\t            <div class=\"pirenko_highlighted_wrap\">\n\t                    <input type=\"text\" class=\"pirenko_highlighted shout_fx\" name=\"c_subject\" id=\"c_subject\" size=\"28\" \/>\n\t                    <label class=\"shout_label\">\n\t\t\t\t\t\t\t\t\t\t<span class=\"shout_label-content\" data-content=\"\"><\/span>\n\t\t\t\t\t\t\t\t\t<\/label>\n\t\t\t\t\t\t\t\t\t<\/div>\n\t            <\/div>\n            \t<div class=\"clearfix\"><\/div>\n            <\/div>\n        <input type=\"hidden\" id=\"full_subject\" name=\"full_subject\" value=\"\" \/>\n        <input type=\"hidden\" name=\"rec_email\" value=\"&#104;&#101;l&#108;o&#64;&#116;rave&#108;4&#98;ike&#114;s.c&#111;&#109;\" \/>\n        <div id=\"contact_ok\" class=\"prk_heavier_600 zero_color header_font\"><\/div>\n        <input type=\"hidden\" name=\"c_submitted\" id=\"c_submitted\" value=\"true\" \/>\n        <div class=\"clearfix\"><\/div>\n        <div id=\"submit_message_div\" class=\"theme_button prk_small\">\n            <a href=\"#\"><\/a>\n        <\/div><\/form><\/div><div class=\"clearfix\"><\/div><div class=\"shout_spacer clearfix\" style=\"height:66px;\"><\/div>[\/vc_column][vc_column css_animation=\u00bbshout_fade_waypoint\u00bb column_height=\u00bbshout_forced_clm\u00bb width=\u00bb1\/3&Prime;]<div class=\"shout_spacer clearfix\" style=\"height:72px;\"><\/div><div class=\"prk_shortcode-title prk_break_word shout_left_align h5_sized\"><div class=\"header_font zero_color prk_vc_title\" style=\"margin-bottom:10px;\"><h5 style=\"font-weight:600;\">CONTACT<\/h5><\/div><div class=\"clearfix\"><\/div><\/div><div class=\"simple_line shortcoded\" style=\"border-bottom-color:#e2e2e2;\"><\/div><div class=\"clearfix\"><\/div><div class=\"shout_spacer clearfix\" style=\"height:14px;\"><\/div>[vc_column_text]Utilise ce formulaire pour nous contacter. Nous te r\u00e9pondrons d\u00e8s que possible.[\/vc_column_text]<div class=\"shout_spacer clearfix\" style=\"height:18px;\"><\/div><div class=\"shout_vcard header_font prk_heavier_600 shortcoded\"><div class=\"adr small-12 zero_color\"><div class=\"shout_company_name zero_color prk_heavier_700\">Travel4Bikers<\/div><div class=\"wpb_text_column\"><\/div><\/div><div class=\"clearfix\"><\/div><\/div><div class=\"shout_spacer clearfix\" style=\"height:66px;\"><\/div>[\/vc_column][\/vc_row]<\/p>\n<\/div>","protected":false},"excerpt":{"rendered":"<p>[vc_row top_padding=\u00bb196px\u00bb bottom_padding=\u00bb196px\u00bb bk_element=\u00bbimage\u00bb bg_image_repeat=\u00bbshout_with_parallax shout_attached\u00bb bg_image=\u00bb10009&Prime;][vc_column width=\u00bb1\/1&Prime;][\/vc_column][\/vc_row][vc_row][vc_column align=\u00bbshout_left_align\u00bb css_animation=\u00bbshout_fade_waypoint\u00bb width=\u00bb2\/3&Prime;][vc_column_text]Ce site web est un projet rendu possible gr\u00e2ce \u00e0 la contribution de chacun. Si vous avez des id\u00e9es ou souhaitez nous aider \u00e0 traduire, corriger ou mettre \u00e0 jour des informations, veuillez nous contacter. Si vous souhaitez soumettre votre r\u00e9cit de voyage, veuillez d&rsquo;abord [&hellip;]<\/p>\n","protected":false},"author":2,"featured_media":0,"parent":0,"menu_order":0,"comment_status":"closed","ping_status":"closed","template":"","meta":{"footnotes":""},"categories":[],"tags":[],"class_list":["post-9202","page","type-page","status-publish","hentry"],"acf":[],"_links":{"self":[{"href":"https:\/\/travel4bikers.com\/fr\/wp-json\/wp\/v2\/pages\/9202","targetHints":{"allow":["GET"]}}],"collection":[{"href":"https:\/\/travel4bikers.com\/fr\/wp-json\/wp\/v2\/pages"}],"about":[{"href":"https:\/\/travel4bikers.com\/fr\/wp-json\/wp\/v2\/types\/page"}],"author":[{"embeddable":true,"href":"https:\/\/travel4bikers.com\/fr\/wp-json\/wp\/v2\/users\/2"}],"replies":[{"embeddable":true,"href":"https:\/\/travel4bikers.com\/fr\/wp-json\/wp\/v2\/comments?post=9202"}],"version-history":[{"count":0,"href":"https:\/\/travel4bikers.com\/fr\/wp-json\/wp\/v2\/pages\/9202\/revisions"}],"wp:attachment":[{"href":"https:\/\/travel4bikers.com\/fr\/wp-json\/wp\/v2\/media?parent=9202"}],"wp:term":[{"taxonomy":"category","embeddable":true,"href":"https:\/\/travel4bikers.com\/fr\/wp-json\/wp\/v2\/categories?post=9202"},{"taxonomy":"post_tag","embeddable":true,"href":"https:\/\/travel4bikers.com\/fr\/wp-json\/wp\/v2\/tags?post=9202"}],"curies":[{"name":"wp","href":"https:\/\/api.w.org\/{rel}","templated":true}]}}